{"id":987,"date":"2023-09-06T00:18:53","date_gmt":"2023-09-06T00:18:53","guid":{"rendered":"https:\/\/docdrtugcesimsek.com\/tedavilerimiz\/dermapen-applications\/"},"modified":"2023-12-05T17:49:50","modified_gmt":"2023-12-05T17:49:50","slug":"dermapen-uygulamalari","status":"publish","type":"page","link":"https:\/\/docdrtugcesimsek.com\/tr\/tedavilerimiz\/dermapen-uygulamalari\/","title":{"rendered":"Dermapen Uygulamalar\u0131"},"content":{"rendered":"<section class=\"wpb-content-wrapper\"><p>[vc_row full_width=&#8221;stretch_row&#8221; woodmart_css_id=&#8221;64fa169333f1c&#8221; responsive_spacing=&#8221;eyJwYXJhbV90eXBlIjoid29vZG1hcnRfcmVzcG9uc2l2ZV9zcGFjaW5nIiwic2VsZWN0b3JfaWQiOiI2NGZhMTY5MzMzZjFjIiwic2hvcnRjb2RlIjoidmNfcm93IiwiZGF0YSI6eyJ0YWJsZXQiOnt9LCJtb2JpbGUiOnt9fX0=&#8221; mobile_bg_img_hidden=&#8221;no&#8221; tablet_bg_img_hidden=&#8221;no&#8221; woodmart_parallax=&#8221;0&#8243; woodmart_gradient_switch=&#8221;no&#8221; woodmart_box_shadow=&#8221;no&#8221; wd_z_index=&#8221;no&#8221; woodmart_disable_overflow=&#8221;0&#8243; row_reverse_mobile=&#8221;0&#8243; row_reverse_tablet=&#8221;0&#8243; css=&#8221;.vc_custom_1694111382609{padding-top: 20px !important;padding-bottom: 50px !important;background-color: #ffffff !important;}&#8221; el_class=&#8221;content-text-colon&#8221;][vc_column el_class=&#8221;ust-cikinti&#8221; woodmart_css_id=&#8221;64f7bac234890&#8243; parallax_scroll=&#8221;no&#8221; woodmart_sticky_column=&#8221;false&#8221; wd_collapsible_content_switcher=&#8221;no&#8221; wd_column_role_offcanvas_desktop=&#8221;no&#8221; wd_column_role_offcanvas_tablet=&#8221;no&#8221; wd_column_role_offcanvas_mobile=&#8221;no&#8221; wd_column_role_content_desktop=&#8221;no&#8221; wd_column_role_content_tablet=&#8221;no&#8221; wd_column_role_content_mobile=&#8221;no&#8221; mobile_bg_img_hidden=&#8221;no&#8221; tablet_bg_img_hidden=&#8221;no&#8221; woodmart_parallax=&#8221;0&#8243; woodmart_box_shadow=&#8221;no&#8221; responsive_spacing=&#8221;eyJwYXJhbV90eXBlIjoid29vZG1hcnRfcmVzcG9uc2l2ZV9zcGFjaW5nIiwic2VsZWN0b3JfaWQiOiI2NGY3YmFjMjM0ODkwIiwic2hvcnRjb2RlIjoidmNfY29sdW1uIiwiZGF0YSI6eyJ0YWJsZXQiOnt9LCJtb2JpbGUiOnt9fX0=&#8221; mobile_reset_margin=&#8221;no&#8221; tablet_reset_margin=&#8221;no&#8221; wd_z_index=&#8221;no&#8221; css=&#8221;.vc_custom_1693956804453{padding-top: 0px !important;}&#8221;][vc_single_image image=&#8221;694&#8243; img_size=&#8221;full&#8221; parallax_scroll=&#8221;no&#8221; woodmart_inline=&#8221;no&#8221; css=&#8221;.vc_custom_1694110312055{margin-bottom: 20px !important;}&#8221;][vc_column_text woodmart_inline=&#8221;no&#8221; text_larger=&#8221;no&#8221;]Dermapen, son y\u0131llarda giderek pop\u00fcler hale gelen bir cilt bak\u0131m y\u00f6ntemidir. Bu yenilik\u00e7i teknik, cilt problemlerini tedavi etmek ve gen\u00e7le\u015fmeyi te\u015fvik etmek i\u00e7in mikro i\u011fnelerin kullan\u0131ld\u0131\u011f\u0131 etkili bir prosed\u00fcrd\u00fcr. Dermapen uygulamalar\u0131, cilt \u00fczerinde \u00e7e\u015fitli faydalar sa\u011flar ve bir\u00e7ok estetik merkezinde tercih edilen bir tedavi haline gelmi\u015ftir.<\/p>\n<p>Dermapen&#8217;in en belirgin \u00f6zelliklerinden biri, kolajen \u00fcretimini art\u0131rmas\u0131d\u0131r. Mikro i\u011fneler, cildin alt tabakalar\u0131na n\u00fcfuz eder ve bu da ciltteki kolajen \u00fcretimini harekete ge\u00e7irir. Kolajen, cildin elastikiyetini art\u0131r\u0131r, ince \u00e7izgileri ve k\u0131r\u0131\u015f\u0131kl\u0131klar\u0131 azalt\u0131r ve cilt tonunu iyile\u015ftirir. Dermapen uygulamas\u0131n\u0131n sonu\u00e7lar\u0131 genellikle daha p\u00fcr\u00fczs\u00fcz, gen\u00e7 ve canl\u0131 bir cilt g\u00f6r\u00fcn\u00fcm\u00fc elde etme konusunda etkileyicidir.<\/p>\n<p>Ayr\u0131ca, Dermapen uygulamalar\u0131 cilt problemlerinin tedavisinde de etkilidir. Sivilce izleri, lekeler, g\u00fcne\u015f hasar\u0131 ve hiperpigmentasyon gibi yayg\u0131n cilt sorunlar\u0131na kar\u015f\u0131 m\u00fccadelede ba\u015far\u0131l\u0131 sonu\u00e7lar verir. Mikro i\u011fnelerin cilde uyguland\u0131\u011f\u0131 noktalarda, cilt yenilenme s\u00fcreci ba\u015flar ve bu da cilt lezyonlar\u0131n\u0131n iyile\u015fmesini te\u015fvik eder. Dermapen uygulamas\u0131yla ciltteki sorunlu b\u00f6lgelerin g\u00f6r\u00fcn\u00fcm\u00fc iyile\u015ftirilir ve daha homojen bir cilt tonu elde edilir.<\/p>\n<p>Dermapen, y\u00fcz\u00fcn yan\u0131 s\u0131ra v\u00fccuttaki di\u011fer b\u00f6lgelerde de kullan\u0131labilir. \u00c7atlaklar\u0131n tedavisinde, sel\u00fclit g\u00f6r\u00fcn\u00fcm\u00fcn\u00fcn azalt\u0131lmas\u0131nda veya sa\u00e7 d\u00f6k\u00fclmesinin \u00f6nlenmesinde etkili olabilir. Bu nedenle, Dermapen&#8217;in cilt bak\u0131m\u0131 ve gen\u00e7le\u015fme konusunda \u00e7ok y\u00f6nl\u00fc bir \u00e7\u00f6z\u00fcm oldu\u011fu s\u00f6ylenebilir.<\/p>\n<p>Sonu\u00e7 olarak, Dermapen uygulamalar\u0131 cilt problemlerini tedavi etmek, kolajen \u00fcretimini art\u0131rmak ve gen\u00e7le\u015fmeyi te\u015fvik etmek i\u00e7in etkili bir se\u00e7enektir. Mikro i\u011fnelerin kullan\u0131ld\u0131\u011f\u0131 bu prosed\u00fcr, ciltteki sorunlu b\u00f6lgelerin iyile\u015ftirilmesine yard\u0131mc\u0131 olur ve sa\u011fl\u0131kl\u0131, canl\u0131 bir cilt g\u00f6r\u00fcn\u00fcm\u00fc sa\u011flar. Dermapen, cilt bak\u0131m rutininize ekleyebilece\u011finiz yenilik\u00e7i bir tekniktir ve estetik endi\u015felerinizi hafifletmek i\u00e7in m\u00fckemmel bir se\u00e7enektir.[\/vc_column_text][vc_raw_html]JTVCaHRtbF9ibG9jayUyMGlkJTNEJTIyNTkyJTIyJTVE[\/vc_raw_html][\/vc_column][\/vc_row]<\/p>\n<\/section>","protected":false},"excerpt":{"rendered":"<p>[vc_row full_width=&#8221;stretch_row&#8221; woodmart_css_id=&#8221;64fa169333f1c&#8221; responsive_spacing=&#8221;eyJwYXJhbV90eXBlIjoid29vZG1hcnRfcmVzcG9uc2l2ZV9zcGFjaW5nIiwic2VsZWN0b3JfaWQiOiI2NGZhMTY5MzMzZjFjIiwic2hvcnRjb2RlIjoidmNfcm93IiwiZGF0YSI6eyJ0YWJsZXQiOnt9LCJtb2JpbGUiOnt9fX0=&#8221; mobile_bg_img_hidden=&#8221;no&#8221; tablet_bg_img_hidden=&#8221;no&#8221; woodmart_parallax=&#8221;0&#8243; woodmart_gradient_switch=&#8221;no&#8221; woodmart_box_shadow=&#8221;no&#8221; wd_z_index=&#8221;no&#8221; woodmart_disable_overflow=&#8221;0&#8243; row_reverse_mobile=&#8221;0&#8243; row_reverse_tablet=&#8221;0&#8243; css=&#8221;.vc_custom_1694111382609{padding-top: 20px !important;padding-bottom: 50px !important;background-color: #ffffff !important;}&#8221;<\/p>\n","protected":false},"author":1,"featured_media":0,"parent":967,"menu_order":0,"comment_status":"closed","ping_status":"closed","template":"","meta":{"footnotes":""},"_links":{"self":[{"href":"https:\/\/docdrtugcesimsek.com\/tr\/wp-json\/wp\/v2\/pages\/987"}],"collection":[{"href":"https:\/\/docdrtugcesimsek.com\/tr\/wp-json\/wp\/v2\/pages"}],"about":[{"href":"https:\/\/docdrtugcesimsek.com\/tr\/wp-json\/wp\/v2\/types\/page"}],"author":[{"embeddable":true,"href":"https:\/\/docdrtugcesimsek.com\/tr\/wp-json\/wp\/v2\/users\/1"}],"replies":[{"embeddable":true,"href":"https:\/\/docdrtugcesimsek.com\/tr\/wp-json\/wp\/v2\/comments?post=987"}],"version-history":[{"count":3,"href":"https:\/\/docdrtugcesimsek.com\/tr\/wp-json\/wp\/v2\/pages\/987\/revisions"}],"predecessor-version":[{"id":1300,"href":"https:\/\/docdrtugcesimsek.com\/tr\/wp-json\/wp\/v2\/pages\/987\/revisions\/1300"}],"up":[{"embeddable":true,"href":"https:\/\/docdrtugcesimsek.com\/tr\/wp-json\/wp\/v2\/pages\/967"}],"wp:attachment":[{"href":"https:\/\/docdrtugcesimsek.com\/tr\/wp-json\/wp\/v2\/media?parent=987"}],"curies":[{"name":"wp","href":"https:\/\/api.w.org\/{rel}","templated":true}]}}