{"id":976,"date":"2023-09-06T00:05:17","date_gmt":"2023-09-06T00:05:17","guid":{"rendered":"https:\/\/docdrtugcesimsek.com\/tedavilerimiz\/endoscopic-and-direct-brow-lift\/"},"modified":"2023-12-05T17:50:24","modified_gmt":"2023-12-05T17:50:24","slug":"endoskopik-ve-direkt-kas-kaldirma","status":"publish","type":"page","link":"https:\/\/docdrtugcesimsek.com\/tr\/tedavilerimiz\/endoskopik-ve-direkt-kas-kaldirma\/","title":{"rendered":"Endoskopik ve Direkt Ka\u015f Kald\u0131rma"},"content":{"rendered":"<section class=\"wpb-content-wrapper\"><p>[vc_row full_width=&#8221;stretch_row&#8221; woodmart_css_id=&#8221;64fa143dd3c13&#8243; responsive_spacing=&#8221;eyJwYXJhbV90eXBlIjoid29vZG1hcnRfcmVzcG9uc2l2ZV9zcGFjaW5nIiwic2VsZWN0b3JfaWQiOiI2NGZhMTQzZGQzYzEzIiwic2hvcnRjb2RlIjoidmNfcm93IiwiZGF0YSI6eyJ0YWJsZXQiOnt9LCJtb2JpbGUiOnt9fX0=&#8221; mobile_bg_img_hidden=&#8221;no&#8221; tablet_bg_img_hidden=&#8221;no&#8221; woodmart_parallax=&#8221;0&#8243; woodmart_gradient_switch=&#8221;no&#8221; woodmart_box_shadow=&#8221;no&#8221; wd_z_index=&#8221;no&#8221; woodmart_disable_overflow=&#8221;0&#8243; row_reverse_mobile=&#8221;0&#8243; row_reverse_tablet=&#8221;0&#8243; css=&#8221;.vc_custom_1694110785323{padding-top: 20px !important;padding-bottom: 50px !important;background-color: #ffffff !important;}&#8221; el_class=&#8221;content-text-colon&#8221;][vc_column el_class=&#8221;ust-cikinti&#8221; woodmart_css_id=&#8221;64f7bac234890&#8243; parallax_scroll=&#8221;no&#8221; woodmart_sticky_column=&#8221;false&#8221; wd_collapsible_content_switcher=&#8221;no&#8221; wd_column_role_offcanvas_desktop=&#8221;no&#8221; wd_column_role_offcanvas_tablet=&#8221;no&#8221; wd_column_role_offcanvas_mobile=&#8221;no&#8221; wd_column_role_content_desktop=&#8221;no&#8221; wd_column_role_content_tablet=&#8221;no&#8221; wd_column_role_content_mobile=&#8221;no&#8221; mobile_bg_img_hidden=&#8221;no&#8221; tablet_bg_img_hidden=&#8221;no&#8221; woodmart_parallax=&#8221;0&#8243; woodmart_box_shadow=&#8221;no&#8221; responsive_spacing=&#8221;eyJwYXJhbV90eXBlIjoid29vZG1hcnRfcmVzcG9uc2l2ZV9zcGFjaW5nIiwic2VsZWN0b3JfaWQiOiI2NGY3YmFjMjM0ODkwIiwic2hvcnRjb2RlIjoidmNfY29sdW1uIiwiZGF0YSI6eyJ0YWJsZXQiOnt9LCJtb2JpbGUiOnt9fX0=&#8221; mobile_reset_margin=&#8221;no&#8221; tablet_reset_margin=&#8221;no&#8221; wd_z_index=&#8221;no&#8221; css=&#8221;.vc_custom_1693956804453{padding-top: 0px !important;}&#8221;][vc_single_image image=&#8221;685&#8243; img_size=&#8221;full&#8221; parallax_scroll=&#8221;no&#8221; woodmart_inline=&#8221;no&#8221; css=&#8221;.vc_custom_1694110217628{margin-bottom: 20px !important;}&#8221;][vc_column_text woodmart_inline=&#8221;no&#8221; text_larger=&#8221;no&#8221;]Ya\u015flanma belirtileri kendini ilk olarak al\u0131n ve ka\u015f b\u00f6lgesinde g\u00f6sterir. Y\u00fcz b\u00f6lgesinin \u00f6nemli bir oda\u011f\u0131 olan ka\u015flarda g\u00f6r\u00fclen sarkmalar ve d\u00fc\u015fmeler de pek \u00e7ok ki\u015fi i\u00e7in rahats\u0131z edici olur. Ancak ya\u015flanman\u0131n \u00f6nemli bir belirtisi olan ka\u015f sarkmas\u0131n\u0131n ortadan kald\u0131r\u0131lmas\u0131 i\u00e7in tercih edilebilecek birden fazla y\u00f6ntem vard\u0131r. Botoks, <strong>endoskopik ka\u015f kald\u0131rma<\/strong> ve direkt ka\u015f kald\u0131rma teknikleri \u00e7ok fazla tercih edilir. Bu yaz\u0131m\u0131zda endoskopik ve <strong>direkt ka\u015f kald\u0131rma<\/strong> teknikleri hakk\u0131nda merak edilenlere yer verdik.<\/p>\n<h2>Endoskopik Ka\u015f Kald\u0131rma Nedir?<\/h2>\n<p><strong>Endoskopik ka\u015f kald\u0131rma nedir <\/strong>sorusu ka\u015f kald\u0131rma tekniklerini ara\u015ft\u0131ran ki\u015filer taraf\u0131ndan sorulan sorulardan biridir. Endoskopik ka\u015f kald\u0131rma, kal\u0131c\u0131 sonu\u00e7 alabilmek ve ka\u015flar\u0131 istenilen \u015fekilde kald\u0131rabilmek i\u00e7in uygulanan bir cerrahi i\u015flemdir. Cerrahi bir i\u015flem oldu\u011fu i\u00e7in hastanelerde, ameliyathane \u015fartlar\u0131na uygun \u015fekilde yap\u0131lmaktad\u0131r. Yine cerrahi bir i\u015flem olmas\u0131na ba\u011fl\u0131 olarak genel, lokal anestezi ve sedasyon tercih edilerek yap\u0131labilen bir ameliyatt\u0131r. Peki, <strong>endoskopik ka\u015f kald\u0131rma nas\u0131l yap\u0131l\u0131r<\/strong>?<\/p>\n<p>Endoskopik i\u015flemler son d\u00f6nemde pop\u00fcler olan ve \u00e7ok fazla tercih edilen i\u015flemlerdir. Bu i\u015flemler endoskop olarak adland\u0131r\u0131lan k\u00fc\u00e7\u00fck, ince kameralarla yap\u0131l\u0131r. En b\u00fcy\u00fck avantaj\u0131 ise cerrahin i\u015flemin ard\u0131ndan\u00a0 herhangi bir iz kalmamas\u0131 ve iyile\u015fme s\u00fcrecinin \u00e7ok daha h\u0131zl\u0131 ilerlemesidir. Endoskopik ka\u015f kald\u0131rma s\u0131ras\u0131nda da ad\u0131ndan anla\u015f\u0131laca\u011f\u0131 \u00fczere endoskop kullan\u0131l\u0131r. Ameliyat s\u0131ras\u0131nda ilk olarak sa\u00e7 diplerinden k\u00fc\u00e7\u00fck delikler a\u00e7\u0131l\u0131r. Kesi yerine k\u00fc\u00e7\u00fck birka\u00e7 delik a\u00e7\u0131lmas\u0131, t\u00fcm s\u00fcrecin daha rahat ilerlemesinde etkilidir. Sa\u00e7\u0131n i\u00e7 k\u0131sm\u0131ndan a\u00e7\u0131lan delikler sayesinde hi\u00e7bir kanama olmadan cerrahi i\u015flem s\u00fcrd\u00fcr\u00fcl\u00fcr. Ameliyat tamamland\u0131ktan sonra da bu deliklerin kapat\u0131lmas\u0131na gerek yoktur, bu \u015fekilde cilt \u00fczerinde yara izi olu\u015fumu da engellenir. Sa\u00e7 derisi i\u00e7inde kalan k\u00fc\u00e7\u00fck diki\u015fler ameliyat\u0131n ard\u0131ndan yakla\u015f\u0131k 10 g\u00fcn sonra al\u0131n\u0131r. <strong>Endoskopik ka\u015f kald\u0131rma ameliyat\u0131 <\/strong>sonras\u0131 a\u011fr\u0131l\u0131 bir iyile\u015fme s\u00fcreci de olmaz.<\/p>\n<p><strong>Endoskopik ka\u015f kald\u0131rma kal\u0131c\u0131 m\u0131 <\/strong>ise di\u011fer bir merak edilen sorudur. Ameliyats\u0131z y\u00f6ntemlerle k\u0131yasland\u0131\u011f\u0131 zaman \u00e7ok daha kal\u0131c\u0131 bir i\u015flem oldu\u011fu s\u00f6ylenebilir. \u00d6rne\u011fin ameliyats\u0131z ka\u015f kald\u0131rma i\u00e7in tercih edilen y\u00f6ntemlerden biri botoksdur. Ancak botoks yap\u0131ld\u0131ktan yakla\u015f\u0131k 6 ay sonra tekrarlanmas\u0131 gereken bir i\u015flemdir. Endoskopik ka\u015f kald\u0131rma ameliyat\u0131 sonras\u0131 ise b\u00f6yle bir yenilenmeye ihtiya\u00e7 duyulmamaktad\u0131r. Bu nedenle \u00e7ok daha avantajl\u0131 bir tercih oldu\u011fu s\u00f6ylenebilmektedir.<\/p>\n<h2>Endoskopik Ka\u015f Kald\u0131rma Ameliyat\u0131n\u0131 Kimler Yapt\u0131rabilir?<\/h2>\n<p><strong>Endoskopik ka\u015f kald\u0131rma tekni\u011fi <\/strong>al\u0131n, ka\u015f ve \u015fakak b\u00f6lgelerinde k\u0131r\u0131\u015f\u0131kl\u0131k, sarkma problemi olan ki\u015filere uygulanabilen bir tekniktir. Bu problemler genel olarak ya\u015fl\u0131l\u0131k d\u00f6neminde ortaya \u00e7\u0131kmaktad\u0131r. Endoskopik y\u00f6ntem ise genellikle 40 ile 60 ya\u015f aras\u0131nda de\u011fi\u015fen ki\u015filere uygulan\u0131r. Ancak iste\u011fe ve hastan\u0131n durumuna ba\u011fl\u0131 olarak bu ka\u015f kald\u0131rma y\u00f6ntemi tercih edilebilir. \u00d6zellikle ge\u00e7ici, ameliyats\u0131z y\u00f6ntemi tercih eden ancak sonu\u00e7 alamayan hastalara uygulanan tekniklerden biridir. Stres ve benzeri nedenlerle ka\u015f aralar\u0131nda ve al\u0131n b\u00f6lgesinde k\u0131r\u0131\u015f\u0131kl\u0131k olu\u015fan ki\u015filer de yine endoskopik ka\u015f kald\u0131rma tekni\u011fini tercih edebilmektedir. Bu teknik g\u00f6z kapa\u011f\u0131 esteti\u011fi ve benzeri estetik m\u00fcdahalelere ek olarak da uygulanabilmektedir.<\/p>\n<p>Endoskopik ka\u015f kald\u0131rma ameliyat\u0131n\u0131 \u00e7ok daha gen\u00e7 g\u00f6r\u00fcnmek isteyen ki\u015filer de tercih edebilmektedir. \u0130lerleyen ya\u015flarda cildin elastikiyetini kaybetmesi sonucu ciltte sarkmalar ortaya \u00e7\u0131kar. Endoskopik ka\u015f kald\u0131rma ile elastikiyetini kaybeden cilde \u00e7ok daha gergin bir g\u00f6r\u00fcn\u00fcm verebilmek m\u00fcmk\u00fcn hale gelir. \u00d6zellikle y\u00fcz b\u00f6lgesinin oda\u011f\u0131 olan g\u00f6z, ka\u015f ve al\u0131n \u00e7evresinde \u00e7ok daha gergin ve gen\u00e7 bir g\u00f6r\u00fcn\u00fcm elde edilir.<\/p>\n<p>&nbsp;<\/p>\n<h2>Direkt Ka\u015f Kald\u0131rma Nedir?<\/h2>\n<p>Direkt ka\u015f kald\u0131rma da sarkan ka\u015flar ya da k\u0131r\u0131\u015fm\u0131\u015f al\u0131n b\u00f6lgesi i\u00e7in uygulanan estetik uygulamalar aras\u0131nda yer al\u0131r. Bu teknik de kal\u0131c\u0131 \u00e7\u00f6z\u00fcm arayanlar\u0131n tercih etti\u011fi y\u00f6ntemlerden biridir. <strong>Direkt ka\u015f kald\u0131rma ameliyat\u0131<\/strong>, endoskopik ka\u015f kald\u0131rma kadar tercih edilmese de hastalar taraf\u0131ndan de\u011ferlendirilmektedir.<\/p>\n<p>Direkt ka\u015f kald\u0131rma, genel olarak daha ileri ya\u015fa sahip olan hastalar taraf\u0131ndan tercih edilir. Bu y\u00f6ntemde ka\u015f \u00e7evresinde sarkmaya neden olan deri \u00e7\u0131kar\u0131larak ka\u015f \u00e7evresine daha gergin bir g\u00f6r\u00fcn\u00fcm verilir. Yani ka\u015f \u00fczerinde bir deri par\u00e7as\u0131 al\u0131nmaktad\u0131r. Elips bir deri \u00e7\u0131kar\u0131ld\u0131ktan sonra elde edilen deri a\u00e7\u0131kl\u0131\u011f\u0131 d\u00fc\u015f bir \u015fekilde dikilmektedir. A\u00e7\u0131kl\u0131\u011f\u0131n d\u00fcz bir \u015fekilde dikilmesi de ka\u015f\u0131n b\u00fcy\u00fck oranda yukar\u0131 kald\u0131r\u0131lmas\u0131n\u0131 sa\u011flar. Bu nedenle ameliyatl\u0131 ka\u015f kald\u0131rma tekniklerinde en etkili teknikler aras\u0131nda g\u00f6sterilmektedir. Ancak di\u011fer tekniklerle k\u0131yasland\u0131\u011f\u0131nda farkl\u0131 etkileri vard\u0131r. \u00d6rne\u011fin endoskopik y\u00f6ntemde oldu\u011fu gibi diki\u015f izlerinin gizlenmesi m\u00fcmk\u00fcn de\u011fildir. Ameliyat sonras\u0131 ka\u015f \u00fczerinde k\u00fc\u00e7\u00fck izler kal\u0131r. Bu izler birka\u00e7 ay i\u00e7erisinde ge\u00e7se de tamamen yok olmaz, k\u00fc\u00e7\u00fck k\u0131r\u0131\u015f\u0131kl\u0131klar olarak g\u00f6r\u00fclebilmektedir. Direkt ka\u015f kald\u0131rma tekni\u011finin daha \u00e7ok ileri ya\u015flarda tercih edilme nedenlerinden biri de budur. K\u00fc\u00e7\u00fck yara izlerinin di\u011fer k\u0131r\u0131\u015f\u0131klar aras\u0131nda dikkat \u00e7ekmemesi i\u00e7in belirli bir ya\u015fa ve k\u0131r\u0131\u015f\u0131kl\u0131\u011fa sahip olmak gerekir. Erkeklerde al\u0131n b\u00f6lgesinde yo\u011fun bir k\u0131r\u0131\u015f\u0131kl\u0131k g\u00f6r\u00fcld\u00fc\u011f\u00fc i\u00e7in erkek hastalara tavsiye edilebilen kal\u0131c\u0131 y\u00f6ntemler aras\u0131nda yer al\u0131r.<\/p>\n<p>Direkt ka\u015f kald\u0131rma ameliyat\u0131, lokal anestezi yolu ile yap\u0131labilen basit bir ameliyatt\u0131r. Komplikasyonlar\u0131 olduk\u00e7a az oldu\u011fu i\u00e7in de basit bir ameliyat olarak g\u00f6r\u00fclebilmektedir. Ameliyat sonra \u00e7ok h\u0131zl\u0131 bir iyile\u015fme s\u00fcreci ge\u00e7irilir.<\/p>\n<h2>Ka\u015f Kald\u0131rma Ameliyat\u0131 S\u00fcreci<\/h2>\n<p>Ka\u015flara ve al\u0131n b\u00f6lgesine estetik, gen\u00e7 bir g\u00f6r\u00fcn\u00fcm verebilmek i\u00e7in uygulanabilen \u00e7ok fazla y\u00f6ntem bulunur. Bu y\u00f6ntemlerin tercihi de hastalar\u0131n taleplerine ve doktorlar\u0131n tercihine kalm\u0131\u015f bir durumdur. Ka\u015f ve al\u0131n g\u00f6r\u00fcn\u00fcm\u00fcnden, k\u0131r\u0131\u015f\u0131kl\u0131\u011f\u0131ndan rahats\u0131z olan ki\u015filer \u00f6ncelikle bu i\u015flemi yapt\u0131rabilmek i\u00e7in gerekli yerlere ba\u015fvuruda bulunmal\u0131d\u0131r. Bu a\u015famadan sonra da uzman doktorlar taraf\u0131ndan fiziki muayene ger\u00e7ekle\u015ftirilir ve cerrahi i\u015flem uygulanacak ise hastalardan baz\u0131 tetkikler talep edilir. Riskli ameliyat t\u00fcrleri aras\u0131nda yer almasa da bu i\u015flemler \u00f6ncesi de gerekli de\u011ferlendirmelerin ve bilgilendirmelerin yap\u0131lmas\u0131 do\u011fru olacakt\u0131r.<\/p>\n<p>Yap\u0131lan de\u011ferlendirmelerin ard\u0131ndan ka\u015f kald\u0131rma i\u00e7in uygun olan y\u00f6ntem belirlenir. Kullan\u0131lacak tekni\u011fin d\u0131\u015f\u0131nda ka\u015fa nas\u0131l \u015fekil verilece\u011fi de yine konu\u015fulan bir konudur. Her d\u00f6nem pop\u00fcler ka\u015f \u015fekilleri de\u011fi\u015fmektedir. Ancak \u00f6nemli olan y\u00fcz tipine ve ka\u015flar\u0131n durumuna g\u00f6re do\u011fru tercihlerin yap\u0131lmas\u0131d\u0131r. Ka\u015flar\u0131n ne kadar kald\u0131r\u0131laca\u011f\u0131 ya da hangi b\u00f6lgelerden m\u00fcdahale edilece\u011fi konu\u015fulan konular aras\u0131ndad\u0131r. \u00d6rne\u011fin oval y\u00fcz tipine sahip ki\u015filere a\u00e7\u0131l\u0131 ka\u015flar tavsiye edilirken uzun y\u00fcz tipine sahip ki\u015filere d\u00fcz ka\u015flar tavsiye edilir. \u0130deal ka\u015f her zaman tart\u0131\u015f\u0131lan bir konu olsa da hasta isteklerine ve kullan\u0131lan tekniklere g\u00f6re ilerlenir. Al\u0131nan kararlara g\u00f6re planlamalar yap\u0131ld\u0131ktan sonra ameliyat s\u00fcreci ba\u015flar ve t\u00fcm s\u00fcre\u00e7 profesyonel olarak y\u00fcr\u00fct\u00fcl\u00fcr.<\/p>\n<h2>Endoskopik ve Direkt Ka\u015f Kald\u0131rma Fiyatlar\u0131<\/h2>\n<p><strong>Endoskopik ka\u015f kald\u0131rma ne kadar <\/strong>ya da direkt ka\u015f kald\u0131rma ameliyat\u0131 maliyeti nedir gibi sorular\u0131 bu konuyu ara\u015ft\u0131ran ki\u015filer mutlaka soracakt\u0131r. Endoskopik ka\u015f kald\u0131rma ve direkt ka\u015f kald\u0131rma ameliyat\u0131 tamamen farkl\u0131 uygulamalard\u0131r. Bu nedenle tamamen farkl\u0131 fiyatlara sahip oldu\u011fu s\u00f6ylenebilir. Bu cerrahi i\u015flemler s\u0131ras\u0131nda kullan\u0131lan malzemeler, teknikler ve benzeri pek \u00e7ok konu fiyatlar\u0131n\u0131n de\u011fi\u015fmesine neden olur. Cerrahi i\u015flemlerin s\u00fcreleri ve hastalara g\u00f6re uygulanan teknikler de yine etkili konular aras\u0131nda g\u00f6sterilir. T\u00fcm bunlar dikkate al\u0131nd\u0131\u011f\u0131 zaman da net bir fiyat s\u00f6z konusu olmaz. \u0130lgili ba\u011flant\u0131lar ile ileti\u015fime ge\u00e7erek fiyat almay\u0131 tercih edebilirsiniz.[\/vc_column_text]\t\t\t<link rel=\"stylesheet\" id=\"wd-section-title-css\" href=\"https:\/\/docdrtugcesimsek.com\/wp-content\/themes\/woodmart\/css\/parts\/el-section-title.min.css?ver=7.2.4\" type=\"text\/css\" media=\"all\" \/> \t\t\t\t\t\t<link rel=\"stylesheet\" id=\"wd-mod-highlighted-text-css\" href=\"https:\/\/docdrtugcesimsek.com\/wp-content\/themes\/woodmart\/css\/parts\/mod-highlighted-text.min.css?ver=7.2.4\" type=\"text\/css\" media=\"all\" \/> \t\t\t\n\t\t<div id=\"wd-650f3192bb4a3\" class=\"title-wrapper wd-wpb set-mb-s reset-last-child  wd-rs-650f3192bb4a3 wd-title-color-default wd-title-style-default text-center  wd-underline-colored\">\n\t\t\t\n\t\t\t<div class=\"liner-continer\">\n\t\t\t\t<h4 class=\"woodmart-title-container title  wd-font-weight- wd-fontsize-l\" >\u00d6NCEK\u0130 &amp; SONRAK\u0130<\/h4>\n\t\t\t\t\t\t\t<\/div>\n\t\t\t\n\t\t\t\n\t\t\t\n\t\t<\/div>\n\t\t\n\t\t\t\t\t<link rel=\"stylesheet\" id=\"wd-photoswipe-css\" href=\"https:\/\/docdrtugcesimsek.com\/wp-content\/themes\/woodmart\/css\/parts\/lib-photoswipe.min.css?ver=7.2.4\" type=\"text\/css\" media=\"all\" \/> \t\t\t\t\t\t<link rel=\"stylesheet\" id=\"wd-owl-carousel-css\" href=\"https:\/\/docdrtugcesimsek.com\/wp-content\/themes\/woodmart\/css\/parts\/lib-owl-carousel.min.css?ver=7.2.4\" type=\"text\/css\" media=\"all\" \/> \t\t\t\t\t\t<link rel=\"stylesheet\" id=\"wd-image-gallery-css\" href=\"https:\/\/docdrtugcesimsek.com\/wp-content\/themes\/woodmart\/css\/parts\/el-gallery.min.css?ver=7.2.4\" type=\"text\/css\" media=\"all\" \/> \t\t\t\t\t<div id=\"gallery_557\" class=\"wd-images-gallery wd-rs-650756c666f42 wd-justify-center wd-items-middle view-carousel photoswipe-images wd-carousel-spacing-10 wd-carousel-container\" data-owl-carousel data-wrap=\"no\" data-autoplay=\"yes\" data-hide_pagination_control=\"no\" data-hide_prev_next_buttons=\"no\" data-desktop=\"3\" data-tablet_landscape=\"3\" data-tablet=\"2\" data-mobile=\"1\">\n\t\t\t<div class=\"gallery-images owl-carousel wd-owl owl-items-lg-3 owl-items-md-3 owl-items-sm-2 owl-items-xs-1\">\n\t\t\t\t\t\t\t\t\t\t\t\t\t\t\t<div class=\"wd-gallery-item\">\n\t\t\t\t\t\t\t\t\t\t\t\t\t\t<a href=\"https:\/\/docdrtugcesimsek.com\/wp-content\/uploads\/2023\/09\/2-3.jpg\" data-elementor-open-lightbox=\"no\" data-index=\"1\" data-width=\"1080\" data-height=\"1080\"  >\n\t\t\t\t\t\t\t\t\n\t\t\t\t\t\t\t\t\t\t\t\t\t\t\t\t\t<img loading=\"lazy\" decoding=\"async\" width=\"1080\" height=\"1080\" src=\"https:\/\/docdrtugcesimsek.com\/wp-content\/uploads\/2023\/09\/2-3.jpg\" class=\"wd-gallery-image image-1 attachment-full\" alt=\"\" title=\"2 (3)\" srcset=\"https:\/\/docdrtugcesimsek.com\/wp-content\/uploads\/2023\/09\/2-3.jpg 1080w, https:\/\/docdrtugcesimsek.com\/wp-content\/uploads\/2023\/09\/2-3-300x300.jpg 300w, https:\/\/docdrtugcesimsek.com\/wp-content\/uploads\/2023\/09\/2-3-1024x1024.jpg 1024w, https:\/\/docdrtugcesimsek.com\/wp-content\/uploads\/2023\/09\/2-3-150x150.jpg 150w, https:\/\/docdrtugcesimsek.com\/wp-content\/uploads\/2023\/09\/2-3-768x768.jpg 768w\" sizes=\"(max-width: 1080px) 100vw, 1080px\" \/>\t\t\t\t\t\t\t\t\n\n\t\t\t\t\t\t\t\t\t\t\t\t\t\t\t<\/a>\n\t\t\t\t\t\t\t\t\t\t\t\t<\/div>\n\t\t\t\t\t\t\t\t\t\t\t<div class=\"wd-gallery-item\">\n\t\t\t\t\t\t\t\t\t\t\t\t\t\t<a href=\"https:\/\/docdrtugcesimsek.com\/wp-content\/uploads\/2023\/09\/1-2.jpg\" data-elementor-open-lightbox=\"no\" data-index=\"2\" data-width=\"1080\" data-height=\"1080\"  >\n\t\t\t\t\t\t\t\t\n\t\t\t\t\t\t\t\t\t\t\t\t\t\t\t\t\t<img loading=\"lazy\" decoding=\"async\" width=\"1080\" height=\"1080\" src=\"https:\/\/docdrtugcesimsek.com\/wp-content\/uploads\/2023\/09\/1-2.jpg\" class=\"wd-gallery-image image-2 attachment-full\" alt=\"\" title=\"1 (2)\" srcset=\"https:\/\/docdrtugcesimsek.com\/wp-content\/uploads\/2023\/09\/1-2.jpg 1080w, https:\/\/docdrtugcesimsek.com\/wp-content\/uploads\/2023\/09\/1-2-300x300.jpg 300w, https:\/\/docdrtugcesimsek.com\/wp-content\/uploads\/2023\/09\/1-2-1024x1024.jpg 1024w, https:\/\/docdrtugcesimsek.com\/wp-content\/uploads\/2023\/09\/1-2-150x150.jpg 150w, https:\/\/docdrtugcesimsek.com\/wp-content\/uploads\/2023\/09\/1-2-768x768.jpg 768w\" sizes=\"(max-width: 1080px) 100vw, 1080px\" \/>\t\t\t\t\t\t\t\t\n\n\t\t\t\t\t\t\t\t\t\t\t\t\t\t\t<\/a>\n\t\t\t\t\t\t\t\t\t\t\t\t<\/div>\n\t\t\t\t\t\t\t\t\t\t\t<div class=\"wd-gallery-item\">\n\t\t\t\t\t\t\t\t\t\t\t\t\t\t<a href=\"https:\/\/docdrtugcesimsek.com\/wp-content\/uploads\/2023\/09\/3-1.jpg\" data-elementor-open-lightbox=\"no\" data-index=\"3\" data-width=\"1080\" data-height=\"1080\"  >\n\t\t\t\t\t\t\t\t\n\t\t\t\t\t\t\t\t\t\t\t\t\t\t\t\t\t<img loading=\"lazy\" decoding=\"async\" width=\"1080\" height=\"1080\" src=\"https:\/\/docdrtugcesimsek.com\/wp-content\/uploads\/2023\/09\/3-1.jpg\" class=\"wd-gallery-image image-3 attachment-full\" alt=\"\" title=\"3\" srcset=\"https:\/\/docdrtugcesimsek.com\/wp-content\/uploads\/2023\/09\/3-1.jpg 1080w, https:\/\/docdrtugcesimsek.com\/wp-content\/uploads\/2023\/09\/3-1-300x300.jpg 300w, https:\/\/docdrtugcesimsek.com\/wp-content\/uploads\/2023\/09\/3-1-1024x1024.jpg 1024w, https:\/\/docdrtugcesimsek.com\/wp-content\/uploads\/2023\/09\/3-1-150x150.jpg 150w, https:\/\/docdrtugcesimsek.com\/wp-content\/uploads\/2023\/09\/3-1-768x768.jpg 768w\" sizes=\"(max-width: 1080px) 100vw, 1080px\" \/>\t\t\t\t\t\t\t\t\n\n\t\t\t\t\t\t\t\t\t\t\t\t\t\t\t<\/a>\n\t\t\t\t\t\t\t\t\t\t\t\t<\/div>\n\t\t\t\t\t\t\t\t\t\t\t\t<\/div>\n\t\t<\/div>\n\t\t\t\t[vc_raw_html]JTVCaHRtbF9ibG9jayUyMGlkJTNEJTIyNTkyJTIyJTVE[\/vc_raw_html][\/vc_column][\/vc_row]<\/p>\n<\/section>","protected":false},"excerpt":{"rendered":"<p>[vc_row full_width=&#8221;stretch_row&#8221; woodmart_css_id=&#8221;64fa143dd3c13&#8243; responsive_spacing=&#8221;eyJwYXJhbV90eXBlIjoid29vZG1hcnRfcmVzcG9uc2l2ZV9zcGFjaW5nIiwic2VsZWN0b3JfaWQiOiI2NGZhMTQzZGQzYzEzIiwic2hvcnRjb2RlIjoidmNfcm93IiwiZGF0YSI6eyJ0YWJsZXQiOnt9LCJtb2JpbGUiOnt9fX0=&#8221; mobile_bg_img_hidden=&#8221;no&#8221; tablet_bg_img_hidden=&#8221;no&#8221; woodmart_parallax=&#8221;0&#8243; woodmart_gradient_switch=&#8221;no&#8221; woodmart_box_shadow=&#8221;no&#8221; wd_z_index=&#8221;no&#8221; woodmart_disable_overflow=&#8221;0&#8243; row_reverse_mobile=&#8221;0&#8243; row_reverse_tablet=&#8221;0&#8243; css=&#8221;.vc_custom_1694110785323{padding-top: 20px !important;padding-bottom: 50px !important;background-color: #ffffff !important;}&#8221;<\/p>\n","protected":false},"author":1,"featured_media":0,"parent":967,"menu_order":0,"comment_status":"closed","ping_status":"closed","template":"","meta":{"footnotes":""},"_links":{"self":[{"href":"https:\/\/docdrtugcesimsek.com\/tr\/wp-json\/wp\/v2\/pages\/976"}],"collection":[{"href":"https:\/\/docdrtugcesimsek.com\/tr\/wp-json\/wp\/v2\/pages"}],"about":[{"href":"https:\/\/docdrtugcesimsek.com\/tr\/wp-json\/wp\/v2\/types\/page"}],"author":[{"embeddable":true,"href":"https:\/\/docdrtugcesimsek.com\/tr\/wp-json\/wp\/v2\/users\/1"}],"replies":[{"embeddable":true,"href":"https:\/\/docdrtugcesimsek.com\/tr\/wp-json\/wp\/v2\/comments?post=976"}],"version-history":[{"count":2,"href":"https:\/\/docdrtugcesimsek.com\/tr\/wp-json\/wp\/v2\/pages\/976\/revisions"}],"predecessor-version":[{"id":978,"href":"https:\/\/docdrtugcesimsek.com\/tr\/wp-json\/wp\/v2\/pages\/976\/revisions\/978"}],"up":[{"embeddable":true,"href":"https:\/\/docdrtugcesimsek.com\/tr\/wp-json\/wp\/v2\/pages\/967"}],"wp:attachment":[{"href":"https:\/\/docdrtugcesimsek.com\/tr\/wp-json\/wp\/v2\/media?parent=976"}],"curies":[{"name":"wp","href":"https:\/\/api.w.org\/{rel}","templated":true}]}}