{"id":970,"date":"2023-09-06T00:01:14","date_gmt":"2023-09-06T00:01:14","guid":{"rendered":"https:\/\/docdrtugcesimsek.com\/tedavilerimiz\/eyelid-aesthetics-blepharoplasty\/"},"modified":"2024-01-23T12:04:28","modified_gmt":"2024-01-23T12:04:28","slug":"goz-kapagi-estetigi-blefaroplasti","status":"publish","type":"page","link":"https:\/\/docdrtugcesimsek.com\/tr\/tedavilerimiz\/goz-kapagi-estetigi-blefaroplasti\/","title":{"rendered":"G\u00f6z Kapa\u011f\u0131 Esteti\u011fi(Blefaroplasti)"},"content":{"rendered":"<section class=\"wpb-content-wrapper\"><p>[vc_row full_width=&#8221;stretch_row&#8221; woodmart_css_id=&#8221;64fa13c545212&#8243; responsive_spacing=&#8221;eyJwYXJhbV90eXBlIjoid29vZG1hcnRfcmVzcG9uc2l2ZV9zcGFjaW5nIiwic2VsZWN0b3JfaWQiOiI2NGZhMTNjNTQ1MjEyIiwic2hvcnRjb2RlIjoidmNfcm93IiwiZGF0YSI6eyJ0YWJsZXQiOnt9LCJtb2JpbGUiOnt9fX0=&#8221; mobile_bg_img_hidden=&#8221;no&#8221; tablet_bg_img_hidden=&#8221;no&#8221; woodmart_parallax=&#8221;0&#8243; woodmart_gradient_switch=&#8221;no&#8221; woodmart_box_shadow=&#8221;no&#8221; wd_z_index=&#8221;no&#8221; woodmart_disable_overflow=&#8221;0&#8243; row_reverse_mobile=&#8221;0&#8243; row_reverse_tablet=&#8221;0&#8243; css=&#8221;.vc_custom_1694110665951{padding-top: 20px !important;padding-bottom: 50px !important;background-color: #ffffff !important;}&#8221; el_class=&#8221;content-text-colon&#8221;][vc_column el_class=&#8221;ust-cikinti&#8221; woodmart_css_id=&#8221;64f7bac234890&#8243; parallax_scroll=&#8221;no&#8221; woodmart_sticky_column=&#8221;false&#8221; wd_collapsible_content_switcher=&#8221;no&#8221; wd_column_role_offcanvas_desktop=&#8221;no&#8221; wd_column_role_offcanvas_tablet=&#8221;no&#8221; wd_column_role_offcanvas_mobile=&#8221;no&#8221; wd_column_role_content_desktop=&#8221;no&#8221; wd_column_role_content_tablet=&#8221;no&#8221; wd_column_role_content_mobile=&#8221;no&#8221; mobile_bg_img_hidden=&#8221;no&#8221; tablet_bg_img_hidden=&#8221;no&#8221; woodmart_parallax=&#8221;0&#8243; woodmart_box_shadow=&#8221;no&#8221; responsive_spacing=&#8221;eyJwYXJhbV90eXBlIjoid29vZG1hcnRfcmVzcG9uc2l2ZV9zcGFjaW5nIiwic2VsZWN0b3JfaWQiOiI2NGY3YmFjMjM0ODkwIiwic2hvcnRjb2RlIjoidmNfY29sdW1uIiwiZGF0YSI6eyJ0YWJsZXQiOnt9LCJtb2JpbGUiOnt9fX0=&#8221; mobile_reset_margin=&#8221;no&#8221; tablet_reset_margin=&#8221;no&#8221; wd_z_index=&#8221;no&#8221; css=&#8221;.vc_custom_1693956804453{padding-top: 0px !important;}&#8221;][vc_single_image image=&#8221;677&#8243; img_size=&#8221;full&#8221; parallax_scroll=&#8221;no&#8221; woodmart_inline=&#8221;no&#8221; css=&#8221;.vc_custom_1694110163367{margin-bottom: 20px !important;}&#8221;][vc_column_text woodmart_inline=&#8221;no&#8221; text_larger=&#8221;no&#8221;]Y\u00fcz\u00fcn odak noktalar\u0131ndan biri g\u00f6zlerdir. G\u00f6zlerde ya\u015fl\u0131l\u0131k, travma ve genetik etkenlerle ortaya \u00e7\u0131kan sarkmalar bu odak noktas\u0131nda istenmeyen bir g\u00f6r\u00fcn\u00fcme neden olabilir. Bu sorunlar\u0131n ortadan kald\u0131r\u0131lmas\u0131 i\u00e7in de <strong>g\u00f6z kapa\u011f\u0131 esteti\u011fi <\/strong>yap\u0131labilmektedir. Genel olarak g\u00f6z kapa\u011f\u0131 d\u00fc\u015f\u00fckl\u00fc\u011f\u00fcnde yap\u0131lan estetik m\u00fcdahaleler, kal\u0131c\u0131 olarak do\u011fal ve ola\u011fan bir g\u00f6r\u00fcn\u00fcm sunar. G\u00f6z \u00e7evresinde yap\u0131lan estetik m\u00fcdahaleler t\u0131p dal\u0131nda<strong> blefaroplasti <\/strong>olarak bilinir.<\/p>\n<h2>G\u00f6z Kapa\u011f\u0131 Esteti\u011fi Nedir?<\/h2>\n<p>Blefaroplasti ya da di\u011fer ad\u0131yla g\u00f6z kapa\u011f\u0131 esteti\u011fi, \u00fcst ve alt g\u00f6z kapa\u011f\u0131nda farkl\u0131 nedenlerle ortaya \u00e7\u0131kabilen d\u00fc\u015f\u00fckl\u00fc\u011f\u00fcn giderilmesi i\u00e7in uygulanan cerrahi i\u015fleme verilen add\u0131r. Yaln\u0131zca sarkma durumlar\u0131nda de\u011fil,\u00a0 g\u00f6z kapaklar\u0131nda k\u0131r\u0131\u015f\u0131kl\u0131k olu\u015fumu, torbalanma, g\u00f6z kapaklar\u0131 ya da ka\u015flar\u0131n d\u00fc\u015fmesi ya da travma sonras\u0131 bozukluklar nedeniyle de uygulanabilmektedir. Uygulanma amac\u0131 fark etmeksizin g\u00f6z kapaklar\u0131na yap\u0131lan estetik m\u00fcdahaleler bu \u015fekilde adland\u0131r\u0131lmaktad\u0131r.<\/p>\n<h2>G\u00f6z Kapa\u011f\u0131 Esteti\u011fi Kimlere Yap\u0131l\u0131r?<\/h2>\n<p><strong>G\u00f6z kapa\u011f\u0131 esteti\u011fi kimlere yap\u0131lmaz <\/strong>ya da kimler yapt\u0131rabilir sorular\u0131 \u00e7ok fazla sorulur. Medikal ihtiya\u00e7lar s\u00f6z konusu oldu\u011funda g\u00f6z kapa\u011f\u0131 esteti\u011fi her ya\u015fta uygulanabilen bir i\u015flemdir. Ancak yaln\u0131zca estetik ama\u00e7lar do\u011frultusunda yap\u0131ld\u0131\u011f\u0131 zaman genel olarak 35 ya\u015f\u0131n\u0131 ge\u00e7mi\u015f yeti\u015fkinlerde yap\u0131lmaktad\u0131r. Bu ya\u015flarda g\u00f6z kapa\u011f\u0131nda ya\u015fl\u0131l\u0131k belirtileri ortaya \u00e7\u0131kabilece\u011fi i\u00e7in yeti\u015fkinler taraf\u0131ndan tercih edilir. G\u00f6z kapa\u011f\u0131 estetik i\u015flemleri yap\u0131lmas\u0131 uygun olmayan baz\u0131 durumlar vard\u0131r. Bu durumlar \u015f\u00f6yle s\u0131ralanabilir:<\/p>\n<ul>\n<li>Kuru g\u00f6z sendromu rahats\u0131zl\u0131\u011f\u0131 olan ki\u015filer \u00fcst g\u00f6z kapa\u011f\u0131na yap\u0131lacak olan i\u015flemler tavsiye edilmez.<\/li>\n<li>G\u00f6z tansiyonu olan hastalara da <strong>g\u00f6z kapa\u011f\u0131 ameliyat\u0131 <\/strong>uygulanmas\u0131 do\u011fru de\u011fildir.<\/li>\n<li>Tiroid ve \u015feker hastalar\u0131 i\u00e7in de bu operasyon tehlikeli olabilmektedir.<\/li>\n<li>\u00d6nemli ve \u00e7ok ciddi g\u00f6z rahats\u0131zl\u0131klar\u0131 olan ki\u015filer i\u00e7in de bu operasyon \u00f6nerilmemektedir.<\/li>\n<\/ul>\n<p>G\u00f6z kapa\u011f\u0131 esteti\u011fi i\u00e7in uygun olmayan hastal\u0131k gruplar\u0131 olsa da hastalar\u0131n durumlar\u0131 hekimler taraf\u0131ndan de\u011ferlendirildikten sonra s\u00fcrece karar verilmektedir. Bu nedenle uzmanlar taraf\u0131ndan de\u011ferlendirme yap\u0131lmadan kesin bir yarg\u0131ya var\u0131lamaz.<\/p>\n<h2>G\u00f6z Kapa\u011f\u0131 Esteti\u011fi Nas\u0131l Yap\u0131l\u0131r?<\/h2>\n<p><strong>G\u00f6z kapa\u011f\u0131 ameliyat\u0131 nas\u0131l yap\u0131l\u0131r <\/strong>sorusu da yine bu operasyon hakk\u0131nda yan\u0131t\u0131 en \u00e7ok merak edilen sorulardan bir tanesidir. G\u00f6z kapa\u011f\u0131na ameliyat s\u0131ras\u0131nda yap\u0131lan m\u00fcdahaleler farkl\u0131l\u0131k g\u00f6sterir. \u00d6zellikle \u00fcst ve alt g\u00f6z kapaklar\u0131na yap\u0131lan m\u00fcdahaleler farkl\u0131d\u0131r.<\/p>\n<p>G\u00f6z kapa\u011f\u0131 ameliyat\u0131ndan \u00f6nce hasta hekim taraf\u0131ndan de\u011ferlendirilir. G\u00f6z kapa\u011f\u0131ndaki problem belirlendikten ve ameliyat karar\u0131 al\u0131nd\u0131ktan sonra operasyon ger\u00e7ekle\u015ftirilir. Genel olarak lokal anestezi kullan\u0131larak<strong> \u00fcst g\u00f6z kapa\u011f\u0131 esteti\u011fi <\/strong>yap\u0131l\u0131r. \u00dcst g\u00f6z kapa\u011f\u0131nda bulunan fazla ya\u011f, deri dokular\u0131 \u00e7\u0131kar\u0131l\u0131r ve diki\u015f at\u0131larak operasyon tamamlan\u0131r. Peki, <strong>g\u00f6z kapa\u011f\u0131 ameliyat ka\u00e7 dk s\u00fcr\u00fcyor<\/strong>? Bu i\u015flem ortalama 1 saat kadar s\u00fcrmektedir.<\/p>\n<p>G\u00f6z kapa\u011f\u0131 esteti\u011fi yaln\u0131zca \u00fcst g\u00f6z kapa\u011f\u0131 i\u00e7in yap\u0131lmaz. <strong>Alt g\u00f6z kapa\u011f\u0131 esteti\u011fi <\/strong>de yap\u0131labilmektedir. Yine alt g\u00f6z kapa\u011f\u0131nda da ya\u015fl\u0131l\u0131\u011fa ba\u011fl\u0131 olarak deri sarkmalar\u0131 ortaya \u00e7\u0131kabilir ya da \u00e7izgilenme, torbalanma gibi durumlar g\u00f6r\u00fclebilir. Bu sorunlar\u0131n kal\u0131c\u0131 olarak \u00e7\u00f6z\u00fclmesi i\u00e7in g\u00f6z\u00fcn ve kirpiklerin alt k\u0131sm\u0131nda bir kesi at\u0131l\u0131r. Bu kesi sayesinde g\u00f6z kapa\u011f\u0131 derisi yukar\u0131ya kald\u0131r\u0131l\u0131r. G\u00f6z\u00fcn alt \u00e7ukuruna ya\u011flar yay\u0131labildi\u011fi i\u00e7in bu alandan fazla ya\u011f dokular\u0131 temizlenir. Fazla olan kas, ya\u011f ve dokular bu i\u015flemle \u00e7\u0131kar\u0131l\u0131r.<\/p>\n<h2>G\u00f6z Kapa\u011f\u0131 Ameliyat \u00d6ncesi S\u00fcre\u00e7<\/h2>\n<p>G\u00f6z kapa\u011f\u0131 esteti\u011fi \u00f6ncesinde s\u00fcre\u00e7 tamamen profesyonel \u015fekilde y\u00fcr\u00fct\u00fcl\u00fcr. Genel olarak yaln\u0131zca estetik g\u00f6r\u00fcn\u00fcm ama\u00e7l\u0131 ger\u00e7ekle\u015ftirilen bu cerrahi i\u015flemlerde \u00f6ncelikle ba\u015fvuruda bulunan hastalar de\u011ferlendirilir. Kronik hastal\u0131klar ve d\u00fczenli kullan\u0131lan ila\u00e7lar hakk\u0131nda bilgi al\u0131n\u0131r. Bu durumu ameliyat s\u00fcreci kesinle\u015fmi\u015f olan hastalar i\u00e7in ge\u00e7erlidir. G\u00f6z kapa\u011f\u0131 esteti\u011fi i\u00e7in ba\u015fvurun hastalara ilk olarak fiziki muayene yap\u0131l\u0131r. Bu nedeni ise <strong>ameliyats\u0131z g\u00f6z kapa\u011f\u0131 esteti\u011fi <\/strong>i\u015flemlerinin de var olmas\u0131d\u0131r. E\u011fer ameliyats\u0131z \u00e7\u00f6z\u00fclebilecek sarkma ya da \u00e7izgilenme gibi bir durum s\u00f6z konusu ise ilk olarak farkl\u0131 y\u00f6ntemler tercih edilir.<\/p>\n<p>\u00d6rne\u011fin g\u00f6z kapa\u011f\u0131 sarkmas\u0131 i\u00e7in ba\u015fvuran bir hastaya ilk olarak botoks uygulanabilir. Ka\u015f ve al\u0131n b\u00f6lgesindeki k\u0131r\u0131\u015f\u0131kl\u0131klar varsa bu durum botoksla \u00e7\u00f6z\u00fclebilir. Botoksun ard\u0131ndan g\u00f6z kapa\u011f\u0131 sarkmas\u0131 durumu devam ediyorsa ameliyat karar\u0131 al\u0131nabilmektedir. Ka\u015f ya da \u015faka germe uygulamalar\u0131 ile de d\u00fc\u015f\u00fck seviyede olan g\u00f6z kapa\u011f\u0131 d\u00fc\u015f\u00fckl\u00fckleri giderilebilmektedir. Ancak ileri seviyede sorunlar s\u00f6z konusu ise ve giderilemeyen g\u00f6z kapa\u011f\u0131 sorunlar\u0131ndan \u015fikayet\u00e7i ise hasta ameliyat \u00f6ncesi s\u00fcrece dahil olur. \u00dcst g\u00f6z kapa\u011f\u0131 i\u00e7in de alt g\u00f6z kapa\u011f\u0131 i\u00e7in de ayn\u0131 durum s\u00f6z konusudur.<\/p>\n<p>Ameliyat \u00f6ncesi s\u00fcre\u00e7te <strong>g\u00f6z kapa\u011f\u0131 ameliyat\u0131n\u0131n riskleri var m\u0131<\/strong>, nelere dikkat edilmeli gibi baz\u0131 sorular da sorulabilmektedir. Y\u00fcksek riske sahip ameliyatlar aras\u0131nda yer almasa da her cerrahi i\u015flemde oldu\u011fu gibi g\u00f6z kapa\u011f\u0131 ameliyat\u0131nda da baz\u0131 riskler s\u00f6z konusudur. Ameliyat sonras\u0131 kanama ve morarma gibi durumlar ortaya \u00e7\u0131kabilir. Di\u011fer bir risk ise yine t\u00fcm i\u015flemlerde oldu\u011fu gibi enfeksiyon riskidir. Bu risklere ba\u011fl\u0131 olarak ameliyat\u0131n ard\u0131ndan bulan\u0131k g\u00f6r\u00fc\u015f, g\u00f6z kurulu\u011fu, g\u00f6zleri zor a\u00e7\u0131p kapatma durumlar\u0131 g\u00f6r\u00fclebilir. Ancak riskler ve ameliyat sonras\u0131 kendini g\u00f6steren \u015fikayetler ortalama 1 hafta i\u00e7erisinde ortadan kaybolur.<\/p>\n<h2>G\u00f6z Kapa\u011f\u0131 Esteti\u011fi Sonras\u0131 Nelere Dikkat Edilmeli?<\/h2>\n<p>G\u00f6z kapa\u011f\u0131 ameliyat\u0131 olan hastalar uzman hekimler taraf\u0131ndan operasyon \u00f6ncesi ve sonras\u0131 bilgilendirilmektedir. Estetik i\u015flemlerin ard\u0131ndan \u015fi\u015fkinlik olu\u015fan b\u00f6lgelere buz uygulamak tavsiye edilen durumlardan biridir. Bu b\u00f6lgelere yine hekimler taraf\u0131ndan re\u00e7ete edilen kremler uygulanmaktad\u0131r. Bu s\u00fcrecin rahat \u015fekilde ge\u00e7irilebilmesi i\u00e7in hekim uyar\u0131lar\u0131na mutlaka dikkat edilmelidir.<\/p>\n<p>G\u00f6z kapa\u011f\u0131 ameliyat\u0131 sonra genellikle ayn\u0131 g\u00fcn hastaneden taburcu olabilmek m\u00fcmk\u00fcnd\u00fcr. Estetik ameliyat\u0131n ard\u0131ndan bir ya da iki g\u00fcn banyo yapmak tavsiye edilmez. Diki\u015flerin oldu\u011fu alanlar\u0131n enfeksiyondan korunmas\u0131 i\u00e7in bu konuya dikkat edilmelidir. \u00d6zellikle g\u00f6z \u00e7evresinde ya\u011f dokusu \u00e7\u0131kar\u0131lan hastalar\u0131n birka\u00e7 g\u00fcn du\u015f almamas\u0131 do\u011fru olacakt\u0131r.<\/p>\n<p>&nbsp;<\/p>\n<p>Ameliyat\u0131n ard\u0131ndan g\u00f6z kapaklar\u0131na ince bantlar yap\u0131\u015ft\u0131r\u0131l\u0131r. Bu bantlar diki\u015flerin oldu\u011fu alanda yer al\u0131r. Bantlar \u00e7\u0131kar\u0131ld\u0131ktan birka\u00e7 ay sonra diki\u015f izleri ge\u00e7mektedir. Bu \u015fekilde hi\u00e7bir iz kalmadan estetik ameliyat s\u00fcreci tamamlan\u0131r.<\/p>\n<h2>G\u00f6z Kapa\u011f\u0131 Esteti\u011fi Fiyatlar\u0131<\/h2>\n<p>G\u00f6z kapa\u011f\u0131 estetik ameliyat\u0131 olmak isteyenlerin merak etti\u011fi di\u011fer bir soru ise <strong>g\u00f6z kapa\u011f\u0131 esteti\u011fi ne kadar <\/strong>sorudur. Bu operasyonda farkl\u0131 teknikler ve uygulamalar yap\u0131labilmektedir. \u00d6rne\u011fin g\u00f6z kapa\u011f\u0131 esteti\u011fi alt ya da \u00fcst g\u00f6z kapa\u011f\u0131na uygulanabilir. Hatta hem alt hem de \u00fcst g\u00f6z kapa\u011f\u0131na ayn\u0131 anda i\u015flem yap\u0131labilmektedir. Bu durumda kullan\u0131lan teknikler, ameliyat s\u00fcreci ve benzeri pek \u00e7ok konu de\u011fi\u015fir. G\u00f6r\u00fclen farkl\u0131l\u0131klara ba\u011fl\u0131 olarak da <strong>g\u00f6z kapa\u011f\u0131 esteti\u011fi fiyatlar\u0131 <\/strong>farkl\u0131l\u0131k g\u00f6sterir. Bunlar\u0131n d\u0131\u015f\u0131nda ameliyat \u00f6ncesi uygulanabilen estetik m\u00fcdahaleler de fiyatlar\u0131n de\u011fi\u015fmesine neden olur. <strong>G\u00f6z kapa\u011f\u0131 esteti\u011fi ameliyats\u0131z <\/strong>da ger\u00e7ekle\u015ftirilebilir. Ka\u015f, al\u0131n ve \u015fakak b\u00f6lgelerine yap\u0131labilen botoks, benzeri kald\u0131rma, germe i\u015flemleri fiyata dahil olabilir. Bunun d\u0131\u015f\u0131nda yaln\u0131zca bu i\u015flemler uygulanarak da estetik de\u011fi\u015fim s\u00fcreci tamamlan\u0131r. T\u00fcm bu konular dikkate al\u0131nd\u0131\u011f\u0131 zaman da belirli bir fiyat s\u00f6z konusu olmaz. Fiyat bilgisi, hastalar taraf\u0131ndan ger\u00e7ekle\u015ftirilen ba\u015fvurulardan ve fiziki muayeneden sonra belirlenecektir. Sizler de ba\u015fvuruda bulunarak detayl\u0131 bilgi alabilirsiniz.[\/vc_column_text]\t\t\t<link rel=\"stylesheet\" id=\"wd-section-title-css\" href=\"https:\/\/docdrtugcesimsek.com\/wp-content\/themes\/woodmart\/css\/parts\/el-section-title.min.css?ver=7.2.4\" type=\"text\/css\" media=\"all\" \/> \t\t\t\t\t\t<link rel=\"stylesheet\" id=\"wd-mod-highlighted-text-css\" href=\"https:\/\/docdrtugcesimsek.com\/wp-content\/themes\/woodmart\/css\/parts\/mod-highlighted-text.min.css?ver=7.2.4\" type=\"text\/css\" media=\"all\" \/> \t\t\t\n\t\t<div id=\"wd-650f30fcc89f6\" class=\"title-wrapper wd-wpb set-mb-s reset-last-child  wd-rs-650f30fcc89f6 wd-title-color-default wd-title-style-default text-center  wd-underline-colored\">\n\t\t\t\n\t\t\t<div class=\"liner-continer\">\n\t\t\t\t<h4 class=\"woodmart-title-container title  wd-font-weight- wd-fontsize-l\" >\u00d6NCEK\u0130 &amp; SONRAK\u0130<\/h4>\n\t\t\t\t\t\t\t<\/div>\n\t\t\t\n\t\t\t\n\t\t\t\n\t\t<\/div>\n\t\t\n\t\t\t\t\t<link rel=\"stylesheet\" id=\"wd-photoswipe-css\" href=\"https:\/\/docdrtugcesimsek.com\/wp-content\/themes\/woodmart\/css\/parts\/lib-photoswipe.min.css?ver=7.2.4\" type=\"text\/css\" media=\"all\" \/> \t\t\t\t\t\t<link rel=\"stylesheet\" id=\"wd-owl-carousel-css\" href=\"https:\/\/docdrtugcesimsek.com\/wp-content\/themes\/woodmart\/css\/parts\/lib-owl-carousel.min.css?ver=7.2.4\" type=\"text\/css\" media=\"all\" \/> \t\t\t\t\t\t<link rel=\"stylesheet\" id=\"wd-image-gallery-css\" href=\"https:\/\/docdrtugcesimsek.com\/wp-content\/themes\/woodmart\/css\/parts\/el-gallery.min.css?ver=7.2.4\" type=\"text\/css\" media=\"all\" \/> \t\t\t\t\t<div id=\"gallery_965\" class=\"wd-images-gallery wd-rs-6507564074e45 wd-justify-center wd-items-middle view-carousel photoswipe-images wd-carousel-spacing-10 wd-carousel-container\" data-owl-carousel data-wrap=\"no\" data-autoplay=\"yes\" data-hide_pagination_control=\"no\" data-hide_prev_next_buttons=\"no\" data-desktop=\"3\" data-tablet_landscape=\"3\" data-tablet=\"2\" data-mobile=\"1\">\n\t\t\t<div class=\"gallery-images owl-carousel wd-owl owl-items-lg-3 owl-items-md-3 owl-items-sm-2 owl-items-xs-1\">\n\t\t\t\t\t\t\t\t\t\t\t\t\t\t\t<div class=\"wd-gallery-item\">\n\t\t\t\t\t\t\t\t\t\t\t\t\t\t<a href=\"https:\/\/docdrtugcesimsek.com\/wp-content\/uploads\/2023\/09\/alt-ust-kapak.jpg\" data-elementor-open-lightbox=\"no\" data-index=\"1\" data-width=\"2048\" data-height=\"2048\"  >\n\t\t\t\t\t\t\t\t\n\t\t\t\t\t\t\t\t\t\t\t\t\t\t\t\t\t<img loading=\"lazy\" decoding=\"async\" width=\"2048\" height=\"2048\" src=\"https:\/\/docdrtugcesimsek.com\/wp-content\/uploads\/2023\/09\/alt-ust-kapak.jpg\" class=\"wd-gallery-image image-1 attachment-full\" alt=\"\" title=\"alt-\u00fcst kapak\" srcset=\"https:\/\/docdrtugcesimsek.com\/wp-content\/uploads\/2023\/09\/alt-ust-kapak.jpg 2048w, https:\/\/docdrtugcesimsek.com\/wp-content\/uploads\/2023\/09\/alt-ust-kapak-300x300.jpg 300w, https:\/\/docdrtugcesimsek.com\/wp-content\/uploads\/2023\/09\/alt-ust-kapak-1024x1024.jpg 1024w, https:\/\/docdrtugcesimsek.com\/wp-content\/uploads\/2023\/09\/alt-ust-kapak-150x150.jpg 150w, https:\/\/docdrtugcesimsek.com\/wp-content\/uploads\/2023\/09\/alt-ust-kapak-768x768.jpg 768w, https:\/\/docdrtugcesimsek.com\/wp-content\/uploads\/2023\/09\/alt-ust-kapak-1536x1536.jpg 1536w\" sizes=\"(max-width: 2048px) 100vw, 2048px\" \/>\t\t\t\t\t\t\t\t\n\n\t\t\t\t\t\t\t\t\t\t\t\t\t\t\t<\/a>\n\t\t\t\t\t\t\t\t\t\t\t\t<\/div>\n\t\t\t\t\t\t\t\t\t\t\t<div class=\"wd-gallery-item\">\n\t\t\t\t\t\t\t\t\t\t\t\t\t\t<a href=\"https:\/\/docdrtugcesimsek.com\/wp-content\/uploads\/2023\/09\/alt-goz-kapagi.jpg\" data-elementor-open-lightbox=\"no\" data-index=\"2\" data-width=\"2048\" data-height=\"2048\"  >\n\t\t\t\t\t\t\t\t\n\t\t\t\t\t\t\t\t\t\t\t\t\t\t\t\t\t<img loading=\"lazy\" decoding=\"async\" width=\"2048\" height=\"2048\" src=\"https:\/\/docdrtugcesimsek.com\/wp-content\/uploads\/2023\/09\/alt-goz-kapagi.jpg\" class=\"wd-gallery-image image-2 attachment-full\" alt=\"\" title=\"alt g\u00f6z kapa\u011f\u0131\" srcset=\"https:\/\/docdrtugcesimsek.com\/wp-content\/uploads\/2023\/09\/alt-goz-kapagi.jpg 2048w, https:\/\/docdrtugcesimsek.com\/wp-content\/uploads\/2023\/09\/alt-goz-kapagi-300x300.jpg 300w, https:\/\/docdrtugcesimsek.com\/wp-content\/uploads\/2023\/09\/alt-goz-kapagi-1024x1024.jpg 1024w, https:\/\/docdrtugcesimsek.com\/wp-content\/uploads\/2023\/09\/alt-goz-kapagi-150x150.jpg 150w, https:\/\/docdrtugcesimsek.com\/wp-content\/uploads\/2023\/09\/alt-goz-kapagi-768x768.jpg 768w, https:\/\/docdrtugcesimsek.com\/wp-content\/uploads\/2023\/09\/alt-goz-kapagi-1536x1536.jpg 1536w\" sizes=\"(max-width: 2048px) 100vw, 2048px\" \/>\t\t\t\t\t\t\t\t\n\n\t\t\t\t\t\t\t\t\t\t\t\t\t\t\t<\/a>\n\t\t\t\t\t\t\t\t\t\t\t\t<\/div>\n\t\t\t\t\t\t\t\t\t\t\t<div class=\"wd-gallery-item\">\n\t\t\t\t\t\t\t\t\t\t\t\t\t\t<a href=\"https:\/\/docdrtugcesimsek.com\/wp-content\/uploads\/2023\/09\/alt-ust-kapak2.jpg\" data-elementor-open-lightbox=\"no\" data-index=\"3\" data-width=\"2048\" data-height=\"2048\"  >\n\t\t\t\t\t\t\t\t\n\t\t\t\t\t\t\t\t\t\t\t\t\t\t\t\t\t<img loading=\"lazy\" decoding=\"async\" width=\"2048\" height=\"2048\" src=\"https:\/\/docdrtugcesimsek.com\/wp-content\/uploads\/2023\/09\/alt-ust-kapak2.jpg\" class=\"wd-gallery-image image-3 attachment-full\" alt=\"\" title=\"alt-\u00fcst kapak2\" srcset=\"https:\/\/docdrtugcesimsek.com\/wp-content\/uploads\/2023\/09\/alt-ust-kapak2.jpg 2048w, https:\/\/docdrtugcesimsek.com\/wp-content\/uploads\/2023\/09\/alt-ust-kapak2-300x300.jpg 300w, https:\/\/docdrtugcesimsek.com\/wp-content\/uploads\/2023\/09\/alt-ust-kapak2-1024x1024.jpg 1024w, https:\/\/docdrtugcesimsek.com\/wp-content\/uploads\/2023\/09\/alt-ust-kapak2-150x150.jpg 150w, https:\/\/docdrtugcesimsek.com\/wp-content\/uploads\/2023\/09\/alt-ust-kapak2-768x768.jpg 768w, https:\/\/docdrtugcesimsek.com\/wp-content\/uploads\/2023\/09\/alt-ust-kapak2-1536x1536.jpg 1536w\" sizes=\"(max-width: 2048px) 100vw, 2048px\" \/>\t\t\t\t\t\t\t\t\n\n\t\t\t\t\t\t\t\t\t\t\t\t\t\t\t<\/a>\n\t\t\t\t\t\t\t\t\t\t\t\t<\/div>\n\t\t\t\t\t\t\t\t\t\t\t<div class=\"wd-gallery-item\">\n\t\t\t\t\t\t\t\t\t\t\t\t\t\t<a href=\"https:\/\/docdrtugcesimsek.com\/wp-content\/uploads\/2023\/09\/ust-goz-kapagi1-2.jpg\" data-elementor-open-lightbox=\"no\" data-index=\"4\" data-width=\"1080\" data-height=\"1080\"  >\n\t\t\t\t\t\t\t\t\n\t\t\t\t\t\t\t\t\t\t\t\t\t\t\t\t\t<img loading=\"lazy\" decoding=\"async\" width=\"1080\" height=\"1080\" src=\"https:\/\/docdrtugcesimsek.com\/wp-content\/uploads\/2023\/09\/ust-goz-kapagi1-2.jpg\" class=\"wd-gallery-image image-4 attachment-full\" alt=\"\" title=\"\u00fcst g\u00f6z kapa\u011f\u01311\" srcset=\"https:\/\/docdrtugcesimsek.com\/wp-content\/uploads\/2023\/09\/ust-goz-kapagi1-2.jpg 1080w, https:\/\/docdrtugcesimsek.com\/wp-content\/uploads\/2023\/09\/ust-goz-kapagi1-2-300x300.jpg 300w, https:\/\/docdrtugcesimsek.com\/wp-content\/uploads\/2023\/09\/ust-goz-kapagi1-2-1024x1024.jpg 1024w, https:\/\/docdrtugcesimsek.com\/wp-content\/uploads\/2023\/09\/ust-goz-kapagi1-2-150x150.jpg 150w, https:\/\/docdrtugcesimsek.com\/wp-content\/uploads\/2023\/09\/ust-goz-kapagi1-2-768x768.jpg 768w\" sizes=\"(max-width: 1080px) 100vw, 1080px\" \/>\t\t\t\t\t\t\t\t\n\n\t\t\t\t\t\t\t\t\t\t\t\t\t\t\t<\/a>\n\t\t\t\t\t\t\t\t\t\t\t\t<\/div>\n\t\t\t\t\t\t\t\t\t\t\t\t<\/div>\n\t\t<\/div>\n\t\t\t\t[vc_video link=&#8221;https:\/\/youtube.com\/shorts\/Hrfgmsy4kE8?si=rGdYLv2VnZO1tUNU&#8221; woodmart_css_id=&#8221;65afab427ffb6&#8243; image_poster_switch=&#8221;no&#8221;][vc_raw_html]JTVCaHRtbF9ibG9jayUyMGlkJTNEJTIyNTkyJTIyJTVE[\/vc_raw_html][\/vc_column][\/vc_row]<\/p>\n<\/section>","protected":false},"excerpt":{"rendered":"<p>[vc_row full_width=&#8221;stretch_row&#8221; woodmart_css_id=&#8221;64fa13c545212&#8243; responsive_spacing=&#8221;eyJwYXJhbV90eXBlIjoid29vZG1hcnRfcmVzcG9uc2l2ZV9zcGFjaW5nIiwic2VsZWN0b3JfaWQiOiI2NGZhMTNjNTQ1MjEyIiwic2hvcnRjb2RlIjoidmNfcm93IiwiZGF0YSI6eyJ0YWJsZXQiOnt9LCJtb2JpbGUiOnt9fX0=&#8221; mobile_bg_img_hidden=&#8221;no&#8221; tablet_bg_img_hidden=&#8221;no&#8221; woodmart_parallax=&#8221;0&#8243; woodmart_gradient_switch=&#8221;no&#8221; woodmart_box_shadow=&#8221;no&#8221; wd_z_index=&#8221;no&#8221; woodmart_disable_overflow=&#8221;0&#8243; row_reverse_mobile=&#8221;0&#8243; row_reverse_tablet=&#8221;0&#8243; css=&#8221;.vc_custom_1694110665951{padding-top: 20px !important;padding-bottom: 50px !important;background-color: #ffffff !important;}&#8221;<\/p>\n","protected":false},"author":1,"featured_media":0,"parent":967,"menu_order":0,"comment_status":"closed","ping_status":"closed","template":"","meta":{"footnotes":""},"_links":{"self":[{"href":"https:\/\/docdrtugcesimsek.com\/tr\/wp-json\/wp\/v2\/pages\/970"}],"collection":[{"href":"https:\/\/docdrtugcesimsek.com\/tr\/wp-json\/wp\/v2\/pages"}],"about":[{"href":"https:\/\/docdrtugcesimsek.com\/tr\/wp-json\/wp\/v2\/types\/page"}],"author":[{"embeddable":true,"href":"https:\/\/docdrtugcesimsek.com\/tr\/wp-json\/wp\/v2\/users\/1"}],"replies":[{"embeddable":true,"href":"https:\/\/docdrtugcesimsek.com\/tr\/wp-json\/wp\/v2\/comments?post=970"}],"version-history":[{"count":3,"href":"https:\/\/docdrtugcesimsek.com\/tr\/wp-json\/wp\/v2\/pages\/970\/revisions"}],"predecessor-version":[{"id":1419,"href":"https:\/\/docdrtugcesimsek.com\/tr\/wp-json\/wp\/v2\/pages\/970\/revisions\/1419"}],"up":[{"embeddable":true,"href":"https:\/\/docdrtugcesimsek.com\/tr\/wp-json\/wp\/v2\/pages\/967"}],"wp:attachment":[{"href":"https:\/\/docdrtugcesimsek.com\/tr\/wp-json\/wp\/v2\/media?parent=970"}],"curies":[{"name":"wp","href":"https:\/\/api.w.org\/{rel}","templated":true}]}}