{"id":959,"date":"2023-09-06T00:00:34","date_gmt":"2023-09-06T00:00:34","guid":{"rendered":"https:\/\/docdrtugcesimsek.com\/ear-aesthetics-otoplasty\/"},"modified":"2024-01-23T12:06:16","modified_gmt":"2024-01-23T12:06:16","slug":"kulak-estetigi-otoplasti","status":"publish","type":"page","link":"https:\/\/docdrtugcesimsek.com\/tr\/tedavilerimiz\/kulak-estetigi-otoplasti\/","title":{"rendered":"Kulak Esteti\u011fi(Otoplasti)"},"content":{"rendered":"<section class=\"wpb-content-wrapper\"><p>[vc_row full_width=&#8221;stretch_row&#8221; woodmart_css_id=&#8221;64fa13b8441cc&#8221; responsive_spacing=&#8221;eyJwYXJhbV90eXBlIjoid29vZG1hcnRfcmVzcG9uc2l2ZV9zcGFjaW5nIiwic2VsZWN0b3JfaWQiOiI2NGZhMTNiODQ0MWNjIiwic2hvcnRjb2RlIjoidmNfcm93IiwiZGF0YSI6eyJ0YWJsZXQiOnt9LCJtb2JpbGUiOnt9fX0=&#8221; mobile_bg_img_hidden=&#8221;no&#8221; tablet_bg_img_hidden=&#8221;no&#8221; woodmart_parallax=&#8221;0&#8243; woodmart_gradient_switch=&#8221;no&#8221; woodmart_box_shadow=&#8221;no&#8221; wd_z_index=&#8221;no&#8221; woodmart_disable_overflow=&#8221;0&#8243; row_reverse_mobile=&#8221;0&#8243; row_reverse_tablet=&#8221;0&#8243; css=&#8221;.vc_custom_1694110651783{padding-top: 20px !important;padding-bottom: 50px !important;background-color: #ffffff !important;}&#8221; el_class=&#8221;content-text-colon&#8221;][vc_column el_class=&#8221;ust-cikinti&#8221; woodmart_css_id=&#8221;64f7bac234890&#8243; parallax_scroll=&#8221;no&#8221; woodmart_sticky_column=&#8221;false&#8221; wd_collapsible_content_switcher=&#8221;no&#8221; wd_column_role_offcanvas_desktop=&#8221;no&#8221; wd_column_role_offcanvas_tablet=&#8221;no&#8221; wd_column_role_offcanvas_mobile=&#8221;no&#8221; wd_column_role_content_desktop=&#8221;no&#8221; wd_column_role_content_tablet=&#8221;no&#8221; wd_column_role_content_mobile=&#8221;no&#8221; mobile_bg_img_hidden=&#8221;no&#8221; tablet_bg_img_hidden=&#8221;no&#8221; woodmart_parallax=&#8221;0&#8243; woodmart_box_shadow=&#8221;no&#8221; responsive_spacing=&#8221;eyJwYXJhbV90eXBlIjoid29vZG1hcnRfcmVzcG9uc2l2ZV9zcGFjaW5nIiwic2VsZWN0b3JfaWQiOiI2NGY3YmFjMjM0ODkwIiwic2hvcnRjb2RlIjoidmNfY29sdW1uIiwiZGF0YSI6eyJ0YWJsZXQiOnt9LCJtb2JpbGUiOnt9fX0=&#8221; mobile_reset_margin=&#8221;no&#8221; tablet_reset_margin=&#8221;no&#8221; wd_z_index=&#8221;no&#8221; css=&#8221;.vc_custom_1693956804453{padding-top: 0px !important;}&#8221;][vc_single_image image=&#8221;674&#8243; img_size=&#8221;full&#8221; parallax_scroll=&#8221;no&#8221; woodmart_inline=&#8221;no&#8221; css=&#8221;.vc_custom_1694110137800{margin-bottom: 20px !important;}&#8221;][vc_column_text woodmart_inline=&#8221;no&#8221; text_larger=&#8221;no&#8221;]<strong>Kulak esteti\u011fi<\/strong> ya da di\u011fer ad\u0131 ile otoplasti, kulak g\u00f6r\u00fcn\u00fcm\u00fcnden memnun olmayan ve kulak deformitesi olan ki\u015filere yap\u0131labilen bir operasyondur. V\u00fccudun \u00fcst b\u00f6lgelerinde en \u00e7ok dikkat \u00e7eken organlar aras\u0131nda kulaklar yer al\u0131r. Kulaklar\u0131n d\u0131\u015fa ya da yukar\u0131ya do\u011fru uzan\u0131r bir g\u00f6r\u00fcn\u00fcme sahip olmas\u0131 da pek \u00e7ok ki\u015fiye rahats\u0131zl\u0131k verebilmektedir. Sa\u011fl\u0131k a\u00e7\u0131s\u0131nda bir soruna neden olmasa da \u015fekil bozuklu\u011fu bulunan kulaklar psikolojik etkileri ile soruna neden olabilir. \u00d6zellikle erken ya\u015flardaki \u00e7ocuklar\u0131 psikolojik olarak rahats\u0131z b\u00f6r g\u00f6r\u00fcn\u00fcm sunabilir. Bu durumlarda kula\u011fa estetik bir g\u00f6r\u00fcn\u00fcm verme amac\u0131yla yap\u0131lan ve farkl\u0131 y\u00f6ntemler tercih edilebilen <strong>otoplasti <\/strong>i\u015flemlerine ba\u015fvurulur. Kulaklar geli\u015fimi 6 ya\u015fa kadar devam eder. Bu geli\u015fim d\u00f6neminden sonra erken ya\u015fta kulak esteti\u011fi operasyonlar\u0131 yap\u0131labilmektedir.<\/p>\n<h2>Kulak Esteti\u011fi Nedir?<\/h2>\n<p><strong>Kulak esteti\u011fi nedir <\/strong>sorusuna k\u0131saca kula\u011fa estetik bir g\u00f6r\u00fcn\u00fcm verme ve daha az g\u00f6r\u00fcn\u00fcr olmas\u0131 i\u00e7in m\u00fcdahale etme amac\u0131yla yap\u0131lan estetik operasyon yan\u0131t\u0131 verilebilir. Bu i\u015flemde kulak k\u0131k\u0131rdaklar\u0131n\u0131n \u015fekillendirilmesi sa\u011flan\u0131r. Yani kulaklar\u0131n daha geriye do\u011fru olan bir \u015fekle girmesi ama\u00e7lan\u0131r. Bu \u015fekilde de kep\u00e7e kulaklar ya da normalden \u00e7ok daha b\u00fcy\u00fck g\u00f6r\u00fcn\u00fcme sahip olan kulaklar daha estetik bir g\u00f6r\u00fcn\u00fcm kazan\u0131r. Cinsiyet ve ya\u015f fark etmeksizin uygulanabilen cerrahi i\u015flemlerden biridir. 6 ya\u015f\u0131ndan b\u00fcy\u00fck olan yani kulak geli\u015fimi tamamlanan t\u00fcm \u00e7ocuklara da yap\u0131labilmektedir.<\/p>\n<h2>Kulak Esteti\u011fi Kimlere Yap\u0131l\u0131r?<\/h2>\n<p>Kulak esteti\u011fi bir\u00e7ok durumunda uygulanabilir. Bu estetik operasyon genel olarak do\u011fu\u015ftan kep\u00e7e kulak g\u00f6r\u00fcn\u00fcme sahip olan ki\u015filer taraf\u0131ndan tercih edilir. Peki, kep\u00e7e kulak nedir? Kulaklar olmas\u0131 gerekenden daha dik bir g\u00f6r\u00fcn\u00fcme sahip ise ve bu \u015fekilde d\u0131\u015far\u0131ya do\u011fru uzan\u0131yorsa kep\u00e7e kulak olarak adland\u0131r\u0131l\u0131r. Hatta bu durum kep\u00e7e kulak deformitesi olarak bilinir. Toplumun b\u00fcy\u00fck bir k\u0131sm\u0131nda kar\u015f\u0131la\u015f\u0131labilen bu durum sa\u011fl\u0131k sorunlar\u0131na neden olmaz. Ancak psikolojik etkileri olduk\u00e7a fazlad\u0131r. <strong>Kep\u00e7e kulak esteti\u011fi <\/strong>ile b\u00fcy\u00fck ve dik kulaklara ola\u011fan bir g\u00f6r\u00fcn\u00fcm verilebilmektedir.<\/p>\n<p>Otoplasti, b\u00fcy\u00fck konkal hazneye sahip olan ki\u015filere de uygulanabilmektedir. Kula\u011f\u0131n arka k\u0131sm\u0131n\u0131 olu\u015fturan b\u00fcy\u00fck k\u0131k\u0131rdak konkal olarak adland\u0131r\u0131l\u0131r. Bu k\u0131k\u0131rda\u011f\u0131n ola\u011fandan daha b\u00fcy\u00fck olmas\u0131 da kula\u011f\u0131n normalden \u00e7ok daha b\u00fcy\u00fck bir g\u00f6r\u00fcn\u00fcme sahip olmas\u0131 anlam\u0131na gelir. Daha \u00e7\u0131k\u0131nt\u0131l\u0131 olan bu g\u00f6r\u00fcn\u00fcm\u00fcnde kurtulmak i\u00e7in de otoplasti yap\u0131l\u0131r ve k\u0131k\u0131rdak dokusu kesilerek k\u00fc\u00e7\u00fclt\u00fcl\u00fcr.<\/p>\n<p>Kulak esteti\u011finin uygulanmas\u0131 gereken durumlardan bir tanesi de antihelikal k\u0131vr\u0131m\u0131n\u0131n olmamas\u0131d\u0131r. Normal bir kulakta iki farkl\u0131 k\u0131k\u0131rdak vard\u0131r. Biri d\u0131\u015far\u0131 do\u011fru di\u011feri ise i\u00e7eri do\u011fru k\u0131vr\u0131l\u0131r. \u0130\u00e7eriye do\u011fru olan k\u0131vr\u0131ma ise antihelikal ad\u0131 verilir. Antihelikal k\u0131vr\u0131m\u0131n\u0131n olmamas\u0131 ya da d\u00fcz olmas\u0131 durumunda kulak, oldu\u011fundan \u00e7ok daha b\u00fcy\u00fck g\u00f6r\u00fcn\u00fcr. Bu durumu ortadan kald\u0131rmak ve k\u0131vr\u0131mlar\u0131 d\u00fczenleyerek kula\u011f\u0131 estetik olarak iyile\u015ftirmek i\u00e7in kulak esteti\u011fine ihtiya\u00e7 vard\u0131r.<\/p>\n<p>Otoplasti yaln\u0131zca b\u00fcy\u00fck kulaklar\u0131n daha k\u00fc\u00e7\u00fck hale getirilmesi i\u00e7in yap\u0131lmaz. \u00c7ok k\u00fc\u00e7\u00fck kulaklar\u0131n ortalama bir boyuta sahip olmas\u0131 ve buna g\u00f6re \u015fekillendirilmesi i\u00e7in de uygulanabilmektedir. Kulak esteti\u011finin uyguland\u0131\u011f\u0131 di\u011fer bir durum ise yaralanma sonucu kulakta olu\u015fan deformasyonlar\u0131n giderilmesidir. Travma nedeni ile kulak yap\u0131s\u0131nda de\u011fi\u015fim g\u00f6r\u00fcld\u00fc\u011f\u00fcnde <strong>kulak esteti\u011fi ameliyat\u0131 <\/strong>yap\u0131labilir.<\/p>\n<h2>Kulak Esteti\u011fi Nas\u0131l Yap\u0131l\u0131r?<\/h2>\n<p><strong>Kulak esteti\u011fi zor mu<\/strong>, ameliyat nas\u0131l ger\u00e7ekle\u015fir, iyile\u015fme s\u00fcreci nas\u0131ld\u0131r gibi pek \u00e7ok soruya yan\u0131t aran\u0131r. Kulak esteti\u011finin yap\u0131lma nedenlerine ve hastan\u0131n durumuna g\u00f6re sorular\u0131n yan\u0131tlar\u0131 de\u011fi\u015fmektedir. Kep\u00e7e kulak esteti\u011fi, genel olarak lokal anestezi ile yap\u0131lan bir ameliyatt\u0131r. Ancak k\u00fc\u00e7\u00fck ya\u015ftaki \u00e7ocuklar i\u00e7in mutlaka genel anestezi tercih edilir.<\/p>\n<p>Kulak estetik ameliyatlar\u0131nda tercih edilebilen farkl\u0131 y\u00f6ntemler bulunur. Kula\u011f\u0131n g\u00f6r\u00fcn\u00fcme ve talep edilen estetik g\u00f6r\u00fcn\u00fcme g\u00f6re farkl\u0131 yollar tercih edilebilir. Ameliyat s\u0131ras\u0131nda hastan\u0131n ya\u015f grubu ve benzeri konular da yine etkili olur. \u00d6rnek vermek gerekirse erken ya\u015flarda yani \u00e7ocukluk d\u00f6neminde k\u0131k\u0131rdaklar yumu\u015fak bir yap\u0131ya sahiptir. K\u0131k\u0131rdaklar yumu\u015fak oldu\u011fu i\u00e7in yaln\u0131zca diki\u015flerle bu yap\u0131lara \u015fekil vermek yeterli olur. Ancak yeti\u015fkin hastalarda genel olarak bu y\u00f6ntem tercih edilmez. \u00d6zellikle b\u00fcy\u00fck konkal haznesinin k\u00fc\u00e7\u00fclt\u00fclmesi gereken ameliyatlarda k\u0131k\u0131rdaklar\u0131n bir k\u0131sm\u0131 kesilerek \u00e7\u0131kar\u0131l\u0131r. Bunlara ek olarak yaln\u0131zca k\u0131k\u0131rdak yap\u0131lar\u0131 zay\u0131flat\u0131larak da \u015fekil verilebilmektedir. Bu operasyonlar s\u0131ras\u0131nda kulak i\u00e7erisinde kesilen yap\u0131larak ameliyatlar ger\u00e7ekle\u015ftirilir. Diki\u015fler d\u0131\u015far\u0131dan g\u00f6r\u00fclmez. <strong>Kulak esteti\u011finde iz kal\u0131r m\u0131 <\/strong>sorusuna da bu \u015fekilde yan\u0131t verilebilir.<\/p>\n<h2>Kulak Esteti\u011fi Ameliyat S\u00fcreci<\/h2>\n<p>Kulak esteti\u011fi ameliyat\u0131 \u00f6ncesi gerekli tetkikler ve g\u00f6r\u00fc\u015fmeler yap\u0131lmaktad\u0131r. Cerrahi bir i\u015flem oldu\u011fu i\u00e7in \u00f6ncelikle hastalar\u0131n bu i\u015fleme uygun olup olmad\u0131\u011f\u0131 de\u011ferlendirilir. Daha sonra kulak yap\u0131s\u0131 ve talep edilen estetik g\u00f6r\u00fcn\u00fcm de\u011ferlendirildikten sonra gerekli planlamalar yap\u0131l\u0131r. Ameliyat \u00f6ncesi s\u00fcre\u00e7te doktorlar d\u00fczenli olarak kullan\u0131lan ila\u00e7lar ve kronik rahats\u0131zl\u0131klar hakk\u0131nda mutlaka bilgilendirilmelidir. D\u00fc\u015f\u00fck riskli ameliyat gruplar\u0131 aras\u0131nda yer alsa da cerrahi i\u015flem \u00f6ncesi t\u00fcm tedbirleri al\u0131nmas\u0131 ve s\u00fcrecin bu \u015fekilde y\u00f6netilmesi \u00f6nemlidir.<\/p>\n<p>Kulak esteti\u011fi yani otoplastinin ne kadar s\u00fcren bir i\u015flem oldu\u011fu da merak edilir. Bu operasyonlar\u0131n ortalama 3 saat oldu\u011fu s\u00f6ylenir. Ameliyat\u0131n zorlu\u011funa g\u00f6re bu s\u00fcre uzayabilir veya k\u0131salabilir. \u00d6rne\u011fin konkal yap\u0131n\u0131n k\u00fc\u00e7\u00fclt\u00fclece\u011fi operasyonlar uzun s\u00fcrerken di\u011fer k\u0131k\u0131rdak yap\u0131\u015ft\u0131rma i\u015flemleri \u00e7ok daha k\u0131sa s\u00fcrebilir.<\/p>\n<p>Ameliyat tamamland\u0131ktan ve \u00fczerinde yakla\u015f\u0131k 2 g\u00fcn ge\u00e7tikten sonra hastalar normal hayat d\u00fczenine geri d\u00f6nebilir. Operasyon sonras\u0131 hafif a\u011fr\u0131 ve \u015fi\u015fkinlik hissetmek ola\u011fan bir durumdur. Ancak \u015fikayetler k\u0131sa s\u00fcre i\u00e7inde azalarak bitecektir. A\u015f\u0131r\u0131 a\u011fr\u0131 ya\u015fanmas\u0131 durumunda mutlaka uzman bir doktora ba\u015fvurulmal\u0131d\u0131r. Bu s\u00fcre\u00e7, uzman doktorlar taraf\u0131ndan a\u011fr\u0131 kesici ve benzeri ihtiya\u00e7 duyulan destekleyici ila\u00e7lar ile kontrol edilmektedir.<\/p>\n<p>Kulak esteti\u011fi operasyonun ard\u0131ndan kulaklarda birka\u00e7 hafta bandaj kalabilmektedir. Ameliyat s\u0131ras\u0131nda emilmeyen diki\u015fler kullan\u0131lmad\u0131ysa yakla\u015f\u0131k bir hafta sonra diki\u015fler al\u0131nmaktad\u0131r. Ancak diki\u015f al\u0131nma s\u00fcresi ve bandaj kullan\u0131m s\u00fcresi hastan\u0131n durumuna g\u00f6re de\u011fi\u015febilir. Ortalama 2 hafta ge\u00e7tikten sonra bandajlar\u0131n \u00e7\u0131kar\u0131lmas\u0131 m\u00fcmk\u00fcnd\u00fcr.<\/p>\n<p>Ameliyat sonras\u0131 d\u00f6nemde kulaklar\u0131n uzun bir s\u00fcre travmalardan, kazalardan korunmas\u0131 gerekir. Darbe almamas\u0131na ve \u00e7eki\u015ftirilmemesine mutlaka dikkat edilmelidir. Uyku s\u0131ras\u0131nda doktor \u00f6nerileri de dikkate al\u0131narak koruyucu bandajlar kullan\u0131lmal\u0131d\u0131r. Sa\u00e7 bantlar\u0131 kullan\u0131m\u0131 da tavsiye edilir. Ameliyat\u0131n ard\u0131ndan uzun s\u00fcre koruma ama\u00e7l\u0131 uyku s\u0131ras\u0131nda sa\u00e7 bantlar\u0131 kullan\u0131lmaktad\u0131r.<strong> Kulak esteti\u011fi kal\u0131c\u0131 m\u0131<\/strong> konusu da yine ara\u015ft\u0131r\u0131lan bir konudur. Kula\u011f\u0131n estetik g\u00f6r\u00fcn\u00fcm\u00fc i\u00e7in ger\u00e7ekle\u015ftirilen t\u00fcm cerrahi i\u015flemler tamamen kal\u0131c\u0131d\u0131r. Ancak ameliyat sonras\u0131nda dikkat edilmesi gereken konulara da \u00f6nem verilmelidir. Kulaklar\u0131n tamamen iyile\u015fme s\u00fcrecinde dikkatli olmak gerekir.<\/p>\n<h2>Kulak Esteti\u011fi Fiyatlar\u0131<\/h2>\n<p><strong>Kulak esteti\u011fi fiyatlar\u0131 <\/strong>pek \u00e7ok duruma g\u00f6re de\u011fi\u015febilecek bir konudur. Fiyatlar\u0131 etkileyen ilk konulardan biri operasyonun yap\u0131ld\u0131\u011f\u0131 sa\u011fl\u0131k kurulu\u015fu ve bulunan olanaklard\u0131r. Di\u011fer bir \u00f6nemli konu ise ameliyat s\u0131ras\u0131nda kullan\u0131lan malzemeler ve tekniklerdir. Hastalara g\u00f6re planlanan operasyon s\u00fcreci de yine fiyatlar \u00fczerinde etkili olan konular aras\u0131ndad\u0131r. <strong>Otoplasti fiyatlar\u0131 <\/strong>hastalar\u0131n beklentileri anla\u015f\u0131ld\u0131ktan, muayenenin ve planlaman\u0131n ard\u0131ndan belirlenmektedir. Bu nedenle net bir fiyat bilgisine ula\u015fabilmek m\u00fcmk\u00fcn olmayacakt\u0131r.[\/vc_column_text]\t\t\t<link rel=\"stylesheet\" id=\"wd-section-title-css\" href=\"https:\/\/docdrtugcesimsek.com\/wp-content\/themes\/woodmart\/css\/parts\/el-section-title.min.css?ver=7.2.4\" type=\"text\/css\" media=\"all\" \/> \t\t\t\t\t\t<link rel=\"stylesheet\" id=\"wd-mod-highlighted-text-css\" href=\"https:\/\/docdrtugcesimsek.com\/wp-content\/themes\/woodmart\/css\/parts\/mod-highlighted-text.min.css?ver=7.2.4\" type=\"text\/css\" media=\"all\" \/> \t\t\t\n\t\t<div id=\"wd-650f2ee75d7ff\" class=\"title-wrapper wd-wpb set-mb-s reset-last-child  wd-rs-650f2ee75d7ff wd-title-color-default wd-title-style-default text-center  wd-underline-colored\">\n\t\t\t\n\t\t\t<div class=\"liner-continer\">\n\t\t\t\t<h4 class=\"woodmart-title-container title  wd-font-weight- wd-fontsize-l\" >\u00d6NCEK\u0130 &amp; SONRAK\u0130<\/h4>\n\t\t\t\t\t\t\t<\/div>\n\t\t\t\n\t\t\t\n\t\t\t\n\t\t<\/div>\n\t\t\n\t\t\t\t\t<link rel=\"stylesheet\" id=\"wd-photoswipe-css\" href=\"https:\/\/docdrtugcesimsek.com\/wp-content\/themes\/woodmart\/css\/parts\/lib-photoswipe.min.css?ver=7.2.4\" type=\"text\/css\" media=\"all\" \/> \t\t\t\t\t\t<link rel=\"stylesheet\" id=\"wd-owl-carousel-css\" href=\"https:\/\/docdrtugcesimsek.com\/wp-content\/themes\/woodmart\/css\/parts\/lib-owl-carousel.min.css?ver=7.2.4\" type=\"text\/css\" media=\"all\" \/> \t\t\t\t\t\t<link rel=\"stylesheet\" id=\"wd-image-gallery-css\" href=\"https:\/\/docdrtugcesimsek.com\/wp-content\/themes\/woodmart\/css\/parts\/el-gallery.min.css?ver=7.2.4\" type=\"text\/css\" media=\"all\" \/> \t\t\t\t\t<div id=\"gallery_575\" class=\"wd-images-gallery wd-rs-650754adacc72 wd-justify-center wd-items-middle view-carousel photoswipe-images wd-carousel-spacing-10 wd-carousel-container\" data-owl-carousel data-wrap=\"no\" data-autoplay=\"yes\" data-hide_pagination_control=\"no\" data-hide_prev_next_buttons=\"no\" data-desktop=\"3\" data-tablet_landscape=\"3\" data-tablet=\"2\" data-mobile=\"1\">\n\t\t\t<div class=\"gallery-images owl-carousel wd-owl owl-items-lg-3 owl-items-md-3 owl-items-sm-2 owl-items-xs-1\">\n\t\t\t\t\t\t\t\t\t\t\t\t\t\t\t<div class=\"wd-gallery-item\">\n\t\t\t\t\t\t\t\t\t\t\t\t\t\t<a href=\"https:\/\/docdrtugcesimsek.com\/wp-content\/uploads\/2023\/09\/kepcekulak2.jpg\" data-elementor-open-lightbox=\"no\" data-index=\"1\" data-width=\"1080\" data-height=\"1080\"  >\n\t\t\t\t\t\t\t\t\n\t\t\t\t\t\t\t\t\t\t\t\t\t\t\t\t\t<img loading=\"lazy\" decoding=\"async\" width=\"1080\" height=\"1080\" src=\"https:\/\/docdrtugcesimsek.com\/wp-content\/uploads\/2023\/09\/kepcekulak2.jpg\" class=\"wd-gallery-image image-1 attachment-full\" alt=\"\" title=\"kep\u00e7ekulak2\" srcset=\"https:\/\/docdrtugcesimsek.com\/wp-content\/uploads\/2023\/09\/kepcekulak2.jpg 1080w, https:\/\/docdrtugcesimsek.com\/wp-content\/uploads\/2023\/09\/kepcekulak2-300x300.jpg 300w, https:\/\/docdrtugcesimsek.com\/wp-content\/uploads\/2023\/09\/kepcekulak2-1024x1024.jpg 1024w, https:\/\/docdrtugcesimsek.com\/wp-content\/uploads\/2023\/09\/kepcekulak2-150x150.jpg 150w, https:\/\/docdrtugcesimsek.com\/wp-content\/uploads\/2023\/09\/kepcekulak2-768x768.jpg 768w\" sizes=\"(max-width: 1080px) 100vw, 1080px\" \/>\t\t\t\t\t\t\t\t\n\n\t\t\t\t\t\t\t\t\t\t\t\t\t\t\t<\/a>\n\t\t\t\t\t\t\t\t\t\t\t\t<\/div>\n\t\t\t\t\t\t\t\t\t\t\t<div class=\"wd-gallery-item\">\n\t\t\t\t\t\t\t\t\t\t\t\t\t\t<a href=\"https:\/\/docdrtugcesimsek.com\/wp-content\/uploads\/2023\/09\/kepcekulak1.jpg\" data-elementor-open-lightbox=\"no\" data-index=\"2\" data-width=\"1080\" data-height=\"1080\"  >\n\t\t\t\t\t\t\t\t\n\t\t\t\t\t\t\t\t\t\t\t\t\t\t\t\t\t<img loading=\"lazy\" decoding=\"async\" width=\"1080\" height=\"1080\" src=\"https:\/\/docdrtugcesimsek.com\/wp-content\/uploads\/2023\/09\/kepcekulak1.jpg\" class=\"wd-gallery-image image-2 attachment-full\" alt=\"\" title=\"kep\u00e7ekulak1\" srcset=\"https:\/\/docdrtugcesimsek.com\/wp-content\/uploads\/2023\/09\/kepcekulak1.jpg 1080w, https:\/\/docdrtugcesimsek.com\/wp-content\/uploads\/2023\/09\/kepcekulak1-300x300.jpg 300w, https:\/\/docdrtugcesimsek.com\/wp-content\/uploads\/2023\/09\/kepcekulak1-1024x1024.jpg 1024w, https:\/\/docdrtugcesimsek.com\/wp-content\/uploads\/2023\/09\/kepcekulak1-150x150.jpg 150w, https:\/\/docdrtugcesimsek.com\/wp-content\/uploads\/2023\/09\/kepcekulak1-768x768.jpg 768w\" sizes=\"(max-width: 1080px) 100vw, 1080px\" \/>\t\t\t\t\t\t\t\t\n\n\t\t\t\t\t\t\t\t\t\t\t\t\t\t\t<\/a>\n\t\t\t\t\t\t\t\t\t\t\t\t<\/div>\n\t\t\t\t\t\t\t\t\t\t\t\t<\/div>\n\t\t<\/div>\n\t\t\t\t[vc_video link=&#8221;https:\/\/www.youtube.com\/watch?v=hbDKFtFiMyw&#8221; woodmart_css_id=&#8221;65afabae997c1&#8243; image_poster_switch=&#8221;no&#8221;][vc_raw_html]JTVCaHRtbF9ibG9jayUyMGlkJTNEJTIyNTkyJTIyJTVE[\/vc_raw_html][\/vc_column][\/vc_row]<\/p>\n<\/section>","protected":false},"excerpt":{"rendered":"<p>[vc_row full_width=&#8221;stretch_row&#8221; woodmart_css_id=&#8221;64fa13b8441cc&#8221; responsive_spacing=&#8221;eyJwYXJhbV90eXBlIjoid29vZG1hcnRfcmVzcG9uc2l2ZV9zcGFjaW5nIiwic2VsZWN0b3JfaWQiOiI2NGZhMTNiODQ0MWNjIiwic2hvcnRjb2RlIjoidmNfcm93IiwiZGF0YSI6eyJ0YWJsZXQiOnt9LCJtb2JpbGUiOnt9fX0=&#8221; mobile_bg_img_hidden=&#8221;no&#8221; tablet_bg_img_hidden=&#8221;no&#8221; woodmart_parallax=&#8221;0&#8243; woodmart_gradient_switch=&#8221;no&#8221; woodmart_box_shadow=&#8221;no&#8221; wd_z_index=&#8221;no&#8221; woodmart_disable_overflow=&#8221;0&#8243; row_reverse_mobile=&#8221;0&#8243; row_reverse_tablet=&#8221;0&#8243; css=&#8221;.vc_custom_1694110651783{padding-top: 20px !important;padding-bottom: 50px !important;background-color: #ffffff !important;}&#8221;<\/p>\n","protected":false},"author":1,"featured_media":0,"parent":967,"menu_order":0,"comment_status":"closed","ping_status":"closed","template":"","meta":{"footnotes":""},"_links":{"self":[{"href":"https:\/\/docdrtugcesimsek.com\/tr\/wp-json\/wp\/v2\/pages\/959"}],"collection":[{"href":"https:\/\/docdrtugcesimsek.com\/tr\/wp-json\/wp\/v2\/pages"}],"about":[{"href":"https:\/\/docdrtugcesimsek.com\/tr\/wp-json\/wp\/v2\/types\/page"}],"author":[{"embeddable":true,"href":"https:\/\/docdrtugcesimsek.com\/tr\/wp-json\/wp\/v2\/users\/1"}],"replies":[{"embeddable":true,"href":"https:\/\/docdrtugcesimsek.com\/tr\/wp-json\/wp\/v2\/comments?post=959"}],"version-history":[{"count":4,"href":"https:\/\/docdrtugcesimsek.com\/tr\/wp-json\/wp\/v2\/pages\/959\/revisions"}],"predecessor-version":[{"id":1422,"href":"https:\/\/docdrtugcesimsek.com\/tr\/wp-json\/wp\/v2\/pages\/959\/revisions\/1422"}],"up":[{"embeddable":true,"href":"https:\/\/docdrtugcesimsek.com\/tr\/wp-json\/wp\/v2\/pages\/967"}],"wp:attachment":[{"href":"https:\/\/docdrtugcesimsek.com\/tr\/wp-json\/wp\/v2\/media?parent=959"}],"curies":[{"name":"wp","href":"https:\/\/api.w.org\/{rel}","templated":true}]}}