{"id":955,"date":"2023-09-05T23:58:29","date_gmt":"2023-09-05T23:58:29","guid":{"rendered":"https:\/\/docdrtugcesimsek.com\/functional-nose-surgery-septoplasty\/"},"modified":"2024-01-23T12:13:06","modified_gmt":"2024-01-23T12:13:06","slug":"fonksiyonel-burun-ameliyatiseptoplasti","status":"publish","type":"page","link":"https:\/\/docdrtugcesimsek.com\/tr\/tedavilerimiz\/fonksiyonel-burun-ameliyatiseptoplasti\/","title":{"rendered":"Fonksiyonel Burun Ameliyat\u0131(Septoplasti)"},"content":{"rendered":"<section class=\"wpb-content-wrapper\"><p>[vc_row full_width=&#8221;stretch_row&#8221; woodmart_css_id=&#8221;64fa13aa51b2c&#8221; responsive_spacing=&#8221;eyJwYXJhbV90eXBlIjoid29vZG1hcnRfcmVzcG9uc2l2ZV9zcGFjaW5nIiwic2VsZWN0b3JfaWQiOiI2NGZhMTNhYTUxYjJjIiwic2hvcnRjb2RlIjoidmNfcm93IiwiZGF0YSI6eyJ0YWJsZXQiOnt9LCJtb2JpbGUiOnt9fX0=&#8221; mobile_bg_img_hidden=&#8221;no&#8221; tablet_bg_img_hidden=&#8221;no&#8221; woodmart_parallax=&#8221;0&#8243; woodmart_gradient_switch=&#8221;no&#8221; woodmart_box_shadow=&#8221;no&#8221; wd_z_index=&#8221;no&#8221; woodmart_disable_overflow=&#8221;0&#8243; row_reverse_mobile=&#8221;0&#8243; row_reverse_tablet=&#8221;0&#8243; css=&#8221;.vc_custom_1694110637706{padding-top: 20px !important;padding-bottom: 50px !important;background-color: #ffffff !important;}&#8221; el_class=&#8221;content-text-colon&#8221;][vc_column el_class=&#8221;ust-cikinti&#8221; woodmart_css_id=&#8221;64f7bac234890&#8243; parallax_scroll=&#8221;no&#8221; woodmart_sticky_column=&#8221;false&#8221; wd_collapsible_content_switcher=&#8221;no&#8221; wd_column_role_offcanvas_desktop=&#8221;no&#8221; wd_column_role_offcanvas_tablet=&#8221;no&#8221; wd_column_role_offcanvas_mobile=&#8221;no&#8221; wd_column_role_content_desktop=&#8221;no&#8221; wd_column_role_content_tablet=&#8221;no&#8221; wd_column_role_content_mobile=&#8221;no&#8221; mobile_bg_img_hidden=&#8221;no&#8221; tablet_bg_img_hidden=&#8221;no&#8221; woodmart_parallax=&#8221;0&#8243; woodmart_box_shadow=&#8221;no&#8221; responsive_spacing=&#8221;eyJwYXJhbV90eXBlIjoid29vZG1hcnRfcmVzcG9uc2l2ZV9zcGFjaW5nIiwic2VsZWN0b3JfaWQiOiI2NGY3YmFjMjM0ODkwIiwic2hvcnRjb2RlIjoidmNfY29sdW1uIiwiZGF0YSI6eyJ0YWJsZXQiOnt9LCJtb2JpbGUiOnt9fX0=&#8221; mobile_reset_margin=&#8221;no&#8221; tablet_reset_margin=&#8221;no&#8221; wd_z_index=&#8221;no&#8221; css=&#8221;.vc_custom_1693956804453{padding-top: 0px !important;}&#8221;][vc_single_image image=&#8221;669&#8243; img_size=&#8221;full&#8221; parallax_scroll=&#8221;no&#8221; woodmart_inline=&#8221;no&#8221; css=&#8221;.vc_custom_1694019577194{margin-bottom: 20px !important;}&#8221;][vc_column_text woodmart_inline=&#8221;no&#8221; text_larger=&#8221;no&#8221;]Solunum yolu ba\u015flang\u0131c\u0131 olan burun, nefes al\u0131\u015f veri\u015fin ger\u00e7ekle\u015fmesi i\u00e7in en \u00f6nemli organd\u0131r. Bu organda g\u00f6r\u00fclen e\u011friler ve bozukluklar da nefes al\u0131\u015f veri\u015fin sa\u011fl\u0131kl\u0131 bir \u015fekilde ilerlemesinin \u00f6n\u00fcne ge\u00e7er. Bu sorunun ya\u015fanmamas\u0131, ortadan kald\u0131r\u0131lmas\u0131 i\u00e7in de g\u00fcn\u00fcm\u00fczde tercih edilebilen pek \u00e7ok operasyon bulunur. Burunda g\u00f6r\u00fclen bozukluklara ya da operasyon nedenlerine ba\u011fl\u0131 olarak tercih edilen y\u00f6ntemler de\u011fi\u015febilmektedir.<\/p>\n<p><strong>Fonksiyonel burun ameliyat\u0131<\/strong> ya da di\u011fer ad\u0131 ile septoplasti septum deviasyonunun var oldu\u011fu durumlarda tercih edilen bir operasyon t\u00fcr\u00fcd\u00fcr. Burnun orta hatt\u0131nda yani orta k\u0131sm\u0131nda yer alan k\u0131k\u0131rdak ya da kemiklerde yer alan e\u011friler ve bu bozukluklar\u0131n neden oldu\u011fu nefes problemi, septum deviasyonu olarak nitelendirilir. Bu durum hastan\u0131n g\u00fcnl\u00fck ya\u015fam\u0131n\u0131 etkilemekte ve ilerleyen zamanlarda \u00e7ok daha b\u00fcy\u00fck sorunlara neden olabilmektedir. Septum deviasyonunu tedavi etmek ve sa\u011fl\u0131kl\u0131 nefes al\u0131\u015f veri\u015fini m\u00fcmk\u00fcn hale getirmek i\u00e7in de fonksiyonel burun ameliyat\u0131 ger\u00e7ekle\u015ftirilir.<\/p>\n<h2>Septum Deviasyonu Nedir?<\/h2>\n<p>Nazal septum, burnun iki deli\u011fi aras\u0131nda duvar g\u00f6revi \u00fcstlenen bir yap\u0131d\u0131r. Bu duvarda yer alan kemik ve k\u0131k\u0131rdak yap\u0131lar\u0131 burnun orta hatt\u0131n\u0131 olu\u015fturur. T\u00fcm bu yap\u0131lar da genel ad\u0131yla nazal septum olarak bilinir. Anatomik yap\u0131da \u00f6nemli bir yere sahip olan nazal septum, solunumun do\u011fru \u015fekilde ger\u00e7ekle\u015fmesini sa\u011flar. E\u011fer bu yap\u0131da do\u011fumsal ya da travma sebebi ile bir e\u011frilik bulunuyorsa solunum zorluklar\u0131 ortaya \u00e7\u0131kar. Yamuk kemik ve k\u0131k\u0131rdak yap\u0131lar\u0131, nefes almay\u0131 zor hale getirir. Baz\u0131 durumlarda bu yamukluklar burun deliklerini kapatabilir ya da daha b\u00fcy\u00fck sorunlara neden olabilir. Yap\u0131sal bozukluklar\u0131n neden oldu\u011fu, sa\u011fl\u0131kl\u0131 nefes alman\u0131n m\u00fcmk\u00fcn olmad\u0131\u011f\u0131 bu durum da <strong>septum deviasyonu<\/strong> olarak adland\u0131r\u0131l\u0131r. Burun deliklerinin asimetrik olmas\u0131, darbe nedeni ile burunda olu\u015fan travma ve do\u011fumsal burun kemerinin olmas\u0131 bu duruma neden olabilmektedir.<\/p>\n<p>Septum deviasyonu, burun t\u0131kan\u0131kl\u0131\u011f\u0131, rahat nefes alamama, yorgun uyanma, g\u00fcn boyu yorgunluk hali, uyku apnesi, horlama, s\u0131k s\u0131k tekrar eden sin\u00fcs enfeksiyonlar\u0131, ba\u015f ve y\u00fcz b\u00f6lgesinde a\u011fr\u0131 gibi \u015fikayetlerle kendini g\u00f6sterebilir.<strong> Nazal septum deviasyonu ameliyat\u0131<\/strong> ile bu \u015fikayetlerin giderilmesi m\u00fcmk\u00fcn olur.<\/p>\n<h2>Fonksiyonel Burun Ameliyat\u0131 Nedir?<\/h2>\n<p>Septum deviasyonu durumlar\u0131nda ba\u015fvurulan<strong> septoplasti<\/strong>, nazal septum b\u00f6lgesinde yer alan bozukluklar\u0131n d\u00fczenlenmesi i\u00e7in yap\u0131l\u0131r. Rinoplasti ve septoplasti aras\u0131ndaki fark da merak konusudur. Septoplasti ya da <strong>fonksiyonel burun ameliyat\u0131 nedir <\/strong>sorusuna nefes almay\u0131 zorla\u015ft\u0131ran burun dokular\u0131n\u0131n al\u0131nmas\u0131 veya var olan yap\u0131lar\u0131n d\u00fczenlenmesi i\u00e7in tercih edilen operasyondur \u015feklinde yan\u0131t verilebilir. Yani septoplasti, burun yap\u0131sal bozukluklar\u0131n solunumu olumsuz y\u00f6nde etkilemesi sonucunda tercih edilirken rinoplasti yaln\u0131zca estetik ama\u00e7la yap\u0131labilmektedir. Fonksiyonel burun ameliyat\u0131nda estetik bir kayg\u0131 yoktur. Yaln\u0131zca deviasyonun d\u00fczeltilmesi ama\u00e7lan\u0131r. Burun, septum e\u011frili\u011fine horlama, sin\u00fcs enfeksiyonu, nefes almada zorlanma gibi \u015fikayetler e\u015flik ediyorsa fonksiyonel burun ameliyat\u0131 tercih edilir.<\/p>\n<h2>Fonksiyonel Burun Ameliyat\u0131 Nas\u0131l Yap\u0131l\u0131r?<\/h2>\n<p><strong>Septoplasti nedir <\/strong>sorusu kadar nas\u0131l yap\u0131l\u0131r konusu da merak edilir. Fonksiyonel burun ameliyat\u0131 hem genel anestezi hem de lokal anestezi ile yap\u0131labilmektedir. Bu operasyon t\u00fcr\u00fcnde de a\u00e7\u0131k ve kapal\u0131 olmak \u00fczere iki farkl\u0131 se\u00e7enek bulunur. Bu ameliyat \u00e7e\u015fitleri de farkl\u0131 nedenlerle ve iste\u011fe ba\u011fl\u0131 olarak tercih edilebilir. \u00d6rnek vermek gerekirse septumun k\u0131k\u0131rdak k\u0131sm\u0131nda e\u011frilik oran\u0131 y\u00fcksek olmayan ve e\u011frili\u011fin farkl\u0131 alanlar\u0131 etkilemedi\u011fi durumlarda kapal\u0131 septoplasti uygulanabilmektedir. Bu i\u015flem de yakla\u015f\u0131k olarak 30 dakika s\u00fcrmektedir. Daha ciddi septum e\u011friliklerinde ise a\u00e7\u0131k teknik operasyonlar ger\u00e7ekle\u015ftirilir.<\/p>\n<p>Septum deviasyon ameliyatlar\u0131nda hasta dar bir hava kanal\u0131na sahipse ya da e\u011frilik oran\u0131 y\u00fcksek ise a\u00e7\u0131k teknikle ameliyatlar ger\u00e7ekle\u015fir. Bu operasyonlar, septum deviasyonu nedeni ile yeniden burun ameliyat\u0131 olmas\u0131 gereken hastalar i\u00e7in de tercih edilmektedir.[\/vc_column_text]\t\t\t<link rel=\"stylesheet\" id=\"wd-section-title-css\" href=\"https:\/\/docdrtugcesimsek.com\/wp-content\/themes\/woodmart\/css\/parts\/el-section-title.min.css?ver=7.2.4\" type=\"text\/css\" media=\"all\" \/> \t\t\t\t\t\t<link rel=\"stylesheet\" id=\"wd-mod-highlighted-text-css\" href=\"https:\/\/docdrtugcesimsek.com\/wp-content\/themes\/woodmart\/css\/parts\/mod-highlighted-text.min.css?ver=7.2.4\" type=\"text\/css\" media=\"all\" \/> \t\t\t\n\t\t<div id=\"wd-650f2e7e191d0\" class=\"title-wrapper wd-wpb set-mb-s reset-last-child  wd-rs-650f2e7e191d0 wd-title-color-default wd-title-style-default text-center  wd-underline-colored\">\n\t\t\t\n\t\t\t<div class=\"liner-continer\">\n\t\t\t\t<h4 class=\"woodmart-title-container title  wd-font-weight- wd-fontsize-l\" >\u00d6NCEK\u0130 &amp; SONRAK\u0130<\/h4>\n\t\t\t\t\t\t\t<\/div>\n\t\t\t\n\t\t\t\n\t\t\t\n\t\t<\/div>\n\t\t\n\t\t\t\t\t<link rel=\"stylesheet\" id=\"wd-photoswipe-css\" href=\"https:\/\/docdrtugcesimsek.com\/wp-content\/themes\/woodmart\/css\/parts\/lib-photoswipe.min.css?ver=7.2.4\" type=\"text\/css\" media=\"all\" \/> \t\t\t\t\t\t<link rel=\"stylesheet\" id=\"wd-owl-carousel-css\" href=\"https:\/\/docdrtugcesimsek.com\/wp-content\/themes\/woodmart\/css\/parts\/lib-owl-carousel.min.css?ver=7.2.4\" type=\"text\/css\" media=\"all\" \/> \t\t\t\t\t\t<link rel=\"stylesheet\" id=\"wd-image-gallery-css\" href=\"https:\/\/docdrtugcesimsek.com\/wp-content\/themes\/woodmart\/css\/parts\/el-gallery.min.css?ver=7.2.4\" type=\"text\/css\" media=\"all\" \/> \t\t\t\t\t<div id=\"gallery_851\" class=\"wd-images-gallery wd-rs-650753399acfa wd-justify-center wd-items-middle view-carousel photoswipe-images wd-carousel-spacing-10 wd-carousel-container\" data-owl-carousel data-wrap=\"no\" data-autoplay=\"yes\" data-hide_pagination_control=\"no\" data-hide_prev_next_buttons=\"no\" data-desktop=\"3\" data-tablet_landscape=\"3\" data-tablet=\"2\" data-mobile=\"1\">\n\t\t\t<div class=\"gallery-images owl-carousel wd-owl owl-items-lg-3 owl-items-md-3 owl-items-sm-2 owl-items-xs-1\">\n\t\t\t\t\t\t\t\t\t\t\t\t\t\t\t<div class=\"wd-gallery-item\">\n\t\t\t\t\t\t\t\t\t\t\t\t\t\t<a href=\"https:\/\/docdrtugcesimsek.com\/wp-content\/uploads\/2023\/09\/1-1.jpg\" data-elementor-open-lightbox=\"no\" data-index=\"1\" data-width=\"1080\" data-height=\"1080\"  >\n\t\t\t\t\t\t\t\t\n\t\t\t\t\t\t\t\t\t\t\t\t\t\t\t\t\t<img loading=\"lazy\" decoding=\"async\" width=\"1080\" height=\"1080\" src=\"https:\/\/docdrtugcesimsek.com\/wp-content\/uploads\/2023\/09\/1-1.jpg\" class=\"wd-gallery-image image-1 attachment-full\" alt=\"\" title=\"1 (1)\" srcset=\"https:\/\/docdrtugcesimsek.com\/wp-content\/uploads\/2023\/09\/1-1.jpg 1080w, https:\/\/docdrtugcesimsek.com\/wp-content\/uploads\/2023\/09\/1-1-300x300.jpg 300w, https:\/\/docdrtugcesimsek.com\/wp-content\/uploads\/2023\/09\/1-1-1024x1024.jpg 1024w, https:\/\/docdrtugcesimsek.com\/wp-content\/uploads\/2023\/09\/1-1-150x150.jpg 150w, https:\/\/docdrtugcesimsek.com\/wp-content\/uploads\/2023\/09\/1-1-768x768.jpg 768w\" sizes=\"(max-width: 1080px) 100vw, 1080px\" \/>\t\t\t\t\t\t\t\t\n\n\t\t\t\t\t\t\t\t\t\t\t\t\t\t\t<\/a>\n\t\t\t\t\t\t\t\t\t\t\t\t<\/div>\n\t\t\t\t\t\t\t\t\t\t\t\t<\/div>\n\t\t<\/div>\n\t\t\t\t[vc_raw_html]JTVCaHRtbF9ibG9jayUyMGlkJTNEJTIyNTkyJTIyJTVE[\/vc_raw_html][\/vc_column][\/vc_row]<\/p>\n<\/section>","protected":false},"excerpt":{"rendered":"<p>[vc_row full_width=&#8221;stretch_row&#8221; woodmart_css_id=&#8221;64fa13aa51b2c&#8221; responsive_spacing=&#8221;eyJwYXJhbV90eXBlIjoid29vZG1hcnRfcmVzcG9uc2l2ZV9zcGFjaW5nIiwic2VsZWN0b3JfaWQiOiI2NGZhMTNhYTUxYjJjIiwic2hvcnRjb2RlIjoidmNfcm93IiwiZGF0YSI6eyJ0YWJsZXQiOnt9LCJtb2JpbGUiOnt9fX0=&#8221; mobile_bg_img_hidden=&#8221;no&#8221; tablet_bg_img_hidden=&#8221;no&#8221; woodmart_parallax=&#8221;0&#8243; woodmart_gradient_switch=&#8221;no&#8221; woodmart_box_shadow=&#8221;no&#8221; wd_z_index=&#8221;no&#8221; woodmart_disable_overflow=&#8221;0&#8243; row_reverse_mobile=&#8221;0&#8243; row_reverse_tablet=&#8221;0&#8243; css=&#8221;.vc_custom_1694110637706{padding-top: 20px !important;padding-bottom: 50px !important;background-color: #ffffff !important;}&#8221;<\/p>\n","protected":false},"author":1,"featured_media":0,"parent":967,"menu_order":0,"comment_status":"closed","ping_status":"closed","template":"","meta":{"footnotes":""},"_links":{"self":[{"href":"https:\/\/docdrtugcesimsek.com\/tr\/wp-json\/wp\/v2\/pages\/955"}],"collection":[{"href":"https:\/\/docdrtugcesimsek.com\/tr\/wp-json\/wp\/v2\/pages"}],"about":[{"href":"https:\/\/docdrtugcesimsek.com\/tr\/wp-json\/wp\/v2\/types\/page"}],"author":[{"embeddable":true,"href":"https:\/\/docdrtugcesimsek.com\/tr\/wp-json\/wp\/v2\/users\/1"}],"replies":[{"embeddable":true,"href":"https:\/\/docdrtugcesimsek.com\/tr\/wp-json\/wp\/v2\/comments?post=955"}],"version-history":[{"count":5,"href":"https:\/\/docdrtugcesimsek.com\/tr\/wp-json\/wp\/v2\/pages\/955\/revisions"}],"predecessor-version":[{"id":1427,"href":"https:\/\/docdrtugcesimsek.com\/tr\/wp-json\/wp\/v2\/pages\/955\/revisions\/1427"}],"up":[{"embeddable":true,"href":"https:\/\/docdrtugcesimsek.com\/tr\/wp-json\/wp\/v2\/pages\/967"}],"wp:attachment":[{"href":"https:\/\/docdrtugcesimsek.com\/tr\/wp-json\/wp\/v2\/media?parent=955"}],"curies":[{"name":"wp","href":"https:\/\/api.w.org\/{rel}","templated":true}]}}