{"id":947,"date":"2023-09-05T23:18:25","date_gmt":"2023-09-05T23:18:25","guid":{"rendered":"https:\/\/docdrtugcesimsek.com\/nose-aesthetics-rhinoplasty\/"},"modified":"2023-12-05T17:49:26","modified_gmt":"2023-12-05T17:49:26","slug":"burun-estetigi-rinoplasti","status":"publish","type":"page","link":"https:\/\/docdrtugcesimsek.com\/tr\/tedavilerimiz\/burun-estetigi-rinoplasti\/","title":{"rendered":"Burun Esteti\u011fi (Rinoplasti)"},"content":{"rendered":"<section class=\"wpb-content-wrapper\"><p>[vc_row full_width=&#8221;stretch_row&#8221; woodmart_stretch_content=&#8221;section-stretch&#8221; woodmart_css_id=&#8221;65134c507a0bc&#8221; responsive_spacing=&#8221;eyJwYXJhbV90eXBlIjoid29vZG1hcnRfcmVzcG9uc2l2ZV9zcGFjaW5nIiwic2VsZWN0b3JfaWQiOiI2NTEzNGM1MDdhMGJjIiwic2hvcnRjb2RlIjoidmNfcm93IiwiZGF0YSI6eyJ0YWJsZXQiOnt9LCJtb2JpbGUiOnt9fX0=&#8221; mobile_bg_img_hidden=&#8221;no&#8221; tablet_bg_img_hidden=&#8221;no&#8221; woodmart_parallax=&#8221;0&#8243; woodmart_gradient_switch=&#8221;no&#8221; woodmart_box_shadow=&#8221;no&#8221; wd_z_index=&#8221;no&#8221; woodmart_disable_overflow=&#8221;0&#8243; row_reverse_mobile=&#8221;0&#8243; row_reverse_tablet=&#8221;0&#8243; css=&#8221;.vc_custom_1695763537468{padding-top: 20px !important;padding-bottom: 50px !important;background-color: #ffffff !important;}&#8221; el_class=&#8221;content-text-colon&#8221;][vc_column el_class=&#8221;ust-cikinti&#8221; woodmart_css_id=&#8221;64f7bac234890&#8243; parallax_scroll=&#8221;no&#8221; woodmart_sticky_column=&#8221;false&#8221; wd_collapsible_content_switcher=&#8221;no&#8221; wd_column_role_offcanvas_desktop=&#8221;no&#8221; wd_column_role_offcanvas_tablet=&#8221;no&#8221; wd_column_role_offcanvas_mobile=&#8221;no&#8221; wd_column_role_content_desktop=&#8221;no&#8221; wd_column_role_content_tablet=&#8221;no&#8221; wd_column_role_content_mobile=&#8221;no&#8221; mobile_bg_img_hidden=&#8221;no&#8221; tablet_bg_img_hidden=&#8221;no&#8221; woodmart_parallax=&#8221;0&#8243; woodmart_box_shadow=&#8221;no&#8221; responsive_spacing=&#8221;eyJwYXJhbV90eXBlIjoid29vZG1hcnRfcmVzcG9uc2l2ZV9zcGFjaW5nIiwic2VsZWN0b3JfaWQiOiI2NGY3YmFjMjM0ODkwIiwic2hvcnRjb2RlIjoidmNfY29sdW1uIiwiZGF0YSI6eyJ0YWJsZXQiOnt9LCJtb2JpbGUiOnt9fX0=&#8221; mobile_reset_margin=&#8221;no&#8221; tablet_reset_margin=&#8221;no&#8221; wd_z_index=&#8221;no&#8221; css=&#8221;.vc_custom_1693956804453{padding-top: 0px !important;}&#8221;][vc_single_image image=&#8221;662&#8243; img_size=&#8221;full&#8221; parallax_scroll=&#8221;no&#8221; woodmart_inline=&#8221;no&#8221; css=&#8221;.vc_custom_1694019039865{margin-bottom: 20px !important;}&#8221;][vc_column_text woodmart_inline=&#8221;no&#8221; text_larger=&#8221;no&#8221;]En \u00e7ok dikkat \u00e7eken v\u00fccut b\u00f6lgelerinin ba\u015f\u0131nda y\u00fcz b\u00f6lgesi yer al\u0131r. Y\u00fcz b\u00f6lgesinde g\u00f6ze en \u00e7ok \u00e7arpan organ ise burundur. Y\u00fcze estetik bir g\u00f6r\u00fcn\u00fcm kazand\u0131ran burunda yer alan yap\u0131sal bozukluklar da pek \u00e7ok ki\u015fi i\u00e7in rahats\u0131z edicidir. Burunda estetik g\u00f6r\u00fcn\u00fcm\u00fc etkileyen bozukluklar\u0131n giderilmesi \u00f6nemli bir konudur. \u015eekil bozukluklar\u0131, estetik g\u00f6r\u00fcn\u00fcm\u00fc olumsuz y\u00f6nde etkileyebilece\u011fi gibi bozuklu\u011fa sahip olan ki\u015filerin nefes almas\u0131n\u0131 da zorla\u015ft\u0131rabilir. Bu nedenle yap\u0131lan d\u00fczeltmeler her anlamda b\u00fcy\u00fck bir \u00f6nem ta\u015f\u0131r. G\u00fcn\u00fcm\u00fczde kullan\u0131lan ve giderek geli\u015fen teknolojiler ile var olan bozukluklar\u0131n d\u00fczeltilmesi de kolay hale gelmi\u015ftir. Burun b\u00f6lgesinde g\u00f6r\u00fclen, hastan\u0131n nefes almas\u0131n\u0131 zorla\u015ft\u0131ran ve estetik g\u00f6r\u00fcn\u00fcm\u00fc etkileyen bozukluklar <strong>burun esteti\u011fi <\/strong>operasyonlar\u0131 ile \u00e7\u00f6z\u00fclebilmektedir. Rinoplasti olarak da adland\u0131r\u0131labilen burun esteti\u011fi basit operasyonlar ile de ger\u00e7ekle\u015ftirilebilmektedir.<\/p>\n<h2>Burun Esteti\u011fi Nedir?<\/h2>\n<p>Burun esteti\u011fi hakk\u0131nda yan\u0131t\u0131 merak edilen pek \u00e7ok soru bulunur. Bu sorulara ise<strong> burun esteti\u011fi nedir <\/strong>sorusu ise ba\u015flamak do\u011fru olacakt\u0131r. Burun esteti\u011fi ya da rinoplasti, nefes almay\u0131 g\u00fc\u00e7lendiren bozukluklar ve istenmeyen burun g\u00f6r\u00fcn\u00fcm\u00fc d\u00fczeltmek\u00a0 i\u00e7in ger\u00e7ekle\u015ftirilen bir plastik cerrahi operasyonudur. Burun i\u00e7inde bulunan kemik ya da k\u0131k\u0131rdak yap\u0131lar\u0131n\u0131n de\u011fi\u015ftirilmesi ile ger\u00e7ekle\u015ftirilir. Bu operasyonlar\u0131n nazoplasti olarak da adland\u0131r\u0131ld\u0131\u011f\u0131 g\u00f6r\u00fclebilmektedir.<\/p>\n<p>Burun esteti\u011fi ameliyatlar\u0131, birden fazla neden ile yap\u0131labilmektedir. Estetik operasyonlar\u0131n yap\u0131lma nedenlerinin ba\u015f\u0131nda do\u011fum kusurlar\u0131 gelir. Do\u011fumsal olarak var olan ve burun g\u00f6r\u00fcn\u00fcm\u00fcn\u00fc etkileyen bozukluklar\u0131n d\u00fczeltilmesi i\u00e7in yap\u0131l\u0131r. Di\u011fer bir yap\u0131lma amac\u0131 ise burunda travma nedeni ile ortaya \u00e7\u0131kan bozukluklar\u0131n giderilmesidir. Bu bozukluklar\u0131n d\u0131\u015f\u0131nda solunum g\u00fc\u00e7l\u00fc\u011f\u00fcne sebep olan durumlar da ortadan kald\u0131r\u0131lmaktad\u0131r.<\/p>\n<h2>Kimler Burun Esteti\u011fi Yapt\u0131rabilir?<\/h2>\n<p><strong>Burun esteti\u011fi ameliyat\u0131 <\/strong>burunda farkl\u0131 sorunlara sahip olan ki\u015filere uygulanabilen bir ameliyatt\u0131r. Bu operasyonlar yaln\u0131zca ki\u015fisel istekler do\u011frultusunda da ger\u00e7ekle\u015ftirilebilmektedir. Yani yaln\u0131zca sa\u011fl\u0131k sorunlar\u0131n\u0131 gidermek amac\u0131yla de\u011fil estetik g\u00f6r\u00fcn\u00fcm\u00fcn isteklere ba\u011fl\u0131 olarak de\u011fi\u015ftirilmesi amac\u0131yla yap\u0131labilir.<\/p>\n<p>Burun esteti\u011fi, burun kemi\u011finde e\u011frilik ya da \u00e7\u0131k\u0131kl\u0131k durumlar\u0131nda yapt\u0131r\u0131labilir. Bunun d\u0131\u015f\u0131nda burun yap\u0131s\u0131n\u0131n simetrik olmamas\u0131 ya da k\u0131k\u0131rdak k\u0131sm\u0131nda yamukluk ve benzeri durumlarda da burun esteti\u011fi tercih edilebilir. Burnun normalden \u00e7ok daha b\u00fcy\u00fck olmas\u0131 durumunda da yine burun esteti\u011fi operasyonlar\u0131na ba\u015fvurulur. Burun esteti\u011fi ameliyatlar\u0131 ile \u015fu sonu\u00e7lar\u0131 elde edebilmek m\u00fcmk\u00fcnd\u00fcr: Burun deliklerinin d\u00fczeltilmesi, burun ucunun isteklere g\u00f6re \u015fekillendirilmesi, a\u00e7\u0131s\u0131n\u0131n de\u011fi\u015ftirilmesi, burun b\u00fcy\u00fckl\u00fc\u011f\u00fcn\u00fcn yine isteklere g\u00f6re de\u011fi\u015ftirilmesi.<\/p>\n<h2>Burun Esteti\u011fi Nas\u0131l Yap\u0131l\u0131r?<\/h2>\n<p><strong>Burun esteti\u011fi nas\u0131l yap\u0131l\u0131r <\/strong>konusu da bu konuda ara\u015ft\u0131rma yapan ki\u015filer taraf\u0131ndan merak edilir. Bu estetik operasyonlar\u0131n nas\u0131l yap\u0131ld\u0131\u011f\u0131 konusunda verilebilecek bilgiler olduk\u00e7a fazlad\u0131r. Burun esteti\u011fi ameliyatlar\u0131 kapal\u0131 ve a\u00e7\u0131k \u015fekilde yap\u0131labilmektedir. Ameliyat \u00e7e\u015fitlerine g\u00f6re de ger\u00e7ekle\u015fen uygulamalar\u0131, iyile\u015fme s\u00fcreci ve benzeri pek \u00e7ok konuda farkl\u0131l\u0131k g\u00f6r\u00fcl\u00fcr.<\/p>\n<h3>A\u00e7\u0131k Rinoplasti<\/h3>\n<p><strong>A\u00e7\u0131k rinoplasti <\/strong>ya da a\u00e7\u0131k burun esteti\u011fi ameliyat\u0131 ad\u0131ndan da anla\u015f\u0131laca\u011f\u0131 \u00fczere burun delikleri a\u00e7\u0131larak ger\u00e7ekle\u015ftirilir. Bu ameliyat \u00e7e\u015fidinde burun deliklerinde bir kesi a\u00e7\u0131l\u0131r. A\u00e7\u0131lan bu k\u00fc\u00e7\u00fck kesi, \u00e7ok daha geni\u015f bir alana m\u00fcdahale edilmesini m\u00fcmk\u00fcn hale getirir. Daha iyi bir g\u00f6r\u00fc\u015f sundu\u011fu i\u00e7in de uygulamalar rahat bir \u015fekilde yap\u0131l\u0131r. Burun i\u00e7inde kemik ya da k\u0131k\u0131rdak gibi b\u00f6lgelere yap\u0131lan m\u00fcdahalenin ard\u0131ndan kesi kapat\u0131l\u0131r ve diki\u015fler belli bir s\u00fcre i\u00e7inde iyile\u015fir. A\u00e7\u0131k rinoplasti, genellikle burunda b\u00fcy\u00fck de\u011fi\u015fiklikler yap\u0131laca\u011f\u0131 zaman tercih edilen bir ameliyatt\u0131r. Ancak di\u011fer operasyonlara g\u00f6re iyile\u015fme s\u00fcresinin daha uzun oldu\u011fu g\u00f6r\u00fcl\u00fcr. <strong>Burun esteti\u011fi ne zaman iyile\u015fir <\/strong>sorusuna da net bir cevap vermek m\u00fcmk\u00fcn de\u011fildir. Ameliyat sonras\u0131 ortaya \u00e7\u0131kan morluk ve \u00f6dem gibi durumlar 1 hafta i\u00e7inde iyile\u015fme g\u00f6sterir. Fakat iyile\u015fme s\u00fcrecinin tam olarak sonlanmas\u0131 6 ay ile 12 ay aras\u0131ndad\u0131r. Bu s\u00fcre <strong>burun esteti\u011fi ne zaman oturur <\/strong>sorusuna yan\u0131t olarak da g\u00f6sterilebilecek bir s\u00fcredir.<\/p>\n<h3>Kapal\u0131 Rinoplasti<\/h3>\n<p><strong>Kapal\u0131 rinoplasti<\/strong> ile a\u00e7\u0131k rinoplasti aras\u0131nda olduk\u00e7a k\u00fc\u00e7\u00fck bir fark oldu\u011fu s\u00f6ylenebilir. A\u00e7\u0131k rinoplastide burun deliklerine yap\u0131lan kesi g\u00f6r\u00fcn\u00fcrd\u00fcr. Yani ameliyat sonras\u0131 diki\u015fler g\u00f6zle g\u00f6r\u00fcl\u00fcr haldedir. Kapal\u0131 rinoplastide ise kesiler burun deliklerinin i\u00e7 k\u0131sm\u0131ndan yap\u0131l\u0131r. Bu \u015fekilde kesiler burun i\u00e7inde kal\u0131r ve g\u00f6r\u00fcn\u00fcr haldedir. Ancak a\u00e7\u0131k ameliyatlardan farkl\u0131 olarak operasyon s\u0131ras\u0131nda daha az bir g\u00f6r\u00fc\u015f alan\u0131 sunar. Kesilerin burun i\u00e7inde yer almas\u0131 ve kapal\u0131 \u015fekilde operasyonun ger\u00e7ekle\u015fmesi iyile\u015fme s\u00fcresini k\u0131salt\u0131r. Genel olarak burunda k\u00fc\u00e7\u00fck de\u011fi\u015fiklikler ve d\u00fczeltmeler yapmak i\u00e7in tercih edilen bir operasyondur.<\/p>\n<h3>Ameliyats\u0131z Burun Esteti\u011fi<\/h3>\n<p><strong>Ameliyats\u0131z burun esteti\u011fi <\/strong>de son d\u00f6nemin pop\u00fcler uygulamalar\u0131 aras\u0131nda yer al\u0131r. Burunda var olan k\u00fc\u00e7\u00fck bozukluklar\u0131n giderilmesi i\u00e7in ameliyats\u0131z olan bu y\u00f6ntem tercih edilebilmektedir. Burun dolgusu olarak olarak da adland\u0131r\u0131lan bu y\u00f6ntemde bozuklu\u011fu giderilmesi i\u00e7in jel dolgular kullan\u0131l\u0131r. \u00d6rnek vermek gerekirse burun ucunda g\u00f6r\u00fclen d\u00fc\u015f\u00fckl\u00fck burun ucuna yap\u0131lan dolgu i\u015flemi ile giderilebilir. Enjeksiyon ile kolayl\u0131kla yap\u0131lan dolgular kal\u0131c\u0131 bir \u00e7\u00f6z\u00fcm sunmaz. Yani burun dolgular\u0131 9 ile 12 ay boyunca istenilen estetik g\u00f6r\u00fcn\u00fcm\u00fc sunabilir. Ancak bu s\u00fcrenin ard\u0131ndan g\u00f6r\u00fcn\u00fcm\u00fcn eski haline d\u00f6nmemesi i\u00e7in dolgunun yenilenmesi gerekmektedir.<\/p>\n<h2>Burun Esteti\u011fi Ameliyat S\u00fcreci Nas\u0131l \u0130lerler?<\/h2>\n<p>Burun esteti\u011fi ameliyat\u0131 \u00f6ncesi ve sonras\u0131 olmak \u00fczere t\u00fcm s\u00fcre\u00e7 uzman hekimler taraf\u0131ndan y\u00fcr\u00fct\u00fcl\u00fcr. T\u00fcm s\u00fcre\u00e7te ayr\u0131nt\u0131l\u0131 de\u011ferlendirme ve bilgilendirmeler yap\u0131lmaktad\u0131r. Burun esteti\u011fi ameliyatlar\u0131 yap\u0131lmadan \u00f6nce ilk olarak hastan\u0131n operasyona uygun olup olmad\u0131\u011f\u0131 hekimler taraf\u0131ndan belirlenir. T\u0131bbi \u00f6yk\u00fcn\u00fcn ve varolan hastal\u0131klar\u0131n de\u011ferlendirildi\u011fi bu s\u00fcre\u00e7te hastalar\u0131n hekimleri do\u011fru \u015fekilde bilgilendirmesi de olduk\u00e7a \u00f6nemli bir konudur.<\/p>\n<p>De\u011ferlendirmenin ilerleyen s\u00fcrecinde fiziki muayene yap\u0131l\u0131r. Yani hastan\u0131n burun i\u00e7 ve d\u0131\u015f yap\u0131lar\u0131 de\u011ferlendirilir. \u0130stekler ve gerekli olan de\u011fi\u015fiklikler dikkate al\u0131narak planlamalar tamamlan\u0131r. Ameliyat \u00f6ncesi s\u00fcre\u00e7te kan analizleri ve benzer tetkikler de yap\u0131labilmektedir. Operasyonlar ger\u00e7ekle\u015fmeden \u00f6nce hastalar t\u00fcketmesi gerekenler ya da kullanmamas\u0131 gereken ila\u00e7lar hakk\u0131nda bilgilendirilir. Genel anestezi ile ger\u00e7ekle\u015ftirilen burun esteti\u011fi ameliyatlar\u0131 \u00f6ncesi hasta ve hekim aras\u0131nda bilgilendirmelerin yap\u0131lmas\u0131 olduk\u00e7a \u00f6nemli bir konudur. <strong>Burun esteti\u011fi ka\u00e7 saat s\u00fcrer<\/strong> de bu s\u00fcre\u00e7te merak edilen konulardan biridir. Genel olarak 2 ya da 3 saat s\u00fcren bir operasyondur. Bu operasyon sonra hastalar durumlar\u0131na g\u00f6re m\u00fc\u015fahede alt\u0131nda tutulabilir. Ameliyat\u0131n ard\u0131ndan yakla\u015f\u0131k 4 ya da 6 saat ge\u00e7tikten sonra hastalar aya\u011fa kalkabilir ve y\u00fcr\u00fcyebilir.\u00a0 Ancak bu eylemler hekimlerin kontrol\u00fcnde ger\u00e7ekle\u015fmelidir. G\u00f6zlem s\u00fcreci bittikten sonra belirli bir istirahat d\u00f6nemine dahil olunur. Yap\u0131lan operasyonlara ve hastalara g\u00f6re iyile\u015fme s\u00fcreci farkl\u0131l\u0131k g\u00f6sterecektir.\u00a0 T\u00fcm bu s\u00fcre\u00e7 hakk\u0131nda da gerekli bilgilendirmeler yap\u0131lacakt\u0131r.<\/p>\n<h2>Burun Esteti\u011fi Fiyatlar\u0131<\/h2>\n<p><strong>Burun esteti\u011fi fiyatlar\u0131<\/strong>, bu operasyonu yapt\u0131rmak isteyenlerin ara\u015ft\u0131rd\u0131\u011f\u0131 konulardan biridir. \u00d6zellikle ki\u015fisel tercihine ba\u011fl\u0131 olarak bu operasyonlar\u0131 yapt\u0131rmak isteyenler<strong> burun esteti\u011fi fiyatlar\u0131 2023 <\/strong>g\u00fcncel listeyi ara\u015ft\u0131r\u0131r. Bu operasyonlar i\u00e7in net bir fiyat\u0131n belirlenmesi m\u00fcmk\u00fcn de\u011fildir. Operasyonlarda tercih edilen y\u00f6ntem, hastan\u0131n durumu, gerekli olan ya da talep edilen de\u011fi\u015fikli\u011fin b\u00fcy\u00fckl\u00fc\u011f\u00fc gibi pek \u00e7ok konu <strong>burun esteti\u011fi ne kadar <\/strong>sorusunun yan\u0131t\u0131n\u0131 belirleyecektir. Sizler de burun esteti\u011fi i\u015flemleri, s\u00fcreci ve fiyat\u0131 hakk\u0131nda detayl\u0131 bilgi edinmek i\u00e7in bizimle ileti\u015fime ge\u00e7ebilirsiniz.<\/p>\n<p>https:\/\/youtu.be\/Zw06V6bgh-g[\/vc_column_text]\t\t\t<link rel=\"stylesheet\" id=\"wd-section-title-css\" href=\"https:\/\/docdrtugcesimsek.com\/wp-content\/themes\/woodmart\/css\/parts\/el-section-title.min.css?ver=7.2.4\" type=\"text\/css\" media=\"all\" \/> \t\t\t\t\t\t<link rel=\"stylesheet\" id=\"wd-mod-highlighted-text-css\" href=\"https:\/\/docdrtugcesimsek.com\/wp-content\/themes\/woodmart\/css\/parts\/mod-highlighted-text.min.css?ver=7.2.4\" type=\"text\/css\" media=\"all\" \/> \t\t\t\n\t\t<div id=\"wd-650f2c0d73751\" class=\"title-wrapper wd-wpb set-mb-s reset-last-child  wd-rs-650f2c0d73751 wd-title-color-default wd-title-style-default text-center  wd-underline-colored\">\n\t\t\t\n\t\t\t<div class=\"liner-continer\">\n\t\t\t\t<h4 class=\"woodmart-title-container title  wd-font-weight- wd-fontsize-l\" >\u00d6NCEK\u0130 &amp; SONRAK\u0130<\/h4>\n\t\t\t\t\t\t\t<\/div>\n\t\t\t\n\t\t\t\n\t\t\t\n\t\t<\/div>\n\t\t\n\t\t\t\t\t<link rel=\"stylesheet\" id=\"wd-photoswipe-css\" href=\"https:\/\/docdrtugcesimsek.com\/wp-content\/themes\/woodmart\/css\/parts\/lib-photoswipe.min.css?ver=7.2.4\" type=\"text\/css\" media=\"all\" \/> \t\t\t\t\t\t<link rel=\"stylesheet\" id=\"wd-owl-carousel-css\" href=\"https:\/\/docdrtugcesimsek.com\/wp-content\/themes\/woodmart\/css\/parts\/lib-owl-carousel.min.css?ver=7.2.4\" type=\"text\/css\" media=\"all\" \/> \t\t\t\t\t\t<link rel=\"stylesheet\" id=\"wd-image-gallery-css\" href=\"https:\/\/docdrtugcesimsek.com\/wp-content\/themes\/woodmart\/css\/parts\/el-gallery.min.css?ver=7.2.4\" type=\"text\/css\" media=\"all\" \/> \t\t\t\t\t<div id=\"gallery_872\" class=\"wd-images-gallery wd-rs-65075287cec58 wd-justify-center wd-items-middle view-carousel photoswipe-images wd-carousel-spacing-10 wd-carousel-container\" data-owl-carousel data-wrap=\"no\" data-autoplay=\"yes\" data-hide_pagination_control=\"no\" data-hide_prev_next_buttons=\"no\" data-desktop=\"3\" data-tablet_landscape=\"3\" data-tablet=\"2\" data-mobile=\"1\">\n\t\t\t<div class=\"gallery-images owl-carousel wd-owl owl-items-lg-3 owl-items-md-3 owl-items-sm-2 owl-items-xs-1\">\n\t\t\t\t\t\t\t\t\t\t\t\t\t\t\t<div class=\"wd-gallery-item\">\n\t\t\t\t\t\t\t\t\t\t\t\t\t\t<a href=\"https:\/\/docdrtugcesimsek.com\/wp-content\/uploads\/2023\/09\/1.jpg\" data-elementor-open-lightbox=\"no\" data-index=\"1\" data-width=\"1080\" data-height=\"1080\"  >\n\t\t\t\t\t\t\t\t\n\t\t\t\t\t\t\t\t\t\t\t\t\t\t\t\t\t<img loading=\"lazy\" decoding=\"async\" width=\"1080\" height=\"1080\" src=\"https:\/\/docdrtugcesimsek.com\/wp-content\/uploads\/2023\/09\/1.jpg\" class=\"wd-gallery-image image-1 attachment-full\" alt=\"\" title=\"1\" srcset=\"https:\/\/docdrtugcesimsek.com\/wp-content\/uploads\/2023\/09\/1.jpg 1080w, https:\/\/docdrtugcesimsek.com\/wp-content\/uploads\/2023\/09\/1-300x300.jpg 300w, https:\/\/docdrtugcesimsek.com\/wp-content\/uploads\/2023\/09\/1-1024x1024.jpg 1024w, https:\/\/docdrtugcesimsek.com\/wp-content\/uploads\/2023\/09\/1-150x150.jpg 150w, https:\/\/docdrtugcesimsek.com\/wp-content\/uploads\/2023\/09\/1-768x768.jpg 768w\" sizes=\"(max-width: 1080px) 100vw, 1080px\" \/>\t\t\t\t\t\t\t\t\n\n\t\t\t\t\t\t\t\t\t\t\t\t\t\t\t<\/a>\n\t\t\t\t\t\t\t\t\t\t\t\t<\/div>\n\t\t\t\t\t\t\t\t\t\t\t<div class=\"wd-gallery-item\">\n\t\t\t\t\t\t\t\t\t\t\t\t\t\t<a href=\"https:\/\/docdrtugcesimsek.com\/wp-content\/uploads\/2023\/09\/2.jpg\" data-elementor-open-lightbox=\"no\" data-index=\"2\" data-width=\"1080\" data-height=\"1080\"  >\n\t\t\t\t\t\t\t\t\n\t\t\t\t\t\t\t\t\t\t\t\t\t\t\t\t\t<img loading=\"lazy\" decoding=\"async\" width=\"1080\" height=\"1080\" src=\"https:\/\/docdrtugcesimsek.com\/wp-content\/uploads\/2023\/09\/2.jpg\" class=\"wd-gallery-image image-2 attachment-full\" alt=\"\" title=\"2\" srcset=\"https:\/\/docdrtugcesimsek.com\/wp-content\/uploads\/2023\/09\/2.jpg 1080w, https:\/\/docdrtugcesimsek.com\/wp-content\/uploads\/2023\/09\/2-300x300.jpg 300w, https:\/\/docdrtugcesimsek.com\/wp-content\/uploads\/2023\/09\/2-1024x1024.jpg 1024w, https:\/\/docdrtugcesimsek.com\/wp-content\/uploads\/2023\/09\/2-150x150.jpg 150w, https:\/\/docdrtugcesimsek.com\/wp-content\/uploads\/2023\/09\/2-768x768.jpg 768w\" sizes=\"(max-width: 1080px) 100vw, 1080px\" \/>\t\t\t\t\t\t\t\t\n\n\t\t\t\t\t\t\t\t\t\t\t\t\t\t\t<\/a>\n\t\t\t\t\t\t\t\t\t\t\t\t<\/div>\n\t\t\t\t\t\t\t\t\t\t\t<div class=\"wd-gallery-item\">\n\t\t\t\t\t\t\t\t\t\t\t\t\t\t<a href=\"https:\/\/docdrtugcesimsek.com\/wp-content\/uploads\/2023\/09\/3.jpg\" data-elementor-open-lightbox=\"no\" data-index=\"3\" data-width=\"1080\" data-height=\"1080\"  >\n\t\t\t\t\t\t\t\t\n\t\t\t\t\t\t\t\t\t\t\t\t\t\t\t\t\t<img loading=\"lazy\" decoding=\"async\" width=\"1080\" height=\"1080\" src=\"https:\/\/docdrtugcesimsek.com\/wp-content\/uploads\/2023\/09\/3.jpg\" class=\"wd-gallery-image image-3 attachment-full\" alt=\"\" title=\"3\" srcset=\"https:\/\/docdrtugcesimsek.com\/wp-content\/uploads\/2023\/09\/3.jpg 1080w, https:\/\/docdrtugcesimsek.com\/wp-content\/uploads\/2023\/09\/3-300x300.jpg 300w, https:\/\/docdrtugcesimsek.com\/wp-content\/uploads\/2023\/09\/3-1024x1024.jpg 1024w, https:\/\/docdrtugcesimsek.com\/wp-content\/uploads\/2023\/09\/3-150x150.jpg 150w, https:\/\/docdrtugcesimsek.com\/wp-content\/uploads\/2023\/09\/3-768x768.jpg 768w\" sizes=\"(max-width: 1080px) 100vw, 1080px\" \/>\t\t\t\t\t\t\t\t\n\n\t\t\t\t\t\t\t\t\t\t\t\t\t\t\t<\/a>\n\t\t\t\t\t\t\t\t\t\t\t\t<\/div>\n\t\t\t\t\t\t\t\t\t\t\t<div class=\"wd-gallery-item\">\n\t\t\t\t\t\t\t\t\t\t\t\t\t\t<a href=\"https:\/\/docdrtugcesimsek.com\/wp-content\/uploads\/2023\/09\/4.jpg\" data-elementor-open-lightbox=\"no\" data-index=\"4\" data-width=\"1080\" data-height=\"1080\"  >\n\t\t\t\t\t\t\t\t\n\t\t\t\t\t\t\t\t\t\t\t\t\t\t\t\t\t<img loading=\"lazy\" decoding=\"async\" width=\"1080\" height=\"1080\" src=\"https:\/\/docdrtugcesimsek.com\/wp-content\/uploads\/2023\/09\/4.jpg\" class=\"wd-gallery-image image-4 attachment-full\" alt=\"\" title=\"4\" srcset=\"https:\/\/docdrtugcesimsek.com\/wp-content\/uploads\/2023\/09\/4.jpg 1080w, https:\/\/docdrtugcesimsek.com\/wp-content\/uploads\/2023\/09\/4-300x300.jpg 300w, https:\/\/docdrtugcesimsek.com\/wp-content\/uploads\/2023\/09\/4-1024x1024.jpg 1024w, https:\/\/docdrtugcesimsek.com\/wp-content\/uploads\/2023\/09\/4-150x150.jpg 150w, https:\/\/docdrtugcesimsek.com\/wp-content\/uploads\/2023\/09\/4-768x768.jpg 768w\" sizes=\"(max-width: 1080px) 100vw, 1080px\" \/>\t\t\t\t\t\t\t\t\n\n\t\t\t\t\t\t\t\t\t\t\t\t\t\t\t<\/a>\n\t\t\t\t\t\t\t\t\t\t\t\t<\/div>\n\t\t\t\t\t\t\t\t\t\t\t<div class=\"wd-gallery-item\">\n\t\t\t\t\t\t\t\t\t\t\t\t\t\t<a href=\"https:\/\/docdrtugcesimsek.com\/wp-content\/uploads\/2023\/09\/5.jpg\" data-elementor-open-lightbox=\"no\" data-index=\"5\" data-width=\"1080\" data-height=\"1080\"  >\n\t\t\t\t\t\t\t\t\n\t\t\t\t\t\t\t\t\t\t\t\t\t\t\t\t\t<img loading=\"lazy\" decoding=\"async\" width=\"1080\" height=\"1080\" src=\"https:\/\/docdrtugcesimsek.com\/wp-content\/uploads\/2023\/09\/5.jpg\" class=\"wd-gallery-image image-5 attachment-full\" alt=\"\" title=\"5\" srcset=\"https:\/\/docdrtugcesimsek.com\/wp-content\/uploads\/2023\/09\/5.jpg 1080w, https:\/\/docdrtugcesimsek.com\/wp-content\/uploads\/2023\/09\/5-300x300.jpg 300w, https:\/\/docdrtugcesimsek.com\/wp-content\/uploads\/2023\/09\/5-1024x1024.jpg 1024w, https:\/\/docdrtugcesimsek.com\/wp-content\/uploads\/2023\/09\/5-150x150.jpg 150w, https:\/\/docdrtugcesimsek.com\/wp-content\/uploads\/2023\/09\/5-768x768.jpg 768w\" sizes=\"(max-width: 1080px) 100vw, 1080px\" \/>\t\t\t\t\t\t\t\t\n\n\t\t\t\t\t\t\t\t\t\t\t\t\t\t\t<\/a>\n\t\t\t\t\t\t\t\t\t\t\t\t<\/div>\n\t\t\t\t\t\t\t\t\t\t\t<div class=\"wd-gallery-item\">\n\t\t\t\t\t\t\t\t\t\t\t\t\t\t<a href=\"https:\/\/docdrtugcesimsek.com\/wp-content\/uploads\/2023\/09\/6.jpg\" data-elementor-open-lightbox=\"no\" data-index=\"6\" data-width=\"1080\" data-height=\"1080\"  >\n\t\t\t\t\t\t\t\t\n\t\t\t\t\t\t\t\t\t\t\t\t\t\t\t\t\t<img loading=\"lazy\" decoding=\"async\" width=\"1080\" height=\"1080\" src=\"https:\/\/docdrtugcesimsek.com\/wp-content\/uploads\/2023\/09\/6.jpg\" class=\"wd-gallery-image image-6 attachment-full\" alt=\"\" title=\"6\" srcset=\"https:\/\/docdrtugcesimsek.com\/wp-content\/uploads\/2023\/09\/6.jpg 1080w, https:\/\/docdrtugcesimsek.com\/wp-content\/uploads\/2023\/09\/6-300x300.jpg 300w, https:\/\/docdrtugcesimsek.com\/wp-content\/uploads\/2023\/09\/6-1024x1024.jpg 1024w, https:\/\/docdrtugcesimsek.com\/wp-content\/uploads\/2023\/09\/6-150x150.jpg 150w, https:\/\/docdrtugcesimsek.com\/wp-content\/uploads\/2023\/09\/6-768x768.jpg 768w\" sizes=\"(max-width: 1080px) 100vw, 1080px\" \/>\t\t\t\t\t\t\t\t\n\n\t\t\t\t\t\t\t\t\t\t\t\t\t\t\t<\/a>\n\t\t\t\t\t\t\t\t\t\t\t\t<\/div>\n\t\t\t\t\t\t\t\t\t\t\t<div class=\"wd-gallery-item\">\n\t\t\t\t\t\t\t\t\t\t\t\t\t\t<a href=\"https:\/\/docdrtugcesimsek.com\/wp-content\/uploads\/2023\/09\/7.jpg\" data-elementor-open-lightbox=\"no\" data-index=\"7\" data-width=\"1080\" data-height=\"1080\"  >\n\t\t\t\t\t\t\t\t\n\t\t\t\t\t\t\t\t\t\t\t\t\t\t\t\t\t<img loading=\"lazy\" decoding=\"async\" width=\"1080\" height=\"1080\" src=\"https:\/\/docdrtugcesimsek.com\/wp-content\/uploads\/2023\/09\/7.jpg\" class=\"wd-gallery-image image-7 attachment-full\" alt=\"\" title=\"7\" srcset=\"https:\/\/docdrtugcesimsek.com\/wp-content\/uploads\/2023\/09\/7.jpg 1080w, https:\/\/docdrtugcesimsek.com\/wp-content\/uploads\/2023\/09\/7-300x300.jpg 300w, https:\/\/docdrtugcesimsek.com\/wp-content\/uploads\/2023\/09\/7-1024x1024.jpg 1024w, https:\/\/docdrtugcesimsek.com\/wp-content\/uploads\/2023\/09\/7-150x150.jpg 150w, https:\/\/docdrtugcesimsek.com\/wp-content\/uploads\/2023\/09\/7-768x768.jpg 768w\" sizes=\"(max-width: 1080px) 100vw, 1080px\" \/>\t\t\t\t\t\t\t\t\n\n\t\t\t\t\t\t\t\t\t\t\t\t\t\t\t<\/a>\n\t\t\t\t\t\t\t\t\t\t\t\t<\/div>\n\t\t\t\t\t\t\t\t\t\t\t\t<\/div>\n\t\t<\/div>\n\t\t\t\t[vc_raw_html]JTVCaHRtbF9ibG9jayUyMGlkJTNEJTIyNTkyJTIyJTVE[\/vc_raw_html][\/vc_column][\/vc_row]<\/p>\n<\/section>","protected":false},"excerpt":{"rendered":"<p>[vc_row full_width=&#8221;stretch_row&#8221; woodmart_stretch_content=&#8221;section-stretch&#8221; woodmart_css_id=&#8221;65134c507a0bc&#8221; responsive_spacing=&#8221;eyJwYXJhbV90eXBlIjoid29vZG1hcnRfcmVzcG9uc2l2ZV9zcGFjaW5nIiwic2VsZWN0b3JfaWQiOiI2NTEzNGM1MDdhMGJjIiwic2hvcnRjb2RlIjoidmNfcm93IiwiZGF0YSI6eyJ0YWJsZXQiOnt9LCJtb2JpbGUiOnt9fX0=&#8221; mobile_bg_img_hidden=&#8221;no&#8221; tablet_bg_img_hidden=&#8221;no&#8221; woodmart_parallax=&#8221;0&#8243; woodmart_gradient_switch=&#8221;no&#8221; woodmart_box_shadow=&#8221;no&#8221; wd_z_index=&#8221;no&#8221; woodmart_disable_overflow=&#8221;0&#8243; row_reverse_mobile=&#8221;0&#8243; row_reverse_tablet=&#8221;0&#8243; css=&#8221;.vc_custom_1695763537468{padding-top: 20px !important;padding-bottom: 50px !important;background-color: #ffffff<\/p>\n","protected":false},"author":1,"featured_media":0,"parent":967,"menu_order":0,"comment_status":"closed","ping_status":"closed","template":"","meta":{"footnotes":""},"_links":{"self":[{"href":"https:\/\/docdrtugcesimsek.com\/tr\/wp-json\/wp\/v2\/pages\/947"}],"collection":[{"href":"https:\/\/docdrtugcesimsek.com\/tr\/wp-json\/wp\/v2\/pages"}],"about":[{"href":"https:\/\/docdrtugcesimsek.com\/tr\/wp-json\/wp\/v2\/types\/page"}],"author":[{"embeddable":true,"href":"https:\/\/docdrtugcesimsek.com\/tr\/wp-json\/wp\/v2\/users\/1"}],"replies":[{"embeddable":true,"href":"https:\/\/docdrtugcesimsek.com\/tr\/wp-json\/wp\/v2\/comments?post=947"}],"version-history":[{"count":5,"href":"https:\/\/docdrtugcesimsek.com\/tr\/wp-json\/wp\/v2\/pages\/947\/revisions"}],"predecessor-version":[{"id":1029,"href":"https:\/\/docdrtugcesimsek.com\/tr\/wp-json\/wp\/v2\/pages\/947\/revisions\/1029"}],"up":[{"embeddable":true,"href":"https:\/\/docdrtugcesimsek.com\/tr\/wp-json\/wp\/v2\/pages\/967"}],"wp:attachment":[{"href":"https:\/\/docdrtugcesimsek.com\/tr\/wp-json\/wp\/v2\/media?parent=947"}],"curies":[{"name":"wp","href":"https:\/\/api.w.org\/{rel}","templated":true}]}}