{"id":1292,"date":"2023-10-06T11:42:34","date_gmt":"2023-10-06T11:42:34","guid":{"rendered":"https:\/\/docdrtugcesimsek.com\/medikal-estetik-uygulamalar\/mesotherapy\/"},"modified":"2023-12-05T17:48:07","modified_gmt":"2023-12-05T17:48:07","slug":"mezoterapi","status":"publish","type":"page","link":"https:\/\/docdrtugcesimsek.com\/tr\/medikal-uygulamalar\/mezoterapi\/","title":{"rendered":"Mezoterapi"},"content":{"rendered":"<section class=\"wpb-content-wrapper\"><p>[vc_row full_width=&#8221;stretch_row&#8221; woodmart_css_id=&#8221;64fa145073b11&#8243; responsive_spacing=&#8221;eyJwYXJhbV90eXBlIjoid29vZG1hcnRfcmVzcG9uc2l2ZV9zcGFjaW5nIiwic2VsZWN0b3JfaWQiOiI2NGZhMTQ1MDczYjExIiwic2hvcnRjb2RlIjoidmNfcm93IiwiZGF0YSI6eyJ0YWJsZXQiOnt9LCJtb2JpbGUiOnt9fX0=&#8221; mobile_bg_img_hidden=&#8221;no&#8221; tablet_bg_img_hidden=&#8221;no&#8221; woodmart_parallax=&#8221;0&#8243; woodmart_gradient_switch=&#8221;no&#8221; woodmart_box_shadow=&#8221;no&#8221; wd_z_index=&#8221;no&#8221; woodmart_disable_overflow=&#8221;0&#8243; row_reverse_mobile=&#8221;0&#8243; row_reverse_tablet=&#8221;0&#8243; css=&#8221;.vc_custom_1694110804020{padding-top: 20px !important;padding-bottom: 50px !important;background-color: #ffffff !important;}&#8221; el_class=&#8221;content-text-colon&#8221;][vc_column el_class=&#8221;ust-cikinti&#8221; woodmart_css_id=&#8221;64f7bac234890&#8243; parallax_scroll=&#8221;no&#8221; woodmart_sticky_column=&#8221;false&#8221; wd_collapsible_content_switcher=&#8221;no&#8221; wd_column_role_offcanvas_desktop=&#8221;no&#8221; wd_column_role_offcanvas_tablet=&#8221;no&#8221; wd_column_role_offcanvas_mobile=&#8221;no&#8221; wd_column_role_content_desktop=&#8221;no&#8221; wd_column_role_content_tablet=&#8221;no&#8221; wd_column_role_content_mobile=&#8221;no&#8221; mobile_bg_img_hidden=&#8221;no&#8221; tablet_bg_img_hidden=&#8221;no&#8221; woodmart_parallax=&#8221;0&#8243; woodmart_box_shadow=&#8221;no&#8221; responsive_spacing=&#8221;eyJwYXJhbV90eXBlIjoid29vZG1hcnRfcmVzcG9uc2l2ZV9zcGFjaW5nIiwic2VsZWN0b3JfaWQiOiI2NGY3YmFjMjM0ODkwIiwic2hvcnRjb2RlIjoidmNfY29sdW1uIiwiZGF0YSI6eyJ0YWJsZXQiOnt9LCJtb2JpbGUiOnt9fX0=&#8221; mobile_reset_margin=&#8221;no&#8221; tablet_reset_margin=&#8221;no&#8221; wd_z_index=&#8221;no&#8221; css=&#8221;.vc_custom_1693956804453{padding-top: 0px !important;}&#8221;][vc_single_image image=&#8221;1242&#8243; img_size=&#8221;full&#8221; parallax_scroll=&#8221;no&#8221; woodmart_inline=&#8221;no&#8221; css=&#8221;.vc_custom_1696592554477{margin-bottom: 20px !important;}&#8221;][vc_column_text woodmart_inline=&#8221;no&#8221; text_larger=&#8221;no&#8221;]G\u00fczellik ve bak\u0131m end\u00fcstrisi, her ge\u00e7en g\u00fcn yenilik\u00e7i y\u00f6ntemlerle kendini geli\u015ftirmekte ve d\u00f6n\u00fc\u015fmektedir. Bu yeniliklerden biri de mezoterapi olarak adland\u0131r\u0131lan tedavi y\u00f6ntemidir. Mezoterapi, cilt ve sa\u00e7 bak\u0131m\u0131nda ba\u015far\u0131l\u0131 sonu\u00e7lar elde etmek i\u00e7in kullan\u0131lan etkili bir tekniktir. Bu makalede, mezoterapinin ne oldu\u011funu, nas\u0131l \u00e7al\u0131\u015ft\u0131\u011f\u0131n\u0131 ve faydalar\u0131n\u0131 inceleyece\u011fiz.<\/p>\n<p>Mezoterapi, cilt alt\u0131na vitaminler, mineraller, amino asitler ve di\u011fer besleyici maddelerin enjekte edildi\u011fi bir i\u015flemdir. Bu enjeksiyonlar, belirli cilt sorunlar\u0131na veya sa\u00e7 problemlerine y\u00f6nelik olarak yap\u0131l\u0131r. Mezoterapinin temel prensibi, do\u011frudan hedef alanlara besleyici bile\u015fenleri ileterek cilt veya sa\u00e7\u0131n sa\u011fl\u0131\u011f\u0131n\u0131 iyile\u015ftirmektir.<\/p>\n<p>Bu tedavi y\u00f6ntemi bir\u00e7ok fayda sunmaktad\u0131r. Mezoterapinin cilt \u00fczerindeki etkisi, kolajen ve elastin \u00fcretimini art\u0131rarak cildin gen\u00e7 ve canl\u0131 g\u00f6r\u00fcnmesini sa\u011flamas\u0131d\u0131r. Ayr\u0131ca, akne izleri, lekeler, k\u0131r\u0131\u015f\u0131kl\u0131klar ve sarkmalar gibi cilt sorunlar\u0131n\u0131n azalt\u0131lmas\u0131na yard\u0131mc\u0131 olur. Sa\u00e7 mezoterapisi ise sa\u00e7 d\u00f6k\u00fclmesini engellemeye ve sa\u00e7 folik\u00fcllerini g\u00fc\u00e7lendirmeye yard\u0131mc\u0131 olur, b\u00f6ylece daha kal\u0131n ve sa\u011fl\u0131kl\u0131 sa\u00e7 b\u00fcy\u00fcmesini te\u015fvik eder.<\/p>\n<p>Mezoterapi tedavisi ki\u015fiye \u00f6zel olarak uygulan\u0131r. Bir uzman taraf\u0131ndan ger\u00e7ekle\u015ftirilen bu i\u015flem, genellikle konforlu ve h\u0131zl\u0131 bir \u015fekilde tamamlan\u0131r. Genellikle minimum yan etkileri vard\u0131r ve k\u0131sa bir iyile\u015fme s\u00fcresi gerektirmez. Ancak, mezoterapinin etkili sonu\u00e7lar elde etmek i\u00e7in d\u00fczenli olarak tekrarlanmas\u0131 gerekebilir.<\/p>\n<p>Sonu\u00e7 olarak, mezoterapi cilt ve sa\u00e7 bak\u0131m\u0131nda etkili bir yakla\u015f\u0131md\u0131r. Bu y\u00f6ntem, do\u011fal bile\u015fenleri cilt veya sa\u00e7a aktararak yenileyici ve iyile\u015ftirici etkiler sa\u011flar. Mezoterapi sayesinde, daha gen\u00e7, sa\u011fl\u0131kl\u0131 ve canl\u0131 bir g\u00f6r\u00fcn\u00fcm elde etmek m\u00fcmk\u00fcnd\u00fcr. Ancak herhangi bir tedavi y\u00f6ntemi \u00f6ncesinde, uzman bir doktora dan\u0131\u015fmak \u00f6nemlidir.<\/p>\n<p>Not: Bu makale, Mezoterapi konusunda bilgi verme amac\u0131 ta\u015f\u0131maktad\u0131r. Herhangi bir t\u0131bbi tavsiye yerine ge\u00e7mez. Tedavi se\u00e7enekleri hakk\u0131nda daha fazla bilgi i\u00e7in, uzman bir sa\u011fl\u0131k profesyoneline ba\u015fvurman\u0131z \u00f6nemlidir.[\/vc_column_text][\/vc_column][\/vc_row]<\/p>\n<\/section>","protected":false},"excerpt":{"rendered":"<p>[vc_row full_width=&#8221;stretch_row&#8221; woodmart_css_id=&#8221;64fa145073b11&#8243; responsive_spacing=&#8221;eyJwYXJhbV90eXBlIjoid29vZG1hcnRfcmVzcG9uc2l2ZV9zcGFjaW5nIiwic2VsZWN0b3JfaWQiOiI2NGZhMTQ1MDczYjExIiwic2hvcnRjb2RlIjoidmNfcm93IiwiZGF0YSI6eyJ0YWJsZXQiOnt9LCJtb2JpbGUiOnt9fX0=&#8221; mobile_bg_img_hidden=&#8221;no&#8221; tablet_bg_img_hidden=&#8221;no&#8221; woodmart_parallax=&#8221;0&#8243; woodmart_gradient_switch=&#8221;no&#8221; woodmart_box_shadow=&#8221;no&#8221; wd_z_index=&#8221;no&#8221; woodmart_disable_overflow=&#8221;0&#8243; row_reverse_mobile=&#8221;0&#8243; row_reverse_tablet=&#8221;0&#8243; css=&#8221;.vc_custom_1694110804020{padding-top: 20px !important;padding-bottom: 50px !important;background-color: #ffffff !important;}&#8221;<\/p>\n","protected":false},"author":1,"featured_media":0,"parent":1283,"menu_order":0,"comment_status":"closed","ping_status":"closed","template":"","meta":{"footnotes":""},"_links":{"self":[{"href":"https:\/\/docdrtugcesimsek.com\/tr\/wp-json\/wp\/v2\/pages\/1292"}],"collection":[{"href":"https:\/\/docdrtugcesimsek.com\/tr\/wp-json\/wp\/v2\/pages"}],"about":[{"href":"https:\/\/docdrtugcesimsek.com\/tr\/wp-json\/wp\/v2\/types\/page"}],"author":[{"embeddable":true,"href":"https:\/\/docdrtugcesimsek.com\/tr\/wp-json\/wp\/v2\/users\/1"}],"replies":[{"embeddable":true,"href":"https:\/\/docdrtugcesimsek.com\/tr\/wp-json\/wp\/v2\/comments?post=1292"}],"version-history":[{"count":2,"href":"https:\/\/docdrtugcesimsek.com\/tr\/wp-json\/wp\/v2\/pages\/1292\/revisions"}],"predecessor-version":[{"id":1297,"href":"https:\/\/docdrtugcesimsek.com\/tr\/wp-json\/wp\/v2\/pages\/1292\/revisions\/1297"}],"up":[{"embeddable":true,"href":"https:\/\/docdrtugcesimsek.com\/tr\/wp-json\/wp\/v2\/pages\/1283"}],"wp:attachment":[{"href":"https:\/\/docdrtugcesimsek.com\/tr\/wp-json\/wp\/v2\/media?parent=1292"}],"curies":[{"name":"wp","href":"https:\/\/api.w.org\/{rel}","templated":true}]}}