{"id":1288,"date":"2023-10-06T11:37:50","date_gmt":"2023-10-06T11:37:50","guid":{"rendered":"https:\/\/docdrtugcesimsek.com\/medikal-estetik-uygulamalar\/botox\/"},"modified":"2023-12-05T17:47:38","modified_gmt":"2023-12-05T17:47:38","slug":"botoks","status":"publish","type":"page","link":"https:\/\/docdrtugcesimsek.com\/tr\/medikal-uygulamalar\/botoks\/","title":{"rendered":"Botoks"},"content":{"rendered":"<section class=\"wpb-content-wrapper\"><p>[vc_row full_width=&#8221;stretch_row&#8221; woodmart_css_id=&#8221;64fa145073b11&#8243; responsive_spacing=&#8221;eyJwYXJhbV90eXBlIjoid29vZG1hcnRfcmVzcG9uc2l2ZV9zcGFjaW5nIiwic2VsZWN0b3JfaWQiOiI2NGZhMTQ1MDczYjExIiwic2hvcnRjb2RlIjoidmNfcm93IiwiZGF0YSI6eyJ0YWJsZXQiOnt9LCJtb2JpbGUiOnt9fX0=&#8221; mobile_bg_img_hidden=&#8221;no&#8221; tablet_bg_img_hidden=&#8221;no&#8221; woodmart_parallax=&#8221;0&#8243; woodmart_gradient_switch=&#8221;no&#8221; woodmart_box_shadow=&#8221;no&#8221; wd_z_index=&#8221;no&#8221; woodmart_disable_overflow=&#8221;0&#8243; row_reverse_mobile=&#8221;0&#8243; row_reverse_tablet=&#8221;0&#8243; css=&#8221;.vc_custom_1694110804020{padding-top: 20px !important;padding-bottom: 50px !important;background-color: #ffffff !important;}&#8221; el_class=&#8221;content-text-colon&#8221;][vc_column el_class=&#8221;ust-cikinti&#8221; woodmart_css_id=&#8221;64f7bac234890&#8243; parallax_scroll=&#8221;no&#8221; woodmart_sticky_column=&#8221;false&#8221; wd_collapsible_content_switcher=&#8221;no&#8221; wd_column_role_offcanvas_desktop=&#8221;no&#8221; wd_column_role_offcanvas_tablet=&#8221;no&#8221; wd_column_role_offcanvas_mobile=&#8221;no&#8221; wd_column_role_content_desktop=&#8221;no&#8221; wd_column_role_content_tablet=&#8221;no&#8221; wd_column_role_content_mobile=&#8221;no&#8221; mobile_bg_img_hidden=&#8221;no&#8221; tablet_bg_img_hidden=&#8221;no&#8221; woodmart_parallax=&#8221;0&#8243; woodmart_box_shadow=&#8221;no&#8221; responsive_spacing=&#8221;eyJwYXJhbV90eXBlIjoid29vZG1hcnRfcmVzcG9uc2l2ZV9zcGFjaW5nIiwic2VsZWN0b3JfaWQiOiI2NGY3YmFjMjM0ODkwIiwic2hvcnRjb2RlIjoidmNfY29sdW1uIiwiZGF0YSI6eyJ0YWJsZXQiOnt9LCJtb2JpbGUiOnt9fX0=&#8221; mobile_reset_margin=&#8221;no&#8221; tablet_reset_margin=&#8221;no&#8221; wd_z_index=&#8221;no&#8221; css=&#8221;.vc_custom_1693956804453{padding-top: 0px !important;}&#8221;][vc_single_image image=&#8221;1225&#8243; img_size=&#8221;full&#8221; parallax_scroll=&#8221;no&#8221; woodmart_inline=&#8221;no&#8221; css=&#8221;.vc_custom_1696592379443{margin-bottom: 20px !important;}&#8221;][vc_column_text woodmart_inline=&#8221;no&#8221; text_larger=&#8221;no&#8221;]Botoks veya t\u0131bbi ad\u0131yla \u201cBotox\u201d, g\u00fcn\u00fcm\u00fczde pop\u00fclerlik kazanan ve estetik d\u00fcnyas\u0131nda devrim niteli\u011finde bir tedavi y\u00f6ntemidir. Botoks, k\u0131r\u0131\u015f\u0131kl\u0131klar\u0131 azaltmak, y\u00fcz hatlar\u0131n\u0131 d\u00fczeltmek ve gen\u00e7le\u015fmeyi desteklemek i\u00e7in kullan\u0131lan bir enjeksiyon tedavisidir. Bu makalede, botoksun nas\u0131l \u00e7al\u0131\u015ft\u0131\u011f\u0131ndan, sa\u011flad\u0131\u011f\u0131 faydalardan ve potansiyel yan etkilerinden bahsedece\u011fiz.<\/p>\n<p>Botoks, Clostridium botulinum adl\u0131 bakteriden elde edilen bir toksindir. Kaslar\u0131 ge\u00e7ici olarak fel\u00e7 ederek etki g\u00f6sterir. Uyguland\u0131\u011f\u0131 b\u00f6lgedeki kaslar\u0131n hareketini k\u0131s\u0131tlayarak k\u0131r\u0131\u015f\u0131kl\u0131klar\u0131n g\u00f6r\u00fcn\u00fcm\u00fcn\u00fc azalt\u0131r. \u00d6zellikle al\u0131n \u00e7izgileri, kaz ayaklar\u0131 ve ka\u015f aras\u0131 \u00e7izgiler gibi y\u00fczdeki dinamik k\u0131r\u0131\u015f\u0131kl\u0131klarda etkili sonu\u00e7lar sa\u011flar.<\/p>\n<p>Bu tedavi y\u00f6ntemi g\u00fcvenli bir \u015fekilde uygulanabilir ve genellikle ac\u0131s\u0131zd\u0131r. Bir uzman taraf\u0131ndan ince i\u011fnelerle do\u011frudan belirli kaslara enjekte edilir. \u0130\u015flem h\u0131zl\u0131d\u0131r ve genellikle lokal anestezi gerektirmez. Botoksun etkisi yakla\u015f\u0131k \u00fc\u00e7 ila alt\u0131 ay s\u00fcrer ve tekrarlanabilir.<\/p>\n<p>Botoksun estetik amac\u0131n\u0131n yan\u0131 s\u0131ra t\u0131bbi kullan\u0131mlar\u0131 da vard\u0131r. A\u015f\u0131r\u0131 terleme (hiperhidrozis), migren, kas spazmlar\u0131 ve baz\u0131 n\u00f6rolojik bozukluklar\u0131n tedavisinde de etkili olabilir. Ancak, botoksun baz\u0131 yan etkileri de olabilir. Enjeksiyon b\u00f6lgesinde k\u0131zar\u0131kl\u0131k, \u015fi\u015flik veya hafif a\u011fr\u0131 gibi ge\u00e7ici reaksiyonlar yayg\u0131n olarak g\u00f6r\u00fcl\u00fcr. Nadiren, g\u00f6zlerde drooping veya y\u00fcz kaslar\u0131nda ge\u00e7ici fel\u00e7 gibi ciddi yan etkiler ortaya \u00e7\u0131kabilir.<\/p>\n<p>Sonu\u00e7 olarak, botoks estetik ve t\u0131bbi alanlarda \u00f6nemli bir tedavi se\u00e7ene\u011fi olarak kabul edilir. K\u0131r\u0131\u015f\u0131kl\u0131klar\u0131 azaltmak, gen\u00e7le\u015fmeyi desteklemek ve baz\u0131 t\u0131bbi durumlar\u0131 tedavi etmek i\u00e7in etkili bir y\u00f6ntemdir. Bu tedaviyi d\u00fc\u015f\u00fcnen herkesin bir uzmana ba\u015fvurmas\u0131 ve potansiyel riskleri ve faydalar\u0131 hakk\u0131nda detayl\u0131 bilgi almas\u0131 \u00f6nemlidir.[\/vc_column_text][\/vc_column][\/vc_row]<\/p>\n<\/section>","protected":false},"excerpt":{"rendered":"<p>[vc_row full_width=&#8221;stretch_row&#8221; woodmart_css_id=&#8221;64fa145073b11&#8243; responsive_spacing=&#8221;eyJwYXJhbV90eXBlIjoid29vZG1hcnRfcmVzcG9uc2l2ZV9zcGFjaW5nIiwic2VsZWN0b3JfaWQiOiI2NGZhMTQ1MDczYjExIiwic2hvcnRjb2RlIjoidmNfcm93IiwiZGF0YSI6eyJ0YWJsZXQiOnt9LCJtb2JpbGUiOnt9fX0=&#8221; mobile_bg_img_hidden=&#8221;no&#8221; tablet_bg_img_hidden=&#8221;no&#8221; woodmart_parallax=&#8221;0&#8243; woodmart_gradient_switch=&#8221;no&#8221; woodmart_box_shadow=&#8221;no&#8221; wd_z_index=&#8221;no&#8221; woodmart_disable_overflow=&#8221;0&#8243; row_reverse_mobile=&#8221;0&#8243; row_reverse_tablet=&#8221;0&#8243; css=&#8221;.vc_custom_1694110804020{padding-top: 20px !important;padding-bottom: 50px !important;background-color: #ffffff !important;}&#8221;<\/p>\n","protected":false},"author":1,"featured_media":0,"parent":1283,"menu_order":0,"comment_status":"closed","ping_status":"closed","template":"","meta":{"footnotes":""},"_links":{"self":[{"href":"https:\/\/docdrtugcesimsek.com\/tr\/wp-json\/wp\/v2\/pages\/1288"}],"collection":[{"href":"https:\/\/docdrtugcesimsek.com\/tr\/wp-json\/wp\/v2\/pages"}],"about":[{"href":"https:\/\/docdrtugcesimsek.com\/tr\/wp-json\/wp\/v2\/types\/page"}],"author":[{"embeddable":true,"href":"https:\/\/docdrtugcesimsek.com\/tr\/wp-json\/wp\/v2\/users\/1"}],"replies":[{"embeddable":true,"href":"https:\/\/docdrtugcesimsek.com\/tr\/wp-json\/wp\/v2\/comments?post=1288"}],"version-history":[{"count":2,"href":"https:\/\/docdrtugcesimsek.com\/tr\/wp-json\/wp\/v2\/pages\/1288\/revisions"}],"predecessor-version":[{"id":1290,"href":"https:\/\/docdrtugcesimsek.com\/tr\/wp-json\/wp\/v2\/pages\/1288\/revisions\/1290"}],"up":[{"embeddable":true,"href":"https:\/\/docdrtugcesimsek.com\/tr\/wp-json\/wp\/v2\/pages\/1283"}],"wp:attachment":[{"href":"https:\/\/docdrtugcesimsek.com\/tr\/wp-json\/wp\/v2\/media?parent=1288"}],"curies":[{"name":"wp","href":"https:\/\/api.w.org\/{rel}","templated":true}]}}