{"id":1313,"date":"2023-10-06T11:43:32","date_gmt":"2023-10-06T11:43:32","guid":{"rendered":"https:\/\/docdrtugcesimsek.com\/medical-aesthetic-applications\/prp\/"},"modified":"2023-10-06T13:09:31","modified_gmt":"2023-10-06T13:09:31","slug":"prp","status":"publish","type":"page","link":"https:\/\/docdrtugcesimsek.com\/de\/medical-applications\/prp\/","title":{"rendered":"PRP"},"content":{"rendered":"<section class=\"wpb-content-wrapper\"><p>[vc_row full_width=&#8220;stretch_row&#8220; woodmart_css_id=&#8220;64fa145073b11&#8243; responsive_spacing=&#8220;eyJwYXJhbV90eXBlIjoid29vZG1hcnRfcmVzcG9uc2l2ZV9zcGFjaW5nIiwic2VsZWN0b3JfaWQiOiI2NGZhMTQ1MDczYjExIiwic2hvcnRjb2RlIjoidmNfcm93IiwiZGF0YSI6eyJ0YWJsZXQiOnt9LCJtb2JpbGUiOnt9fX0=&#8220; mobile_bg_img_hidden=&#8220;no&#8220; tablet_bg_img_hidden=&#8220;no&#8220; woodmart_parallax=&#8220;0&#8243; woodmart_gradient_switch=&#8220;no&#8220; woodmart_box_shadow=&#8220;no&#8220; wd_z_index=&#8220;no&#8220; woodmart_disable_overflow=&#8220;0&#8243; row_reverse_mobile=&#8220;0&#8243; row_reverse_tablet=&#8220;0&#8243; css=&#8220;.vc_custom_1694110804020{padding-top: 20px !important;padding-bottom: 50px !important;background-color: #ffffff !important;}&#8220; el_class=&#8220;content-text-colon&#8220;][vc_column el_class=&#8220;ust-cikinti&#8220; woodmart_css_id=&#8220;64f7bac234890&#8243; parallax_scroll=&#8220;no&#8220; woodmart_sticky_column=&#8220;false&#8220; wd_collapsible_content_switcher=&#8220;no&#8220; wd_column_role_offcanvas_desktop=&#8220;no&#8220; wd_column_role_offcanvas_tablet=&#8220;no&#8220; wd_column_role_offcanvas_mobile=&#8220;no&#8220; wd_column_role_content_desktop=&#8220;no&#8220; wd_column_role_content_tablet=&#8220;no&#8220; wd_column_role_content_mobile=&#8220;no&#8220; mobile_bg_img_hidden=&#8220;no&#8220; tablet_bg_img_hidden=&#8220;no&#8220; woodmart_parallax=&#8220;0&#8243; woodmart_box_shadow=&#8220;no&#8220; responsive_spacing=&#8220;eyJwYXJhbV90eXBlIjoid29vZG1hcnRfcmVzcG9uc2l2ZV9zcGFjaW5nIiwic2VsZWN0b3JfaWQiOiI2NGY3YmFjMjM0ODkwIiwic2hvcnRjb2RlIjoidmNfY29sdW1uIiwiZGF0YSI6eyJ0YWJsZXQiOnt9LCJtb2JpbGUiOnt9fX0=&#8220; mobile_reset_margin=&#8220;no&#8220; tablet_reset_margin=&#8220;no&#8220; wd_z_index=&#8220;no&#8220; css=&#8220;.vc_custom_1693956804453{padding-top: 0px !important;}&#8220;][vc_single_image image=&#8220;1251&#8243; img_size=&#8220;full&#8220; parallax_scroll=&#8220;no&#8220; woodmart_inline=&#8220;no&#8220; css=&#8220;.vc_custom_1696592604823{margin-bottom: 20px !important;}&#8220;][vc_column_text woodmart_inline=&#8220;no&#8220; text_larger=&#8220;no&#8220;]Die Plasma-angereicherte Blutpl\u00e4ttchentherapie (PRP) ist eine innovative medizinische Praxis, die in den letzten Jahren an Popularit\u00e4t gewonnen hat. Diese Behandlungsmethode ist ein nat\u00fcrlicher Ansatz, der den k\u00f6rpereigenen Heilungsprozess unterst\u00fctzt und die Zellregeneration f\u00f6rdert. Die PRP-Therapie wird in vielen medizinischen Bereichen sowie in der \u00e4sthetischen und Sportmedizin eingesetzt.<\/p>\n<p>Das Grundprinzip der PRP-Therapie besteht darin, dass pl\u00e4ttchenreiches Plasma aus Ihrem Blut in gesch\u00e4digtes Gewebe injiziert wird, um die Heilung verschiedener Krankheiten zu unterst\u00fctzen. Blutpl\u00e4ttchen spielen eine wichtige Rolle bei der Blutgerinnung sowie bei der Freisetzung von Wachstumsfaktoren und anderen bioaktiven Substanzen. Diese Faktoren beschleunigen die Gewebereparatur und f\u00f6rdern die Bildung neuer Zellen.<\/p>\n<p>Die PRP-Behandlung erfolgt in wenigen einfachen Schritten. Zun\u00e4chst wird etwas Blut entnommen und in einer speziellen Zentrifuge verarbeitet. Der Zentrifugationsprozess reichert die Blutpl\u00e4ttchen an, indem er das Blut in verschiedene Bestandteile trennt. Das entstehende Plasma wird dann in die besch\u00e4digte Stelle injiziert. Die Behandlung erfolgt in der Regel unter \u00f6rtlicher Bet\u00e4ubung und zeichnet sich durch einen schnellen Heilungsprozess aus.<\/p>\n<p>Die PRP-Behandlung hat viele Vorteile. Erstens ist diese Behandlungsmethode v\u00f6llig nat\u00fcrlich und wird vom K\u00f6rper gut angenommen. Da Plasma aus Ihrem eigenen Blut verwendet wird, ist das Risiko von Allergien oder Nebenwirkungen minimal. Dar\u00fcber hinaus erfordert die PRP-Behandlung keinen chirurgischen Eingriff und macht einen Krankenhausaufenthalt \u00fcberfl\u00fcssig. Daher k\u00f6nnen Patienten in der Regel sofort zu ihren t\u00e4glichen Aktivit\u00e4ten zur\u00fcckkehren.<\/p>\n<p>Die PRP-Behandlung kann in vielen Bereichen effektiv eingesetzt werden. Es wird erfolgreich bei der Behandlung verschiedener Erkrankungen wie Sportverletzungen, Gelenkschmerzen, Sehnenentz\u00fcndungen, Muskelverletzungen und Hautregeneration eingesetzt. Es liefert auch positive Ergebnisse bei der Behandlung von Haarausfall.<\/p>\n<p>Damit ist die PRP-Therapie ein innovativer Ansatz, der den nat\u00fcrlichen Heilungsprozess unterst\u00fctzt und k\u00f6rpereigene Ressourcen nutzt. Durch die Injektion der reichhaltigen Blutpl\u00e4ttchen in gesch\u00e4digtes Gewebe wird der Heilungsprozess beschleunigt und die Bildung neuer Zellen angeregt. Die PRP-Therapie ist eine wirksame Behandlungsm\u00f6glichkeit mit minimalen Nebenwirkungen und wird in vielen medizinischen Bereichen erfolgreich eingesetzt.[\/vc_column_text][\/vc_column][\/vc_row]<\/p>\n<\/section>","protected":false},"excerpt":{"rendered":"<p>[vc_row full_width=&#8220;stretch_row&#8220; woodmart_css_id=&#8220;64fa145073b11&#8243; responsive_spacing=&#8220;eyJwYXJhbV90eXBlIjoid29vZG1hcnRfcmVzcG9uc2l2ZV9zcGFjaW5nIiwic2VsZWN0b3JfaWQiOiI2NGZhMTQ1MDczYjExIiwic2hvcnRjb2RlIjoidmNfcm93IiwiZGF0YSI6eyJ0YWJsZXQiOnt9LCJtb2JpbGUiOnt9fX0=&#8220; mobile_bg_img_hidden=&#8220;no&#8220; tablet_bg_img_hidden=&#8220;no&#8220; woodmart_parallax=&#8220;0&#8243; woodmart_gradient_switch=&#8220;no&#8220; woodmart_box_shadow=&#8220;no&#8220; wd_z_index=&#8220;no&#8220; woodmart_disable_overflow=&#8220;0&#8243; row_reverse_mobile=&#8220;0&#8243; row_reverse_tablet=&#8220;0&#8243; css=&#8220;.vc_custom_1694110804020{padding-top: 20px !important;padding-bottom: 50px !important;background-color: #ffffff !important;}&#8220;<\/p>\n","protected":false},"author":1,"featured_media":0,"parent":1307,"menu_order":0,"comment_status":"closed","ping_status":"closed","template":"","meta":{"footnotes":""},"_links":{"self":[{"href":"https:\/\/docdrtugcesimsek.com\/de\/wp-json\/wp\/v2\/pages\/1313"}],"collection":[{"href":"https:\/\/docdrtugcesimsek.com\/de\/wp-json\/wp\/v2\/pages"}],"about":[{"href":"https:\/\/docdrtugcesimsek.com\/de\/wp-json\/wp\/v2\/types\/page"}],"author":[{"embeddable":true,"href":"https:\/\/docdrtugcesimsek.com\/de\/wp-json\/wp\/v2\/users\/1"}],"replies":[{"embeddable":true,"href":"https:\/\/docdrtugcesimsek.com\/de\/wp-json\/wp\/v2\/comments?post=1313"}],"version-history":[{"count":1,"href":"https:\/\/docdrtugcesimsek.com\/de\/wp-json\/wp\/v2\/pages\/1313\/revisions"}],"predecessor-version":[{"id":1320,"href":"https:\/\/docdrtugcesimsek.com\/de\/wp-json\/wp\/v2\/pages\/1313\/revisions\/1320"}],"up":[{"embeddable":true,"href":"https:\/\/docdrtugcesimsek.com\/de\/wp-json\/wp\/v2\/pages\/1307"}],"wp:attachment":[{"href":"https:\/\/docdrtugcesimsek.com\/de\/wp-json\/wp\/v2\/media?parent=1313"}],"curies":[{"name":"wp","href":"https:\/\/api.w.org\/{rel}","templated":true}]}}