{"id":1312,"date":"2023-10-06T11:42:34","date_gmt":"2023-10-06T11:42:34","guid":{"rendered":"https:\/\/docdrtugcesimsek.com\/medical-aesthetic-applications\/mesotherapy\/"},"modified":"2023-10-06T13:08:44","modified_gmt":"2023-10-06T13:08:44","slug":"mesotherapie","status":"publish","type":"page","link":"https:\/\/docdrtugcesimsek.com\/de\/medical-applications\/mesotherapie\/","title":{"rendered":"Mesotherapie"},"content":{"rendered":"<section class=\"wpb-content-wrapper\"><p>[vc_row full_width=&#8220;stretch_row&#8220; woodmart_css_id=&#8220;64fa145073b11&#8243; responsive_spacing=&#8220;eyJwYXJhbV90eXBlIjoid29vZG1hcnRfcmVzcG9uc2l2ZV9zcGFjaW5nIiwic2VsZWN0b3JfaWQiOiI2NGZhMTQ1MDczYjExIiwic2hvcnRjb2RlIjoidmNfcm93IiwiZGF0YSI6eyJ0YWJsZXQiOnt9LCJtb2JpbGUiOnt9fX0=&#8220; mobile_bg_img_hidden=&#8220;no&#8220; tablet_bg_img_hidden=&#8220;no&#8220; woodmart_parallax=&#8220;0&#8243; woodmart_gradient_switch=&#8220;no&#8220; woodmart_box_shadow=&#8220;no&#8220; wd_z_index=&#8220;no&#8220; woodmart_disable_overflow=&#8220;0&#8243; row_reverse_mobile=&#8220;0&#8243; row_reverse_tablet=&#8220;0&#8243; css=&#8220;.vc_custom_1694110804020{padding-top: 20px !important;padding-bottom: 50px !important;background-color: #ffffff !important;}&#8220; el_class=&#8220;content-text-colon&#8220;][vc_column el_class=&#8220;ust-cikinti&#8220; woodmart_css_id=&#8220;64f7bac234890&#8243; parallax_scroll=&#8220;no&#8220; woodmart_sticky_column=&#8220;false&#8220; wd_collapsible_content_switcher=&#8220;no&#8220; wd_column_role_offcanvas_desktop=&#8220;no&#8220; wd_column_role_offcanvas_tablet=&#8220;no&#8220; wd_column_role_offcanvas_mobile=&#8220;no&#8220; wd_column_role_content_desktop=&#8220;no&#8220; wd_column_role_content_tablet=&#8220;no&#8220; wd_column_role_content_mobile=&#8220;no&#8220; mobile_bg_img_hidden=&#8220;no&#8220; tablet_bg_img_hidden=&#8220;no&#8220; woodmart_parallax=&#8220;0&#8243; woodmart_box_shadow=&#8220;no&#8220; responsive_spacing=&#8220;eyJwYXJhbV90eXBlIjoid29vZG1hcnRfcmVzcG9uc2l2ZV9zcGFjaW5nIiwic2VsZWN0b3JfaWQiOiI2NGY3YmFjMjM0ODkwIiwic2hvcnRjb2RlIjoidmNfY29sdW1uIiwiZGF0YSI6eyJ0YWJsZXQiOnt9LCJtb2JpbGUiOnt9fX0=&#8220; mobile_reset_margin=&#8220;no&#8220; tablet_reset_margin=&#8220;no&#8220; wd_z_index=&#8220;no&#8220; css=&#8220;.vc_custom_1693956804453{padding-top: 0px !important;}&#8220;][vc_single_image image=&#8220;1242&#8243; img_size=&#8220;full&#8220; parallax_scroll=&#8220;no&#8220; woodmart_inline=&#8220;no&#8220; css=&#8220;.vc_custom_1696592554477{margin-bottom: 20px !important;}&#8220;][vc_column_text woodmart_inline=&#8220;no&#8220; text_larger=&#8220;no&#8220;]Die Sch\u00f6nheits- und Pflegebranche entwickelt und ver\u00e4ndert sich t\u00e4glich mit innovativen Methoden. Eine dieser Innovationen ist die Behandlungsmethode namens Mesotherapie. Die Mesotherapie ist eine wirksame Technik zur Erzielung erfolgreicher Ergebnisse bei der Haut- und Haarpflege. In diesem Artikel werden wir untersuchen, was Mesotherapie ist, wie sie funktioniert und welche Vorteile sie hat.<\/p>\n<p>Bei der Mesotherapie handelt es sich um ein Verfahren, bei dem Vitamine, Mineralien, Aminos\u00e4uren und andere N\u00e4hrstoffe unter die Haut gespritzt werden. Diese Injektionen werden zur Behandlung spezifischer Haut- oder Haarprobleme verabreicht. Das Grundprinzip der Mesotherapie besteht darin, die Gesundheit der Haut oder des Haares zu verbessern, indem N\u00e4hrstoffe direkt an die Zielbereiche abgegeben werden.<\/p>\n<p>Diese Behandlungsmethode bietet viele Vorteile. Die Wirkung der Mesotherapie auf die Haut besteht darin, die Kollagen- und Elastinproduktion zu steigern, wodurch die Haut jung und lebendig aussieht. Es hilft auch, Hautprobleme wie Aknenarben, Hautunreinheiten, Falten und schlaffe Haut zu reduzieren. Die Haarmesotherapie hingegen beugt Haarausfall vor, st\u00e4rkt die Haarfollikel und f\u00f6rdert so ein dickeres und ges\u00fcnderes Haarwachstum.<\/p>\n<p>Die Mesotherapie-Behandlung wird individuell durchgef\u00fchrt. Der Eingriff wird von einem Spezialisten durchgef\u00fchrt und ist in der Regel bequem und schnell durchzuf\u00fchren. Die Nebenwirkungen sind in der Regel minimal und es ist keine kurze Erholungsphase erforderlich. Um wirksame Ergebnisse zu erzielen, muss die Mesotherapie jedoch m\u00f6glicherweise regelm\u00e4\u00dfig wiederholt werden.<\/p>\n<p>Zusammenfassend l\u00e4sst sich sagen, dass die Mesotherapie ein wirksamer Ansatz zur Haut- und Haarpflege ist. Diese Methode sorgt f\u00fcr regenerierende und heilende Wirkung, indem nat\u00fcrliche Inhaltsstoffe auf die Haut oder das Haar \u00fcbertragen werden. Dank der Mesotherapie ist es m\u00f6glich, ein j\u00fcngeres, ges\u00fcnderes und strahlenderes Aussehen zu erreichen. Es ist jedoch wichtig, vor jeder Behandlungsmethode einen Facharzt zu konsultieren.<\/p>\n<p>Hinweis: Dieser Artikel soll Informationen zur Mesotherapie liefern. Es ist kein Ersatz f\u00fcr eine \u00e4rztliche Beratung. F\u00fcr weitere Informationen zu Behandlungsm\u00f6glichkeiten ist es wichtig, einen qualifizierten Arzt zu konsultieren.[\/vc_column_text][\/vc_column][\/vc_row]<\/p>\n<\/section>","protected":false},"excerpt":{"rendered":"<p>[vc_row full_width=&#8220;stretch_row&#8220; woodmart_css_id=&#8220;64fa145073b11&#8243; responsive_spacing=&#8220;eyJwYXJhbV90eXBlIjoid29vZG1hcnRfcmVzcG9uc2l2ZV9zcGFjaW5nIiwic2VsZWN0b3JfaWQiOiI2NGZhMTQ1MDczYjExIiwic2hvcnRjb2RlIjoidmNfcm93IiwiZGF0YSI6eyJ0YWJsZXQiOnt9LCJtb2JpbGUiOnt9fX0=&#8220; mobile_bg_img_hidden=&#8220;no&#8220; tablet_bg_img_hidden=&#8220;no&#8220; woodmart_parallax=&#8220;0&#8243; woodmart_gradient_switch=&#8220;no&#8220; woodmart_box_shadow=&#8220;no&#8220; wd_z_index=&#8220;no&#8220; woodmart_disable_overflow=&#8220;0&#8243; row_reverse_mobile=&#8220;0&#8243; row_reverse_tablet=&#8220;0&#8243; css=&#8220;.vc_custom_1694110804020{padding-top: 20px !important;padding-bottom: 50px !important;background-color: #ffffff !important;}&#8220;<\/p>\n","protected":false},"author":1,"featured_media":0,"parent":1307,"menu_order":0,"comment_status":"closed","ping_status":"closed","template":"","meta":{"footnotes":""},"_links":{"self":[{"href":"https:\/\/docdrtugcesimsek.com\/de\/wp-json\/wp\/v2\/pages\/1312"}],"collection":[{"href":"https:\/\/docdrtugcesimsek.com\/de\/wp-json\/wp\/v2\/pages"}],"about":[{"href":"https:\/\/docdrtugcesimsek.com\/de\/wp-json\/wp\/v2\/types\/page"}],"author":[{"embeddable":true,"href":"https:\/\/docdrtugcesimsek.com\/de\/wp-json\/wp\/v2\/users\/1"}],"replies":[{"embeddable":true,"href":"https:\/\/docdrtugcesimsek.com\/de\/wp-json\/wp\/v2\/comments?post=1312"}],"version-history":[{"count":2,"href":"https:\/\/docdrtugcesimsek.com\/de\/wp-json\/wp\/v2\/pages\/1312\/revisions"}],"predecessor-version":[{"id":1319,"href":"https:\/\/docdrtugcesimsek.com\/de\/wp-json\/wp\/v2\/pages\/1312\/revisions\/1319"}],"up":[{"embeddable":true,"href":"https:\/\/docdrtugcesimsek.com\/de\/wp-json\/wp\/v2\/pages\/1307"}],"wp:attachment":[{"href":"https:\/\/docdrtugcesimsek.com\/de\/wp-json\/wp\/v2\/media?parent=1312"}],"curies":[{"name":"wp","href":"https:\/\/api.w.org\/{rel}","templated":true}]}}