{"id":1310,"date":"2023-10-06T11:41:17","date_gmt":"2023-10-06T11:41:17","guid":{"rendered":"https:\/\/docdrtugcesimsek.com\/medical-aesthetic-applications\/filling\/"},"modified":"2023-10-06T13:07:42","modified_gmt":"2023-10-06T13:07:42","slug":"fuellung","status":"publish","type":"page","link":"https:\/\/docdrtugcesimsek.com\/de\/medical-applications\/fuellung\/","title":{"rendered":"F\u00fcllung"},"content":{"rendered":"<section class=\"wpb-content-wrapper\"><p>[vc_row full_width=&#8220;stretch_row&#8220; woodmart_css_id=&#8220;64fa145073b11&#8243; responsive_spacing=&#8220;eyJwYXJhbV90eXBlIjoid29vZG1hcnRfcmVzcG9uc2l2ZV9zcGFjaW5nIiwic2VsZWN0b3JfaWQiOiI2NGZhMTQ1MDczYjExIiwic2hvcnRjb2RlIjoidmNfcm93IiwiZGF0YSI6eyJ0YWJsZXQiOnt9LCJtb2JpbGUiOnt9fX0=&#8220; mobile_bg_img_hidden=&#8220;no&#8220; tablet_bg_img_hidden=&#8220;no&#8220; woodmart_parallax=&#8220;0&#8243; woodmart_gradient_switch=&#8220;no&#8220; woodmart_box_shadow=&#8220;no&#8220; wd_z_index=&#8220;no&#8220; woodmart_disable_overflow=&#8220;0&#8243; row_reverse_mobile=&#8220;0&#8243; row_reverse_tablet=&#8220;0&#8243; css=&#8220;.vc_custom_1694110804020{padding-top: 20px !important;padding-bottom: 50px !important;background-color: #ffffff !important;}&#8220; el_class=&#8220;content-text-colon&#8220;][vc_column el_class=&#8220;ust-cikinti&#8220; woodmart_css_id=&#8220;64f7bac234890&#8243; parallax_scroll=&#8220;no&#8220; woodmart_sticky_column=&#8220;false&#8220; wd_collapsible_content_switcher=&#8220;no&#8220; wd_column_role_offcanvas_desktop=&#8220;no&#8220; wd_column_role_offcanvas_tablet=&#8220;no&#8220; wd_column_role_offcanvas_mobile=&#8220;no&#8220; wd_column_role_content_desktop=&#8220;no&#8220; wd_column_role_content_tablet=&#8220;no&#8220; wd_column_role_content_mobile=&#8220;no&#8220; mobile_bg_img_hidden=&#8220;no&#8220; tablet_bg_img_hidden=&#8220;no&#8220; woodmart_parallax=&#8220;0&#8243; woodmart_box_shadow=&#8220;no&#8220; responsive_spacing=&#8220;eyJwYXJhbV90eXBlIjoid29vZG1hcnRfcmVzcG9uc2l2ZV9zcGFjaW5nIiwic2VsZWN0b3JfaWQiOiI2NGY3YmFjMjM0ODkwIiwic2hvcnRjb2RlIjoidmNfY29sdW1uIiwiZGF0YSI6eyJ0YWJsZXQiOnt9LCJtb2JpbGUiOnt9fX0=&#8220; mobile_reset_margin=&#8220;no&#8220; tablet_reset_margin=&#8220;no&#8220; wd_z_index=&#8220;no&#8220; css=&#8220;.vc_custom_1693956804453{padding-top: 0px !important;}&#8220;][vc_single_image image=&#8220;1232&#8243; img_size=&#8220;full&#8220; parallax_scroll=&#8220;no&#8220; woodmart_inline=&#8220;no&#8220; css=&#8220;.vc_custom_1696592475969{margin-bottom: 20px !important;}&#8220;][vc_column_text woodmart_inline=&#8220;no&#8220; text_larger=&#8220;no&#8220;]Unser Gesicht ist eines der wichtigsten Elemente, die unser Aussehen bestimmen. Entwicklungen auf dem Gebiet der Gesichts\u00e4sthetik, die beispielsweise darauf zur\u00fcckzuf\u00fchren sind, dass Menschen ihr Gesicht nicht m\u00f6gen oder Alterserscheinungen beseitigen, haben die Beliebtheit von Gesichtsf\u00fcllern erh\u00f6ht. Die Anwendung von Gesichtsf\u00fcllern ist ein kosmetischer Eingriff f\u00fcr Menschen, die schnelle und effektive Ergebnisse erzielen m\u00f6chten.<\/p>\n<p>Die Anwendung von Gesichtsf\u00fcllern ist eine Methode zur Reduzierung feiner Linien, Falten und Volumenverlust. Diese Anwendung wird in der Regel mit Fillern durchgef\u00fchrt, die nat\u00fcrliche Substanzen wie Hyalurons\u00e4ure enthalten. Hyalurons\u00e4ure ist ein Bestandteil der Haut, der die F\u00e4higkeit besitzt, Feuchtigkeit zu speichern und so der Haut F\u00fclle zu verleihen.<\/p>\n<p>Zu den Vorteilen der Anwendung von Gesichtsf\u00fcllern geh\u00f6ren ein schneller Heilungsprozess und minimale Nebenwirkungen. Bei der Anwendung wird eine \u00f6rtliche Bet\u00e4ubung angewendet und die Eingriffszeit variiert in der Regel zwischen 15 und 30 Minuten. Nebenwirkungen sind normalerweise mild und vor\u00fcbergehend; Zu den h\u00e4ufigsten geh\u00f6ren R\u00f6tungen, Schwellungen oder Bluterg\u00fcsse. Diese verschwinden in der Regel innerhalb weniger Tage von selbst.<\/p>\n<p>Einer der wichtigsten Vorteile der Anwendung von Gesichtsf\u00fcllern besteht darin, dass die Ergebnisse sofort sichtbar sind. Nach dem Eingriff stellt die Person fest, dass sie j\u00fcnger und frischer aussieht. Die Wirkung von Fillern h\u00e4lt in der Regel zwischen 6 und 12 Monaten an, dieser Zeitraum kann jedoch von Person zu Person unterschiedlich sein.<\/p>\n<p>Daher ist die Anwendung von Gesichtsf\u00fcllern eine wirksame Option f\u00fcr alle, die ein jugendliches und lebendiges Aussehen erreichen m\u00f6chten. Der schnelle Heilungsprozess, minimale Nebenwirkungen und sofortige Ergebnisse sind die Faktoren, die diese Anwendung beliebt machen. Allerdings sollte die Anwendung von Gesichtsf\u00fcllern wie bei jedem kosmetischen Eingriff von einem Facharzt durchgef\u00fchrt werden. Vor der Anwendung sollte eine ausf\u00fchrliche Beurteilung erfolgen und ein passender Behandlungsplan entsprechend den Erwartungen der Person erstellt werden.[\/vc_column_text][\/vc_column][\/vc_row]<\/p>\n<\/section>","protected":false},"excerpt":{"rendered":"<p>[vc_row full_width=&#8220;stretch_row&#8220; woodmart_css_id=&#8220;64fa145073b11&#8243; responsive_spacing=&#8220;eyJwYXJhbV90eXBlIjoid29vZG1hcnRfcmVzcG9uc2l2ZV9zcGFjaW5nIiwic2VsZWN0b3JfaWQiOiI2NGZhMTQ1MDczYjExIiwic2hvcnRjb2RlIjoidmNfcm93IiwiZGF0YSI6eyJ0YWJsZXQiOnt9LCJtb2JpbGUiOnt9fX0=&#8220; mobile_bg_img_hidden=&#8220;no&#8220; tablet_bg_img_hidden=&#8220;no&#8220; woodmart_parallax=&#8220;0&#8243; woodmart_gradient_switch=&#8220;no&#8220; woodmart_box_shadow=&#8220;no&#8220; wd_z_index=&#8220;no&#8220; woodmart_disable_overflow=&#8220;0&#8243; row_reverse_mobile=&#8220;0&#8243; row_reverse_tablet=&#8220;0&#8243; css=&#8220;.vc_custom_1694110804020{padding-top: 20px !important;padding-bottom: 50px !important;background-color: #ffffff !important;}&#8220;<\/p>\n","protected":false},"author":1,"featured_media":0,"parent":1307,"menu_order":0,"comment_status":"closed","ping_status":"closed","template":"","meta":{"footnotes":""},"_links":{"self":[{"href":"https:\/\/docdrtugcesimsek.com\/de\/wp-json\/wp\/v2\/pages\/1310"}],"collection":[{"href":"https:\/\/docdrtugcesimsek.com\/de\/wp-json\/wp\/v2\/pages"}],"about":[{"href":"https:\/\/docdrtugcesimsek.com\/de\/wp-json\/wp\/v2\/types\/page"}],"author":[{"embeddable":true,"href":"https:\/\/docdrtugcesimsek.com\/de\/wp-json\/wp\/v2\/users\/1"}],"replies":[{"embeddable":true,"href":"https:\/\/docdrtugcesimsek.com\/de\/wp-json\/wp\/v2\/comments?post=1310"}],"version-history":[{"count":2,"href":"https:\/\/docdrtugcesimsek.com\/de\/wp-json\/wp\/v2\/pages\/1310\/revisions"}],"predecessor-version":[{"id":1317,"href":"https:\/\/docdrtugcesimsek.com\/de\/wp-json\/wp\/v2\/pages\/1310\/revisions\/1317"}],"up":[{"embeddable":true,"href":"https:\/\/docdrtugcesimsek.com\/de\/wp-json\/wp\/v2\/pages\/1307"}],"wp:attachment":[{"href":"https:\/\/docdrtugcesimsek.com\/de\/wp-json\/wp\/v2\/media?parent=1310"}],"curies":[{"name":"wp","href":"https:\/\/api.w.org\/{rel}","templated":true}]}}