{"id":1308,"date":"2023-10-06T11:37:50","date_gmt":"2023-10-06T11:37:50","guid":{"rendered":"https:\/\/docdrtugcesimsek.com\/medical-aesthetic-applications\/botox\/"},"modified":"2023-10-06T13:07:07","modified_gmt":"2023-10-06T13:07:07","slug":"botox","status":"publish","type":"page","link":"https:\/\/docdrtugcesimsek.com\/de\/medical-applications\/botox\/","title":{"rendered":"Botox"},"content":{"rendered":"<section class=\"wpb-content-wrapper\"><p>[vc_row full_width=&#8220;stretch_row&#8220; woodmart_css_id=&#8220;64fa145073b11&#8243; responsive_spacing=&#8220;eyJwYXJhbV90eXBlIjoid29vZG1hcnRfcmVzcG9uc2l2ZV9zcGFjaW5nIiwic2VsZWN0b3JfaWQiOiI2NGZhMTQ1MDczYjExIiwic2hvcnRjb2RlIjoidmNfcm93IiwiZGF0YSI6eyJ0YWJsZXQiOnt9LCJtb2JpbGUiOnt9fX0=&#8220; mobile_bg_img_hidden=&#8220;no&#8220; tablet_bg_img_hidden=&#8220;no&#8220; woodmart_parallax=&#8220;0&#8243; woodmart_gradient_switch=&#8220;no&#8220; woodmart_box_shadow=&#8220;no&#8220; wd_z_index=&#8220;no&#8220; woodmart_disable_overflow=&#8220;0&#8243; row_reverse_mobile=&#8220;0&#8243; row_reverse_tablet=&#8220;0&#8243; css=&#8220;.vc_custom_1694110804020{padding-top: 20px !important;padding-bottom: 50px !important;background-color: #ffffff !important;}&#8220; el_class=&#8220;content-text-colon&#8220;][vc_column el_class=&#8220;ust-cikinti&#8220; woodmart_css_id=&#8220;64f7bac234890&#8243; parallax_scroll=&#8220;no&#8220; woodmart_sticky_column=&#8220;false&#8220; wd_collapsible_content_switcher=&#8220;no&#8220; wd_column_role_offcanvas_desktop=&#8220;no&#8220; wd_column_role_offcanvas_tablet=&#8220;no&#8220; wd_column_role_offcanvas_mobile=&#8220;no&#8220; wd_column_role_content_desktop=&#8220;no&#8220; wd_column_role_content_tablet=&#8220;no&#8220; wd_column_role_content_mobile=&#8220;no&#8220; mobile_bg_img_hidden=&#8220;no&#8220; tablet_bg_img_hidden=&#8220;no&#8220; woodmart_parallax=&#8220;0&#8243; woodmart_box_shadow=&#8220;no&#8220; responsive_spacing=&#8220;eyJwYXJhbV90eXBlIjoid29vZG1hcnRfcmVzcG9uc2l2ZV9zcGFjaW5nIiwic2VsZWN0b3JfaWQiOiI2NGY3YmFjMjM0ODkwIiwic2hvcnRjb2RlIjoidmNfY29sdW1uIiwiZGF0YSI6eyJ0YWJsZXQiOnt9LCJtb2JpbGUiOnt9fX0=&#8220; mobile_reset_margin=&#8220;no&#8220; tablet_reset_margin=&#8220;no&#8220; wd_z_index=&#8220;no&#8220; css=&#8220;.vc_custom_1693956804453{padding-top: 0px !important;}&#8220;][vc_single_image image=&#8220;1225&#8243; img_size=&#8220;full&#8220; parallax_scroll=&#8220;no&#8220; woodmart_inline=&#8220;no&#8220; css=&#8220;.vc_custom_1696592379443{margin-bottom: 20px !important;}&#8220;][vc_column_text woodmart_inline=&#8220;no&#8220; text_larger=&#8220;no&#8220;]Botox, oder \u201eBotox\u201c, wie es medizinisch genannt wird, ist eine revolution\u00e4re Behandlungsmethode in der \u00e4sthetischen Welt, die heute immer beliebter wird. Botox ist eine Injektionsbehandlung zur Faltenreduzierung, Gl\u00e4ttung der Gesichtskonturen und F\u00f6rderung der Verj\u00fcngung. In diesem Artikel besprechen wir die Wirkungsweise von Botox, seine Vorteile und m\u00f6gliche Nebenwirkungen.<\/p>\n<p>Botox ist ein Toxin, das aus dem Bakterium Clostridium botulinum stammt. Es funktioniert durch eine vor\u00fcbergehende L\u00e4hmung der Muskeln. Es reduziert das Auftreten von Falten, indem es die Bewegung der Muskeln im Anwendungsbereich einschr\u00e4nkt. Insbesondere bei dynamischen Falten im Gesicht wie Stirnfalten, Kr\u00e4henf\u00fc\u00dfen und Linien zwischen den Augenbrauen liefert es wirksame Ergebnisse.<\/p>\n<p>Diese Behandlungsmethode kann sicher durchgef\u00fchrt werden und ist in der Regel schmerzlos. Es wird von einem Spezialisten mit feinen Nadeln direkt in bestimmte Muskeln injiziert. Der Eingriff ist schnell und erfordert in der Regel keine \u00f6rtliche Bet\u00e4ubung. Die Wirkung von Botox h\u00e4lt etwa drei bis sechs Monate an und kann wiederholt werden.<\/p>\n<p>Neben seinem \u00e4sthetischen Zweck hat Botox auch medizinische Anwendungen. Es kann bei der Behandlung von \u00fcberm\u00e4\u00dfigem Schwitzen (Hyperhidrose), Migr\u00e4ne, Muskelkr\u00e4mpfen und einigen neurologischen St\u00f6rungen wirksam sein. Allerdings kann Botox auch einige Nebenwirkungen haben. Vor\u00fcbergehende Reaktionen wie R\u00f6tung, Schwellung oder leichte Schmerzen an der Injektionsstelle sind h\u00e4ufig. In seltenen F\u00e4llen k\u00f6nnen schwerwiegende Nebenwirkungen wie h\u00e4ngende Augen oder vor\u00fcbergehende L\u00e4hmungen der Gesichtsmuskulatur auftreten.<\/p>\n<p>Daher gilt Botox als wichtige Behandlungsoption im \u00e4sthetischen und medizinischen Bereich. Es ist eine wirksame Methode zur Faltenreduzierung, zur F\u00f6rderung der Verj\u00fcngung und zur Behandlung bestimmter Erkrankungen. F\u00fcr jeden, der diese Behandlung in Betracht zieht, ist es wichtig, einen Spezialisten zu konsultieren und sich ausf\u00fchrlich \u00fcber die m\u00f6glichen Risiken und Vorteile zu informieren.[\/vc_column_text][\/vc_column][\/vc_row]<\/p>\n<\/section>","protected":false},"excerpt":{"rendered":"<p>[vc_row full_width=&#8220;stretch_row&#8220; woodmart_css_id=&#8220;64fa145073b11&#8243; responsive_spacing=&#8220;eyJwYXJhbV90eXBlIjoid29vZG1hcnRfcmVzcG9uc2l2ZV9zcGFjaW5nIiwic2VsZWN0b3JfaWQiOiI2NGZhMTQ1MDczYjExIiwic2hvcnRjb2RlIjoidmNfcm93IiwiZGF0YSI6eyJ0YWJsZXQiOnt9LCJtb2JpbGUiOnt9fX0=&#8220; mobile_bg_img_hidden=&#8220;no&#8220; tablet_bg_img_hidden=&#8220;no&#8220; woodmart_parallax=&#8220;0&#8243; woodmart_gradient_switch=&#8220;no&#8220; woodmart_box_shadow=&#8220;no&#8220; wd_z_index=&#8220;no&#8220; woodmart_disable_overflow=&#8220;0&#8243; row_reverse_mobile=&#8220;0&#8243; row_reverse_tablet=&#8220;0&#8243; css=&#8220;.vc_custom_1694110804020{padding-top: 20px !important;padding-bottom: 50px !important;background-color: #ffffff !important;}&#8220;<\/p>\n","protected":false},"author":1,"featured_media":0,"parent":1307,"menu_order":0,"comment_status":"closed","ping_status":"closed","template":"","meta":{"footnotes":""},"_links":{"self":[{"href":"https:\/\/docdrtugcesimsek.com\/de\/wp-json\/wp\/v2\/pages\/1308"}],"collection":[{"href":"https:\/\/docdrtugcesimsek.com\/de\/wp-json\/wp\/v2\/pages"}],"about":[{"href":"https:\/\/docdrtugcesimsek.com\/de\/wp-json\/wp\/v2\/types\/page"}],"author":[{"embeddable":true,"href":"https:\/\/docdrtugcesimsek.com\/de\/wp-json\/wp\/v2\/users\/1"}],"replies":[{"embeddable":true,"href":"https:\/\/docdrtugcesimsek.com\/de\/wp-json\/wp\/v2\/comments?post=1308"}],"version-history":[{"count":2,"href":"https:\/\/docdrtugcesimsek.com\/de\/wp-json\/wp\/v2\/pages\/1308\/revisions"}],"predecessor-version":[{"id":1315,"href":"https:\/\/docdrtugcesimsek.com\/de\/wp-json\/wp\/v2\/pages\/1308\/revisions\/1315"}],"up":[{"embeddable":true,"href":"https:\/\/docdrtugcesimsek.com\/de\/wp-json\/wp\/v2\/pages\/1307"}],"wp:attachment":[{"href":"https:\/\/docdrtugcesimsek.com\/de\/wp-json\/wp\/v2\/media?parent=1308"}],"curies":[{"name":"wp","href":"https:\/\/api.w.org\/{rel}","templated":true}]}}