{"id":1165,"date":"2023-09-06T00:24:51","date_gmt":"2023-09-06T00:24:51","guid":{"rendered":"https:\/\/docdrtugcesimsek.com\/behandlungen\/face-lift-surgeries\/"},"modified":"2023-09-26T23:49:48","modified_gmt":"2023-09-26T23:49:48","slug":"facelift-operationen","status":"publish","type":"page","link":"https:\/\/docdrtugcesimsek.com\/de\/behandlungen\/facelift-operationen\/","title":{"rendered":"Facelift Operationen"},"content":{"rendered":"<section class=\"wpb-content-wrapper\"><p>[vc_row full_width=&#8220;stretch_row&#8220; woodmart_css_id=&#8220;64fa16adba8ef&#8220; responsive_spacing=&#8220;eyJwYXJhbV90eXBlIjoid29vZG1hcnRfcmVzcG9uc2l2ZV9zcGFjaW5nIiwic2VsZWN0b3JfaWQiOiI2NGZhMTZhZGJhOGVmIiwic2hvcnRjb2RlIjoidmNfcm93IiwiZGF0YSI6eyJ0YWJsZXQiOnt9LCJtb2JpbGUiOnt9fX0=&#8220; mobile_bg_img_hidden=&#8220;no&#8220; tablet_bg_img_hidden=&#8220;no&#8220; woodmart_parallax=&#8220;0&#8243; woodmart_gradient_switch=&#8220;no&#8220; woodmart_box_shadow=&#8220;no&#8220; wd_z_index=&#8220;no&#8220; woodmart_disable_overflow=&#8220;0&#8243; row_reverse_mobile=&#8220;0&#8243; row_reverse_tablet=&#8220;0&#8243; css=&#8220;.vc_custom_1694111409877{padding-top: 20px !important;padding-bottom: 50px !important;background-color: #ffffff !important;}&#8220; el_class=&#8220;content-text-colon&#8220;][vc_column el_class=&#8220;ust-cikinti&#8220; woodmart_css_id=&#8220;64f7bac234890&#8243; parallax_scroll=&#8220;no&#8220; woodmart_sticky_column=&#8220;false&#8220; wd_collapsible_content_switcher=&#8220;no&#8220; wd_column_role_offcanvas_desktop=&#8220;no&#8220; wd_column_role_offcanvas_tablet=&#8220;no&#8220; wd_column_role_offcanvas_mobile=&#8220;no&#8220; wd_column_role_content_desktop=&#8220;no&#8220; wd_column_role_content_tablet=&#8220;no&#8220; wd_column_role_content_mobile=&#8220;no&#8220; mobile_bg_img_hidden=&#8220;no&#8220; tablet_bg_img_hidden=&#8220;no&#8220; woodmart_parallax=&#8220;0&#8243; woodmart_box_shadow=&#8220;no&#8220; responsive_spacing=&#8220;eyJwYXJhbV90eXBlIjoid29vZG1hcnRfcmVzcG9uc2l2ZV9zcGFjaW5nIiwic2VsZWN0b3JfaWQiOiI2NGY3YmFjMjM0ODkwIiwic2hvcnRjb2RlIjoidmNfY29sdW1uIiwiZGF0YSI6eyJ0YWJsZXQiOnt9LCJtb2JpbGUiOnt9fX0=&#8220; mobile_reset_margin=&#8220;no&#8220; tablet_reset_margin=&#8220;no&#8220; wd_z_index=&#8220;no&#8220; css=&#8220;.vc_custom_1693956804453{padding-top: 0px !important;}&#8220;][vc_single_image image=&#8220;698&#8243; img_size=&#8220;full&#8220; parallax_scroll=&#8220;no&#8220; woodmart_inline=&#8220;no&#8220; css=&#8220;.vc_custom_1694110356699{margin-bottom: 20px !important;}&#8220;][vc_column_text woodmart_inline=&#8220;no&#8220; text_larger=&#8220;no&#8220;]Heutzutage steigt die Nachfrage nach plastischer Chirurgie stetig und Facelift-Operationen erfreuen sich zunehmender Beliebtheit. Eine Facelift-Operation wird von vielen Menschen bevorzugt, die die Zeichen des Alterns reduzieren und ein j\u00fcngeres Aussehen erreichen m\u00f6chten. In diesem Artikel werde ich ausf\u00fchrlich \u00fcber die Vorteile, Methoden und den Genesungsprozess von Facelift-Operationen informieren.<\/p>\n<p>Facelift-Operationen zielen darauf ab, Falten und Erschlaffungen im Gesichtsbereich zu beseitigen, indem die Gesichtsmuskeln gestrafft und \u00fcbersch\u00fcssige Haut entfernt werden. Durch dieses Verfahren werden die Gesichtskonturen neu definiert und es ist m\u00f6glich, ein j\u00fcngeres Aussehen zu erzielen. Facelift-Operationen werden in der Regel umfassend durchgef\u00fchrt und umfassen Bereiche wie die Augenpartie, die Stirn und den Hals.<\/p>\n<p>Vor der Operation werden die Bed\u00fcrfnisse und Erwartungen des Patienten beurteilt. Es wird eine geeignete An\u00e4sthesiemethode ausgew\u00e4hlt und ein Operationsplan erstellt. Mit der technologischen Entwicklung haben minimalinvasive Techniken eine weite Verbreitung gefunden. Bei diesen Techniken werden kleinere Schnitte verwendet und der Heilungsprozess ist schneller.<\/p>\n<p>Der Heilungsprozess nach einer Facelift-Operation ist wichtig. Postoperative Schwellungen, Bluterg\u00fcsse und leichte Schmerzen sind normal, nehmen aber mit der Zeit ab. Damit der Heilungsprozess erfolgreich verl\u00e4uft, sollten die Anweisungen des Arztes befolgt werden und auf Ruhe Wert gelegt werden. Normalerweise k\u00f6nnen Sie innerhalb weniger Wochen zu Ihren normalen t\u00e4glichen Aktivit\u00e4ten zur\u00fcckkehren.<br \/>\nZusammenfassend l\u00e4sst sich sagen, dass Facelift-Operationen eine wirksame Option f\u00fcr diejenigen sind, die die Auswirkungen des Alterns umkehren und ein jugendlicheres Aussehen erreichen m\u00f6chten. Dieses Verfahren bietet nat\u00fcrliche und dauerhafte Ergebnisse, wenn es von einem spezialisierten Chirurgen durchgef\u00fchrt wird. Allerdings gibt es wie bei jeder Operation Risiken und daher ist es wichtig, einen Spezialisten auf diesem Gebiet zu konsultieren. Facelift-Operationen k\u00f6nnen als eine Reise in die Jugend betrachtet werden und Ihnen das junge und lebendige Aussehen Ihrer Tr\u00e4ume verleihen.<\/p>\n<h2>Was ist ein Facelift?<\/h2>\n<p>Ein Facelift ist ein plastisch-chirurgischer Eingriff zur Linderung von Alterserscheinungen und zur Erzielung eines jugendlicheren Aussehens. Dieses Verfahren reduziert Falten, indem es die Festigkeit des Gesichts erh\u00f6ht, schlaffe Haut korrigiert und die Gesichtskonturen neu definiert. Facelifts erfreuen sich im Allgemeinen bei Menschen mittleren und h\u00f6heren Alters gro\u00dfer Beliebtheit.<\/p>\n<p>Dieser Eingriff wird normalerweise unter \u00f6rtlicher Bet\u00e4ubung oder Vollnarkose durchgef\u00fchrt und kann vom Chirurgen mehrere Stunden dauern. Der Chirurg hebt die Gesichtshaut sanft an, strafft das darunter liegende Gewebe und entfernt bei Bedarf \u00fcbersch\u00fcssiges Fett und Gewebe. Anschlie\u00dfend bringt er oder sie die Haut wieder an ihren Platz und versucht, ihr ein nat\u00fcrliches und jugendliches Aussehen wiederherzustellen, indem er oder sie \u00fcbersch\u00fcssiges Material entfernt.<\/p>\n<p>Ein Facelift kann mit verschiedenen Techniken durchgef\u00fchrt werden. Dazu geh\u00f6ren Techniken wie die SMAS-Methode (Superficial Musculoaponeurotic System), Dermabrasion, Gewebekleber und Fettabsaugung. Der Chirurg w\u00e4hlt entsprechend den Bed\u00fcrfnissen und W\u00fcnschen des Patienten die am besten geeignete Methode.<\/p>\n<p>Der Heilungsprozess nach einem Facelift ist wichtig. \u00d6deme und Bluterg\u00fcsse klingen in der Regel innerhalb der ersten Wochen ab und die Narben verblassen mit der Zeit. Die Person sollte ihr Gesicht gr\u00fcndlich reinigen, es vor der Sonne sch\u00fctzen und alle vom Chirurgen empfohlenen Anweisungen befolgen.<br \/>\nZusammenfassend l\u00e4sst sich sagen, dass ein Facelift eine wirksame Option f\u00fcr Personen ist, die durch die Umkehrung der Auswirkungen des Alterns ein jugendliches und frisches Aussehen erreichen m\u00f6chten. Dieser Eingriff erfreut sich in der plastischen Chirurgie gro\u00dfer Beliebtheit und es ist wichtig, dass er von einem spezialisierten Chirurgen durchgef\u00fchrt wird. Ein Facelift kann Menschen, die ein jugendlicheres und lebendigeres Aussehen w\u00fcnschen, Selbstvertrauen und Zufriedenheit verleihen.<\/p>\n<h2>Wie wird eine Facelift-Operation durchgef\u00fchrt?<\/h2>\n<p>Eine Facelift-Operation ist ein beliebter \u00e4sthetischer Eingriff bei Menschen, die die Zeichen des Alterns reduzieren und sich verj\u00fcngen m\u00f6chten. In diesem Artikel finden Sie detaillierte Informationen zur Durchf\u00fchrung einer Facelift-Operation.<\/p>\n<p>Eine Facelift-Operation wird in der Regel unter \u00f6rtlicher Bet\u00e4ubung oder Vollnarkose durchgef\u00fchrt. Der Chirurg identifiziert zun\u00e4chst die Schnittstellen und f\u00fchrt die Planung durch. Anschlie\u00dfend werden die Haut und das Gewebe entlang dieser Einschnitte sanft angehoben. Muskeln und Bindegewebe werden neu positioniert und gestrafft. Da \u00fcbersch\u00fcssiges Fett und Haut entfernt werden, erhalten die Gesichtskonturen ein j\u00fcngeres und frischeres Aussehen.<\/p>\n<p>Bei der Operation werden Schnittnarben meist in der Kopfhaut oder hinter den Ohren versteckt, sodass sie unauff\u00e4llig sind. Der Chirurg arbeitet sorgf\u00e4ltig, um ein nat\u00fcrliches Ergebnis zu erzielen, und f\u00fchrt die gew\u00fcnschten Ver\u00e4nderungen durch, ohne die Proportionen des Gesichts zu beeintr\u00e4chtigen.<\/p>\n<p>Eine Facelift-Operation wird h\u00e4ufig in Kombination mit anderen Eingriffen in Betracht gezogen. Es kann beispielsweise mit einer Lidstraffung, einer Stirnstraffung oder Botox kombiniert werden. Dadurch wird eine Verj\u00fcngung des gesamten Gesichts erreicht.<\/p>\n<p>Der Genesungsprozess nach der Operation ist wichtig. Ihr Chirurg wird Ihnen spezifische Anweisungen geben und Ihnen sagen, worauf Sie achten m\u00fcssen, um Schwellungen zu reduzieren und Beschwerden zu minimieren. Der Heilungsprozess kann mehrere Wochen dauern und es kann einige Zeit dauern, bis die Ergebnisse sichtbar werden. Die langfristigen Ergebnisse einer Facelift-Operation sind jedoch in der Regel zufriedenstellend und hinterlassen ein j\u00fcngeres, frischeres Aussehen.<br \/>\nDaher bietet eine Facelift-Operation vielen Menschen die M\u00f6glichkeit, die Zeichen des Alterns zu beseitigen und sich zu verj\u00fcngen. Wenn dieser \u00e4sthetische Eingriff von einem professionellen Chirurgen durchgef\u00fchrt wird, ist es m\u00f6glich, nat\u00fcrliche Ergebnisse zu erzielen. Wenn Sie ein jugendliches und lebendiges Aussehen erreichen m\u00f6chten, k\u00f6nnen Sie \u00fcber eine Facelift-Operation nachdenken.<\/p>\n<h2>Wann ist eine Facelift-Operation erforderlich?<\/h2>\n<p>Eine Facelift-Operation ist eine beliebte Option f\u00fcr viele Menschen, die die Zeichen des Alterns reduzieren und ein jugendlicheres Aussehen erreichen m\u00f6chten. Allerdings kann es zu Unklarheiten dar\u00fcber kommen, wann dieser chirurgische Eingriff erforderlich ist. Es gibt bestimmte Anhaltspunkte daf\u00fcr, wann eine Facelift-Operation erforderlich ist. In diesem Artikel erkl\u00e4re ich, wann man \u00fcber eine Facelift-Operation nachdenken sollte.<\/p>\n<p>Im Allgemeinen kann eine Facelift-Operation in Betracht gezogen werden, wenn schlaffe Haut und Falten sichtbar werden. Im Laufe des Alterungsprozesses nimmt die Elastizit\u00e4t der Haut ab und es kommt zu einer Erschlaffung aufgrund der Wirkung der Schwerkraft. Ziel einer Facelift-Operation ist es, dieses Problem zu l\u00f6sen, indem die Gesichtsmuskulatur gestrafft und \u00fcbersch\u00fcssige Haut entfernt wird.<\/p>\n<p>Einige Symptome k\u00f6nnen darauf hinweisen, dass Sie eine Facelift-Operation ben\u00f6tigen. Symptome wie Tr\u00e4nens\u00e4cke um die Augen, Erschlaffung im Hals- und Kinnbereich, tiefe Kr\u00e4henf\u00fc\u00dfe oder schlaffe Wangen k\u00f6nnen Gr\u00fcnde sein, warum Sie \u00fcber eine Facelift-Operation nachdenken sollten.<\/p>\n<p>Dar\u00fcber hinaus k\u00f6nnen neben dem Alterungsprozess auch andere Faktoren die Notwendigkeit einer Facelift-Operation ausl\u00f6sen. Beispielsweise kann schlaffe Haut, die durch starken Gewichtsverlust verursacht wird, oder schlaffe Haut, die aufgrund genetischer Faktoren in jungen Jahren auftritt, ebenfalls eine Facelift-Operation erfordern.<\/p>\n<p>Daher kann eine Facelift-Operation in F\u00e4llen in Betracht gezogen werden, in denen eine Person die Zeichen des Alterns lindern und ein jugendlicheres Aussehen erreichen m\u00f6chte. Erschlafftes Gesicht, Falten und andere Anzeichen k\u00f6nnen Hinweise darauf sein, dass Sie eine Facelift-Operation ben\u00f6tigen. Allerdings ist die Situation jedes Einzelnen anders und es ist wichtig, einen Spezialisten zu konsultieren, um die am besten geeignete Behandlungsoption zu ermitteln.<\/p>\n<h2>Wie l\u00e4uft eine Facelift-Operation ab?<\/h2>\n<p>Eine Facelift-Operation ist eine beliebte Option f\u00fcr viele Menschen, die die Auswirkungen des Alterns reduzieren und sich verj\u00fcngen m\u00f6chten. Bei dieser Operation handelt es sich um einen chirurgischen Eingriff zur Korrektur von Symptomen wie Erschlaffung, Falten und Lockerung des Gesichts. Hier sind einige wichtige Details, die Sie \u00fcber den Ablauf einer Facelift-Operation wissen sollten:<\/p>\n<p>1. Beratung: Der erste Schritt ist eine Beratung durch einen erfahrenen plastischen Chirurgen. Der Chirurg wird Ihre Erwartungen beurteilen, Ihre Krankengeschichte \u00fcberpr\u00fcfen und eine Untersuchung durchf\u00fchren, um festzustellen, ob Sie f\u00fcr eine Operation geeignet sind.<\/p>\n<p>2. An\u00e4sthesie: Eine Facelift-Operation wird normalerweise unter Vollnarkose durchgef\u00fchrt, sodass Sie w\u00e4hrend der Operation schlafen und nichts sp\u00fcren.<\/p>\n<p>3. Schnitte durchf\u00fchren: Der Chirurg f\u00fchrt Schnitte entlang des Haaransatzes oder hinter dem Ohr durch. Diese Schnitte werden sorgf\u00e4ltig platziert, sodass sie sp\u00e4ter unsichtbar sind.<\/p>\n<p>4. Straffung der Haut: Der Chirurg hebt die Haut an und formt die darunter liegenden Muskeln und Gewebe neu. Dadurch wird ein Erschlaffen des Gesichts beseitigt und f\u00fcr ein jugendlicheres Aussehen gesorgt.<\/p>\n<p>5. Dehnung der Haut: Anschlie\u00dfend dehnt der Chirurg die Haut, schneidet den \u00dcberschuss ab und vern\u00e4ht ihn sorgf\u00e4ltig, um eine neue, festere Kontur zu schaffen.<\/p>\n<p>6. Heilungsprozess: Der Heilungsprozess nach der Operation ist sehr wichtig. In den ersten Tagen kann es zu Schwellungen, Bluterg\u00fcssen und leichten Schmerzen kommen. Ihr Chirurg wird Ihnen Anweisungen zum Heilungsprozess geben und die genaue Genesungszeit angeben.<\/p>\n<p>Eine Facelift-Operation ist eine wirksame Methode, um Ihrem Gesicht ein frischeres und j\u00fcngeres Aussehen zu verleihen. Allerdings birgt sie, wie jede Operation, Risiken. Daher ist es wichtig, dass Sie mit einem erfahrenen plastischen Chirurgen zusammenarbeiten. Das Verst\u00e4ndnis des Prozesses einer Facelift-Operation ist ein wichtiger Schritt, der Ihnen bei Ihrer Entscheidung hilft.<\/p>\n<h2>Leben nach einer Facelift-Operation<\/h2>\n<p>Eine Facelift-Operation ist ein beliebter \u00e4sthetischer Eingriff bei Menschen, die die Zeichen des Alterns lindern und ein jugendlicheres Aussehen erreichen m\u00f6chten. Allerdings ist die richtige Pflege und Genesung nach dieser Operation wichtig. Wenn Sie die Ver\u00e4nderungen in Ihrem Leben nach einer Facelift-Operation verstehen und geeignete Ma\u00dfnahmen ergreifen, k\u00f6nnen Sie erfolgreiche Ergebnisse erzielen.<\/p>\n<p>In der postoperativen Phase ben\u00f6tigen Sie f\u00fcr eine sanfte Genesung ausreichend Ruhe. Die Haut kann anschwellen und blaue Flecken bekommen, doch handelt es sich meist um kurzfristige Nebenwirkungen. Wenn Sie auf die Ern\u00e4hrung achten, ausreichend Fl\u00fcssigkeit zu sich nehmen und regelm\u00e4\u00dfig Sport treiben, wie von Ihrem Arzt empfohlen, k\u00f6nnen Sie Ihre Genesung beschleunigen.<\/p>\n<p>Um die Wirkung einer Facelift-Operation aufrechtzuerhalten, sollten Sie auf Ihre Hautpflege achten. Sch\u00fctzen Sie Ihre Haut mit grundlegenden Ma\u00dfnahmen wie Feuchtigkeitspflege und Sonnenschutz. Es ist au\u00dferdem wichtig, einen gesunden Lebensstil beizubehalten und das Rauchen und den Alkoholkonsum einzuschr\u00e4nken.<\/p>\n<p>In der postoperativen Phase sind regelm\u00e4\u00dfige Kontrolluntersuchungen bei Ihrem plastischen Chirurgen erforderlich. W\u00e4hrend dieser Kontrolluntersuchungen wird Ihr Arzt Ihren Heilungsprozess verfolgen und Ihnen spezifische Anweisungen geben. Es ist wichtig, sich an die gegebenen Anweisungen zu halten, um den eigenen Heilungsprozess zu beschleunigen.<\/p>\n<p>Die Ergebnisse einer Facelift-Operation sind in der Regel langlebig, der Alterungsprozess setzt sich jedoch fort. Nat\u00fcrlich kann die Elastizit\u00e4t und Festigkeit der Haut mit der Zeit nachlassen. Daher sollten Sie weiterhin einen gesunden Lebensstil pflegen, um die Wirkung zu maximieren.<\/p>\n<p>Daher ist es wichtig, nach einer Facelift-Operation einige Ver\u00e4nderungen in Ihrem Leben vorzunehmen. Wenn Sie auf den Heilungsprozess achten, auf Ihre Hautpflegeroutine achten und die Empfehlungen Ihres Arztes befolgen, werden erfolgreiche Ergebnisse gew\u00e4hrleistet. Denken Sie daran, dass der Heilungsprozess bei jedem Menschen unterschiedlich sein kann. Befolgen Sie daher am besten die Anweisungen Ihres Arztes.<\/p>\n<h2>Wird eine Facelift-Operation wiederholt?<\/h2>\n<p>Eine Facelift-Operation ist ein h\u00e4ufig bevorzugter Eingriff in der plastischen Chirurgie, um die Auswirkungen des Alterns zu reduzieren und ein jugendlicheres Aussehen zu erzielen. Viele Menschen haben jedoch Fragen, wie lange die Facelift-Operation wirksam ist und ob sie wiederholt werden kann. Hier erfahren Sie, was Sie \u00fcber die M\u00f6glichkeit eines erneuten Auftretens einer Facelift-Operation wissen m\u00fcssen.<\/p>\n<p>Bei der Facelift-Operation handelt es sich um einen Eingriff zur Korrektur von Hauterschlaffung und -erschlaffung. Bei dieser Operation wird \u00fcbersch\u00fcssiges Gewebe auf der Haut entfernt, die Gesichtsmuskulatur gestrafft und die Haut gedehnt. Dadurch erh\u00e4lt die Person ein j\u00fcngeres und frischeres Aussehen. Allerdings schreitet der Alterungsprozess mit der Zeit voran und die Haut kann wieder an Elastizit\u00e4t verlieren.<\/p>\n<p>Normalerweise ist die Wirkung einer Facelift-Operation langanhaltend und kann mehrere Jahre oder l\u00e4nger anhalten. Allerdings ist der Alterungsprozess bei jedem Menschen unterschiedlich und die Dauer des postoperativen Effekts kann unterschiedlich sein. Wenn die Zeichen des Alterns wieder auftreten, denken manche Menschen m\u00f6glicherweise erneut \u00fcber eine Facelift-Operation nach.<\/p>\n<p>Eine wiederholte Facelift-Operation ist m\u00f6glich, diese Entscheidung sollte jedoch auf individuellen Vorlieben und der Einsch\u00e4tzung des Chirurgen basieren. Es ist wichtig, gemeinsam mit Ihrem Chirurgen die Zeichen der Hautalterung zu beurteilen und einen Plan zu erstellen, wie lange Ihre Haut jung und frisch bleiben kann. In einigen F\u00e4llen k\u00f6nnen auch nicht-chirurgische Optionen wie mildere Eingriffe oder F\u00fcllstoffe in Betracht gezogen werden.<\/p>\n<p>Zusammenfassend l\u00e4sst sich sagen, dass es sich bei der Facelift-Operation um ein Verfahren zur wirksamen Bek\u00e4mpfung der Zeichen des Alterns handelt. Allerdings ist der Alterungsprozess bei jedem anders und die Dauer der Wirkung nach der Operation kann unterschiedlich sein. Wie lange die Wirkung anh\u00e4lt und ob ein erneuter Eingriff notwendig ist, h\u00e4ngt von individuellen Faktoren ab. Indem Sie mit Ihrem Chirurgen in Kontakt bleiben, k\u00f6nnen Sie die am besten geeignete Option ermitteln und ein jugendliches und frisches Aussehen bewahren.<\/p>\n<h2>Wie lange h\u00e4lt die Wirkung an?<\/h2>\n<p>Viele Menschen fragen sich, wie lange die Wirkung eines Produkts oder einer Dienstleistung anh\u00e4lt. Die Dauer der Wirkung ist f\u00fcr Verbraucher ein wichtiger Faktor und kann ihre Entscheidung beeinflussen. In diesem Artikel erfahren Sie, wie lange die Wirkung verschiedener Produkte oder Behandlungen anhalten kann.<\/p>\n<p>Eine h\u00e4ufige Frage in der Gesundheitsbranche ist, wie lange die Wirkung eines Arzneimittels anh\u00e4lt. Jedes Arzneimittel ist anders und die Wirkung kann von Person zu Person unterschiedlich sein. Einige Arzneimittel k\u00f6nnen einige Stunden lang wirksam sein, w\u00e4hrend andere Tage oder Wochen lang wirksam sein k\u00f6nnen. Beispielsweise h\u00e4lt ein Medikament zur Behandlung einer Grippe in der Regel einige Tage an, w\u00e4hrend Medikamente zur Behandlung einer chronischen Krankheit l\u00e4nger wirken k\u00f6nnen.<\/p>\n<p>Kosmetikprodukte zeichnen sich auch durch ihre Wirkungsdauer aus. Wenn wir eine Hautcreme oder ein Haarpflegeprodukt verwenden, erwarten wir oft sofortige Ergebnisse. Dieser Effekt ist jedoch oft nur vor\u00fcbergehend und erfordert m\u00f6glicherweise eine regelm\u00e4\u00dfige Anwendung. Beispielsweise kann eine Anti-Aging-Creme eine kurzfristige Wirkung auf die Haut haben, f\u00fcr langfristige Ergebnisse ist jedoch eine regelm\u00e4\u00dfige und kontinuierliche Anwendung wichtig.<\/p>\n<p>Einige Behandlungen oder Eingriffe k\u00f6nnen jedoch l\u00e4nger dauern. Beispielsweise f\u00fchren plastisch-chirurgische Eingriffe h\u00e4ufig zu langfristigen Ergebnissen. Operationen wie ein Facelift oder eine Brustvergr\u00f6\u00dferung k\u00f6nnen sich \u00fcber Jahre hinziehen.<\/p>\n<p>Auch Ern\u00e4hrungsumstellungen sind wichtig f\u00fcr die Dauer ihrer Wirkung. Bei der Befolgung eines Di\u00e4tprogramms oder Ern\u00e4hrungsmusters kann es notwendig sein, diese kontinuierlich fortzusetzen, um das gew\u00fcnschte Ergebnis zu erzielen und aufrechtzuerhalten. Damit positive Ver\u00e4nderungen im K\u00f6rper dauerhaft anhalten, sind langfristige Anstrengungen und Engagement erforderlich.<\/p>\n<p>Wie lange die Wirkung eines Produkts oder einer Behandlung anh\u00e4lt, h\u00e4ngt letztendlich von vielen Faktoren ab. Die Dauer der Wirkung kann von Person zu Person unterschiedlich sein, da die Reaktion jedes Einzelnen unterschiedlich sein kann. Bei regelm\u00e4\u00dfiger Anwendung, Pflege oder Behandlung ist es jedoch m\u00f6glicherweise besser m\u00f6glich, die gew\u00fcnschten Ergebnisse zu erzielen und aufrechtzuerhalten.[\/vc_column_text]\t\t\t<link rel=\"stylesheet\" id=\"wd-section-title-css\" href=\"https:\/\/docdrtugcesimsek.com\/wp-content\/themes\/woodmart\/css\/parts\/el-section-title.min.css?ver=7.2.4\" type=\"text\/css\" media=\"all\" \/> \t\t\t\t\t\t<link rel=\"stylesheet\" id=\"wd-mod-highlighted-text-css\" href=\"https:\/\/docdrtugcesimsek.com\/wp-content\/themes\/woodmart\/css\/parts\/mod-highlighted-text.min.css?ver=7.2.4\" type=\"text\/css\" media=\"all\" \/> \t\t\t\n\t\t<div id=\"wd-65136e17e7634\" class=\"title-wrapper wd-wpb set-mb-s reset-last-child  wd-rs-65136e17e7634 wd-title-color-default wd-title-style-default text-center  wd-underline-colored\">\n\t\t\t\n\t\t\t<div class=\"liner-continer\">\n\t\t\t\t<h4 class=\"woodmart-title-container title  wd-font-weight- wd-fontsize-l\" >VORHER NACHHER<\/h4>\n\t\t\t\t\t\t\t<\/div>\n\t\t\t\n\t\t\t\n\t\t\t\n\t\t<\/div>\n\t\t\n\t\t\t\t\t<link rel=\"stylesheet\" id=\"wd-photoswipe-css\" href=\"https:\/\/docdrtugcesimsek.com\/wp-content\/themes\/woodmart\/css\/parts\/lib-photoswipe.min.css?ver=7.2.4\" type=\"text\/css\" media=\"all\" \/> \t\t\t\t\t\t<link rel=\"stylesheet\" id=\"wd-owl-carousel-css\" href=\"https:\/\/docdrtugcesimsek.com\/wp-content\/themes\/woodmart\/css\/parts\/lib-owl-carousel.min.css?ver=7.2.4\" type=\"text\/css\" media=\"all\" \/> \t\t\t\t\t\t<link rel=\"stylesheet\" id=\"wd-image-gallery-css\" href=\"https:\/\/docdrtugcesimsek.com\/wp-content\/themes\/woodmart\/css\/parts\/el-gallery.min.css?ver=7.2.4\" type=\"text\/css\" media=\"all\" \/> \t\t\t\t\t<div id=\"gallery_583\" class=\"wd-images-gallery wd-rs-65075921abe6f wd-justify-center wd-items-middle view-carousel photoswipe-images wd-carousel-spacing-10 wd-carousel-container\" data-owl-carousel data-wrap=\"no\" data-autoplay=\"yes\" data-hide_pagination_control=\"no\" data-hide_prev_next_buttons=\"no\" data-desktop=\"3\" data-tablet_landscape=\"3\" data-tablet=\"2\" data-mobile=\"1\">\n\t\t\t<div class=\"gallery-images owl-carousel wd-owl owl-items-lg-3 owl-items-md-3 owl-items-sm-2 owl-items-xs-1\">\n\t\t\t\t\t\t\t\t\t\t\t\t\t\t\t<div class=\"wd-gallery-item\">\n\t\t\t\t\t\t\t\t\t\t\t\t\t\t<a href=\"https:\/\/docdrtugcesimsek.com\/wp-content\/uploads\/2023\/09\/before-after-scaled.jpg\" data-elementor-open-lightbox=\"no\" data-index=\"1\" data-width=\"2560\" data-height=\"2555\"  >\n\t\t\t\t\t\t\t\t\n\t\t\t\t\t\t\t\t\t\t\t\t\t\t\t\t\t<img loading=\"lazy\" decoding=\"async\" width=\"2560\" height=\"2555\" src=\"https:\/\/docdrtugcesimsek.com\/wp-content\/uploads\/2023\/09\/before-after-scaled.jpg\" class=\"wd-gallery-image image-1 attachment-full\" alt=\"\" title=\"before-after\" srcset=\"https:\/\/docdrtugcesimsek.com\/wp-content\/uploads\/2023\/09\/before-after-scaled.jpg 2560w, https:\/\/docdrtugcesimsek.com\/wp-content\/uploads\/2023\/09\/before-after-300x300.jpg 300w, https:\/\/docdrtugcesimsek.com\/wp-content\/uploads\/2023\/09\/before-after-1024x1022.jpg 1024w, https:\/\/docdrtugcesimsek.com\/wp-content\/uploads\/2023\/09\/before-after-150x150.jpg 150w, https:\/\/docdrtugcesimsek.com\/wp-content\/uploads\/2023\/09\/before-after-768x766.jpg 768w, https:\/\/docdrtugcesimsek.com\/wp-content\/uploads\/2023\/09\/before-after-1536x1533.jpg 1536w, https:\/\/docdrtugcesimsek.com\/wp-content\/uploads\/2023\/09\/before-after-2048x2044.jpg 2048w\" sizes=\"(max-width: 2560px) 100vw, 2560px\" \/>\t\t\t\t\t\t\t\t\n\n\t\t\t\t\t\t\t\t\t\t\t\t\t\t\t<\/a>\n\t\t\t\t\t\t\t\t\t\t\t\t<\/div>\n\t\t\t\t\t\t\t\t\t\t\t\t<\/div>\n\t\t<\/div>\n\t\t\t\t[vc_raw_html]JTVCaHRtbF9ibG9jayUyMGlkJTNEJTIyNTkyJTIyJTVE[\/vc_raw_html][\/vc_column][\/vc_row]<\/p>\n<\/section>","protected":false},"excerpt":{"rendered":"<p>[vc_row full_width=&#8220;stretch_row&#8220; woodmart_css_id=&#8220;64fa16adba8ef&#8220; responsive_spacing=&#8220;eyJwYXJhbV90eXBlIjoid29vZG1hcnRfcmVzcG9uc2l2ZV9zcGFjaW5nIiwic2VsZWN0b3JfaWQiOiI2NGZhMTZhZGJhOGVmIiwic2hvcnRjb2RlIjoidmNfcm93IiwiZGF0YSI6eyJ0YWJsZXQiOnt9LCJtb2JpbGUiOnt9fX0=&#8220; mobile_bg_img_hidden=&#8220;no&#8220; tablet_bg_img_hidden=&#8220;no&#8220; woodmart_parallax=&#8220;0&#8243; woodmart_gradient_switch=&#8220;no&#8220; woodmart_box_shadow=&#8220;no&#8220; wd_z_index=&#8220;no&#8220; woodmart_disable_overflow=&#8220;0&#8243; row_reverse_mobile=&#8220;0&#8243; row_reverse_tablet=&#8220;0&#8243; css=&#8220;.vc_custom_1694111409877{padding-top: 20px !important;padding-bottom: 50px !important;background-color: #ffffff !important;}&#8220;<\/p>\n","protected":false},"author":1,"featured_media":0,"parent":1101,"menu_order":0,"comment_status":"closed","ping_status":"closed","template":"","meta":{"footnotes":""},"_links":{"self":[{"href":"https:\/\/docdrtugcesimsek.com\/de\/wp-json\/wp\/v2\/pages\/1165"}],"collection":[{"href":"https:\/\/docdrtugcesimsek.com\/de\/wp-json\/wp\/v2\/pages"}],"about":[{"href":"https:\/\/docdrtugcesimsek.com\/de\/wp-json\/wp\/v2\/types\/page"}],"author":[{"embeddable":true,"href":"https:\/\/docdrtugcesimsek.com\/de\/wp-json\/wp\/v2\/users\/1"}],"replies":[{"embeddable":true,"href":"https:\/\/docdrtugcesimsek.com\/de\/wp-json\/wp\/v2\/comments?post=1165"}],"version-history":[{"count":4,"href":"https:\/\/docdrtugcesimsek.com\/de\/wp-json\/wp\/v2\/pages\/1165\/revisions"}],"predecessor-version":[{"id":1170,"href":"https:\/\/docdrtugcesimsek.com\/de\/wp-json\/wp\/v2\/pages\/1165\/revisions\/1170"}],"up":[{"embeddable":true,"href":"https:\/\/docdrtugcesimsek.com\/de\/wp-json\/wp\/v2\/pages\/1101"}],"wp:attachment":[{"href":"https:\/\/docdrtugcesimsek.com\/de\/wp-json\/wp\/v2\/media?parent=1165"}],"curies":[{"name":"wp","href":"https:\/\/api.w.org\/{rel}","templated":true}]}}