{"id":1158,"date":"2023-09-06T00:18:53","date_gmt":"2023-09-06T00:18:53","guid":{"rendered":"https:\/\/docdrtugcesimsek.com\/behandlungen\/dermapen-applications\/"},"modified":"2023-10-06T13:13:31","modified_gmt":"2023-10-06T13:13:31","slug":"dermapen-anwendungen","status":"publish","type":"page","link":"https:\/\/docdrtugcesimsek.com\/de\/behandlungen\/dermapen-anwendungen\/","title":{"rendered":"Dermapen Anwendungen"},"content":{"rendered":"<section class=\"wpb-content-wrapper\"><p>[vc_row full_width=&#8220;stretch_row&#8220; woodmart_css_id=&#8220;64fa169333f1c&#8220; responsive_spacing=&#8220;eyJwYXJhbV90eXBlIjoid29vZG1hcnRfcmVzcG9uc2l2ZV9zcGFjaW5nIiwic2VsZWN0b3JfaWQiOiI2NGZhMTY5MzMzZjFjIiwic2hvcnRjb2RlIjoidmNfcm93IiwiZGF0YSI6eyJ0YWJsZXQiOnt9LCJtb2JpbGUiOnt9fX0=&#8220; mobile_bg_img_hidden=&#8220;no&#8220; tablet_bg_img_hidden=&#8220;no&#8220; woodmart_parallax=&#8220;0&#8243; woodmart_gradient_switch=&#8220;no&#8220; woodmart_box_shadow=&#8220;no&#8220; wd_z_index=&#8220;no&#8220; woodmart_disable_overflow=&#8220;0&#8243; row_reverse_mobile=&#8220;0&#8243; row_reverse_tablet=&#8220;0&#8243; css=&#8220;.vc_custom_1694111382609{padding-top: 20px !important;padding-bottom: 50px !important;background-color: #ffffff !important;}&#8220; el_class=&#8220;content-text-colon&#8220;][vc_column el_class=&#8220;ust-cikinti&#8220; woodmart_css_id=&#8220;64f7bac234890&#8243; parallax_scroll=&#8220;no&#8220; woodmart_sticky_column=&#8220;false&#8220; wd_collapsible_content_switcher=&#8220;no&#8220; wd_column_role_offcanvas_desktop=&#8220;no&#8220; wd_column_role_offcanvas_tablet=&#8220;no&#8220; wd_column_role_offcanvas_mobile=&#8220;no&#8220; wd_column_role_content_desktop=&#8220;no&#8220; wd_column_role_content_tablet=&#8220;no&#8220; wd_column_role_content_mobile=&#8220;no&#8220; mobile_bg_img_hidden=&#8220;no&#8220; tablet_bg_img_hidden=&#8220;no&#8220; woodmart_parallax=&#8220;0&#8243; woodmart_box_shadow=&#8220;no&#8220; responsive_spacing=&#8220;eyJwYXJhbV90eXBlIjoid29vZG1hcnRfcmVzcG9uc2l2ZV9zcGFjaW5nIiwic2VsZWN0b3JfaWQiOiI2NGY3YmFjMjM0ODkwIiwic2hvcnRjb2RlIjoidmNfY29sdW1uIiwiZGF0YSI6eyJ0YWJsZXQiOnt9LCJtb2JpbGUiOnt9fX0=&#8220; mobile_reset_margin=&#8220;no&#8220; tablet_reset_margin=&#8220;no&#8220; wd_z_index=&#8220;no&#8220; css=&#8220;.vc_custom_1693956804453{padding-top: 0px !important;}&#8220;][vc_single_image image=&#8220;694&#8243; img_size=&#8220;full&#8220; parallax_scroll=&#8220;no&#8220; woodmart_inline=&#8220;no&#8220; css=&#8220;.vc_custom_1694110312055{margin-bottom: 20px !important;}&#8220;][vc_column_text woodmart_inline=&#8220;no&#8220; text_larger=&#8220;no&#8220;]Dermapen ist eine Hautpflegemethode, die in den letzten Jahren immer beliebter geworden ist. Bei dieser innovativen Technik handelt es sich um ein wirksames Verfahren mit Mikronadeln zur Behandlung von Hautproblemen und zur F\u00f6rderung der Verj\u00fcngung. Dermapen-Anwendungen bieten verschiedene Vorteile f\u00fcr die Haut und sind in vielen \u00e4sthetischen Zentren zu einer bevorzugten Behandlung geworden.<\/p>\n<p>Eine der hervorstechendsten Eigenschaften von Dermapen ist, dass es die Kollagenproduktion steigert. Die Mikronadeln dringen in die unteren Hautschichten ein, wodurch die Kollagenproduktion in der Haut angeregt wird. Kollagen erh\u00f6ht die Hautelastizit\u00e4t, reduziert feine Linien und F\u00e4ltchen und verbessert den Hautton. Die Ergebnisse einer Dermapen-Behandlung sind oft beeindruckend und f\u00fchren zu einem glatteren, j\u00fcngeren und strahlenderen Teint.<\/p>\n<p>Auch bei der Behandlung von Hautproblemen sind Dermapen-Anwendungen wirksam. Es liefert erfolgreiche Ergebnisse im Kampf gegen h\u00e4ufige Hautprobleme wie Aknenarben, Hautunreinheiten, Sonnensch\u00e4den und Hyperpigmentierung. An den Stellen, an denen die Mikronadeln auf der Haut angebracht werden, beginnt der Hautregenerationsprozess, der die Heilung von Hautl\u00e4sionen f\u00f6rdert. Dermapen verbessert das Erscheinungsbild von Problemzonen auf der Haut und sorgt f\u00fcr einen gleichm\u00e4\u00dfigeren Hautton.<\/p>\n<p>Neben dem Gesicht kann Dermapen auch an anderen K\u00f6rperstellen angewendet werden. Es kann bei der Behandlung von Dehnungsstreifen, der Reduzierung des Auftretens von Cellulite oder der Vorbeugung von Haarausfall wirksam sein. Daher kann man sagen, dass Dermapen eine vielseitige L\u00f6sung zur Hautpflege und Verj\u00fcngung ist.<\/p>\n<p>Daher sind Dermapen-Behandlungen eine wirksame Option zur Behandlung von Hautproblemen, zur Steigerung der Kollagenproduktion und zur F\u00f6rderung der Verj\u00fcngung. Mithilfe von Mikronadeln tr\u00e4gt dieses Verfahren dazu bei, Problemzonen der Haut zu verbessern und sorgt f\u00fcr ein gesundes, strahlendes Hautbild. Dermapen ist eine innovative Technik, die Sie in Ihre Hautpflegeroutine integrieren k\u00f6nnen und eine hervorragende Option zur Linderung Ihrer \u00e4sthetischen Bedenken darstellt.[\/vc_column_text][vc_raw_html]JTVCaHRtbF9ibG9jayUyMGlkJTNEJTIyNTkyJTIyJTVE[\/vc_raw_html][\/vc_column][\/vc_row]<\/p>\n<\/section>","protected":false},"excerpt":{"rendered":"<p>[vc_row full_width=&#8220;stretch_row&#8220; woodmart_css_id=&#8220;64fa169333f1c&#8220; responsive_spacing=&#8220;eyJwYXJhbV90eXBlIjoid29vZG1hcnRfcmVzcG9uc2l2ZV9zcGFjaW5nIiwic2VsZWN0b3JfaWQiOiI2NGZhMTY5MzMzZjFjIiwic2hvcnRjb2RlIjoidmNfcm93IiwiZGF0YSI6eyJ0YWJsZXQiOnt9LCJtb2JpbGUiOnt9fX0=&#8220; mobile_bg_img_hidden=&#8220;no&#8220; tablet_bg_img_hidden=&#8220;no&#8220; woodmart_parallax=&#8220;0&#8243; woodmart_gradient_switch=&#8220;no&#8220; woodmart_box_shadow=&#8220;no&#8220; wd_z_index=&#8220;no&#8220; woodmart_disable_overflow=&#8220;0&#8243; row_reverse_mobile=&#8220;0&#8243; row_reverse_tablet=&#8220;0&#8243; css=&#8220;.vc_custom_1694111382609{padding-top: 20px !important;padding-bottom: 50px !important;background-color: #ffffff !important;}&#8220;<\/p>\n","protected":false},"author":1,"featured_media":0,"parent":1101,"menu_order":0,"comment_status":"closed","ping_status":"closed","template":"","meta":{"footnotes":""},"_links":{"self":[{"href":"https:\/\/docdrtugcesimsek.com\/de\/wp-json\/wp\/v2\/pages\/1158"}],"collection":[{"href":"https:\/\/docdrtugcesimsek.com\/de\/wp-json\/wp\/v2\/pages"}],"about":[{"href":"https:\/\/docdrtugcesimsek.com\/de\/wp-json\/wp\/v2\/types\/page"}],"author":[{"embeddable":true,"href":"https:\/\/docdrtugcesimsek.com\/de\/wp-json\/wp\/v2\/users\/1"}],"replies":[{"embeddable":true,"href":"https:\/\/docdrtugcesimsek.com\/de\/wp-json\/wp\/v2\/comments?post=1158"}],"version-history":[{"count":3,"href":"https:\/\/docdrtugcesimsek.com\/de\/wp-json\/wp\/v2\/pages\/1158\/revisions"}],"predecessor-version":[{"id":1325,"href":"https:\/\/docdrtugcesimsek.com\/de\/wp-json\/wp\/v2\/pages\/1158\/revisions\/1325"}],"up":[{"embeddable":true,"href":"https:\/\/docdrtugcesimsek.com\/de\/wp-json\/wp\/v2\/pages\/1101"}],"wp:attachment":[{"href":"https:\/\/docdrtugcesimsek.com\/de\/wp-json\/wp\/v2\/media?parent=1158"}],"curies":[{"name":"wp","href":"https:\/\/api.w.org\/{rel}","templated":true}]}}