{"id":1154,"date":"2023-09-06T00:17:57","date_gmt":"2023-09-06T00:17:57","guid":{"rendered":"https:\/\/docdrtugcesimsek.com\/behandlungen\/facial-fat-injection\/"},"modified":"2023-09-26T23:42:48","modified_gmt":"2023-09-26T23:42:48","slug":"gesichtsfettinjektion","status":"publish","type":"page","link":"https:\/\/docdrtugcesimsek.com\/de\/behandlungen\/gesichtsfettinjektion\/","title":{"rendered":"Gesichtsfettinjektion"},"content":{"rendered":"<section class=\"wpb-content-wrapper\"><p>[vc_row full_width=&#8220;stretch_row&#8220; woodmart_css_id=&#8220;64fa16850ec89&#8243; responsive_spacing=&#8220;eyJwYXJhbV90eXBlIjoid29vZG1hcnRfcmVzcG9uc2l2ZV9zcGFjaW5nIiwic2VsZWN0b3JfaWQiOiI2NGZhMTY4NTBlYzg5Iiwic2hvcnRjb2RlIjoidmNfcm93IiwiZGF0YSI6eyJ0YWJsZXQiOnt9LCJtb2JpbGUiOnt9fX0=&#8220; mobile_bg_img_hidden=&#8220;no&#8220; tablet_bg_img_hidden=&#8220;no&#8220; woodmart_parallax=&#8220;0&#8243; woodmart_gradient_switch=&#8220;no&#8220; woodmart_box_shadow=&#8220;no&#8220; wd_z_index=&#8220;no&#8220; woodmart_disable_overflow=&#8220;0&#8243; row_reverse_mobile=&#8220;0&#8243; row_reverse_tablet=&#8220;0&#8243; css=&#8220;.vc_custom_1694111370777{padding-top: 20px !important;padding-bottom: 50px !important;background-color: #ffffff !important;}&#8220; el_class=&#8220;content-text-colon&#8220;][vc_column el_class=&#8220;ust-cikinti&#8220; woodmart_css_id=&#8220;64f7bac234890&#8243; parallax_scroll=&#8220;no&#8220; woodmart_sticky_column=&#8220;false&#8220; wd_collapsible_content_switcher=&#8220;no&#8220; wd_column_role_offcanvas_desktop=&#8220;no&#8220; wd_column_role_offcanvas_tablet=&#8220;no&#8220; wd_column_role_offcanvas_mobile=&#8220;no&#8220; wd_column_role_content_desktop=&#8220;no&#8220; wd_column_role_content_tablet=&#8220;no&#8220; wd_column_role_content_mobile=&#8220;no&#8220; mobile_bg_img_hidden=&#8220;no&#8220; tablet_bg_img_hidden=&#8220;no&#8220; woodmart_parallax=&#8220;0&#8243; woodmart_box_shadow=&#8220;no&#8220; responsive_spacing=&#8220;eyJwYXJhbV90eXBlIjoid29vZG1hcnRfcmVzcG9uc2l2ZV9zcGFjaW5nIiwic2VsZWN0b3JfaWQiOiI2NGY3YmFjMjM0ODkwIiwic2hvcnRjb2RlIjoidmNfY29sdW1uIiwiZGF0YSI6eyJ0YWJsZXQiOnt9LCJtb2JpbGUiOnt9fX0=&#8220; mobile_reset_margin=&#8220;no&#8220; tablet_reset_margin=&#8220;no&#8220; wd_z_index=&#8220;no&#8220; css=&#8220;.vc_custom_1693956804453{padding-top: 0px !important;}&#8220;][vc_single_image image=&#8220;691&#8243; img_size=&#8220;full&#8220; parallax_scroll=&#8220;no&#8220; woodmart_inline=&#8220;no&#8220; css=&#8220;.vc_custom_1694110290925{margin-bottom: 20px !important;}&#8220;][vc_column_text woodmart_inline=&#8220;no&#8220; text_larger=&#8220;no&#8220;]Die Fettinjektion ist eine Technik, die als \u00e4sthetisches Verfahren eingesetzt wird. Bei diesem Verfahren wird Fettgewebe aus einem anderen K\u00f6rperteil an den Stellen injiziert, an denen es ben\u00f6tigt wird. Sein Zweck besteht darin, Bereiche mit Volumenverlust aufzuf\u00fcllen, Falten zu beseitigen oder die K\u00f6rperkontur zu verbessern.<\/p>\n<p>Diese Methode wird h\u00e4ufig in F\u00e4llen bevorzugt, in denen F\u00fcllstoffe nicht verwendet werden k\u00f6nnen. Eine Fettinjektion, die insbesondere in Bereichen wie Gesicht, Brust, Ges\u00e4\u00df und H\u00e4nden angewendet werden kann, sorgt f\u00fcr nat\u00fcrliche und langanhaltende Ergebnisse.<\/p>\n<p>Die Fettinjektion wird in der Regel unter \u00f6rtlicher Bet\u00e4ubung durchgef\u00fchrt. Zun\u00e4chst wird Fett an einer anderen Stelle des K\u00f6rpers mit einer Technik namens Fettabsaugung entfernt. Dies ist normalerweise der Bauch, die Taille oder die Oberschenkel. Anschlie\u00dfend wird das Fett sterilisiert und f\u00fcr die Injektion vorbereitet.<\/p>\n<p>Durch kleine Nadeln wird Fett in die Injektionsstelle injiziert. Der Arzt kann das eingespritzte Fett formen und die gew\u00fcnschte Kontur erzeugen. Der Eingriff ist in der Regel in kurzer Zeit abgeschlossen und der Patient kann noch am selben Tag entlassen werden.<\/p>\n<p>Einer der Vorteile der Fettinjektion besteht darin, dass das bei der Operation verwendete Material vom K\u00f6rper gut angenommen wird. Da dieses Fettgewebe k\u00f6rpereigenen Ursprungs ist, ist das Risiko einer allergischen Reaktion gering. Dar\u00fcber hinaus sind die Ergebnisse nat\u00fcrlich und langanhaltend und es sind keine wiederholten Eingriffe erforderlich.<\/p>\n<p>Allerdings birgt die Fettinjektion, wie jeder \u00e4sthetische Eingriff, einige Risiken. Komplikationen wie Infektionen, Blutungen, Asymmetrie oder unzureichende Fettaufnahme sind selten, aber m\u00f6glich. Daher ist es wichtig, einen erfahrenen Arzt f\u00fcr die Durchf\u00fchrung des Eingriffs zu w\u00e4hlen.<\/p>\n<p>Daher ist die Fettinjektion eine wirksame Methode f\u00fcr \u00e4sthetische Zwecke. Es ist m\u00f6glich, ein volleres und j\u00fcngeres Aussehen zu erreichen, indem man die Bereiche des K\u00f6rpers auff\u00fcllt, denen es an Volumen mangelt. Es ist jedoch wichtig, vor jedem \u00e4sthetischen Eingriff eine detaillierte Beurteilung mit dem Arzt vorzunehmen und die Erwartungen abzukl\u00e4ren.<\/p>\n<h2>In welchen Situationen wird eine Fettinjektion angewendet?<\/h2>\n<p>Die Fettinjektion ist ein Verfahren, das h\u00e4ufig in der \u00e4sthetischen und rekonstruktiven Chirurgie eingesetzt wird. Bei dieser Methode wird dem K\u00f6rper entnommenes Fettgewebe an einer anderen Stelle injiziert. Eine Fettinjektion kann in verschiedenen Situationen eingesetzt werden und kann zur \u00e4sthetischen Zufriedenheit oder zum Ausgleich von Gewebeverlust bevorzugt werden.<\/p>\n<p>Eines der Hauptziele ist die Beseitigung der Zeichen der Hautalterung im Gesicht. Mit zunehmendem Alter kommt es zu einer Erschlaffung und Faltenbildung auf der Haut. Durch eine Fettinjektion kann dann die F\u00fclle des Gesichts wiederhergestellt und Falten gemindert werden. Es kann auch verwendet werden, um die Lippen aufzupolstern oder die Wangenknochen zu definieren.<\/p>\n<p>Zusammenfassend l\u00e4sst sich sagen, dass die Fettunterspritzung eine wirksame Behandlungsmethode ist, die in verschiedenen Situationen angewendet werden kann. Bei \u00e4sthetischen Zwecken sorgt es f\u00fcr ein junges und pralles Aussehen, w\u00e4hrend es bei der rekonstruktiven Chirurgie f\u00fcr eine vor\u00fcbergehende oder dauerhafte F\u00fclle sorgt, um das verlorene Gewebe zu ersetzen. Es ist auch eine bevorzugte Methode bei sexuellen \u00e4sthetischen Operationen. Es ist jedoch wichtig, die Eignung f\u00fcr jeden Patienten zu beurteilen und von einem erfahrenen plastischen Chirurgen durchf\u00fchren zu lassen.<\/p>\n<h2>Wie wird die Gesichtsfettinjektion angewendet?<\/h2>\n<p>Die Unterspritzung von Gesichtsfett ist ein \u00e4sthetischer Eingriff und dient der Wiederherstellung des Volumens, der Faltenreduzierung oder der Narbenheilung im Gesicht. Bei diesem Verfahren werden \u00fcbersch\u00fcssige Fettzellen aus dem K\u00f6rper der Person entfernt und in bestimmte Bereiche injiziert. Die Fettinjektion im Gesicht gilt als minimalinvasiver Eingriff und wird in der Regel unter \u00f6rtlicher Bet\u00e4ubung durchgef\u00fchrt.<\/p>\n<p>Zun\u00e4chst wird die Entnahmestelle f\u00fcr die Fettinjektion identifiziert. Dies kann in der Regel der Bauch, das Ges\u00e4\u00df oder die Oberschenkel sein. Mit einem Verfahren namens Fettabsaugung wird Fett aus dem Spenderbereich entfernt. Bei der Fettabsaugung werden die Fettzellen durch kleine Schnitte abgesaugt. Das absorbierte Fett wird dann verarbeitet und gereinigt und durch eine por\u00f6se Injektionsnadel oder -kan\u00fcle in das Gesicht injiziert.<\/p>\n<p>Der Injektionsvorgang wird an den Problemzonen im Gesicht durchgef\u00fchrt. Zu diesen Bereichen k\u00f6nnen Wangen, Lippen, Kinn und unter den Augen geh\u00f6ren. Der Arzt f\u00fchrt die Injektion pr\u00e4zise durch, um die Menge, Verteilung und Tiefe des Fetts zu kontrollieren. Auf diese Weise werden Gesichtskonturen neu geformt und f\u00fcr die Wiederherstellung jugendlicher F\u00fclle genutzt.<\/p>\n<p>Die Gesichtsfettinjektion dauert in der Regel einige Stunden und der Patient kann noch am selben Tag entlassen werden. Nach dem Eingriff k\u00f6nnen einige vor\u00fcbergehende Nebenwirkungen auftreten, darunter Schwellungen, Bluterg\u00fcsse und leichte Beschwerden. Die meisten Menschen erholen sich jedoch schnell und k\u00f6nnen in kurzer Zeit zu normalen Alltagsaktivit\u00e4ten zur\u00fcckkehren.<\/p>\n<p>Daher ist die Fettinjektion ins Gesicht eine weit verbreitete Methode aus \u00e4sthetischen Gr\u00fcnden. Dieses Verfahren kann Menschen helfen, die eine nat\u00fcrliche F\u00fclle und ein jugendliches Aussehen erreichen m\u00f6chten. Der Eingriff sollte von einem erfahrenen Arzt durchgef\u00fchrt werden und f\u00fcr jeden Patienten sollte ein individueller Ansatz verfolgt werden. Es ist zu bedenken, dass die Gesichtsfettinjektion dauerhafte Folgen hat und die m\u00f6glichen Risiken und Vorteile abgewogen werden sollten.<\/p>\n<h2>Welche Auswirkungen hat eine Gesichtsfettinjektion?<\/h2>\n<p>Die Unterspritzung von Gesichtsfett ist ein Verfahren, das in der plastischen Chirurgie in letzter Zeit an Popularit\u00e4t gewonnen hat[\/vc_column_text][vc_raw_html]JTVCaHRtbF9ibG9jayUyMGlkJTNEJTIyNTkyJTIyJTVE[\/vc_raw_html][\/vc_column][\/vc_row]<\/p>\n<\/section>","protected":false},"excerpt":{"rendered":"<p>[vc_row full_width=&#8220;stretch_row&#8220; woodmart_css_id=&#8220;64fa16850ec89&#8243; responsive_spacing=&#8220;eyJwYXJhbV90eXBlIjoid29vZG1hcnRfcmVzcG9uc2l2ZV9zcGFjaW5nIiwic2VsZWN0b3JfaWQiOiI2NGZhMTY4NTBlYzg5Iiwic2hvcnRjb2RlIjoidmNfcm93IiwiZGF0YSI6eyJ0YWJsZXQiOnt9LCJtb2JpbGUiOnt9fX0=&#8220; mobile_bg_img_hidden=&#8220;no&#8220; tablet_bg_img_hidden=&#8220;no&#8220; woodmart_parallax=&#8220;0&#8243; woodmart_gradient_switch=&#8220;no&#8220; woodmart_box_shadow=&#8220;no&#8220; wd_z_index=&#8220;no&#8220; woodmart_disable_overflow=&#8220;0&#8243; row_reverse_mobile=&#8220;0&#8243; row_reverse_tablet=&#8220;0&#8243; css=&#8220;.vc_custom_1694111370777{padding-top: 20px !important;padding-bottom: 50px !important;background-color: #ffffff !important;}&#8220;<\/p>\n","protected":false},"author":1,"featured_media":0,"parent":1101,"menu_order":0,"comment_status":"closed","ping_status":"closed","template":"","meta":{"footnotes":""},"_links":{"self":[{"href":"https:\/\/docdrtugcesimsek.com\/de\/wp-json\/wp\/v2\/pages\/1154"}],"collection":[{"href":"https:\/\/docdrtugcesimsek.com\/de\/wp-json\/wp\/v2\/pages"}],"about":[{"href":"https:\/\/docdrtugcesimsek.com\/de\/wp-json\/wp\/v2\/types\/page"}],"author":[{"embeddable":true,"href":"https:\/\/docdrtugcesimsek.com\/de\/wp-json\/wp\/v2\/users\/1"}],"replies":[{"embeddable":true,"href":"https:\/\/docdrtugcesimsek.com\/de\/wp-json\/wp\/v2\/comments?post=1154"}],"version-history":[{"count":2,"href":"https:\/\/docdrtugcesimsek.com\/de\/wp-json\/wp\/v2\/pages\/1154\/revisions"}],"predecessor-version":[{"id":1156,"href":"https:\/\/docdrtugcesimsek.com\/de\/wp-json\/wp\/v2\/pages\/1154\/revisions\/1156"}],"up":[{"embeddable":true,"href":"https:\/\/docdrtugcesimsek.com\/de\/wp-json\/wp\/v2\/pages\/1101"}],"wp:attachment":[{"href":"https:\/\/docdrtugcesimsek.com\/de\/wp-json\/wp\/v2\/media?parent=1154"}],"curies":[{"name":"wp","href":"https:\/\/api.w.org\/{rel}","templated":true}]}}