{"id":1151,"date":"2023-09-06T00:16:56","date_gmt":"2023-09-06T00:16:56","guid":{"rendered":"https:\/\/docdrtugcesimsek.com\/behandlungen\/vaser-liposuction\/"},"modified":"2023-10-02T19:26:28","modified_gmt":"2023-10-02T19:26:28","slug":"vaser-fettabsaugung","status":"publish","type":"page","link":"https:\/\/docdrtugcesimsek.com\/de\/behandlungen\/vaser-fettabsaugung\/","title":{"rendered":"Vaser Fettabsaugung"},"content":{"rendered":"<section class=\"wpb-content-wrapper\"><p>[vc_row full_width=&#8220;stretch_row&#8220; woodmart_css_id=&#8220;64fa1674b3cfd&#8220; responsive_spacing=&#8220;eyJwYXJhbV90eXBlIjoid29vZG1hcnRfcmVzcG9uc2l2ZV9zcGFjaW5nIiwic2VsZWN0b3JfaWQiOiI2NGZhMTY3NGIzY2ZkIiwic2hvcnRjb2RlIjoidmNfcm93IiwiZGF0YSI6eyJ0YWJsZXQiOnt9LCJtb2JpbGUiOnt9fX0=&#8220; mobile_bg_img_hidden=&#8220;no&#8220; tablet_bg_img_hidden=&#8220;no&#8220; woodmart_parallax=&#8220;0&#8243; woodmart_gradient_switch=&#8220;no&#8220; woodmart_box_shadow=&#8220;no&#8220; wd_z_index=&#8220;no&#8220; woodmart_disable_overflow=&#8220;0&#8243; row_reverse_mobile=&#8220;0&#8243; row_reverse_tablet=&#8220;0&#8243; css=&#8220;.vc_custom_1694111353443{padding-top: 20px !important;padding-bottom: 50px !important;background-color: #ffffff !important;}&#8220; el_class=&#8220;content-text-colon&#8220;][vc_column el_class=&#8220;ust-cikinti&#8220; woodmart_css_id=&#8220;64f7bac234890&#8243; parallax_scroll=&#8220;no&#8220; woodmart_sticky_column=&#8220;false&#8220; wd_collapsible_content_switcher=&#8220;no&#8220; wd_column_role_offcanvas_desktop=&#8220;no&#8220; wd_column_role_offcanvas_tablet=&#8220;no&#8220; wd_column_role_offcanvas_mobile=&#8220;no&#8220; wd_column_role_content_desktop=&#8220;no&#8220; wd_column_role_content_tablet=&#8220;no&#8220; wd_column_role_content_mobile=&#8220;no&#8220; mobile_bg_img_hidden=&#8220;no&#8220; tablet_bg_img_hidden=&#8220;no&#8220; woodmart_parallax=&#8220;0&#8243; woodmart_box_shadow=&#8220;no&#8220; responsive_spacing=&#8220;eyJwYXJhbV90eXBlIjoid29vZG1hcnRfcmVzcG9uc2l2ZV9zcGFjaW5nIiwic2VsZWN0b3JfaWQiOiI2NGY3YmFjMjM0ODkwIiwic2hvcnRjb2RlIjoidmNfY29sdW1uIiwiZGF0YSI6eyJ0YWJsZXQiOnt9LCJtb2JpbGUiOnt9fX0=&#8220; mobile_reset_margin=&#8220;no&#8220; tablet_reset_margin=&#8220;no&#8220; wd_z_index=&#8220;no&#8220; css=&#8220;.vc_custom_1693956804453{padding-top: 0px !important;}&#8220;][vc_single_image image=&#8220;1195&#8243; img_size=&#8220;full&#8220; parallax_scroll=&#8220;no&#8220; woodmart_inline=&#8220;no&#8220; css=&#8220;.vc_custom_1696274786975{margin-bottom: 20px !important;}&#8220;][vc_column_text woodmart_inline=&#8220;no&#8220; text_larger=&#8220;no&#8220;]Die Vaser-Fettabsaugung ist eine Fettentfernungsmethode, die im Bereich der \u00e4sthetischen Chirurgie immer beliebter wird. Bei dieser Technik handelt es sich um ein minimalinvasives Verfahren, das auf unerw\u00fcnschte Fettablagerungen im K\u00f6rper abzielt. Die Vaser-Fettabsaugung zielt mithilfe von Schallwellen auf Fettgewebe ab und erm\u00f6glicht so pr\u00e4zisere Ergebnisse.<\/p>\n<p>Diese innovative Methode bietet viele Vorteile gegen\u00fcber der herk\u00f6mmlichen Fettabsaugung. Die Vaser-Fettabsaugung kann unter \u00f6rtlicher Bet\u00e4ubung durchgef\u00fchrt werden und erm\u00f6glicht in der Regel eine Entlassung am selben Tag. Dadurch versp\u00fcren die Patienten weniger Beschwerden und der Genesungsprozess beschleunigt sich.<\/p>\n<p>Das hervorstechendste Merkmal der Vaser-Fettabsaugung ist, dass sie gezielt auf Fettzellen abzielt. Schallwellen durchbrechen die Membran der Fettzellen und verfl\u00fcssigen das darin befindliche Fett. Auf diese Weise wird das Fettgewebe leicht resorbierbar und sch\u00e4digt das umliegende Gewebe nur minimal. Dar\u00fcber hinaus wird bei diesem Eingriff Ultraschallenergie eingesetzt, um die Hautelastizit\u00e4t zu erh\u00f6hen, was zu einem strafferen und konturierteren Erscheinungsbild f\u00fchrt.<\/p>\n<p>Mit der Vaser-Fettabsaugung k\u00f6nnen Fettansammlungen an verschiedenen Stellen entfernt werden. Es ist m\u00f6glich, hartn\u00e4ckiges Fett in Bereichen wie Bauch, Taille, H\u00fcfte, Oberschenkel, Knieinnenseiten und R\u00fccken zu entfernen. Diese Methode wird h\u00e4ufig auch in Kombination mit Operationen zur K\u00f6rperformung eingesetzt.<\/p>\n<p>Daher wird die Vaser-Fettabsaugung als sichere und wirksame Methode zur Fettentfernung bevorzugt. Diese Technik, bei der Schallwellen gezielt auf Fettzellen wirken, zeichnet sich durch einen minimalinvasiven Eingriff und einen schnelleren Heilungsprozess aus. Wenn Ihr Ziel darin besteht, unerw\u00fcnschte Fettablagerungen loszuwerden und ein konturierteres Aussehen zu erreichen, k\u00f6nnte die Vaser-Fettabsaugung eine geeignete Option f\u00fcr Sie sein. Wie bei jedem \u00e4sthetischen Eingriff ist es jedoch wichtig, einen Facharzt zu konsultieren.<\/p>\n<h2>Ist die Vaser-Fettabsaugung dauerhaft?<\/h2>\n<p>Die Vaser-Fettabsaugung ist heute ein beliebtes Verfahren der plastischen Chirurgie. Bei dieser Technik handelt es sich um eine Fettabsaugungsmethode, bei der mithilfe von Ultraschallenergie unerw\u00fcnschtes Fett aus dem K\u00f6rper entfernt wird. Liefert die Vaser-Fettabsaugung dauerhafte Ergebnisse? Hier finden Sie weitere Informationen dazu.<\/p>\n<p>Bei der Vaser-Fettabsaugung werden Schallwellen gezielt auf Fettzellen angewendet. Dadurch k\u00f6nnen Fettzellen pr\u00e4ziser entfernt werden als mit anderen herk\u00f6mmlichen Methoden der Fettabsaugung. Bei der Vaser-Fettabsaugung wird das Fettgewebe effektiv abgebaut und anschlie\u00dfend absorbiert und aus dem K\u00f6rper entfernt. Dadurch kann eine ausgepr\u00e4gtere K\u00f6rperformung erreicht werden.<\/p>\n<p>Im Hinblick auf die Dauerhaftigkeit k\u00f6nnen die Ergebnisse einer Vaser-Fettabsaugung von langer Dauer sein. Ziel des Eingriffs ist die Reduzierung von Fettzellen und die Verbesserung der K\u00f6rperkonturen. Wichtig ist jedoch, einen gesunden Lebensstil beizubehalten. Regelm\u00e4\u00dfige Bewegung und gesunde Ern\u00e4hrung tragen dazu bei, dass die Ergebnisse der Vaser-Fettabsaugung dauerhaft sind. Fettzellen k\u00f6nnen nachwachsen, die Neubildung von Fettzellen nach dem Eingriff ist jedoch geringer. Eine sorgf\u00e4ltig befolgte Ern\u00e4hrung und Lebensweise k\u00f6nnen jedoch die Langlebigkeit der erzielten Ergebnisse erh\u00f6hen.<\/p>\n<p>Die Vaser-Fettabsaugung ist eine wirksame Option zur K\u00f6rperformung, indem sie auf regionale Fettdepots abzielt. Allerdings birgt er, wie jeder chirurgische Eingriff, auch Risiken. W\u00e4hrend des Eingriffs kann es zu Komplikationen oder Infektionen kommen. Daher ist es f\u00fcr Personen, die \u00fcber diesen Eingriff nachdenken, wichtig, zun\u00e4chst einen erfahrenen plastischen Chirurgen zu konsultieren.<\/p>\n<p>Zusammenfassend l\u00e4sst sich sagen, dass es sich bei der Vaser-Fettabsaugung um eine Methode handelt, die darauf abzielt, eine bestimmte Menge Fettgewebe \u00fcber einen l\u00e4ngeren Zeitraum zu entfernen. F\u00fcr dauerhafte Ergebnisse ist es wichtig, einen gesunden Lebensstil zu pflegen und regelm\u00e4\u00dfig Sport zu treiben. Um die besten Ergebnisse zu erzielen und die potenziellen Risiken zu verstehen, ist es wichtig, einen Spezialisten zu konsultieren und sich einer ordnungsgem\u00e4\u00dfen Beurteilung zu unterziehen. Denken Sie daran, dass die K\u00f6rperreaktion jedes Einzelnen unterschiedlich sein kann und daher ein individueller Ansatz erforderlich ist.<\/p>\n<h2>Was sind die Vorteile der Vaser-Fettabsaugung?<\/h2>\n<p>Die Vaser-Fettabsaugung ist eine Methode, die bei K\u00f6rperformungs- und Fettentfernungsoperationen immer beliebter wird. Diese Technik unterscheidet sich von der herk\u00f6mmlichen Fettabsaugung durch viele Vorteile. Die Hauptvorteile der Vaser-Fettabsaugung sind:<\/p>\n<p>Pr\u00e4zisere und effektivere Fettentfernung: Die Vaser-Fettabsaugung zielt mithilfe von Ultraschallwellen auf Fettzellen ab. Diese Methode l\u00f6st unerw\u00fcnschte Fettablagerungen effektiv auf und verursacht dabei nur minimale Gewebesch\u00e4den. Au\u00dferdem kann der Chirurg dadurch pr\u00e4ziser arbeiten und so leichter die gew\u00fcnschten Ergebnisse erzielen.<br \/>\nSchnellerer Genesungsprozess: Im Vergleich zu herk\u00f6mmlichen Fettabsaugungsoperationen verursacht die Vaser-Fettabsaugung weniger Traumata. Da Ultraschallenergie selektiv auf Fettgewebe abzielt, verursacht sie nur minimale Sch\u00e4den am umliegenden Gewebe. Dies beschleunigt den Heilungsprozess und verringert die Beschwerden des Patienten.<br \/>\nWeniger Bluterg\u00fcsse und Schwellungen: Der pr\u00e4zise Fettabsaugvorgang der Vaser-Fettabsaugung hat weniger Auswirkungen auf die Blutgef\u00e4\u00dfe unter der Haut. Dies verringert die Wahrscheinlichkeit von Bluterg\u00fcssen und Schwellungen. Patienten versp\u00fcren nach der Operation in der Regel weniger Schmerzen und Beschwerden.<br \/>\nHautstraffung und Konturverbesserung: Die Vaser-Fettabsaugung entfernt nicht nur Fett, sondern strafft auch die Haut. Ultraschallenergie erh\u00f6ht die Kollagenproduktion und verleiht der Haut Elastizit\u00e4t[\/vc_column_text][vc_raw_html]JTVCaHRtbF9ibG9jayUyMGlkJTNEJTIyNTkyJTIyJTVE[\/vc_raw_html][\/vc_column][\/vc_row]<\/p>\n<\/section>","protected":false},"excerpt":{"rendered":"<p>[vc_row full_width=&#8220;stretch_row&#8220; woodmart_css_id=&#8220;64fa1674b3cfd&#8220; responsive_spacing=&#8220;eyJwYXJhbV90eXBlIjoid29vZG1hcnRfcmVzcG9uc2l2ZV9zcGFjaW5nIiwic2VsZWN0b3JfaWQiOiI2NGZhMTY3NGIzY2ZkIiwic2hvcnRjb2RlIjoidmNfcm93IiwiZGF0YSI6eyJ0YWJsZXQiOnt9LCJtb2JpbGUiOnt9fX0=&#8220; mobile_bg_img_hidden=&#8220;no&#8220; tablet_bg_img_hidden=&#8220;no&#8220; woodmart_parallax=&#8220;0&#8243; woodmart_gradient_switch=&#8220;no&#8220; woodmart_box_shadow=&#8220;no&#8220; wd_z_index=&#8220;no&#8220; woodmart_disable_overflow=&#8220;0&#8243; row_reverse_mobile=&#8220;0&#8243; row_reverse_tablet=&#8220;0&#8243; css=&#8220;.vc_custom_1694111353443{padding-top: 20px !important;padding-bottom: 50px !important;background-color: #ffffff !important;}&#8220;<\/p>\n","protected":false},"author":1,"featured_media":0,"parent":1101,"menu_order":0,"comment_status":"closed","ping_status":"closed","template":"","meta":{"footnotes":""},"_links":{"self":[{"href":"https:\/\/docdrtugcesimsek.com\/de\/wp-json\/wp\/v2\/pages\/1151"}],"collection":[{"href":"https:\/\/docdrtugcesimsek.com\/de\/wp-json\/wp\/v2\/pages"}],"about":[{"href":"https:\/\/docdrtugcesimsek.com\/de\/wp-json\/wp\/v2\/types\/page"}],"author":[{"embeddable":true,"href":"https:\/\/docdrtugcesimsek.com\/de\/wp-json\/wp\/v2\/users\/1"}],"replies":[{"embeddable":true,"href":"https:\/\/docdrtugcesimsek.com\/de\/wp-json\/wp\/v2\/comments?post=1151"}],"version-history":[{"count":3,"href":"https:\/\/docdrtugcesimsek.com\/de\/wp-json\/wp\/v2\/pages\/1151\/revisions"}],"predecessor-version":[{"id":1199,"href":"https:\/\/docdrtugcesimsek.com\/de\/wp-json\/wp\/v2\/pages\/1151\/revisions\/1199"}],"up":[{"embeddable":true,"href":"https:\/\/docdrtugcesimsek.com\/de\/wp-json\/wp\/v2\/pages\/1101"}],"wp:attachment":[{"href":"https:\/\/docdrtugcesimsek.com\/de\/wp-json\/wp\/v2\/media?parent=1151"}],"curies":[{"name":"wp","href":"https:\/\/api.w.org\/{rel}","templated":true}]}}