{"id":1146,"date":"2023-09-06T00:14:06","date_gmt":"2023-09-06T00:14:06","guid":{"rendered":"https:\/\/docdrtugcesimsek.com\/behandlungen\/chin-aesthetics-mentoplasty\/"},"modified":"2023-09-26T23:38:58","modified_gmt":"2023-09-26T23:38:58","slug":"kinnaesthetik-mentoplastik","status":"publish","type":"page","link":"https:\/\/docdrtugcesimsek.com\/de\/behandlungen\/kinnaesthetik-mentoplastik\/","title":{"rendered":"Kinn\u00e4sthetik (Mentoplastik)"},"content":{"rendered":"<section class=\"wpb-content-wrapper\"><p>[vc_row full_width=&#8220;stretch_row&#8220; woodmart_css_id=&#8220;64fa145073b11&#8243; responsive_spacing=&#8220;eyJwYXJhbV90eXBlIjoid29vZG1hcnRfcmVzcG9uc2l2ZV9zcGFjaW5nIiwic2VsZWN0b3JfaWQiOiI2NGZhMTQ1MDczYjExIiwic2hvcnRjb2RlIjoidmNfcm93IiwiZGF0YSI6eyJ0YWJsZXQiOnt9LCJtb2JpbGUiOnt9fX0=&#8220; mobile_bg_img_hidden=&#8220;no&#8220; tablet_bg_img_hidden=&#8220;no&#8220; woodmart_parallax=&#8220;0&#8243; woodmart_gradient_switch=&#8220;no&#8220; woodmart_box_shadow=&#8220;no&#8220; wd_z_index=&#8220;no&#8220; woodmart_disable_overflow=&#8220;0&#8243; row_reverse_mobile=&#8220;0&#8243; row_reverse_tablet=&#8220;0&#8243; css=&#8220;.vc_custom_1694110804020{padding-top: 20px !important;padding-bottom: 50px !important;background-color: #ffffff !important;}&#8220; el_class=&#8220;content-text-colon&#8220;][vc_column el_class=&#8220;ust-cikinti&#8220; woodmart_css_id=&#8220;64f7bac234890&#8243; parallax_scroll=&#8220;no&#8220; woodmart_sticky_column=&#8220;false&#8220; wd_collapsible_content_switcher=&#8220;no&#8220; wd_column_role_offcanvas_desktop=&#8220;no&#8220; wd_column_role_offcanvas_tablet=&#8220;no&#8220; wd_column_role_offcanvas_mobile=&#8220;no&#8220; wd_column_role_content_desktop=&#8220;no&#8220; wd_column_role_content_tablet=&#8220;no&#8220; wd_column_role_content_mobile=&#8220;no&#8220; mobile_bg_img_hidden=&#8220;no&#8220; tablet_bg_img_hidden=&#8220;no&#8220; woodmart_parallax=&#8220;0&#8243; woodmart_box_shadow=&#8220;no&#8220; responsive_spacing=&#8220;eyJwYXJhbV90eXBlIjoid29vZG1hcnRfcmVzcG9uc2l2ZV9zcGFjaW5nIiwic2VsZWN0b3JfaWQiOiI2NGY3YmFjMjM0ODkwIiwic2hvcnRjb2RlIjoidmNfY29sdW1uIiwiZGF0YSI6eyJ0YWJsZXQiOnt9LCJtb2JpbGUiOnt9fX0=&#8220; mobile_reset_margin=&#8220;no&#8220; tablet_reset_margin=&#8220;no&#8220; wd_z_index=&#8220;no&#8220; css=&#8220;.vc_custom_1693956804453{padding-top: 0px !important;}&#8220;][vc_single_image image=&#8220;688&#8243; img_size=&#8220;full&#8220; parallax_scroll=&#8220;no&#8220; woodmart_inline=&#8220;no&#8220; css=&#8220;.vc_custom_1694110242461{margin-bottom: 20px !important;}&#8220;][vc_column_text woodmart_inline=&#8220;no&#8220; text_larger=&#8220;no&#8220;]Jeder von uns hat seine eigenen Anspr\u00fcche an Sch\u00f6nheit und unser Gesicht spielt dabei eine wichtige Rolle. Einige von uns sind sich jedoch m\u00f6glicherweise nicht dar\u00fcber im Klaren, welchen Einfluss das Kinn auf die Ausgewogenheit und Proportionen des Gesichts hat. Die Kinn\u00e4sthetik ist ein innovatives Verfahren in diesem Bereich und eine hervorragende M\u00f6glichkeit, Ihr Gesicht zu erg\u00e4nzen und Ihnen einen harmonischeren Ausdruck zu verleihen.<\/p>\n<p>Bei der Kinn\u00e4sthetik werden chirurgische oder nicht-chirurgische Techniken eingesetzt, um die Linie, Gr\u00f6\u00dfe und Form Ihres Kiefers zu verbessern. Dieses Verfahren l\u00e4sst Ihr Kinn st\u00e4rker hervortreten und verbessert die Gesichtssymmetrie. Kosmetikerinnen bieten ma\u00dfgeschneiderte L\u00f6sungen entsprechend der Gesichtsstruktur und den W\u00fcnschen jedes Einzelnen an.<\/p>\n<p>Dieses Verfahren hat viele Vorteile, die aus unterschiedlichen Gr\u00fcnden bevorzugt werden. Erstens verhilft Ihnen die Kinn\u00e4sthetik zu einem \u00e4sthetischeren Erscheinungsbild, indem sie die Gesamtbalance und Proportionen des Gesichts verbessert. Die Verbesserung der Kieferpartie wirkt sich auch positiv auf andere Bereiche des Gesichts aus und sorgt f\u00fcr einen klarer definierten Ausdruck.<\/p>\n<p>Dar\u00fcber hinaus kann die Kinn\u00e4sthetik auch wirksame Ergebnisse im Alterungsprozess erzielen. Mit zunehmendem Alter kann sich das Kinngewebe lockern und mit der Zeit seine Kontur verlieren. Kinn\u00e4sthetische Eingriffe sind ideal, um diesen Zustand zu korrigieren und Ihrem Gesicht ein Gef\u00fchl jugendlicher Vitalit\u00e4t zur\u00fcckzugeben.<\/p>\n<p>Unter den nicht-chirurgischen Optionen werden h\u00e4ufig F\u00fcllstoffe verwendet, um Volumen und Form im Kinnbereich zu verbessern. Diese F\u00fcllstoffe bieten nat\u00fcrliche und langanhaltende Ergebnisse und definieren gleichzeitig die Kieferpartie durch einen minimalinvasiven Ansatz.<\/p>\n<p>Daher ist die Kinn\u00e4sthetik eine gro\u00dfartige Option, um Ihren Gesichtsausdruck zu ver\u00e4ndern und die allgemeine Balance und Symmetrie Ihres Gesichts zu verbessern. Durch die Beratung mit einem professionellen Kosmetiker k\u00f6nnen Sie die L\u00f6sung f\u00fcr die Kinn\u00e4sthetik finden, die am besten zu Ihnen passt. Vor jedem Eingriff ist es wichtig, auf die Empfehlungen des Spezialisten zu h\u00f6ren und die m\u00f6glichen Folgen zu verstehen. F\u00fcr Sie wird ein individueller Behandlungsplan erstellt und Sie erhalten die sch\u00f6nere Kieferpartie, die Sie sich w\u00fcnschen.<\/p>\n<h2>Was ist Kinn\u00e4sthetik (Mentoplastik)?<\/h2>\n<p>Die Kinn\u00e4sthetik ist ein kosmetischer Eingriff, den viele Menschen bevorzugen, um die Gesichtsbalance zu verbessern oder unerw\u00fcnschte Kieferstrukturen zu korrigieren. Dieses Verfahren, auch Mentoplastik genannt, zielt darauf ab, das Gesamterscheinungsbild des Gesichts durch Ver\u00e4nderung der Gr\u00f6\u00dfe und Form des Kinns zu verbessern.<\/p>\n<p>Dieser beliebte chirurgische Eingriff wird aus mehreren Gr\u00fcnden bevorzugt. Der erste Grund ist eine Unterentwicklung oder ein Zur\u00fcckziehen des Kinns. In diesem Fall kann das Kinn undeutlich oder schwach erscheinen und das Gesichtsgleichgewicht kann gest\u00f6rt sein. Mit der Kinn\u00e4sthetik k\u00f6nnen die Kieferknochen umgeformt werden, um eine st\u00e4rkere und proportionalere Kinnstruktur zu schaffen.<\/p>\n<p>Ein weiterer Grund ist ein zu gro\u00dfes Kinn. Ein gro\u00dfes Kinn kann andere Gesichtsz\u00fcge \u00fcberschatten und zu \u00e4sthetischen Ungleichgewichten f\u00fchren. Durch die Kinn\u00e4sthetik kann das Kinn kleiner und harmonischer gestaltet werden, indem \u00fcbersch\u00fcssiger Knochen und Gewebe entfernt oder umgeformt wird.<\/p>\n<p>Die Kinn\u00e4sthetik wird in der Regel unter \u00f6rtlicher Bet\u00e4ubung durchgef\u00fchrt. Der Chirurg schneidet Knochen, positioniert sie neu oder verwendet Implantate, um das Kinn je nach Bedarf und Wunsch mehr oder weniger hervorzuheben. Der Eingriff dauert in der Regel einige Stunden und die Patienten k\u00f6nnen in der Regel noch am selben Tag entlassen werden.<\/p>\n<p>Zusammenfassend l\u00e4sst sich sagen, dass die Kinn\u00e4sthetik (Mentoplastik) ein kosmetischer chirurgischer Eingriff ist, der das Gleichgewicht und das Erscheinungsbild des Gesichts verbessert. F\u00fcr Menschen mit einem ungen\u00fcgenden oder zu gro\u00dfen Kinn ist die Kinn\u00e4sthetik eine wirksame Option, um ein st\u00e4rkeres, proportionales und \u00e4sthetisch ansprechendes Erscheinungsbild zu erzielen. Dieser Eingriff sollte von einem spezialisierten Chirurgen durchgef\u00fchrt und entsprechend den individuellen Bed\u00fcrfnissen geplant werden.<\/p>\n<h2>Warum wird eine \u00e4sthetische Operation am Kinn durchgef\u00fchrt?<\/h2>\n<p>Bei der \u00e4sthetischen Kinnchirurgie handelt es sich um einen chirurgischen Eingriff zur Korrektur von Problemen im Kinnbereich aus \u00e4sthetischen und funktionellen Gr\u00fcnden. Diese Operation wird in der Regel durchgef\u00fchrt, um ein \u00e4sthetisch ausgewogeneres Gesichtsprofil zu erreichen, die Kieferstruktur zu formen oder Kiefererkrankungen zu korrigieren.<\/p>\n<p>Bei vielen Menschen kann es aufgrund angeborener Kinnst\u00f6rungen oder altersbedingter Ver\u00e4nderungen zu Unzufriedenheit im Kinnbereich kommen. Erkrankungen wie unklare oder schwache Kieferlinie, Schmerzen oder Spannungsgef\u00fchl im Kiefergelenk, Atemprobleme wie Schlafapnoe oder Inkompatibilit\u00e4t zwischen den Kiefern geh\u00f6ren zu den Gr\u00fcnden, warum eine \u00e4sthetische Kinnoperation bevorzugt wird.<\/p>\n<p>Aus \u00e4sthetischer Sicht kann es w\u00fcnschenswert sein, die Kieferstruktur einer Person zu kl\u00e4ren, die Gesichtsz\u00fcge symmetrischer zu gestalten und das Kinn zu vergr\u00f6\u00dfern. Bei dieser Operation kommen in der Regel Techniken wie Kinnimplantate, Knochenschnitte oder Neupositionierungen zum Einsatz. Ziel ist es, die Gesamtbalance und Proportionen des Gesichts zu verbessern und ein attraktiveres Erscheinungsbild zu erzielen.<\/p>\n<p>Bei einer funktionell bedingten Kinn\u00e4sthetik werden Probleme oder Unvertr\u00e4glichkeiten im Kiefergelenk korrigiert. Beispielsweise k\u00f6nnen Menschen mit Kiefergelenksbeschwerden von einer Kinn\u00e4sthetik profitieren. Dar\u00fcber hinaus k\u00f6nnen auch Atembeschwerden wie Schlafapnoe, die durch eine falsche Kieferstellung entstehen, mit Kinnbeschwerden behandelt werden<\/p>\n<h2>Welche Arten der Kinn\u00e4sthetik gibt es?<\/h2>\n<p>Die Kinn\u00e4sthetik ist ein beliebtes kosmetisches chirurgisches Verfahren zur Verbesserung des Gleichgewichts und Profils des Gesichts. Ziel dieser Operation ist es, durch die Ver\u00e4nderung der Form und Gr\u00f6\u00dfe des Kinns eine definiertere Kieferpartie zu erreichen. Die Kinn\u00e4sthetik wird mit verschiedenen Techniken und Ans\u00e4tzen durchgef\u00fchrt. Hier sind die wichtigsten Arten der \u00e4sthetischen Kinnchirurgie:<\/p>\n<p><strong>1. Kinnimplantate:<\/strong> Bei dieser Methode wird das Volumen und die Kontur des Kinns durch Implantate vergr\u00f6\u00dfert. Die Implantate bestehen aus nat\u00fcrlich aussehenden und vertr\u00e4glichen Materialien und werden in die bestehende Kieferstruktur eingesetzt. Dieses Verfahren wird h\u00e4ufig bei einem schwachen oder fliehenden Kinn bevorzugt.<\/p>\n<p><strong>2. Kieferknochenschneiden (Osteotomie):<\/strong> Bei dieser Methode wird die Knochenstruktur des Kiefers umgeformt. Es wird normalerweise in F\u00e4llen verwendet, in denen der Kiefer nach hinten oder zur Seite verschoben ist. Die Osteotomie ist ein invasiveres Verfahren, das chirurgische Einschnitte und Knochenmanipulationen erfordert. Die Ergebnisse sind jedoch dauerhaft und verbessern das allgemeine Gleichgewicht und die Proportionen des Gesichts.<\/p>\n<p><strong>3. Kinnverschm\u00e4lerung (Reduktion):<\/strong> Dieser Eingriff wird normalerweise durchgef\u00fchrt, um zu gro\u00dfe Kiefer oder eine quadratische Gesichtsform zu korrigieren. \u00dcbersch\u00fcssiger Knochen und Gewebe werden durch chirurgische Schnitte entfernt, was zu einer schmaleren und ovaleren Kieferpartie f\u00fchrt.<\/p>\n<p><strong>4. \u00c4sthetik der Kinnspitze:<\/strong> Bei diesem Verfahren wird die Form und Gr\u00f6\u00dfe der Kinnspitze verbessert. Es wird im Allgemeinen f\u00fcr Menschen mit einer kleinen Kinnspitze bevorzugt. Durch Methoden wie Implantate oder Fettgewebsinjektionen wird eine markantere und \u00e4sthetischere Kinnspitze geschaffen.<\/p>\n<p>Eine \u00e4sthetische Operation am Kinn kann individuell an die Bed\u00fcrfnisse und Ziele angepasst werden. Ein Vorgespr\u00e4ch mit einem plastischen Chirurgen hilft bei der Auswahl des geeigneten Verfahrens. Jede Methode hat ihre Vor- und Nachteile. Daher ist es wichtig, fachkundigen Rat einzuholen.<\/p>\n<p>Zusammenfassend l\u00e4sst sich sagen, dass es sich bei der Kinnplastik um einen Eingriff handelt, der in verschiedenen Formen durchgef\u00fchrt wird. Diese Operationen verbessern die Form, Gr\u00f6\u00dfe und Kontur des Kinns und erh\u00f6hen das Gleichgewicht und die Proportionen des Gesichts. Eine Beratung mit Ihrem plastischen Chirurgen wird Ihnen dabei helfen, die f\u00fcr Sie am besten geeignete Kinn-\u00c4sthetik-Operation zu ermitteln.<\/p>\n<p>Wie werden kinn\u00e4sthetische Operationen durchgef\u00fchrt?<br \/>\nKinn\u00e4sthetische Operationen sind ein beliebter \u00e4sthetischer Eingriff, der bevorzugt wird, um die Gesichtssymmetrie und das Gleichgewicht sicherzustellen. Dieses Verfahren dient der Korrektur, Betonung oder Rekonstruktion der Kieferform. Wie werden also \u00e4sthetische Operationen am Kinn durchgef\u00fchrt? Hier sind die Details:<\/p>\n<p>Eine der h\u00e4ufigsten Methoden zur Kinn\u00e4sthetik sind Kinnimplantate. Bei diesem Verfahren werden k\u00fcnstliche Implantate in den Kieferknochen eingesetzt, um die Kieferpartie aufzuhellen. Die Implantate bestehen in der Regel aus Silikon- oder Polyethylenmaterialien und werden sorgf\u00e4ltig ausgew\u00e4hlt, um ein nat\u00fcrliches Aussehen zu erzielen. Die Operation wird in der Regel unter \u00f6rtlicher Bet\u00e4ubung durchgef\u00fchrt und dauert etwa eine Stunde.<\/p>\n<p>Eine weitere g\u00e4ngige Methode der Kinn\u00e4sthetik ist die Neuformung der Kieferpartie. Bei diesem Eingriff schneidet der Chirurg den Kieferknochen in eine geeignete Form und fixiert anschlie\u00dfend die neue Position des Kinns mithilfe von Metallplatten oder Schraubsystemen. Auf diese Weise k\u00f6nnen gew\u00fcnschte Ver\u00e4nderungen an der Kieferpartie vorgenommen und ein ausgeglicheneres Gesichtsprofil erreicht werden.<\/p>\n<p>Kinn\u00e4sthetische Operationen k\u00f6nnen auch mithilfe von Fettinjektionen oder F\u00fcllstoffen durchgef\u00fchrt werden. Bei diesen Methoden wird Fettgewebe oder F\u00fcllmaterial in den Kinnbereich eingeschnitten, neu positioniert oder es werden Implantate eingesetzt. Der Eingriff dauert in der Regel einige Stunden und die Patienten k\u00f6nnen in der Regel noch am selben Tag entlassen werden.<\/p>\n<p>Zusammenfassend l\u00e4sst sich sagen, dass die Kinn\u00e4sthetik (Mentoplastik) ein kosmetischer chirurgischer Eingriff ist, der das Gleichgewicht und das Erscheinungsbild des Gesichts verbessert. F\u00fcr Menschen mit einem ungen\u00fcgenden oder zu gro\u00dfen Kinn ist die Kinn\u00e4sthetik eine wirksame Option, um ein st\u00e4rkeres, proportionales und \u00e4sthetisch ansprechendes Erscheinungsbild zu erzielen. Dieser Eingriff sollte von einem spezialisierten Chirurgen durchgef\u00fchrt und entsprechend den individuellen Bed\u00fcrfnissen geplant werden.<\/p>\n<h2>Warum wird eine \u00e4sthetische Operation am Kinn durchgef\u00fchrt?<\/h2>\n<p>Bei der \u00e4sthetischen Kinnchirurgie handelt es sich um einen chirurgischen Eingriff zur Korrektur von Problemen im Kinnbereich aus \u00e4sthetischen und funktionellen Gr\u00fcnden. Diese Operation wird in der Regel durchgef\u00fchrt, um ein \u00e4sthetisch ausgewogeneres Gesichtsprofil zu erreichen, die Kieferstruktur zu formen oder Kiefererkrankungen zu korrigieren.<\/p>\n<p>Bei vielen Menschen kann es aufgrund angeborener Kinnst\u00f6rungen oder altersbedingter Ver\u00e4nderungen zu Unzufriedenheit im Kinnbereich kommen. Erkrankungen wie unklare oder schwache Kieferlinie, Schmerzen oder Spannungsgef\u00fchl im Kiefergelenk, Atemprobleme wie Schlafapnoe oder Inkompatibilit\u00e4t zwischen den Kiefern geh\u00f6ren zu den Gr\u00fcnden, warum eine \u00e4sthetische Kinnoperation bevorzugt wird.<\/p>\n<p>Aus \u00e4sthetischer Sicht kann es w\u00fcnschenswert sein, die Kieferstruktur einer Person zu kl\u00e4ren, die Gesichtsz\u00fcge symmetrischer zu gestalten und das Kinn zu vergr\u00f6\u00dfern. Bei dieser Operation kommen in der Regel Techniken wie Kinnimplantate, Knochenschnitte oder Neupositionierungen zum Einsatz. Ziel ist es, die Gesamtbalance und Proportionen des Gesichts zu verbessern und ein attraktiveres Erscheinungsbild zu erzielen.<\/p>\n<p>Bei \u00e4sthetischen Eingriffen am Kinn treten aus funktionellen Gr\u00fcnden Probleme auf Thetik.<\/p>\n<p>Daher ist die Kinn\u00e4sthetik sowohl aus \u00e4sthetischen als auch aus funktionellen Gr\u00fcnden ein bevorzugtes chirurgisches Verfahren. Es erm\u00f6glicht der Person, ein ausgewogeneres Gesichtsprofil zu erreichen, indem die Probleme im Kinnbereich korrigiert werden. Es ist jedoch wichtig, vor jedem chirurgischen Eingriff einen Facharzt zu konsultieren und einen auf die individuelle Situation abgestimmten Behandlungsplan zu erstellen.[\/vc_column_text]\t\t\t<link rel=\"stylesheet\" id=\"wd-section-title-css\" href=\"https:\/\/docdrtugcesimsek.com\/wp-content\/themes\/woodmart\/css\/parts\/el-section-title.min.css?ver=7.2.4\" type=\"text\/css\" media=\"all\" \/> \t\t\t\t\t\t<link rel=\"stylesheet\" id=\"wd-mod-highlighted-text-css\" href=\"https:\/\/docdrtugcesimsek.com\/wp-content\/themes\/woodmart\/css\/parts\/mod-highlighted-text.min.css?ver=7.2.4\" type=\"text\/css\" media=\"all\" \/> \t\t\t\n\t\t<div id=\"wd-65136b8827152\" class=\"title-wrapper wd-wpb set-mb-s reset-last-child  wd-rs-65136b8827152 wd-title-color-default wd-title-style-default text-center  wd-underline-colored\">\n\t\t\t\n\t\t\t<div class=\"liner-continer\">\n\t\t\t\t<h4 class=\"woodmart-title-container title  wd-font-weight- wd-fontsize-l\" >VORHER NACHHER<\/h4>\n\t\t\t\t\t\t\t<\/div>\n\t\t\t\n\t\t\t\n\t\t\t\n\t\t<\/div>\n\t\t\n\t\t\t\t\t<link rel=\"stylesheet\" id=\"wd-photoswipe-css\" href=\"https:\/\/docdrtugcesimsek.com\/wp-content\/themes\/woodmart\/css\/parts\/lib-photoswipe.min.css?ver=7.2.4\" type=\"text\/css\" media=\"all\" \/> \t\t\t\t\t\t<link rel=\"stylesheet\" id=\"wd-owl-carousel-css\" href=\"https:\/\/docdrtugcesimsek.com\/wp-content\/themes\/woodmart\/css\/parts\/lib-owl-carousel.min.css?ver=7.2.4\" type=\"text\/css\" media=\"all\" \/> \t\t\t\t\t\t<link rel=\"stylesheet\" id=\"wd-image-gallery-css\" href=\"https:\/\/docdrtugcesimsek.com\/wp-content\/themes\/woodmart\/css\/parts\/el-gallery.min.css?ver=7.2.4\" type=\"text\/css\" media=\"all\" \/> \t\t\t\t\t<div id=\"gallery_608\" class=\"wd-images-gallery wd-rs-650758947bc00 wd-justify-center wd-items-middle view-carousel photoswipe-images wd-carousel-spacing-10 wd-carousel-container\" data-owl-carousel data-wrap=\"no\" data-autoplay=\"yes\" data-hide_pagination_control=\"no\" data-hide_prev_next_buttons=\"no\" data-desktop=\"3\" data-tablet_landscape=\"3\" data-tablet=\"2\" data-mobile=\"1\">\n\t\t\t<div class=\"gallery-images owl-carousel wd-owl owl-items-lg-3 owl-items-md-3 owl-items-sm-2 owl-items-xs-1\">\n\t\t\t\t\t\t\t\t\t\t\t\t\t\t\t<div class=\"wd-gallery-item\">\n\t\t\t\t\t\t\t\t\t\t\t\t\t\t<a href=\"https:\/\/docdrtugcesimsek.com\/wp-content\/uploads\/2023\/09\/cene-implant.jpg\" data-elementor-open-lightbox=\"no\" data-index=\"1\" data-width=\"1080\" data-height=\"1080\"  >\n\t\t\t\t\t\t\t\t\n\t\t\t\t\t\t\t\t\t\t\t\t\t\t\t\t\t<img loading=\"lazy\" decoding=\"async\" width=\"1080\" height=\"1080\" src=\"https:\/\/docdrtugcesimsek.com\/wp-content\/uploads\/2023\/09\/cene-implant.jpg\" class=\"wd-gallery-image image-1 attachment-full\" alt=\"\" title=\"\u00e7ene implant\" srcset=\"https:\/\/docdrtugcesimsek.com\/wp-content\/uploads\/2023\/09\/cene-implant.jpg 1080w, https:\/\/docdrtugcesimsek.com\/wp-content\/uploads\/2023\/09\/cene-implant-300x300.jpg 300w, https:\/\/docdrtugcesimsek.com\/wp-content\/uploads\/2023\/09\/cene-implant-1024x1024.jpg 1024w, https:\/\/docdrtugcesimsek.com\/wp-content\/uploads\/2023\/09\/cene-implant-150x150.jpg 150w, https:\/\/docdrtugcesimsek.com\/wp-content\/uploads\/2023\/09\/cene-implant-768x768.jpg 768w\" sizes=\"(max-width: 1080px) 100vw, 1080px\" \/>\t\t\t\t\t\t\t\t\n\n\t\t\t\t\t\t\t\t\t\t\t\t\t\t\t<\/a>\n\t\t\t\t\t\t\t\t\t\t\t\t<\/div>\n\t\t\t\t\t\t\t\t\t\t\t\t<\/div>\n\t\t<\/div>\n\t\t\t\t[vc_raw_html]JTVCaHRtbF9ibG9jayUyMGlkJTNEJTIyNTkyJTIyJTVE[\/vc_raw_html][\/vc_column][\/vc_row]<\/p>\n<\/section>","protected":false},"excerpt":{"rendered":"<p>[vc_row full_width=&#8220;stretch_row&#8220; woodmart_css_id=&#8220;64fa145073b11&#8243; responsive_spacing=&#8220;eyJwYXJhbV90eXBlIjoid29vZG1hcnRfcmVzcG9uc2l2ZV9zcGFjaW5nIiwic2VsZWN0b3JfaWQiOiI2NGZhMTQ1MDczYjExIiwic2hvcnRjb2RlIjoidmNfcm93IiwiZGF0YSI6eyJ0YWJsZXQiOnt9LCJtb2JpbGUiOnt9fX0=&#8220; mobile_bg_img_hidden=&#8220;no&#8220; tablet_bg_img_hidden=&#8220;no&#8220; woodmart_parallax=&#8220;0&#8243; woodmart_gradient_switch=&#8220;no&#8220; woodmart_box_shadow=&#8220;no&#8220; wd_z_index=&#8220;no&#8220; woodmart_disable_overflow=&#8220;0&#8243; row_reverse_mobile=&#8220;0&#8243; row_reverse_tablet=&#8220;0&#8243; css=&#8220;.vc_custom_1694110804020{padding-top: 20px !important;padding-bottom: 50px !important;background-color: #ffffff !important;}&#8220;<\/p>\n","protected":false},"author":1,"featured_media":0,"parent":1101,"menu_order":0,"comment_status":"closed","ping_status":"closed","template":"","meta":{"footnotes":""},"_links":{"self":[{"href":"https:\/\/docdrtugcesimsek.com\/de\/wp-json\/wp\/v2\/pages\/1146"}],"collection":[{"href":"https:\/\/docdrtugcesimsek.com\/de\/wp-json\/wp\/v2\/pages"}],"about":[{"href":"https:\/\/docdrtugcesimsek.com\/de\/wp-json\/wp\/v2\/types\/page"}],"author":[{"embeddable":true,"href":"https:\/\/docdrtugcesimsek.com\/de\/wp-json\/wp\/v2\/users\/1"}],"replies":[{"embeddable":true,"href":"https:\/\/docdrtugcesimsek.com\/de\/wp-json\/wp\/v2\/comments?post=1146"}],"version-history":[{"count":3,"href":"https:\/\/docdrtugcesimsek.com\/de\/wp-json\/wp\/v2\/pages\/1146\/revisions"}],"predecessor-version":[{"id":1150,"href":"https:\/\/docdrtugcesimsek.com\/de\/wp-json\/wp\/v2\/pages\/1146\/revisions\/1150"}],"up":[{"embeddable":true,"href":"https:\/\/docdrtugcesimsek.com\/de\/wp-json\/wp\/v2\/pages\/1101"}],"wp:attachment":[{"href":"https:\/\/docdrtugcesimsek.com\/de\/wp-json\/wp\/v2\/media?parent=1146"}],"curies":[{"name":"wp","href":"https:\/\/api.w.org\/{rel}","templated":true}]}}