{"id":1139,"date":"2023-09-06T00:05:17","date_gmt":"2023-09-06T00:05:17","guid":{"rendered":"https:\/\/docdrtugcesimsek.com\/behandlungen\/endoscopic-and-direct-brow-lift\/"},"modified":"2023-09-26T23:34:37","modified_gmt":"2023-09-26T23:34:37","slug":"endoskopisches-und-direktes-augenbrauenlifting","status":"publish","type":"page","link":"https:\/\/docdrtugcesimsek.com\/de\/behandlungen\/endoskopisches-und-direktes-augenbrauenlifting\/","title":{"rendered":"Endoskopisches und direktes Augenbrauenlifting"},"content":{"rendered":"<section class=\"wpb-content-wrapper\"><p>[vc_row full_width=&#8220;stretch_row&#8220; woodmart_css_id=&#8220;64fa143dd3c13&#8243; responsive_spacing=&#8220;eyJwYXJhbV90eXBlIjoid29vZG1hcnRfcmVzcG9uc2l2ZV9zcGFjaW5nIiwic2VsZWN0b3JfaWQiOiI2NGZhMTQzZGQzYzEzIiwic2hvcnRjb2RlIjoidmNfcm93IiwiZGF0YSI6eyJ0YWJsZXQiOnt9LCJtb2JpbGUiOnt9fX0=&#8220; mobile_bg_img_hidden=&#8220;no&#8220; tablet_bg_img_hidden=&#8220;no&#8220; woodmart_parallax=&#8220;0&#8243; woodmart_gradient_switch=&#8220;no&#8220; woodmart_box_shadow=&#8220;no&#8220; wd_z_index=&#8220;no&#8220; woodmart_disable_overflow=&#8220;0&#8243; row_reverse_mobile=&#8220;0&#8243; row_reverse_tablet=&#8220;0&#8243; css=&#8220;.vc_custom_1694110785323{padding-top: 20px !important;padding-bottom: 50px !important;background-color: #ffffff !important;}&#8220; el_class=&#8220;content-text-colon&#8220;][vc_column el_class=&#8220;ust-cikinti&#8220; woodmart_css_id=&#8220;64f7bac234890&#8243; parallax_scroll=&#8220;no&#8220; woodmart_sticky_column=&#8220;false&#8220; wd_collapsible_content_switcher=&#8220;no&#8220; wd_column_role_offcanvas_desktop=&#8220;no&#8220; wd_column_role_offcanvas_tablet=&#8220;no&#8220; wd_column_role_offcanvas_mobile=&#8220;no&#8220; wd_column_role_content_desktop=&#8220;no&#8220; wd_column_role_content_tablet=&#8220;no&#8220; wd_column_role_content_mobile=&#8220;no&#8220; mobile_bg_img_hidden=&#8220;no&#8220; tablet_bg_img_hidden=&#8220;no&#8220; woodmart_parallax=&#8220;0&#8243; woodmart_box_shadow=&#8220;no&#8220; responsive_spacing=&#8220;eyJwYXJhbV90eXBlIjoid29vZG1hcnRfcmVzcG9uc2l2ZV9zcGFjaW5nIiwic2VsZWN0b3JfaWQiOiI2NGY3YmFjMjM0ODkwIiwic2hvcnRjb2RlIjoidmNfY29sdW1uIiwiZGF0YSI6eyJ0YWJsZXQiOnt9LCJtb2JpbGUiOnt9fX0=&#8220; mobile_reset_margin=&#8220;no&#8220; tablet_reset_margin=&#8220;no&#8220; wd_z_index=&#8220;no&#8220; css=&#8220;.vc_custom_1693956804453{padding-top: 0px !important;}&#8220;][vc_single_image image=&#8220;685&#8243; img_size=&#8220;full&#8220; parallax_scroll=&#8220;no&#8220; woodmart_inline=&#8220;no&#8220; css=&#8220;.vc_custom_1694110217628{margin-bottom: 20px !important;}&#8220;][vc_column_text woodmart_inline=&#8220;no&#8220; text_larger=&#8220;no&#8220;]Alterserscheinungen zeigen sich zun\u00e4chst im Stirn- und Augenbrauenbereich. Als st\u00f6rend empfinden viele Menschen auch h\u00e4ngende und herabh\u00e4ngende Augenbrauen, die einen wichtigen Schwerpunkt im Gesichtsbereich darstellen. Es gibt jedoch mehrere Methoden, die bevorzugt werden k\u00f6nnen, um schlaffe Augenbrauen, ein wichtiges Zeichen der Hautalterung, zu beseitigen. Botox, endoskopisches Augenbrauenlifting und direkte Augenbrauenlifting-Techniken werden sehr bevorzugt. In diesen Artikel haben wir diejenigen aufgenommen, die sich f\u00fcr endoskopische und direkte Augenbrauenlifting-Techniken interessieren.<\/p>\n<h2>Was ist ein endoskopisches Augenbrauenlifting?<\/h2>\n<p>Die Frage, was eine endoskopische Augenbrauenstraffung ist, ist eine der Fragen, die sich Menschen stellen, die Techniken zur Augenbrauenstraffung erforschen. Das endoskopische Augenbrauenlifting ist ein chirurgischer Eingriff, der durchgef\u00fchrt wird, um dauerhafte Ergebnisse zu erzielen und die Augenbrauen wie gew\u00fcnscht anzuheben. Da es sich um einen chirurgischen Eingriff handelt, wird er in Krankenh\u00e4usern entsprechend den Bedingungen im Operationssaal durchgef\u00fchrt. Abh\u00e4ngig von der Tatsache, dass es sich um einen chirurgischen Eingriff handelt, handelt es sich wiederum um eine Operation, die unter Vollnarkose, \u00f6rtlicher Bet\u00e4ubung und Sedierung durchgef\u00fchrt werden kann. Wie wird also eine endoskopische Augenbrauenstraffung durchgef\u00fchrt?<\/p>\n<p>Endoskopische Verfahren sind in letzter Zeit beliebte und sehr bevorzugte Verfahren. Diese Eingriffe werden mit kleinen, d\u00fcnnen Kameras, sogenannten Endoskopen, durchgef\u00fchrt. Der gr\u00f6\u00dfte Vorteil besteht darin, dass nach dem chirurgischen Eingriff keine Narbe zur\u00fcckbleibt und der Heilungsprozess viel schneller voranschreitet. Wie der Name schon sagt, wird bei der endoskopischen Augenbrauenstraffung ein Endoskop verwendet. Bei der Operation werden zun\u00e4chst kleine L\u00f6cher in die Haarfollikel gebohrt. Das Anbringen einiger kleiner L\u00f6cher anstelle von Einschnitten tr\u00e4gt dazu bei, den gesamten Vorgang angenehmer zu gestalten. Dank der von der Haarinnenseite gebohrten L\u00f6cher verl\u00e4uft der chirurgische Eingriff blutungsfrei. Diese L\u00f6cher m\u00fcssen nach Abschluss der Operation nicht verschlossen werden, wodurch eine Narbenbildung auf der Haut verhindert wird. Die in der Kopfhaut verbliebenen kleinen F\u00e4den werden etwa 10 Tage nach der Operation entfernt. Nach einer endoskopischen Augenbrauenstraffung gibt es keinen schmerzhaften Heilungsprozess.<\/p>\n<p>Eine weitere interessante Frage ist, ob die endoskopische Augenbrauenstraffung dauerhaft ist. Im Vergleich zu nicht-chirurgischen Methoden kann man sagen, dass es sich um einen wesentlich dauerhafteren Eingriff handelt. Eine der bevorzugten Methoden zur nicht-chirurgischen Augenbrauenstraffung ist beispielsweise Botox. Es handelt sich jedoch um einen Eingriff, der etwa 6 Monate nach der Botox-Anwendung wiederholt werden sollte. Nach einer endoskopischen Augenbrauenstraffung ist eine solche Erneuerung nicht erforderlich. Daher kann man sagen, dass es eine viel vorteilhaftere Wahl ist.<\/p>\n<h2>Wer kann sich einer endoskopischen Augenbrauenstraffung unterziehen?<\/h2>\n<p>Das endoskopische Brauenlifting ist eine Technik, die bei Menschen mit Falten und Erschlaffungsproblemen im Stirn-, Augenbrauen- und Schl\u00e4fenbereich angewendet werden kann. Diese Probleme treten in der Regel im Alter auf. Die endoskopische Methode wird in der Regel bei Menschen im Alter zwischen 40 und 60 Jahren angewendet. Je nach Wunsch und Zustand des Patienten kann diese Augenbrauenlifting-Methode jedoch bevorzugt werden. Dies ist eine der Techniken, die insbesondere bei Patienten angewendet werden, die die vor\u00fcbergehende, nicht-chirurgische Methode bevorzugen, aber keine Ergebnisse erzielen. Auch Menschen, die aufgrund von Stress und \u00e4hnlichen Gr\u00fcnden Falten zwischen den Augenbrauen und im Stirnbereich haben, k\u00f6nnen die endoskopische Brauenlift-Technik bevorzugen. Diese Technik kann auch erg\u00e4nzend zur Lid\u00e4sthetik und \u00e4hnlichen \u00e4sthetischen Eingriffen eingesetzt werden.<\/p>\n<p>Eine endoskopische Augenbrauenstraffung kann auch von Menschen bevorzugt werden, die viel j\u00fcnger aussehen m\u00f6chten. Da die Haut im fortgeschrittenen Alter an Elastizit\u00e4t verliert, kommt es zu einer Erschlaffung der Haut. Mit der endoskopischen Augenbrauenstraffung ist es m\u00f6glich, der Haut, die ihre Elastizit\u00e4t verloren hat, ein deutlich strafferes Aussehen zu verleihen. Vor allem im Bereich der Augen, Augenbrauen und Stirn, die die Schwerpunkte des Gesichtsbereichs darstellen, wird ein deutlich strafferes und jugendlicheres Aussehen erreicht.<\/p>\n<h2>Was ist ein direktes Augenbrauenlifting?<\/h2>\n<p>Das direkte Augenbrauenlifting ist eine der \u00e4sthetischen Anwendungen, die bei h\u00e4ngenden Augenbrauen oder faltigem Stirnbereich angewendet werden. Diese Technik ist eine der bevorzugten Methoden derjenigen, die eine dauerhafte L\u00f6sung suchen. Obwohl die direkte Augenbrauenstraffung nicht so bevorzugt wird wie die endoskopische Augenbrauenstraffung, wird sie von den Patienten beurteilt.<\/p>\n<p>Das direkte Augenbrauenlifting wird im Allgemeinen von \u00e4lteren Patienten bevorzugt. Bei dieser Methode wird die Haut, die zu einer Erschlaffung der Augenbrauen f\u00fchrt, entfernt und der Augenbrauenbereich erh\u00e4lt ein strafferes Aussehen. Das hei\u00dft, es wird ein St\u00fcck Haut an der Augenbraue entfernt. Nach der Entfernung einer elliptischen Haut wird die entstandene Haut\u00f6ffnung vertikal vern\u00e4ht. Durch das Flachn\u00e4hen der \u00d6ffnung l\u00e4sst sich die Augenbraue auch deutlich anheben. Aus diesem Grund gilt sie als eine der effektivsten Techniken bei chirurgischen Augenbrauenlifting-Techniken. Allerdings hat es im Vergleich zu anderen Techniken andere Wirkungen. Beispielsweise ist es nicht m\u00f6glich, die Nahtstellen wie bei der endoskopischen Methode zu verbergen. Nach der Operation bleiben kleine Narben auf der Augenbraue zur\u00fcck. Obwohl diese Narben innerhalb weniger Monate verschwinden, verschwinden sie nicht vollst\u00e4ndig und sind als kleine F\u00e4ltchen sichtbar. Dies ist einer der Gr\u00fcnde, warum die Technik des direkten Augenbrauenlifts bei \u00e4lteren Menschen am h\u00e4ufigsten bevorzugt wird[\/vc_column_text]\t\t\t<link rel=\"stylesheet\" id=\"wd-section-title-css\" href=\"https:\/\/docdrtugcesimsek.com\/wp-content\/themes\/woodmart\/css\/parts\/el-section-title.min.css?ver=7.2.4\" type=\"text\/css\" media=\"all\" \/> \t\t\t\t\t\t<link rel=\"stylesheet\" id=\"wd-mod-highlighted-text-css\" href=\"https:\/\/docdrtugcesimsek.com\/wp-content\/themes\/woodmart\/css\/parts\/mod-highlighted-text.min.css?ver=7.2.4\" type=\"text\/css\" media=\"all\" \/> \t\t\t\n\t\t<div id=\"wd-65136a5fc1763\" class=\"title-wrapper wd-wpb set-mb-s reset-last-child  wd-rs-65136a5fc1763 wd-title-color-default wd-title-style-default text-center  wd-underline-colored\">\n\t\t\t\n\t\t\t<div class=\"liner-continer\">\n\t\t\t\t<h4 class=\"woodmart-title-container title  wd-font-weight- wd-fontsize-l\" >VORHER NACHHER<br \/>\n<\/h4>\n\t\t\t\t\t\t\t<\/div>\n\t\t\t\n\t\t\t\n\t\t\t\n\t\t<\/div>\n\t\t\n\t\t\t\t\t<link rel=\"stylesheet\" id=\"wd-photoswipe-css\" href=\"https:\/\/docdrtugcesimsek.com\/wp-content\/themes\/woodmart\/css\/parts\/lib-photoswipe.min.css?ver=7.2.4\" type=\"text\/css\" media=\"all\" \/> \t\t\t\t\t\t<link rel=\"stylesheet\" id=\"wd-owl-carousel-css\" href=\"https:\/\/docdrtugcesimsek.com\/wp-content\/themes\/woodmart\/css\/parts\/lib-owl-carousel.min.css?ver=7.2.4\" type=\"text\/css\" media=\"all\" \/> \t\t\t\t\t\t<link rel=\"stylesheet\" id=\"wd-image-gallery-css\" href=\"https:\/\/docdrtugcesimsek.com\/wp-content\/themes\/woodmart\/css\/parts\/el-gallery.min.css?ver=7.2.4\" type=\"text\/css\" media=\"all\" \/> \t\t\t\t\t<div id=\"gallery_755\" class=\"wd-images-gallery wd-rs-650756c666f42 wd-justify-center wd-items-middle view-carousel photoswipe-images wd-carousel-spacing-10 wd-carousel-container\" data-owl-carousel data-wrap=\"no\" data-autoplay=\"yes\" data-hide_pagination_control=\"no\" data-hide_prev_next_buttons=\"no\" data-desktop=\"3\" data-tablet_landscape=\"3\" data-tablet=\"2\" data-mobile=\"1\">\n\t\t\t<div class=\"gallery-images owl-carousel wd-owl owl-items-lg-3 owl-items-md-3 owl-items-sm-2 owl-items-xs-1\">\n\t\t\t\t\t\t\t\t\t\t\t\t\t\t\t<div class=\"wd-gallery-item\">\n\t\t\t\t\t\t\t\t\t\t\t\t\t\t<a href=\"https:\/\/docdrtugcesimsek.com\/wp-content\/uploads\/2023\/09\/2-3.jpg\" data-elementor-open-lightbox=\"no\" data-index=\"1\" data-width=\"1080\" data-height=\"1080\"  >\n\t\t\t\t\t\t\t\t\n\t\t\t\t\t\t\t\t\t\t\t\t\t\t\t\t\t<img loading=\"lazy\" decoding=\"async\" width=\"1080\" height=\"1080\" src=\"https:\/\/docdrtugcesimsek.com\/wp-content\/uploads\/2023\/09\/2-3.jpg\" class=\"wd-gallery-image image-1 attachment-full\" alt=\"\" title=\"2 (3)\" srcset=\"https:\/\/docdrtugcesimsek.com\/wp-content\/uploads\/2023\/09\/2-3.jpg 1080w, https:\/\/docdrtugcesimsek.com\/wp-content\/uploads\/2023\/09\/2-3-300x300.jpg 300w, https:\/\/docdrtugcesimsek.com\/wp-content\/uploads\/2023\/09\/2-3-1024x1024.jpg 1024w, https:\/\/docdrtugcesimsek.com\/wp-content\/uploads\/2023\/09\/2-3-150x150.jpg 150w, https:\/\/docdrtugcesimsek.com\/wp-content\/uploads\/2023\/09\/2-3-768x768.jpg 768w\" sizes=\"(max-width: 1080px) 100vw, 1080px\" \/>\t\t\t\t\t\t\t\t\n\n\t\t\t\t\t\t\t\t\t\t\t\t\t\t\t<\/a>\n\t\t\t\t\t\t\t\t\t\t\t\t<\/div>\n\t\t\t\t\t\t\t\t\t\t\t<div class=\"wd-gallery-item\">\n\t\t\t\t\t\t\t\t\t\t\t\t\t\t<a href=\"https:\/\/docdrtugcesimsek.com\/wp-content\/uploads\/2023\/09\/1-2.jpg\" data-elementor-open-lightbox=\"no\" data-index=\"2\" data-width=\"1080\" data-height=\"1080\"  >\n\t\t\t\t\t\t\t\t\n\t\t\t\t\t\t\t\t\t\t\t\t\t\t\t\t\t<img loading=\"lazy\" decoding=\"async\" width=\"1080\" height=\"1080\" src=\"https:\/\/docdrtugcesimsek.com\/wp-content\/uploads\/2023\/09\/1-2.jpg\" class=\"wd-gallery-image image-2 attachment-full\" alt=\"\" title=\"1 (2)\" srcset=\"https:\/\/docdrtugcesimsek.com\/wp-content\/uploads\/2023\/09\/1-2.jpg 1080w, https:\/\/docdrtugcesimsek.com\/wp-content\/uploads\/2023\/09\/1-2-300x300.jpg 300w, https:\/\/docdrtugcesimsek.com\/wp-content\/uploads\/2023\/09\/1-2-1024x1024.jpg 1024w, https:\/\/docdrtugcesimsek.com\/wp-content\/uploads\/2023\/09\/1-2-150x150.jpg 150w, https:\/\/docdrtugcesimsek.com\/wp-content\/uploads\/2023\/09\/1-2-768x768.jpg 768w\" sizes=\"(max-width: 1080px) 100vw, 1080px\" \/>\t\t\t\t\t\t\t\t\n\n\t\t\t\t\t\t\t\t\t\t\t\t\t\t\t<\/a>\n\t\t\t\t\t\t\t\t\t\t\t\t<\/div>\n\t\t\t\t\t\t\t\t\t\t\t<div class=\"wd-gallery-item\">\n\t\t\t\t\t\t\t\t\t\t\t\t\t\t<a href=\"https:\/\/docdrtugcesimsek.com\/wp-content\/uploads\/2023\/09\/3-1.jpg\" data-elementor-open-lightbox=\"no\" data-index=\"3\" data-width=\"1080\" data-height=\"1080\"  >\n\t\t\t\t\t\t\t\t\n\t\t\t\t\t\t\t\t\t\t\t\t\t\t\t\t\t<img loading=\"lazy\" decoding=\"async\" width=\"1080\" height=\"1080\" src=\"https:\/\/docdrtugcesimsek.com\/wp-content\/uploads\/2023\/09\/3-1.jpg\" class=\"wd-gallery-image image-3 attachment-full\" alt=\"\" title=\"3\" srcset=\"https:\/\/docdrtugcesimsek.com\/wp-content\/uploads\/2023\/09\/3-1.jpg 1080w, https:\/\/docdrtugcesimsek.com\/wp-content\/uploads\/2023\/09\/3-1-300x300.jpg 300w, https:\/\/docdrtugcesimsek.com\/wp-content\/uploads\/2023\/09\/3-1-1024x1024.jpg 1024w, https:\/\/docdrtugcesimsek.com\/wp-content\/uploads\/2023\/09\/3-1-150x150.jpg 150w, https:\/\/docdrtugcesimsek.com\/wp-content\/uploads\/2023\/09\/3-1-768x768.jpg 768w\" sizes=\"(max-width: 1080px) 100vw, 1080px\" \/>\t\t\t\t\t\t\t\t\n\n\t\t\t\t\t\t\t\t\t\t\t\t\t\t\t<\/a>\n\t\t\t\t\t\t\t\t\t\t\t\t<\/div>\n\t\t\t\t\t\t\t\t\t\t\t\t<\/div>\n\t\t<\/div>\n\t\t\t\t[vc_raw_html]JTVCaHRtbF9ibG9jayUyMGlkJTNEJTIyNTkyJTIyJTVE[\/vc_raw_html][\/vc_column][\/vc_row]<\/p>\n<\/section>","protected":false},"excerpt":{"rendered":"<p>[vc_row full_width=&#8220;stretch_row&#8220; woodmart_css_id=&#8220;64fa143dd3c13&#8243; responsive_spacing=&#8220;eyJwYXJhbV90eXBlIjoid29vZG1hcnRfcmVzcG9uc2l2ZV9zcGFjaW5nIiwic2VsZWN0b3JfaWQiOiI2NGZhMTQzZGQzYzEzIiwic2hvcnRjb2RlIjoidmNfcm93IiwiZGF0YSI6eyJ0YWJsZXQiOnt9LCJtb2JpbGUiOnt9fX0=&#8220; mobile_bg_img_hidden=&#8220;no&#8220; tablet_bg_img_hidden=&#8220;no&#8220; woodmart_parallax=&#8220;0&#8243; woodmart_gradient_switch=&#8220;no&#8220; woodmart_box_shadow=&#8220;no&#8220; wd_z_index=&#8220;no&#8220; woodmart_disable_overflow=&#8220;0&#8243; row_reverse_mobile=&#8220;0&#8243; row_reverse_tablet=&#8220;0&#8243; css=&#8220;.vc_custom_1694110785323{padding-top: 20px !important;padding-bottom: 50px !important;background-color: #ffffff !important;}&#8220;<\/p>\n","protected":false},"author":1,"featured_media":0,"parent":1101,"menu_order":0,"comment_status":"closed","ping_status":"closed","template":"","meta":{"footnotes":""},"_links":{"self":[{"href":"https:\/\/docdrtugcesimsek.com\/de\/wp-json\/wp\/v2\/pages\/1139"}],"collection":[{"href":"https:\/\/docdrtugcesimsek.com\/de\/wp-json\/wp\/v2\/pages"}],"about":[{"href":"https:\/\/docdrtugcesimsek.com\/de\/wp-json\/wp\/v2\/types\/page"}],"author":[{"embeddable":true,"href":"https:\/\/docdrtugcesimsek.com\/de\/wp-json\/wp\/v2\/users\/1"}],"replies":[{"embeddable":true,"href":"https:\/\/docdrtugcesimsek.com\/de\/wp-json\/wp\/v2\/comments?post=1139"}],"version-history":[{"count":2,"href":"https:\/\/docdrtugcesimsek.com\/de\/wp-json\/wp\/v2\/pages\/1139\/revisions"}],"predecessor-version":[{"id":1143,"href":"https:\/\/docdrtugcesimsek.com\/de\/wp-json\/wp\/v2\/pages\/1139\/revisions\/1143"}],"up":[{"embeddable":true,"href":"https:\/\/docdrtugcesimsek.com\/de\/wp-json\/wp\/v2\/pages\/1101"}],"wp:attachment":[{"href":"https:\/\/docdrtugcesimsek.com\/de\/wp-json\/wp\/v2\/media?parent=1139"}],"curies":[{"name":"wp","href":"https:\/\/api.w.org\/{rel}","templated":true}]}}