{"id":1131,"date":"2023-09-06T00:09:10","date_gmt":"2023-09-06T00:09:10","guid":{"rendered":"https:\/\/docdrtugcesimsek.com\/behandlungen\/hollywood-cheek\/"},"modified":"2023-09-26T23:32:28","modified_gmt":"2023-09-26T23:32:28","slug":"hollywood-wange","status":"publish","type":"page","link":"https:\/\/docdrtugcesimsek.com\/de\/behandlungen\/hollywood-wange\/","title":{"rendered":"Hollywood Wange"},"content":{"rendered":"<section class=\"wpb-content-wrapper\"><p>[vc_row full_width=&#8220;stretch_row&#8220; woodmart_css_id=&#8220;64fa142bf0215&#8243; responsive_spacing=&#8220;eyJwYXJhbV90eXBlIjoid29vZG1hcnRfcmVzcG9uc2l2ZV9zcGFjaW5nIiwic2VsZWN0b3JfaWQiOiI2NGZhMTQyYmYwMjE1Iiwic2hvcnRjb2RlIjoidmNfcm93IiwiZGF0YSI6eyJ0YWJsZXQiOnt9LCJtb2JpbGUiOnt9fX0=&#8220; mobile_bg_img_hidden=&#8220;no&#8220; tablet_bg_img_hidden=&#8220;no&#8220; woodmart_parallax=&#8220;0&#8243; woodmart_gradient_switch=&#8220;no&#8220; woodmart_box_shadow=&#8220;no&#8220; wd_z_index=&#8220;no&#8220; woodmart_disable_overflow=&#8220;0&#8243; row_reverse_mobile=&#8220;0&#8243; row_reverse_tablet=&#8220;0&#8243; css=&#8220;.vc_custom_1694110768576{padding-top: 20px !important;padding-bottom: 50px !important;background-color: #ffffff !important;}&#8220; el_class=&#8220;content-text-colon&#8220;][vc_column el_class=&#8220;ust-cikinti&#8220; woodmart_css_id=&#8220;64f7bac234890&#8243; parallax_scroll=&#8220;no&#8220; woodmart_sticky_column=&#8220;false&#8220; wd_collapsible_content_switcher=&#8220;no&#8220; wd_column_role_offcanvas_desktop=&#8220;no&#8220; wd_column_role_offcanvas_tablet=&#8220;no&#8220; wd_column_role_offcanvas_mobile=&#8220;no&#8220; wd_column_role_content_desktop=&#8220;no&#8220; wd_column_role_content_tablet=&#8220;no&#8220; wd_column_role_content_mobile=&#8220;no&#8220; mobile_bg_img_hidden=&#8220;no&#8220; tablet_bg_img_hidden=&#8220;no&#8220; woodmart_parallax=&#8220;0&#8243; woodmart_box_shadow=&#8220;no&#8220; responsive_spacing=&#8220;eyJwYXJhbV90eXBlIjoid29vZG1hcnRfcmVzcG9uc2l2ZV9zcGFjaW5nIiwic2VsZWN0b3JfaWQiOiI2NGY3YmFjMjM0ODkwIiwic2hvcnRjb2RlIjoidmNfY29sdW1uIiwiZGF0YSI6eyJ0YWJsZXQiOnt9LCJtb2JpbGUiOnt9fX0=&#8220; mobile_reset_margin=&#8220;no&#8220; tablet_reset_margin=&#8220;no&#8220; wd_z_index=&#8220;no&#8220; css=&#8220;.vc_custom_1693956804453{padding-top: 0px !important;}&#8220;][vc_single_image image=&#8220;682&#8243; img_size=&#8220;full&#8220; parallax_scroll=&#8220;no&#8220; woodmart_inline=&#8220;no&#8220; css=&#8220;.vc_custom_1694110194681{margin-bottom: 20px !important;}&#8220;][vc_column_text woodmart_inline=&#8220;no&#8220; text_larger=&#8220;no&#8220;]Die Hollywoodwange ist ein weit verbreiteter Eingriff im Bereich der \u00e4sthetischen Chirurgie. Dieser Eingriff wird durchgef\u00fchrt, um das Fettgewebe im Wangenbereich zu reduzieren und die Gesichtskonturen hervorzuheben. Die Bichektomie, auch Hollywood-Wange genannt, erfreut sich vor allem bei Prominenten zunehmender Beliebtheit.<\/p>\n<p>Bei diesem Eingriff wird meist unter \u00f6rtlicher Bet\u00e4ubung ein Teil des Bichat-Fettpolsters in der Wange entfernt. Bichat-Fett ist die Fettschicht, die dem Gesicht ein pralles Aussehen verleiht und das Volumen der Wangen bestimmt. Durch die Hollywood-Wangenoperation werden die Gesichtsz\u00fcge sch\u00e4rfer und markanter, w\u00e4hrend die Gesichtsform ein ovaleres Aussehen erh\u00e4lt.<\/p>\n<p>Die Hollywood-Wangenoperation ist ein Verfahren, das im Allgemeinen bei Erwachsenen im jungen und mittleren Alter bevorzugt wird. Durch die Entfernung von \u00fcbersch\u00fcssigem Fettgewebe an den Wangen werden die Gesichtsz\u00fcge klarer definiert und die Kieferpartie sch\u00e4rfer hervorgehoben. Dieses Verfahren kann auch die Gesichtssymmetrie verbessern und das Gesamterscheinungsbild einer Person deutlich ver\u00e4ndern.<br \/>\nNach der Operation kann es zu leichten Schwellungen und Bluterg\u00fcssen kommen, die jedoch mit der Zeit verschwinden. Im Allgemeinen verl\u00e4uft der Genesungsprozess schnell und die Patienten k\u00f6nnen in kurzer Zeit zu ihren t\u00e4glichen Aktivit\u00e4ten zur\u00fcckkehren. Die genaue Erholungszeit kann jedoch von Person zu Person variieren.<\/p>\n<p>Die Hollywood-Wangenoperation ist eine wirksame Option f\u00fcr Personen, die ihre Gesichtsz\u00fcge definieren und ein attraktiveres Aussehen erzielen m\u00f6chten. Wie bei jedem chirurgischen Eingriff ist es jedoch f\u00fcr Personen, die diesen Eingriff in Betracht ziehen, wichtig, einen plastischen Chirurgen zu konsultieren, um detaillierte Informationen zu erhalten und ihre Erwartungen zu besprechen.<\/p>\n<p>Denken Sie daran, dass jeder chirurgische Eingriff Risiken birgt und die Ergebnisse von Person zu Person unterschiedlich sein k\u00f6nnen. Daher ist es wichtig, einen qualifizierten Arzt zu konsultieren, bevor Sie eine Hollywood-Wangenbehandlung oder einen anderen \u00e4sthetischen Eingriff in Betracht ziehen.<\/p>\n<h2>Warum wird eine Hollywood-Wangenoperation durchgef\u00fchrt?<\/h2>\n<p>Die Hollywood-Wangenchirurgie ist ein Verfahren der plastischen Chirurgie, das in den letzten Jahren an Popularit\u00e4t gewonnen hat. Diese bei Prominenten weit verbreitete Methode wird auch von vielen Menschen nachgefragt, die Sch\u00f6nheitsstandards erreichen und ihre Jugend bewahren m\u00f6chten. Haben Sie sich jemals gefragt, was?<\/p>\n<h2>Ist eine Wangenoperation in Hollywood so beliebt?<\/h2>\n<p>Der Hauptzweck dieses \u00e4sthetischen Eingriffs besteht darin, den Wangenbereich im Gesicht zu formen und aufzupolstern. Mit dem Alterungsprozess nimmt das Gesichtsfettgewebe und die Hautelastizit\u00e4t ab. Dies kann zu einer Erschlaffung und einem Kollaps der Gesichtskonturen f\u00fchren. Die Hollywood-Wangenchirurgie bietet eine wirksame L\u00f6sung, um diese Probleme anzugehen.<\/p>\n<p>W\u00e4hrend der Operation f\u00fchrt ein Chirurg eine Fettinjektion oder F\u00fcllmittel ein, um den Wangen dauerhaft F\u00fclle zu verleihen. Mit dieser Methode werden die Gesichtskonturen neu geformt und ein jugendlicheres, lebendigeres Aussehen erreicht. Durch die Hollywood-Wangenoperation wird die Gesichtssymmetrie verbessert und gleichzeitig das Gesamtgleichgewicht und die Proportionen des Gesichts erhalten.<\/p>\n<p>Warum wird die Wangenoperation \u201eHollywood\u201c genannt? Der Name kommt daher, dass Prominente dieses Verfahren h\u00e4ufig bevorzugen. In der glamour\u00f6sen Welt Hollywoods ist es ein wichtiger Faktor, jung und attraktiv auszusehen. Prominente greifen auf plastische Chirurgie zur\u00fcck, um ihre Karriere aufrechtzuerhalten und vor der Kamera sch\u00f6n auszusehen. Dies f\u00fchrt zu seiner Popularit\u00e4t in der breiten \u00d6ffentlichkeit.<br \/>\nDaher ist die Hollywood-Wangenoperation ein bevorzugtes \u00e4sthetisches Verfahren, um die Gesichtskonturen zu formen und die jugendliche F\u00fclle wiederherzustellen. Es ist bei vielen Menschen gefragt, die durch die Beseitigung von Erschlaffungs- und Kollapserscheinungen im Gesicht ein jugendlicheres und lebendigeres Aussehen erreichen m\u00f6chten. Die Hollywood-Wangenoperation ist eine innovative Option der plastischen Chirurgie und wird daher von Prominenten weithin bevorzugt.<\/p>\n<h2>Wer kann Hollywood-Wangen haben?<\/h2>\n<p>Hollywood-Wangen ist eine \u00e4sthetische Anwendung, die in letzter Zeit an Popularit\u00e4t gewonnen hat und durch ihre verj\u00fcngende Wirkung auf das Gesicht Aufmerksamkeit erregt. Dank dieser Behandlung ist es m\u00f6glich, Ihre Gesichtsz\u00fcge zu kl\u00e4ren und aufzupolstern und ein j\u00fcngeres Aussehen zu erzielen. Also, wer kann Hollywood-Frechheit haben?<\/p>\n<p>Die Hollywoodwange ist ein weit verbreiteter Eingriff im Bereich der \u00e4sthetischen Chirurgie. Dieser Eingriff wird durchgef\u00fchrt, um das Fettgewebe im Wangenbereich zu reduzieren und die Gesichtskonturen hervorzuheben. Die Bichektomie, auch Hollywood-Wange genannt, erfreut sich vor allem bei Prominenten zunehmender Beliebtheit.<\/p>\n<p>Bei diesem Eingriff wird meist unter \u00f6rtlicher Bet\u00e4ubung ein Teil des Bichat-Fettpolsters in der Wange entfernt. Bichat-Fett ist die Fettschicht, die dem Gesicht ein pralles Aussehen verleiht und das Volumen der Wangen bestimmt. Durch die Hollywood-Wangenoperation werden die Gesichtsz\u00fcge sch\u00e4rfer und markanter, w\u00e4hrend die Gesichtsform ein ovaleres Aussehen erh\u00e4lt.<\/p>\n<p>Die Hollywood-Wangenoperation ist ein Verfahren, das im Allgemeinen bei Erwachsenen im jungen und mittleren Alter bevorzugt wird. Durch die Entfernung von \u00fcbersch\u00fcssigem Fettgewebe an den Wangen werden die Gesichtsz\u00fcge klarer definiert und die Kieferpartie sch\u00e4rfer hervorgehoben. Dieses Verfahren kann auch die Gesichtssymmetrie verbessern und das Gesamterscheinungsbild einer Person deutlich ver\u00e4ndern.<br \/>\nNach der Operation kann es zu leichten Schwellungen und Bluterg\u00fcssen kommen, die jedoch mit der Zeit verschwinden. Im Allgemeinen verl\u00e4uft der Genesungsprozess schnell und die Patienten k\u00f6nnen in kurzer Zeit zu ihren t\u00e4glichen Aktivit\u00e4ten zur\u00fcckkehren. Die genaue Erholungszeit kann jedoch von Person zu Person variieren.<\/p>\n<p>Die Hollywood-Wangenoperation ist eine wirksame Option f\u00fcr Personen, die ihre Gesichtsz\u00fcge definieren und ein attraktiveres Aussehen erzielen m\u00f6chten. Wie bei jedem chirurgischen Eingriff ist es jedoch f\u00fcr Personen, die diesen Eingriff in Betracht ziehen, wichtig, einen plastischen Chirurgen zu konsultieren, um detaillierte Informationen zu erhalten und ihre Erwartungen zu besprechen.<\/p>\n<p>Denken Sie daran, dass jeder chirurgische Eingriff Risiken birgt und die Ergebnisse von Person zu Person unterschiedlich sein k\u00f6nnen. Daher ist es wichtig, einen qualifizierten Arzt zu konsultieren, bevor Sie eine Hollywood-Wangenbehandlung oder einen anderen \u00e4sthetischen Eingriff in Betracht ziehen.<\/p>\n<h2>Warum wird eine Hollywood-Wangenoperation durchgef\u00fchrt?<\/h2>\n<p>Die Hollywood-Wangenchirurgie ist ein Verfahren der plastischen Chirurgie, das in den letzten Jahren an Popularit\u00e4t gewonnen hat. Diese bei Prominenten weit verbreitete Methode wird auch von vielen Menschen nachgefragt, die Sch\u00f6nheitsstandards erreichen und ihre Jugend bewahren m\u00f6chten. Haben Sie sich jemals gefragt, was?<\/p>\n<h2>Ist eine Wangenoperation in Hollywood so beliebt?<\/h2>\n<p>Der Hauptzweck dieses \u00e4sthetischen Eingriffs besteht darin, den Wangenbereich im Gesicht zu formen und aufzupolstern. Mit dem Alterungsprozess nimmt das Gesichtsfettgewebe und die Hautelastizit\u00e4t ab. Dies kann zu einer Erschlaffung und einem Kollaps der Gesichtskonturen f\u00fchren. Die Hollywood-Wangenchirurgie bietet eine wirksame L\u00f6sung, um diese Probleme anzugehen.<\/p>\n<p>W\u00e4hrend der Operation f\u00fchrt ein Chirurg eine Fettinjektion oder F\u00fcllmittel ein, um den Wangen dauerhaft F\u00fclle zu verleihen. Mit dieser Methode werden die Gesichtskonturen neu geformt und ein jugendlicheres, lebendigeres Aussehen erreicht. Durch die Hollywood-Wangenoperation wird die Gesichtssymmetrie verbessert und gleichzeitig das Gesamtgleichgewicht und die Proportionen des Gesichts erhalten.<\/p>\n<p>Warum wird die Wangenoperation \u201eHollywood\u201c genannt? Der Name kommt daher, dass Prominente dieses Verfahren h\u00e4ufig bevorzugen. In der glamour\u00f6sen Welt Hollywoods ist es ein wichtiger Faktor, jung und attraktiv auszusehen. Prominente greifen auf plastische Chirurgie zur\u00fcck, um ihre Karriere aufrechtzuerhalten und vor der Kamera sch\u00f6n auszusehen. Dies f\u00fchrt zu seiner Popularit\u00e4t in der breiten \u00d6ffentlichkeit.<br \/>\nDaher ist die Hollywood-Wangenoperation ein bevorzugtes \u00e4sthetisches Verfahren, um die Gesichtskonturen zu formen und die jugendliche F\u00fclle wiederherzustellen. Es ist bei vielen Menschen gefragt, die durch die Beseitigung von Erschlaffungs- und Kollapserscheinungen im Gesicht ein jugendlicheres und lebendigeres Aussehen erreichen m\u00f6chten. Die Hollywood-Wangenoperation ist eine innovative Option der plastischen Chirurgie und wird daher von Prominenten weithin bevorzugt.<\/p>\n<h2>Wer kann Hollywood-Wangen haben?<\/h2>\n<p>Hollywood-Wangen ist eine \u00e4sthetische Anwendung, die in letzter Zeit an Popularit\u00e4t gewonnen hat und durch ihre verj\u00fcngende Wirkung auf das Gesicht Aufmerksamkeit erregt. Dank dieser Behandlung ist es m\u00f6glich, Ihre Gesichtsz\u00fcge zu kl\u00e4ren und aufzupolstern und ein j\u00fcngeres Aussehen zu erzielen. Also, wer kann Hollywood-Frechheit haben?[\/vc_column_text]\t\t\t<link rel=\"stylesheet\" id=\"wd-section-title-css\" href=\"https:\/\/docdrtugcesimsek.com\/wp-content\/themes\/woodmart\/css\/parts\/el-section-title.min.css?ver=7.2.4\" type=\"text\/css\" media=\"all\" \/> \t\t\t\t\t\t<link rel=\"stylesheet\" id=\"wd-mod-highlighted-text-css\" href=\"https:\/\/docdrtugcesimsek.com\/wp-content\/themes\/woodmart\/css\/parts\/mod-highlighted-text.min.css?ver=7.2.4\" type=\"text\/css\" media=\"all\" \/> \t\t\t\n\t\t<div id=\"wd-65136a02deb60\" class=\"title-wrapper wd-wpb set-mb-s reset-last-child  wd-rs-65136a02deb60 wd-title-color-default wd-title-style-default text-center  wd-underline-colored\">\n\t\t\t\n\t\t\t<div class=\"liner-continer\">\n\t\t\t\t<h4 class=\"woodmart-title-container title  wd-font-weight- wd-fontsize-l\" >VORHER NACHHER<\/h4>\n\t\t\t\t\t\t\t<\/div>\n\t\t\t\n\t\t\t\n\t\t\t\n\t\t<\/div>\n\t\t\n\t\t\t\t\t<link rel=\"stylesheet\" id=\"wd-photoswipe-css\" href=\"https:\/\/docdrtugcesimsek.com\/wp-content\/themes\/woodmart\/css\/parts\/lib-photoswipe.min.css?ver=7.2.4\" type=\"text\/css\" media=\"all\" \/> \t\t\t\t\t\t<link rel=\"stylesheet\" id=\"wd-owl-carousel-css\" href=\"https:\/\/docdrtugcesimsek.com\/wp-content\/themes\/woodmart\/css\/parts\/lib-owl-carousel.min.css?ver=7.2.4\" type=\"text\/css\" media=\"all\" \/> \t\t\t\t\t\t<link rel=\"stylesheet\" id=\"wd-image-gallery-css\" href=\"https:\/\/docdrtugcesimsek.com\/wp-content\/themes\/woodmart\/css\/parts\/el-gallery.min.css?ver=7.2.4\" type=\"text\/css\" media=\"all\" \/> \t\t\t\t\t<div id=\"gallery_950\" class=\"wd-images-gallery wd-rs-650758293bff3 wd-justify-center wd-items-middle view-carousel photoswipe-images wd-carousel-spacing-10 wd-carousel-container\" data-owl-carousel data-wrap=\"no\" data-autoplay=\"yes\" data-hide_pagination_control=\"no\" data-hide_prev_next_buttons=\"no\" data-desktop=\"3\" data-tablet_landscape=\"3\" data-tablet=\"2\" data-mobile=\"1\">\n\t\t\t<div class=\"gallery-images owl-carousel wd-owl owl-items-lg-3 owl-items-md-3 owl-items-sm-2 owl-items-xs-1\">\n\t\t\t\t\t\t\t\t\t\t\t\t\t\t\t<div class=\"wd-gallery-item\">\n\t\t\t\t\t\t\t\t\t\t\t\t\t\t<a href=\"https:\/\/docdrtugcesimsek.com\/wp-content\/uploads\/2023\/09\/1-3.jpg\" data-elementor-open-lightbox=\"no\" data-index=\"1\" data-width=\"828\" data-height=\"1072\"  >\n\t\t\t\t\t\t\t\t\n\t\t\t\t\t\t\t\t\t\t\t\t\t\t\t\t\t<img loading=\"lazy\" decoding=\"async\" width=\"828\" height=\"1072\" src=\"https:\/\/docdrtugcesimsek.com\/wp-content\/uploads\/2023\/09\/1-3.jpg\" class=\"wd-gallery-image image-1 attachment-full\" alt=\"\" title=\"1 (3)\" srcset=\"https:\/\/docdrtugcesimsek.com\/wp-content\/uploads\/2023\/09\/1-3.jpg 828w, https:\/\/docdrtugcesimsek.com\/wp-content\/uploads\/2023\/09\/1-3-232x300.jpg 232w, https:\/\/docdrtugcesimsek.com\/wp-content\/uploads\/2023\/09\/1-3-791x1024.jpg 791w, https:\/\/docdrtugcesimsek.com\/wp-content\/uploads\/2023\/09\/1-3-768x994.jpg 768w\" sizes=\"(max-width: 828px) 100vw, 828px\" \/>\t\t\t\t\t\t\t\t\n\n\t\t\t\t\t\t\t\t\t\t\t\t\t\t\t<\/a>\n\t\t\t\t\t\t\t\t\t\t\t\t<\/div>\n\t\t\t\t\t\t\t\t\t\t\t<div class=\"wd-gallery-item\">\n\t\t\t\t\t\t\t\t\t\t\t\t\t\t<a href=\"https:\/\/docdrtugcesimsek.com\/wp-content\/uploads\/2023\/09\/2-4.jpg\" data-elementor-open-lightbox=\"no\" data-index=\"2\" data-width=\"1080\" data-height=\"1080\"  >\n\t\t\t\t\t\t\t\t\n\t\t\t\t\t\t\t\t\t\t\t\t\t\t\t\t\t<img loading=\"lazy\" decoding=\"async\" width=\"1080\" height=\"1080\" src=\"https:\/\/docdrtugcesimsek.com\/wp-content\/uploads\/2023\/09\/2-4.jpg\" class=\"wd-gallery-image image-2 attachment-full\" alt=\"\" title=\"2 (4)\" srcset=\"https:\/\/docdrtugcesimsek.com\/wp-content\/uploads\/2023\/09\/2-4.jpg 1080w, https:\/\/docdrtugcesimsek.com\/wp-content\/uploads\/2023\/09\/2-4-300x300.jpg 300w, https:\/\/docdrtugcesimsek.com\/wp-content\/uploads\/2023\/09\/2-4-1024x1024.jpg 1024w, https:\/\/docdrtugcesimsek.com\/wp-content\/uploads\/2023\/09\/2-4-150x150.jpg 150w, https:\/\/docdrtugcesimsek.com\/wp-content\/uploads\/2023\/09\/2-4-768x768.jpg 768w\" sizes=\"(max-width: 1080px) 100vw, 1080px\" \/>\t\t\t\t\t\t\t\t\n\n\t\t\t\t\t\t\t\t\t\t\t\t\t\t\t<\/a>\n\t\t\t\t\t\t\t\t\t\t\t\t<\/div>\n\t\t\t\t\t\t\t\t\t\t\t\t<\/div>\n\t\t<\/div>\n\t\t\t\t[vc_raw_html]JTVCaHRtbF9ibG9jayUyMGlkJTNEJTIyNTkyJTIyJTVE[\/vc_raw_html][\/vc_column][\/vc_row]<\/p>\n<\/section>","protected":false},"excerpt":{"rendered":"<p>[vc_row full_width=&#8220;stretch_row&#8220; woodmart_css_id=&#8220;64fa142bf0215&#8243; responsive_spacing=&#8220;eyJwYXJhbV90eXBlIjoid29vZG1hcnRfcmVzcG9uc2l2ZV9zcGFjaW5nIiwic2VsZWN0b3JfaWQiOiI2NGZhMTQyYmYwMjE1Iiwic2hvcnRjb2RlIjoidmNfcm93IiwiZGF0YSI6eyJ0YWJsZXQiOnt9LCJtb2JpbGUiOnt9fX0=&#8220; mobile_bg_img_hidden=&#8220;no&#8220; tablet_bg_img_hidden=&#8220;no&#8220; woodmart_parallax=&#8220;0&#8243; woodmart_gradient_switch=&#8220;no&#8220; woodmart_box_shadow=&#8220;no&#8220; wd_z_index=&#8220;no&#8220; woodmart_disable_overflow=&#8220;0&#8243; row_reverse_mobile=&#8220;0&#8243; row_reverse_tablet=&#8220;0&#8243; css=&#8220;.vc_custom_1694110768576{padding-top: 20px !important;padding-bottom: 50px !important;background-color: #ffffff !important;}&#8220;<\/p>\n","protected":false},"author":1,"featured_media":0,"parent":1101,"menu_order":0,"comment_status":"closed","ping_status":"closed","template":"","meta":{"footnotes":""},"_links":{"self":[{"href":"https:\/\/docdrtugcesimsek.com\/de\/wp-json\/wp\/v2\/pages\/1131"}],"collection":[{"href":"https:\/\/docdrtugcesimsek.com\/de\/wp-json\/wp\/v2\/pages"}],"about":[{"href":"https:\/\/docdrtugcesimsek.com\/de\/wp-json\/wp\/v2\/types\/page"}],"author":[{"embeddable":true,"href":"https:\/\/docdrtugcesimsek.com\/de\/wp-json\/wp\/v2\/users\/1"}],"replies":[{"embeddable":true,"href":"https:\/\/docdrtugcesimsek.com\/de\/wp-json\/wp\/v2\/comments?post=1131"}],"version-history":[{"count":3,"href":"https:\/\/docdrtugcesimsek.com\/de\/wp-json\/wp\/v2\/pages\/1131\/revisions"}],"predecessor-version":[{"id":1136,"href":"https:\/\/docdrtugcesimsek.com\/de\/wp-json\/wp\/v2\/pages\/1131\/revisions\/1136"}],"up":[{"embeddable":true,"href":"https:\/\/docdrtugcesimsek.com\/de\/wp-json\/wp\/v2\/pages\/1101"}],"wp:attachment":[{"href":"https:\/\/docdrtugcesimsek.com\/de\/wp-json\/wp\/v2\/media?parent=1131"}],"curies":[{"name":"wp","href":"https:\/\/api.w.org\/{rel}","templated":true}]}}