{"id":1123,"date":"2023-09-06T00:01:14","date_gmt":"2023-09-06T00:01:14","guid":{"rendered":"https:\/\/docdrtugcesimsek.com\/behandlungen\/eyelid-aesthetics-blepharoplasty\/"},"modified":"2024-01-23T12:05:38","modified_gmt":"2024-01-23T12:05:38","slug":"augenlidaesthetik-blepharoplastik","status":"publish","type":"page","link":"https:\/\/docdrtugcesimsek.com\/de\/behandlungen\/augenlidaesthetik-blepharoplastik\/","title":{"rendered":"Augenlid\u00e4sthetik (Blepharoplastik)"},"content":{"rendered":"<section class=\"wpb-content-wrapper\"><p>[vc_row full_width=&#8220;stretch_row&#8220; woodmart_css_id=&#8220;64fa13c545212&#8243; responsive_spacing=&#8220;eyJwYXJhbV90eXBlIjoid29vZG1hcnRfcmVzcG9uc2l2ZV9zcGFjaW5nIiwic2VsZWN0b3JfaWQiOiI2NGZhMTNjNTQ1MjEyIiwic2hvcnRjb2RlIjoidmNfcm93IiwiZGF0YSI6eyJ0YWJsZXQiOnt9LCJtb2JpbGUiOnt9fX0=&#8220; mobile_bg_img_hidden=&#8220;no&#8220; tablet_bg_img_hidden=&#8220;no&#8220; woodmart_parallax=&#8220;0&#8243; woodmart_gradient_switch=&#8220;no&#8220; woodmart_box_shadow=&#8220;no&#8220; wd_z_index=&#8220;no&#8220; woodmart_disable_overflow=&#8220;0&#8243; row_reverse_mobile=&#8220;0&#8243; row_reverse_tablet=&#8220;0&#8243; css=&#8220;.vc_custom_1694110665951{padding-top: 20px !important;padding-bottom: 50px !important;background-color: #ffffff !important;}&#8220; el_class=&#8220;content-text-colon&#8220;][vc_column el_class=&#8220;ust-cikinti&#8220; woodmart_css_id=&#8220;64f7bac234890&#8243; parallax_scroll=&#8220;no&#8220; woodmart_sticky_column=&#8220;false&#8220; wd_collapsible_content_switcher=&#8220;no&#8220; wd_column_role_offcanvas_desktop=&#8220;no&#8220; wd_column_role_offcanvas_tablet=&#8220;no&#8220; wd_column_role_offcanvas_mobile=&#8220;no&#8220; wd_column_role_content_desktop=&#8220;no&#8220; wd_column_role_content_tablet=&#8220;no&#8220; wd_column_role_content_mobile=&#8220;no&#8220; mobile_bg_img_hidden=&#8220;no&#8220; tablet_bg_img_hidden=&#8220;no&#8220; woodmart_parallax=&#8220;0&#8243; woodmart_box_shadow=&#8220;no&#8220; responsive_spacing=&#8220;eyJwYXJhbV90eXBlIjoid29vZG1hcnRfcmVzcG9uc2l2ZV9zcGFjaW5nIiwic2VsZWN0b3JfaWQiOiI2NGY3YmFjMjM0ODkwIiwic2hvcnRjb2RlIjoidmNfY29sdW1uIiwiZGF0YSI6eyJ0YWJsZXQiOnt9LCJtb2JpbGUiOnt9fX0=&#8220; mobile_reset_margin=&#8220;no&#8220; tablet_reset_margin=&#8220;no&#8220; wd_z_index=&#8220;no&#8220; css=&#8220;.vc_custom_1693956804453{padding-top: 0px !important;}&#8220;][vc_single_image image=&#8220;677&#8243; img_size=&#8220;full&#8220; parallax_scroll=&#8220;no&#8220; woodmart_inline=&#8220;no&#8220; css=&#8220;.vc_custom_1694110163367{margin-bottom: 20px !important;}&#8220;][vc_column_text woodmart_inline=&#8220;no&#8220; text_larger=&#8220;no&#8220;]Einer der Schwerpunkte des Gesichts sind die Augen. Durch Alterung, Traumata und genetische Faktoren verursachte Erschlaffungen der Augen k\u00f6nnen zu einem unerw\u00fcnschten Erscheinungsbild an diesem Brennpunkt f\u00fchren. Um diese Probleme zu beseitigen, kann eine Augenlid\u00e4sthetik durchgef\u00fchrt werden. Generell bieten \u00e4sthetische Eingriffe bei Schlupflidern dauerhaft ein nat\u00fcrliches und gewohntes Aussehen. \u00c4sthetische Eingriffe rund um die Augen werden in der Medizin als Blepharoplastik bezeichnet.<\/p>\n<h2>Was ist Augenlid\u00e4sthetik?<\/h2>\n<p>Unter Blepharoplastik, auch Augenlid\u00e4sthetik genannt, versteht man den chirurgischen Eingriff, mit dem das Herabh\u00e4ngen der Ober- und Unterlider, das aus unterschiedlichen Gr\u00fcnden auftreten kann, beseitigt wird. Es kann nicht nur bei Erschlaffung angewendet werden, sondern auch bei Faltenbildung an den Augenlidern, Tr\u00e4nens\u00e4cken, h\u00e4ngenden Augenlidern oder Augenbrauen oder bei posttraumatischen Erkrankungen. Unabh\u00e4ngig vom Anwendungszweck werden so \u00e4sthetische Eingriffe an den Augenlidern bezeichnet.<\/p>\n<h2>Wer kann eine Augenlid\u00e4sthetik durchf\u00fchren lassen?<\/h2>\n<p>Die Frage, wer keine Augenlid\u00e4sthetik durchf\u00fchren lassen kann oder kann, wird h\u00e4ufig gestellt. Aus medizinischen Gr\u00fcnden ist die Augenlid\u00e4sthetik ein Verfahren, das in jedem Alter angewendet werden kann. Wenn sie jedoch nur aus \u00e4sthetischen Gr\u00fcnden durchgef\u00fchrt wird, wird sie in der Regel bei Erwachsenen \u00fcber 35 Jahren durchgef\u00fchrt. Da in diesem Alter Alterserscheinungen am Augenlid auftreten k\u00f6nnen, wird sie von Erwachsenen bevorzugt. Es gibt einige Erkrankungen, die f\u00fcr eine Augenlid\u00e4sthetik nicht geeignet sind. Diese Bedingungen k\u00f6nnen wie folgt aufgef\u00fchrt werden:<\/p>\n<p>Personen mit dem Syndrom des trockenen Auges werden Eingriffe am oberen Augenlid nicht empfohlen.<br \/>\nPatienten mit Augendruck sollten sich keiner Augenlidoperation unterziehen.<br \/>\nAuch f\u00fcr Schilddr\u00fcsen- und Diabetiker kann dieser Eingriff gef\u00e4hrlich sein.<br \/>\nDiese Operation wird auch Personen mit schwerwiegenden und sehr schwerwiegenden Augenerkrankungen nicht empfohlen.<\/p>\n<p>Obwohl es Krankheitsgruppen gibt, die f\u00fcr die Augenlid\u00e4sthetik nicht geeignet sind, wird \u00fcber das Verfahren entschieden, nachdem der Zustand des Patienten von \u00c4rzten beurteilt wurde. Daher kann ohne eine Beurteilung durch Spezialisten kein endg\u00fcltiges Urteil gef\u00e4llt werden.<\/p>\n<h2>Wie wird eine Augenlid\u00e4sthetik durchgef\u00fchrt?<\/h2>\n<p>Die Frage, wie eine Augenlidoperation durchgef\u00fchrt wird, ist eine der neugierigsten Fragen zu dieser Operation. Die Eingriffe am Augenlid w\u00e4hrend einer Operation sind unterschiedlich. Besonders die Eingriffe am Ober- und Unterlid sind unterschiedlich.<\/p>\n<p>Vor einer Augenlidoperation wird der Patient vom Arzt untersucht. Die Operation wird durchgef\u00fchrt, nachdem das Problem am Augenlid festgestellt und die Entscheidung f\u00fcr die Operation getroffen wurde. Im Allgemeinen wird die Oberlidstraffung unter \u00f6rtlicher Bet\u00e4ubung durchgef\u00fchrt. \u00dcbersch\u00fcssiges Fett- und Hautgewebe am oberen Augenlid wird entfernt und die Operation wird durch eine Naht abgeschlossen. Wie lange dauert die Augenlidoperation? Dieser Vorgang dauert durchschnittlich etwa 1 Stunde.<\/p>\n<p>Die Augenlid\u00e4sthetik wird nicht nur am oberen Augenlid durchgef\u00fchrt. Auch eine Unterlid\u00e4sthetik kann durchgef\u00fchrt werden. Auch hier kann es aufgrund des Alters zu einer Erschlaffung der Haut am unteren Augenlid oder zu Zust\u00e4nden wie Streifenbildung und Tr\u00e4nens\u00e4cken kommen. Um diese Probleme dauerhaft zu l\u00f6sen, wird ein Schnitt im unteren Teil des Auges und der Wimpern vorgenommen. Durch diesen Schnitt wird die Augenlidhaut nach oben gehoben. Da sich Fett bis in die untere Augenh\u00f6hle ausbreiten kann, wird \u00fcbersch\u00fcssiges Fettgewebe aus diesem Bereich entfernt. Bei diesem Eingriff werden \u00fcbersch\u00fcssige Muskeln, Fett und Gewebe entfernt.<\/p>\n<h2>Pr\u00e4operativer Prozess am Augenlid<\/h2>\n<p>Vor der Augenlid\u00e4sthetik wird der Eingriff absolut professionell durchgef\u00fchrt. Bei diesen chirurgischen Eingriffen, die in der Regel nur aus \u00e4sthetischen Gr\u00fcnden durchgef\u00fchrt werden, werden zun\u00e4chst die antragstellenden Patienten untersucht. Es werden Informationen zu chronischen Erkrankungen und regelm\u00e4\u00dfig eingenommenen Medikamenten eingeholt. Dies gilt f\u00fcr Patienten, deren Operationsprozess abgeschlossen ist. Patienten, die eine Augenlid\u00e4sthetik beantragen, werden zun\u00e4chst k\u00f6rperlich untersucht. Denn es gibt auch nicht-chirurgische Eingriffe zur Lid\u00e4sthetik. Liegt eine Situation wie Erschlaffung oder Streifenbildung vor, die ohne Operation gel\u00f6st werden kann, werden zun\u00e4chst andere Methoden<\/p>\n<p>Beispielsweise kann Botox zuerst bei einem Patienten angewendet werden, der wegen erschlaffter Augenlider einen Antrag stellt. Bei Falten im Augenbrauen- und Stirnbereich kann diese Situation mit Botox gel\u00f6st werden. Wenn das Erschlaffen der Augenlider nach Botox weiterhin besteht, kann \u00fcber eine Operation entschieden werden. Tief h\u00e4ngende Augenlider k\u00f6nnen auch durch Augenbrauen- oder Scherzlifting-Anwendungen beseitigt werden. Wenn jedoch fortgeschrittene Probleme vorliegen und der Patient \u00fcber nicht behebbare Augenlidprobleme klagt, wird der Patient in den pr\u00e4operativen Prozess einbezogen. Das Gleiche gilt f\u00fcr das Oberlid und das Unterlid.<\/p>\n<p>Im pr\u00e4operativen Prozess k\u00f6nnen auch einige Fragen gestellt werden, z. B. ob Risiken bei einer Augenlidoperation bestehen und worauf man achten sollte. Obwohl es sich nicht um eine Operation mit hohem Risiko handelt, gibt es bei der Augenlidoperation wie bei jedem chirurgischen Eingriff einige Risiken. Es k\u00f6nnen Erkrankungen wie postoperative Blutungen und Bluterg\u00fcsse auftreten. Ein weiteres Risiko besteht, wie bei allen Eingriffen, in der Infektionsgefahr. Abh\u00e4ngig von diesen Risiken kann es nach der Operation zu verschwommenem Sehen, trockenen Augen und Schwierigkeiten beim \u00d6ffnen und Schlie\u00dfen der Augen kommen. Allerdings verschwinden die Risiken und postoperativen Beschwerden innerhalb von durchschnittlich 1 Woche.<\/p>\n<h2>Was ist nach der Augenlid\u00e4sthetik zu beachten?<\/h2>\n<p>Patienten, die sich einer Augenlidoperation unterziehen, werden vor und nach der Operation von Fach\u00e4rzten aufgekl\u00e4rt. Zu den empfohlenen Situationen geh\u00f6rt das Auftragen von Eis auf die Bereiche, in denen nach \u00e4sthetischen Eingriffen Schwellungen auftreten. Auf diese Bereiche werden auch \u00e4rztlich verordnete Cremes aufgetragen. Um diesen Vorgang angenehm zu gestalten, sollten die Warnungen des Arztes strikt befolgt werden.<\/p>\n<p>Eine Entlassung aus dem Krankenhaus nach einer Augenlidoperation ist in der Regel noch am selben Tag m\u00f6glich. Es wird nicht empfohlen, nach einer \u00e4sthetischen Operation ein oder zwei Tage lang ein Bad zu nehmen. Diesem Problem sollte besondere Aufmerksamkeit gewidmet werden, um die Bereiche, in denen sich die Stiche befinden, vor Infektionen zu sch\u00fctzen. Insbesondere Patienten, denen Fettgewebe um die Augen entfernt wurde, sollten einige Tage lang nicht duschen.<\/p>\n<p>Nach der Operation werden d\u00fcnne Klebeb\u00e4nder auf die Augenlider geklebt. Diese B\u00e4nder befinden sich im Bereich der Stiche. Stichspuren verschwinden einige Monate nach dem Entfernen der Klebeb\u00e4nder. Auf diese Weise verl\u00e4uft die plastische Chirurgie narbenfrei.<\/p>\n<h2>Preise f\u00fcr Augenlid\u00e4sthetik<\/h2>\n<p>Eine weitere Frage, die sich diejenigen stellen, die sich einer Augenlid-\u00c4sthetik unterziehen m\u00f6chten, ist, wie wichtig die Augenlid-\u00c4sthetik ist. Bei dieser Operation k\u00f6nnen verschiedene Techniken und Anwendungen durchgef\u00fchrt werden. Beispielsweise kann eine Lid\u00e4sthetik am unteren oder oberen Augenlid durchgef\u00fchrt werden. Tats\u00e4chlich k\u00f6nnen sowohl das untere als auch das obere Augenlid gleichzeitig behandelt werden. In diesem Fall \u00e4ndern sich die verwendeten Techniken, der Operationsprozess und viele \u00e4hnliche Probleme. Abh\u00e4ngig von den festgestellten Unterschieden variieren die Preise f\u00fcr die Augenlid\u00e4sthetik. Dar\u00fcber hinaus f\u00fchren auch \u00e4sthetische Eingriffe, die vor einer Operation durchgef\u00fchrt werden k\u00f6nnen, zu Preisver\u00e4nderungen. Eine Augenlid\u00e4sthetik kann auch ohne Operation durchgef\u00fchrt werden. Botox und \u00e4hnliche Lifting- und Dehnverfahren, die im Augenbrauen-, Stirn- und Schl\u00e4fenbereich angewendet werden k\u00f6nnen, k\u00f6nnen im Preis inbegriffen sein. Abgesehen davon wird der \u00e4sthetische Ver\u00e4nderungsprozess allein durch die Anwendung dieser Verfahren abgeschlossen. Unter Ber\u00fccksichtigung all dieser Aspekte gibt es keinen konkreten Preis. Preisinformationen werden nach Antragstellung der Patienten und k\u00f6rperlicher Untersuchung ermittelt. Detaillierte Informationen erhalten Sie auch bei Ihrer Bewerbung.[\/vc_column_text]\t\t\t<link rel=\"stylesheet\" id=\"wd-section-title-css\" href=\"https:\/\/docdrtugcesimsek.com\/wp-content\/themes\/woodmart\/css\/parts\/el-section-title.min.css?ver=7.2.4\" type=\"text\/css\" media=\"all\" \/> \t\t\t\t\t\t<link rel=\"stylesheet\" id=\"wd-mod-highlighted-text-css\" href=\"https:\/\/docdrtugcesimsek.com\/wp-content\/themes\/woodmart\/css\/parts\/mod-highlighted-text.min.css?ver=7.2.4\" type=\"text\/css\" media=\"all\" \/> \t\t\t\n\t\t<div id=\"wd-65136a1ed3f87\" class=\"title-wrapper wd-wpb set-mb-s reset-last-child  wd-rs-65136a1ed3f87 wd-title-color-default wd-title-style-default text-center  wd-underline-colored\">\n\t\t\t\n\t\t\t<div class=\"liner-continer\">\n\t\t\t\t<h4 class=\"woodmart-title-container title  wd-font-weight- wd-fontsize-l\" >VORHER NACHHER<\/h4>\n\t\t\t\t\t\t\t<\/div>\n\t\t\t\n\t\t\t\n\t\t\t\n\t\t<\/div>\n\t\t\n\t\t\t\t\t<link rel=\"stylesheet\" id=\"wd-photoswipe-css\" href=\"https:\/\/docdrtugcesimsek.com\/wp-content\/themes\/woodmart\/css\/parts\/lib-photoswipe.min.css?ver=7.2.4\" type=\"text\/css\" media=\"all\" \/> \t\t\t\t\t\t<link rel=\"stylesheet\" id=\"wd-owl-carousel-css\" href=\"https:\/\/docdrtugcesimsek.com\/wp-content\/themes\/woodmart\/css\/parts\/lib-owl-carousel.min.css?ver=7.2.4\" type=\"text\/css\" media=\"all\" \/> \t\t\t\t\t\t<link rel=\"stylesheet\" id=\"wd-image-gallery-css\" href=\"https:\/\/docdrtugcesimsek.com\/wp-content\/themes\/woodmart\/css\/parts\/el-gallery.min.css?ver=7.2.4\" type=\"text\/css\" media=\"all\" \/> \t\t\t\t\t<div id=\"gallery_868\" class=\"wd-images-gallery wd-rs-6507564074e45 wd-justify-center wd-items-middle view-carousel photoswipe-images wd-carousel-spacing-10 wd-carousel-container\" data-owl-carousel data-wrap=\"no\" data-autoplay=\"yes\" data-hide_pagination_control=\"no\" data-hide_prev_next_buttons=\"no\" data-desktop=\"3\" data-tablet_landscape=\"3\" data-tablet=\"2\" data-mobile=\"1\">\n\t\t\t<div class=\"gallery-images owl-carousel wd-owl owl-items-lg-3 owl-items-md-3 owl-items-sm-2 owl-items-xs-1\">\n\t\t\t\t\t\t\t\t\t\t\t\t\t\t\t<div class=\"wd-gallery-item\">\n\t\t\t\t\t\t\t\t\t\t\t\t\t\t<a href=\"https:\/\/docdrtugcesimsek.com\/wp-content\/uploads\/2023\/09\/alt-ust-kapak.jpg\" data-elementor-open-lightbox=\"no\" data-index=\"1\" data-width=\"2048\" data-height=\"2048\"  >\n\t\t\t\t\t\t\t\t\n\t\t\t\t\t\t\t\t\t\t\t\t\t\t\t\t\t<img loading=\"lazy\" decoding=\"async\" width=\"2048\" height=\"2048\" src=\"https:\/\/docdrtugcesimsek.com\/wp-content\/uploads\/2023\/09\/alt-ust-kapak.jpg\" class=\"wd-gallery-image image-1 attachment-full\" alt=\"\" title=\"alt-\u00fcst kapak\" srcset=\"https:\/\/docdrtugcesimsek.com\/wp-content\/uploads\/2023\/09\/alt-ust-kapak.jpg 2048w, https:\/\/docdrtugcesimsek.com\/wp-content\/uploads\/2023\/09\/alt-ust-kapak-300x300.jpg 300w, https:\/\/docdrtugcesimsek.com\/wp-content\/uploads\/2023\/09\/alt-ust-kapak-1024x1024.jpg 1024w, https:\/\/docdrtugcesimsek.com\/wp-content\/uploads\/2023\/09\/alt-ust-kapak-150x150.jpg 150w, https:\/\/docdrtugcesimsek.com\/wp-content\/uploads\/2023\/09\/alt-ust-kapak-768x768.jpg 768w, https:\/\/docdrtugcesimsek.com\/wp-content\/uploads\/2023\/09\/alt-ust-kapak-1536x1536.jpg 1536w\" sizes=\"(max-width: 2048px) 100vw, 2048px\" \/>\t\t\t\t\t\t\t\t\n\n\t\t\t\t\t\t\t\t\t\t\t\t\t\t\t<\/a>\n\t\t\t\t\t\t\t\t\t\t\t\t<\/div>\n\t\t\t\t\t\t\t\t\t\t\t<div class=\"wd-gallery-item\">\n\t\t\t\t\t\t\t\t\t\t\t\t\t\t<a href=\"https:\/\/docdrtugcesimsek.com\/wp-content\/uploads\/2023\/09\/alt-goz-kapagi.jpg\" data-elementor-open-lightbox=\"no\" data-index=\"2\" data-width=\"2048\" data-height=\"2048\"  >\n\t\t\t\t\t\t\t\t\n\t\t\t\t\t\t\t\t\t\t\t\t\t\t\t\t\t<img loading=\"lazy\" decoding=\"async\" width=\"2048\" height=\"2048\" src=\"https:\/\/docdrtugcesimsek.com\/wp-content\/uploads\/2023\/09\/alt-goz-kapagi.jpg\" class=\"wd-gallery-image image-2 attachment-full\" alt=\"\" title=\"alt g\u00f6z kapa\u011f\u0131\" srcset=\"https:\/\/docdrtugcesimsek.com\/wp-content\/uploads\/2023\/09\/alt-goz-kapagi.jpg 2048w, https:\/\/docdrtugcesimsek.com\/wp-content\/uploads\/2023\/09\/alt-goz-kapagi-300x300.jpg 300w, https:\/\/docdrtugcesimsek.com\/wp-content\/uploads\/2023\/09\/alt-goz-kapagi-1024x1024.jpg 1024w, https:\/\/docdrtugcesimsek.com\/wp-content\/uploads\/2023\/09\/alt-goz-kapagi-150x150.jpg 150w, https:\/\/docdrtugcesimsek.com\/wp-content\/uploads\/2023\/09\/alt-goz-kapagi-768x768.jpg 768w, https:\/\/docdrtugcesimsek.com\/wp-content\/uploads\/2023\/09\/alt-goz-kapagi-1536x1536.jpg 1536w\" sizes=\"(max-width: 2048px) 100vw, 2048px\" \/>\t\t\t\t\t\t\t\t\n\n\t\t\t\t\t\t\t\t\t\t\t\t\t\t\t<\/a>\n\t\t\t\t\t\t\t\t\t\t\t\t<\/div>\n\t\t\t\t\t\t\t\t\t\t\t<div class=\"wd-gallery-item\">\n\t\t\t\t\t\t\t\t\t\t\t\t\t\t<a href=\"https:\/\/docdrtugcesimsek.com\/wp-content\/uploads\/2023\/09\/alt-ust-kapak2.jpg\" data-elementor-open-lightbox=\"no\" data-index=\"3\" data-width=\"2048\" data-height=\"2048\"  >\n\t\t\t\t\t\t\t\t\n\t\t\t\t\t\t\t\t\t\t\t\t\t\t\t\t\t<img loading=\"lazy\" decoding=\"async\" width=\"2048\" height=\"2048\" src=\"https:\/\/docdrtugcesimsek.com\/wp-content\/uploads\/2023\/09\/alt-ust-kapak2.jpg\" class=\"wd-gallery-image image-3 attachment-full\" alt=\"\" title=\"alt-\u00fcst kapak2\" srcset=\"https:\/\/docdrtugcesimsek.com\/wp-content\/uploads\/2023\/09\/alt-ust-kapak2.jpg 2048w, https:\/\/docdrtugcesimsek.com\/wp-content\/uploads\/2023\/09\/alt-ust-kapak2-300x300.jpg 300w, https:\/\/docdrtugcesimsek.com\/wp-content\/uploads\/2023\/09\/alt-ust-kapak2-1024x1024.jpg 1024w, https:\/\/docdrtugcesimsek.com\/wp-content\/uploads\/2023\/09\/alt-ust-kapak2-150x150.jpg 150w, https:\/\/docdrtugcesimsek.com\/wp-content\/uploads\/2023\/09\/alt-ust-kapak2-768x768.jpg 768w, https:\/\/docdrtugcesimsek.com\/wp-content\/uploads\/2023\/09\/alt-ust-kapak2-1536x1536.jpg 1536w\" sizes=\"(max-width: 2048px) 100vw, 2048px\" \/>\t\t\t\t\t\t\t\t\n\n\t\t\t\t\t\t\t\t\t\t\t\t\t\t\t<\/a>\n\t\t\t\t\t\t\t\t\t\t\t\t<\/div>\n\t\t\t\t\t\t\t\t\t\t\t<div class=\"wd-gallery-item\">\n\t\t\t\t\t\t\t\t\t\t\t\t\t\t<a href=\"https:\/\/docdrtugcesimsek.com\/wp-content\/uploads\/2023\/09\/ust-goz-kapagi1-2.jpg\" data-elementor-open-lightbox=\"no\" data-index=\"4\" data-width=\"1080\" data-height=\"1080\"  >\n\t\t\t\t\t\t\t\t\n\t\t\t\t\t\t\t\t\t\t\t\t\t\t\t\t\t<img loading=\"lazy\" decoding=\"async\" width=\"1080\" height=\"1080\" src=\"https:\/\/docdrtugcesimsek.com\/wp-content\/uploads\/2023\/09\/ust-goz-kapagi1-2.jpg\" class=\"wd-gallery-image image-4 attachment-full\" alt=\"\" title=\"\u00fcst g\u00f6z kapa\u011f\u01311\" srcset=\"https:\/\/docdrtugcesimsek.com\/wp-content\/uploads\/2023\/09\/ust-goz-kapagi1-2.jpg 1080w, https:\/\/docdrtugcesimsek.com\/wp-content\/uploads\/2023\/09\/ust-goz-kapagi1-2-300x300.jpg 300w, https:\/\/docdrtugcesimsek.com\/wp-content\/uploads\/2023\/09\/ust-goz-kapagi1-2-1024x1024.jpg 1024w, https:\/\/docdrtugcesimsek.com\/wp-content\/uploads\/2023\/09\/ust-goz-kapagi1-2-150x150.jpg 150w, https:\/\/docdrtugcesimsek.com\/wp-content\/uploads\/2023\/09\/ust-goz-kapagi1-2-768x768.jpg 768w\" sizes=\"(max-width: 1080px) 100vw, 1080px\" \/>\t\t\t\t\t\t\t\t\n\n\t\t\t\t\t\t\t\t\t\t\t\t\t\t\t<\/a>\n\t\t\t\t\t\t\t\t\t\t\t\t<\/div>\n\t\t\t\t\t\t\t\t\t\t\t\t<\/div>\n\t\t<\/div>\n\t\t\t\t[vc_video link=&#8220;https:\/\/youtube.com\/shorts\/Hrfgmsy4kE8?si=rGdYLv2VnZO1tUNU&#8220; woodmart_css_id=&#8220;65afab8647fc3&#8243; image_poster_switch=&#8220;no&#8220;][vc_raw_html]JTVCaHRtbF9ibG9jayUyMGlkJTNEJTIyNTkyJTIyJTVE[\/vc_raw_html][\/vc_column][\/vc_row]<\/p>\n<\/section>","protected":false},"excerpt":{"rendered":"<p>[vc_row full_width=&#8220;stretch_row&#8220; woodmart_css_id=&#8220;64fa13c545212&#8243; responsive_spacing=&#8220;eyJwYXJhbV90eXBlIjoid29vZG1hcnRfcmVzcG9uc2l2ZV9zcGFjaW5nIiwic2VsZWN0b3JfaWQiOiI2NGZhMTNjNTQ1MjEyIiwic2hvcnRjb2RlIjoidmNfcm93IiwiZGF0YSI6eyJ0YWJsZXQiOnt9LCJtb2JpbGUiOnt9fX0=&#8220; mobile_bg_img_hidden=&#8220;no&#8220; tablet_bg_img_hidden=&#8220;no&#8220; woodmart_parallax=&#8220;0&#8243; woodmart_gradient_switch=&#8220;no&#8220; woodmart_box_shadow=&#8220;no&#8220; wd_z_index=&#8220;no&#8220; woodmart_disable_overflow=&#8220;0&#8243; row_reverse_mobile=&#8220;0&#8243; row_reverse_tablet=&#8220;0&#8243; css=&#8220;.vc_custom_1694110665951{padding-top: 20px !important;padding-bottom: 50px !important;background-color: #ffffff !important;}&#8220;<\/p>\n","protected":false},"author":1,"featured_media":0,"parent":1101,"menu_order":0,"comment_status":"closed","ping_status":"closed","template":"","meta":{"footnotes":""},"_links":{"self":[{"href":"https:\/\/docdrtugcesimsek.com\/de\/wp-json\/wp\/v2\/pages\/1123"}],"collection":[{"href":"https:\/\/docdrtugcesimsek.com\/de\/wp-json\/wp\/v2\/pages"}],"about":[{"href":"https:\/\/docdrtugcesimsek.com\/de\/wp-json\/wp\/v2\/types\/page"}],"author":[{"embeddable":true,"href":"https:\/\/docdrtugcesimsek.com\/de\/wp-json\/wp\/v2\/users\/1"}],"replies":[{"embeddable":true,"href":"https:\/\/docdrtugcesimsek.com\/de\/wp-json\/wp\/v2\/comments?post=1123"}],"version-history":[{"count":4,"href":"https:\/\/docdrtugcesimsek.com\/de\/wp-json\/wp\/v2\/pages\/1123\/revisions"}],"predecessor-version":[{"id":1421,"href":"https:\/\/docdrtugcesimsek.com\/de\/wp-json\/wp\/v2\/pages\/1123\/revisions\/1421"}],"up":[{"embeddable":true,"href":"https:\/\/docdrtugcesimsek.com\/de\/wp-json\/wp\/v2\/pages\/1101"}],"wp:attachment":[{"href":"https:\/\/docdrtugcesimsek.com\/de\/wp-json\/wp\/v2\/media?parent=1123"}],"curies":[{"name":"wp","href":"https:\/\/api.w.org\/{rel}","templated":true}]}}