{"id":1118,"date":"2023-09-06T00:00:34","date_gmt":"2023-09-06T00:00:34","guid":{"rendered":"https:\/\/docdrtugcesimsek.com\/behandlungen\/ear-aesthetics-otoplasty\/"},"modified":"2024-01-23T12:08:08","modified_gmt":"2024-01-23T12:08:08","slug":"ohraesthetik-otoplastik","status":"publish","type":"page","link":"https:\/\/docdrtugcesimsek.com\/de\/behandlungen\/ohraesthetik-otoplastik\/","title":{"rendered":"Ohr\u00e4sthetik (Otoplastik)"},"content":{"rendered":"<section class=\"wpb-content-wrapper\"><p>[vc_row full_width=&#8220;stretch_row&#8220; woodmart_css_id=&#8220;64fa13b8441cc&#8220; responsive_spacing=&#8220;eyJwYXJhbV90eXBlIjoid29vZG1hcnRfcmVzcG9uc2l2ZV9zcGFjaW5nIiwic2VsZWN0b3JfaWQiOiI2NGZhMTNiODQ0MWNjIiwic2hvcnRjb2RlIjoidmNfcm93IiwiZGF0YSI6eyJ0YWJsZXQiOnt9LCJtb2JpbGUiOnt9fX0=&#8220; mobile_bg_img_hidden=&#8220;no&#8220; tablet_bg_img_hidden=&#8220;no&#8220; woodmart_parallax=&#8220;0&#8243; woodmart_gradient_switch=&#8220;no&#8220; woodmart_box_shadow=&#8220;no&#8220; wd_z_index=&#8220;no&#8220; woodmart_disable_overflow=&#8220;0&#8243; row_reverse_mobile=&#8220;0&#8243; row_reverse_tablet=&#8220;0&#8243; css=&#8220;.vc_custom_1694110651783{padding-top: 20px !important;padding-bottom: 50px !important;background-color: #ffffff !important;}&#8220; el_class=&#8220;content-text-colon&#8220;][vc_column el_class=&#8220;ust-cikinti&#8220; woodmart_css_id=&#8220;64f7bac234890&#8243; parallax_scroll=&#8220;no&#8220; woodmart_sticky_column=&#8220;false&#8220; wd_collapsible_content_switcher=&#8220;no&#8220; wd_column_role_offcanvas_desktop=&#8220;no&#8220; wd_column_role_offcanvas_tablet=&#8220;no&#8220; wd_column_role_offcanvas_mobile=&#8220;no&#8220; wd_column_role_content_desktop=&#8220;no&#8220; wd_column_role_content_tablet=&#8220;no&#8220; wd_column_role_content_mobile=&#8220;no&#8220; mobile_bg_img_hidden=&#8220;no&#8220; tablet_bg_img_hidden=&#8220;no&#8220; woodmart_parallax=&#8220;0&#8243; woodmart_box_shadow=&#8220;no&#8220; responsive_spacing=&#8220;eyJwYXJhbV90eXBlIjoid29vZG1hcnRfcmVzcG9uc2l2ZV9zcGFjaW5nIiwic2VsZWN0b3JfaWQiOiI2NGY3YmFjMjM0ODkwIiwic2hvcnRjb2RlIjoidmNfY29sdW1uIiwiZGF0YSI6eyJ0YWJsZXQiOnt9LCJtb2JpbGUiOnt9fX0=&#8220; mobile_reset_margin=&#8220;no&#8220; tablet_reset_margin=&#8220;no&#8220; wd_z_index=&#8220;no&#8220; css=&#8220;.vc_custom_1693956804453{padding-top: 0px !important;}&#8220;][vc_single_image image=&#8220;674&#8243; img_size=&#8220;full&#8220; parallax_scroll=&#8220;no&#8220; woodmart_inline=&#8220;no&#8220; css=&#8220;.vc_custom_1694110137800{margin-bottom: 20px !important;}&#8220;][vc_column_text woodmart_inline=&#8220;no&#8220; text_larger=&#8220;no&#8220;]Die Ohr\u00e4sthetik, auch Otoplastik genannt, ist eine Operation, die bei Menschen durchgef\u00fchrt werden kann, die mit dem Aussehen ihrer Ohren nicht zufrieden sind und Ohrdeformationen haben. Ohren geh\u00f6ren zu den auff\u00e4lligsten Organen im Oberk\u00f6rper. Das Aussehen der nach au\u00dfen oder oben gerichteten Ohren kann bei vielen Menschen Unbehagen hervorrufen. Obwohl es keine gesundheitlichen Probleme darstellt, k\u00f6nnen deformierte Ohren aufgrund ihrer psychischen Auswirkungen Probleme verursachen. Insbesondere bei Kindern in jungen Jahren kann es ein psychisch belastendes Erscheinungsbild darstellen. In diesen F\u00e4llen werden Otoplastikverfahren angewendet, um dem Ohr ein \u00e4sthetisches Aussehen zu verleihen, wobei verschiedene Methoden bevorzugt werden k\u00f6nnen. Die Ohren entwickeln sich bis zum Alter von 6 Jahren weiter. Nach dieser Entwicklungsphase k\u00f6nnen ohren\u00e4sthetische Operationen bereits in jungen Jahren durchgef\u00fchrt werden.<\/p>\n<h2>Was ist Ohr\u00e4sthetik?<\/h2>\n<p>Die Frage, was Ohr\u00e4sthetik ist, kann kurz als eine \u00e4sthetische Operation beantwortet werden, die durchgef\u00fchrt wird, um dem Ohr ein \u00e4sthetisches Aussehen zu verleihen und einzugreifen, um es weniger sichtbar zu machen. Dabei werden die Ohrknorpel geformt. Mit anderen Worten: Ziel ist es, den Ohren eine eher nach hinten gerichtete Form zu geben. Auf diese Weise erhalten abstehende Ohren oder Ohren, die viel gr\u00f6\u00dfer als normal aussehen, ein \u00e4sthetischeres Aussehen. Es handelt sich um einen chirurgischen Eingriff, der unabh\u00e4ngig von Geschlecht und Alter angewendet werden kann. Sie kann bei Kindern ab 6 Jahren durchgef\u00fchrt werden, also bei allen Kindern, deren Ohrenentwicklung abgeschlossen ist.<\/p>\n<h2>Wer kann eine Ohren\u00e4sthetik durchf\u00fchren lassen?<\/h2>\n<p>Ohr\u00e4sthetik kann in vielen F\u00e4llen angewendet werden. Diese \u00e4sthetische Operation wird im Allgemeinen von Menschen bevorzugt, die angeboren ein abstehendes Ohr haben. Was ist also ein vorstehendes Ohr? Wenn die Ohren steiler erscheinen als sie sein sollten und sich auf diese Weise nach au\u00dfen erstrecken, spricht man von abstehenden Ohren. Dieser Zustand wird auch als abstehende Ohrdeformit\u00e4t bezeichnet. Dieser Zustand, der in weiten Teilen der Gesellschaft anzutreffen ist, verursacht keine gesundheitlichen Probleme. Die psychologischen Auswirkungen sind jedoch recht hoch. Mit der Abstehohr\u00e4sthetik kann gro\u00dfen und stehenden Ohren ein normales Aussehen verliehen werden.<\/p>\n<p>Die Otoplastik kann auch bei Menschen mit einer gro\u00dfen Muschelkammer durchgef\u00fchrt werden. Der gro\u00dfe Knorpel, der die R\u00fcckseite des Ohrs bildet, wird Conchal genannt. Wenn dieser Knorpel gr\u00f6\u00dfer als gew\u00f6hnlich ist, bedeutet das, dass das Ohr viel gr\u00f6\u00dfer aussieht als normal. Um dieses hervorstehende Erscheinungsbild zu beseitigen, wird eine Otoplastik durchgef\u00fchrt und das Knorpelgewebe geschnitten und verkleinert.<\/p>\n<p>Eine der Situationen, in denen eine Ohr\u00e4sthetik angewendet werden sollte, ist das Fehlen einer Anthelixfalte. In einem normalen Ohr gibt es zwei verschiedene Knorpel. Einer kr\u00fcmmt sich nach au\u00dfen und der andere nach innen. Die nach innen gerichtete Falte wird als Antihelical bezeichnet. Wenn die Anthelixfalte fehlt oder flach ist, erscheint das Ohr viel gr\u00f6\u00dfer als es ist. Um diese Situation zu beseitigen und das Ohr durch die Organisation der Falten \u00e4sthetisch zu verbessern, ist eine Otoplastik erforderlich.<\/p>\n<p>Eine Otoplastik wird nicht nur durchgef\u00fchrt, um gro\u00dfe Ohren zu verkleinern. Es kann auch bei sehr kleinen Ohren angewendet werden, um eine durchschnittliche Gr\u00f6\u00dfe zu erreichen und entsprechend geformt zu werden. Eine weitere Anwendungsm\u00f6glichkeit der Ohr\u00e4sthetik ist die Beseitigung von Verformungen im Ohr infolge einer Verletzung. Eine \u00e4sthetische Ohroperation kann durchgef\u00fchrt werden, wenn sich die Ohrstruktur aufgrund eines Traumas ver\u00e4ndert.<\/p>\n<h2>Wie wird eine Ohr\u00e4sthetik durchgef\u00fchrt?<\/h2>\n<p>Es werden Antworten auf viele Fragen gesucht, beispielsweise ob die Ohr\u00e4sthetik schwierig ist, wie die Operation durchgef\u00fchrt wird und wie der Heilungsprozess verl\u00e4uft. Die Antworten auf diese Fragen variieren je nach den Gr\u00fcnden f\u00fcr die Ohr\u00e4sthetik und dem Zustand des Patienten. Bei der Ohrenkorrektur handelt es sich in der Regel um eine Operation, die unter \u00f6rtlicher Bet\u00e4ubung durchgef\u00fchrt wird. Bei kleinen Kindern wird jedoch auf jeden Fall eine Vollnarkose bevorzugt.<\/p>\n<p>Es gibt verschiedene Methoden, die bei ohren\u00e4sthetischen Operationen bevorzugt werden k\u00f6nnen. Je nach Aussehen des Ohrs und dem gew\u00fcnschten \u00e4sthetischen Erscheinungsbild k\u00f6nnen unterschiedliche Methoden bevorzugt werden. Bei der Operation spielen auch die Altersgruppe des Patienten und \u00e4hnliche Probleme eine Rolle. Knorpel haben beispielsweise schon im fr\u00fchen Alter, also im Kindesalter, eine weiche Struktur. Da die Knorpel weich sind, reicht es aus, diese Strukturen nur mit Stichen zu formen. Allerdings wird diese Methode bei erwachsenen Patienten im Allgemeinen nicht bevorzugt. Insbesondere bei Operationen, bei denen die gro\u00dfe Muschelkammer verkleinert werden muss, werden einige Knorpel herausgeschnitten. Dar\u00fcber hinaus kann es auch zu einer Formung kommen, bei der nur die Knorpelstrukturen geschw\u00e4cht werden. Bei diesen Operationen werden Eingriffe durch Einschnitte im Ohr durchgef\u00fchrt. N\u00e4hte sind von au\u00dfen nicht sichtbar. Die Frage, ob es sich bei der Ohr\u00e4sthetik um eine Narbe handelt, kann auf diese Weise beantwortet werden.<\/p>\n<h2>Ablauf einer ohr\u00e4sthetischen Chirurgie<\/h2>\n<p>Vor einer Ohr-\u00c4sthetik-Operation werden notwendige Untersuchungen und Gespr\u00e4che durchgef\u00fchrt. Da es sich um einen chirurgischen Eingriff handelt, wird zun\u00e4chst gepr\u00fcft, ob die Patienten f\u00fcr diesen Eingriff geeignet sind. Anschlie\u00dfend werden nach Beurteilung der Ohrstruktur und des gew\u00fcnschten \u00e4sthetischen Erscheinungsbildes die notwendigen Pl\u00e4ne erstellt. Im pr\u00e4operativen Prozess[\/vc_column_text]\t\t\t<link rel=\"stylesheet\" id=\"wd-section-title-css\" href=\"https:\/\/docdrtugcesimsek.com\/wp-content\/themes\/woodmart\/css\/parts\/el-section-title.min.css?ver=7.2.4\" type=\"text\/css\" media=\"all\" \/> \t\t\t\t\t\t<link rel=\"stylesheet\" id=\"wd-mod-highlighted-text-css\" href=\"https:\/\/docdrtugcesimsek.com\/wp-content\/themes\/woodmart\/css\/parts\/mod-highlighted-text.min.css?ver=7.2.4\" type=\"text\/css\" media=\"all\" \/> \t\t\t\n\t\t<div id=\"wd-65136a2a8ff18\" class=\"title-wrapper wd-wpb set-mb-s reset-last-child  wd-rs-65136a2a8ff18 wd-title-color-default wd-title-style-default text-center  wd-underline-colored\">\n\t\t\t\n\t\t\t<div class=\"liner-continer\">\n\t\t\t\t<h4 class=\"woodmart-title-container title  wd-font-weight- wd-fontsize-l\" >VORHER NACHHER<\/h4>\n\t\t\t\t\t\t\t<\/div>\n\t\t\t\n\t\t\t\n\t\t\t\n\t\t<\/div>\n\t\t\n\t\t\t\t\t<link rel=\"stylesheet\" id=\"wd-photoswipe-css\" href=\"https:\/\/docdrtugcesimsek.com\/wp-content\/themes\/woodmart\/css\/parts\/lib-photoswipe.min.css?ver=7.2.4\" type=\"text\/css\" media=\"all\" \/> \t\t\t\t\t\t<link rel=\"stylesheet\" id=\"wd-owl-carousel-css\" href=\"https:\/\/docdrtugcesimsek.com\/wp-content\/themes\/woodmart\/css\/parts\/lib-owl-carousel.min.css?ver=7.2.4\" type=\"text\/css\" media=\"all\" \/> \t\t\t\t\t\t<link rel=\"stylesheet\" id=\"wd-image-gallery-css\" href=\"https:\/\/docdrtugcesimsek.com\/wp-content\/themes\/woodmart\/css\/parts\/el-gallery.min.css?ver=7.2.4\" type=\"text\/css\" media=\"all\" \/> \t\t\t\t\t<div id=\"gallery_474\" class=\"wd-images-gallery wd-rs-650754adacc72 wd-justify-center wd-items-middle view-carousel photoswipe-images wd-carousel-spacing-10 wd-carousel-container\" data-owl-carousel data-wrap=\"no\" data-autoplay=\"yes\" data-hide_pagination_control=\"no\" data-hide_prev_next_buttons=\"no\" data-desktop=\"3\" data-tablet_landscape=\"3\" data-tablet=\"2\" data-mobile=\"1\">\n\t\t\t<div class=\"gallery-images owl-carousel wd-owl owl-items-lg-3 owl-items-md-3 owl-items-sm-2 owl-items-xs-1\">\n\t\t\t\t\t\t\t\t\t\t\t\t\t\t\t<div class=\"wd-gallery-item\">\n\t\t\t\t\t\t\t\t\t\t\t\t\t\t<a href=\"https:\/\/docdrtugcesimsek.com\/wp-content\/uploads\/2023\/09\/kepcekulak2.jpg\" data-elementor-open-lightbox=\"no\" data-index=\"1\" data-width=\"1080\" data-height=\"1080\"  >\n\t\t\t\t\t\t\t\t\n\t\t\t\t\t\t\t\t\t\t\t\t\t\t\t\t\t<img loading=\"lazy\" decoding=\"async\" width=\"1080\" height=\"1080\" src=\"https:\/\/docdrtugcesimsek.com\/wp-content\/uploads\/2023\/09\/kepcekulak2.jpg\" class=\"wd-gallery-image image-1 attachment-full\" alt=\"\" title=\"kep\u00e7ekulak2\" srcset=\"https:\/\/docdrtugcesimsek.com\/wp-content\/uploads\/2023\/09\/kepcekulak2.jpg 1080w, https:\/\/docdrtugcesimsek.com\/wp-content\/uploads\/2023\/09\/kepcekulak2-300x300.jpg 300w, https:\/\/docdrtugcesimsek.com\/wp-content\/uploads\/2023\/09\/kepcekulak2-1024x1024.jpg 1024w, https:\/\/docdrtugcesimsek.com\/wp-content\/uploads\/2023\/09\/kepcekulak2-150x150.jpg 150w, https:\/\/docdrtugcesimsek.com\/wp-content\/uploads\/2023\/09\/kepcekulak2-768x768.jpg 768w\" sizes=\"(max-width: 1080px) 100vw, 1080px\" \/>\t\t\t\t\t\t\t\t\n\n\t\t\t\t\t\t\t\t\t\t\t\t\t\t\t<\/a>\n\t\t\t\t\t\t\t\t\t\t\t\t<\/div>\n\t\t\t\t\t\t\t\t\t\t\t<div class=\"wd-gallery-item\">\n\t\t\t\t\t\t\t\t\t\t\t\t\t\t<a href=\"https:\/\/docdrtugcesimsek.com\/wp-content\/uploads\/2023\/09\/kepcekulak1.jpg\" data-elementor-open-lightbox=\"no\" data-index=\"2\" data-width=\"1080\" data-height=\"1080\"  >\n\t\t\t\t\t\t\t\t\n\t\t\t\t\t\t\t\t\t\t\t\t\t\t\t\t\t<img loading=\"lazy\" decoding=\"async\" width=\"1080\" height=\"1080\" src=\"https:\/\/docdrtugcesimsek.com\/wp-content\/uploads\/2023\/09\/kepcekulak1.jpg\" class=\"wd-gallery-image image-2 attachment-full\" alt=\"\" title=\"kep\u00e7ekulak1\" srcset=\"https:\/\/docdrtugcesimsek.com\/wp-content\/uploads\/2023\/09\/kepcekulak1.jpg 1080w, https:\/\/docdrtugcesimsek.com\/wp-content\/uploads\/2023\/09\/kepcekulak1-300x300.jpg 300w, https:\/\/docdrtugcesimsek.com\/wp-content\/uploads\/2023\/09\/kepcekulak1-1024x1024.jpg 1024w, https:\/\/docdrtugcesimsek.com\/wp-content\/uploads\/2023\/09\/kepcekulak1-150x150.jpg 150w, https:\/\/docdrtugcesimsek.com\/wp-content\/uploads\/2023\/09\/kepcekulak1-768x768.jpg 768w\" sizes=\"(max-width: 1080px) 100vw, 1080px\" \/>\t\t\t\t\t\t\t\t\n\n\t\t\t\t\t\t\t\t\t\t\t\t\t\t\t<\/a>\n\t\t\t\t\t\t\t\t\t\t\t\t<\/div>\n\t\t\t\t\t\t\t\t\t\t\t\t<\/div>\n\t\t<\/div>\n\t\t\t\t[vc_video link=&#8220;https:\/\/www.youtube.com\/watch?v=hbDKFtFiMyw&#8220; woodmart_css_id=&#8220;65afac1c5f2f8&#8243; image_poster_switch=&#8220;no&#8220;][vc_raw_html]JTVCaHRtbF9ibG9jayUyMGlkJTNEJTIyNTkyJTIyJTVE[\/vc_raw_html][\/vc_column][\/vc_row]<\/p>\n<\/section>","protected":false},"excerpt":{"rendered":"<p>[vc_row full_width=&#8220;stretch_row&#8220; woodmart_css_id=&#8220;64fa13b8441cc&#8220; responsive_spacing=&#8220;eyJwYXJhbV90eXBlIjoid29vZG1hcnRfcmVzcG9uc2l2ZV9zcGFjaW5nIiwic2VsZWN0b3JfaWQiOiI2NGZhMTNiODQ0MWNjIiwic2hvcnRjb2RlIjoidmNfcm93IiwiZGF0YSI6eyJ0YWJsZXQiOnt9LCJtb2JpbGUiOnt9fX0=&#8220; mobile_bg_img_hidden=&#8220;no&#8220; tablet_bg_img_hidden=&#8220;no&#8220; woodmart_parallax=&#8220;0&#8243; woodmart_gradient_switch=&#8220;no&#8220; woodmart_box_shadow=&#8220;no&#8220; wd_z_index=&#8220;no&#8220; woodmart_disable_overflow=&#8220;0&#8243; row_reverse_mobile=&#8220;0&#8243; row_reverse_tablet=&#8220;0&#8243; css=&#8220;.vc_custom_1694110651783{padding-top: 20px !important;padding-bottom: 50px !important;background-color: #ffffff !important;}&#8220;<\/p>\n","protected":false},"author":1,"featured_media":0,"parent":1101,"menu_order":0,"comment_status":"closed","ping_status":"closed","template":"","meta":{"footnotes":""},"_links":{"self":[{"href":"https:\/\/docdrtugcesimsek.com\/de\/wp-json\/wp\/v2\/pages\/1118"}],"collection":[{"href":"https:\/\/docdrtugcesimsek.com\/de\/wp-json\/wp\/v2\/pages"}],"about":[{"href":"https:\/\/docdrtugcesimsek.com\/de\/wp-json\/wp\/v2\/types\/page"}],"author":[{"embeddable":true,"href":"https:\/\/docdrtugcesimsek.com\/de\/wp-json\/wp\/v2\/users\/1"}],"replies":[{"embeddable":true,"href":"https:\/\/docdrtugcesimsek.com\/de\/wp-json\/wp\/v2\/comments?post=1118"}],"version-history":[{"count":4,"href":"https:\/\/docdrtugcesimsek.com\/de\/wp-json\/wp\/v2\/pages\/1118\/revisions"}],"predecessor-version":[{"id":1424,"href":"https:\/\/docdrtugcesimsek.com\/de\/wp-json\/wp\/v2\/pages\/1118\/revisions\/1424"}],"up":[{"embeddable":true,"href":"https:\/\/docdrtugcesimsek.com\/de\/wp-json\/wp\/v2\/pages\/1101"}],"wp:attachment":[{"href":"https:\/\/docdrtugcesimsek.com\/de\/wp-json\/wp\/v2\/media?parent=1118"}],"curies":[{"name":"wp","href":"https:\/\/api.w.org\/{rel}","templated":true}]}}