{"id":1113,"date":"2023-09-05T23:58:29","date_gmt":"2023-09-05T23:58:29","guid":{"rendered":"https:\/\/docdrtugcesimsek.com\/behandlungen\/functional-nose-surgery-septoplasty\/"},"modified":"2023-09-26T23:27:07","modified_gmt":"2023-09-26T23:27:07","slug":"funktionelle-nasenchirurgie-septumplastik","status":"publish","type":"page","link":"https:\/\/docdrtugcesimsek.com\/de\/behandlungen\/funktionelle-nasenchirurgie-septumplastik\/","title":{"rendered":"Funktionelle Nasenchirurgie (Septumplastik)"},"content":{"rendered":"<section class=\"wpb-content-wrapper\"><p>[vc_row full_width=&#8220;stretch_row&#8220; woodmart_css_id=&#8220;64fa13aa51b2c&#8220; responsive_spacing=&#8220;eyJwYXJhbV90eXBlIjoid29vZG1hcnRfcmVzcG9uc2l2ZV9zcGFjaW5nIiwic2VsZWN0b3JfaWQiOiI2NGZhMTNhYTUxYjJjIiwic2hvcnRjb2RlIjoidmNfcm93IiwiZGF0YSI6eyJ0YWJsZXQiOnt9LCJtb2JpbGUiOnt9fX0=&#8220; mobile_bg_img_hidden=&#8220;no&#8220; tablet_bg_img_hidden=&#8220;no&#8220; woodmart_parallax=&#8220;0&#8243; woodmart_gradient_switch=&#8220;no&#8220; woodmart_box_shadow=&#8220;no&#8220; wd_z_index=&#8220;no&#8220; woodmart_disable_overflow=&#8220;0&#8243; row_reverse_mobile=&#8220;0&#8243; row_reverse_tablet=&#8220;0&#8243; css=&#8220;.vc_custom_1694110637706{padding-top: 20px !important;padding-bottom: 50px !important;background-color: #ffffff !important;}&#8220; el_class=&#8220;content-text-colon&#8220;][vc_column el_class=&#8220;ust-cikinti&#8220; woodmart_css_id=&#8220;64f7bac234890&#8243; parallax_scroll=&#8220;no&#8220; woodmart_sticky_column=&#8220;false&#8220; wd_collapsible_content_switcher=&#8220;no&#8220; wd_column_role_offcanvas_desktop=&#8220;no&#8220; wd_column_role_offcanvas_tablet=&#8220;no&#8220; wd_column_role_offcanvas_mobile=&#8220;no&#8220; wd_column_role_content_desktop=&#8220;no&#8220; wd_column_role_content_tablet=&#8220;no&#8220; wd_column_role_content_mobile=&#8220;no&#8220; mobile_bg_img_hidden=&#8220;no&#8220; tablet_bg_img_hidden=&#8220;no&#8220; woodmart_parallax=&#8220;0&#8243; woodmart_box_shadow=&#8220;no&#8220; responsive_spacing=&#8220;eyJwYXJhbV90eXBlIjoid29vZG1hcnRfcmVzcG9uc2l2ZV9zcGFjaW5nIiwic2VsZWN0b3JfaWQiOiI2NGY3YmFjMjM0ODkwIiwic2hvcnRjb2RlIjoidmNfY29sdW1uIiwiZGF0YSI6eyJ0YWJsZXQiOnt9LCJtb2JpbGUiOnt9fX0=&#8220; mobile_reset_margin=&#8220;no&#8220; tablet_reset_margin=&#8220;no&#8220; wd_z_index=&#8220;no&#8220; css=&#8220;.vc_custom_1693956804453{padding-top: 0px !important;}&#8220;][vc_single_image image=&#8220;669&#8243; img_size=&#8220;full&#8220; parallax_scroll=&#8220;no&#8220; woodmart_inline=&#8220;no&#8220; css=&#8220;.vc_custom_1694019577194{margin-bottom: 20px !important;}&#8220;][vc_column_text woodmart_inline=&#8220;no&#8220; text_larger=&#8220;no&#8220;]<\/p>\n<h2>Funktionelle Nasenchirurgie (Septumplastik)<\/h2>\n<p>Die Nase, der Beginn der Atemwege, ist das wichtigste Organ f\u00fcr die Atmung. Auch Kr\u00fcmmungen und St\u00f6rungen in diesem Organ verhindern einen gesunden Ablauf der Atmung. Heutzutage gibt es viele Operationen, die zur Vorbeugung und Beseitigung dieses Problems eingesetzt werden k\u00f6nnen. Die bevorzugten Methoden k\u00f6nnen je nach den festgestellten Erkrankungen der Nase oder den Gr\u00fcnden f\u00fcr die Operation variieren.<\/p>\n<p>Die funktionelle Nasenchirurgie, auch Septumplastik genannt, ist eine bevorzugte Operationsart bei einer Septumdeviation. Die Kr\u00fcmmungen des Knorpels oder der Knochen in der Mittellinie der Nase, also im mittleren Teil der Nase, und die durch diese St\u00f6rungen verursachten Atemprobleme werden als Septumdeviation bezeichnet. Dieser Zustand beeintr\u00e4chtigt das t\u00e4gliche Leben des Patienten und kann in Zukunft viel gr\u00f6\u00dfere Probleme verursachen. Eine funktionelle Nasenoperation wird durchgef\u00fchrt, um eine Septumdeviation zu behandeln und eine gesunde Atmung zu erm\u00f6glichen.<\/p>\n<h2>Was ist eine Septumdeviation?<\/h2>\n<p>Die Nasenscheidewand ist eine Struktur, die als Wand zwischen den beiden Nasenl\u00f6chern fungiert. Die Knochen- und Knorpelstrukturen in dieser Wand bilden die Mittellinie der Nase. Alle diese Strukturen werden allgemein auch als Nasenscheidewand bezeichnet. Die Nasenscheidewand, die im anatomischen Aufbau einen wichtigen Platz einnimmt, sorgt f\u00fcr die korrekte Atmung. Kommt es angeboren oder traumatisch zu einer Kr\u00fcmmung dieser Struktur, kommt es zu Atembeschwerden. Schiefe Knochen- und Knorpelstrukturen erschweren das Atmen. In manchen F\u00e4llen k\u00f6nnen diese Verzerrungen die Nasenl\u00f6cher verstopfen oder gr\u00f6\u00dfere Probleme verursachen. Dieser durch strukturelle St\u00f6rungen verursachte Zustand, bei dem eine gesunde Atmung nicht m\u00f6glich ist, wird Septumdeviation genannt. Asymmetrische Nasenl\u00f6cher, ein Trauma der Nase durch St\u00f6\u00dfe und ein angeborener Nasenbogen k\u00f6nnen diese Erkrankung verursachen.<\/p>\n<p>Eine Septumdeviation kann sich durch Beschwerden wie verstopfte Nase, Unf\u00e4higkeit, bequem zu atmen, m\u00fcdes Aufwachen, M\u00fcdigkeit im Laufe des Tages, Schlafapnoe, Schnarchen, wiederkehrende Nasennebenh\u00f6hlenentz\u00fcndungen, Schmerzen im Kopf und im Gesicht \u00e4u\u00dfern. Es ist m\u00f6glich, diese Beschwerden durch eine Operation der Nasenscheidewanddeviation zu beseitigen.<\/p>\n<h2>Was ist eine funktionelle Nasenchirurgie?<\/h2>\n<p>Die Septumplastik, die bei einer Septumdeviation angewendet wird, wird durchgef\u00fchrt, um St\u00f6rungen im Bereich der Nasenscheidewand zu regulieren. Der Unterschied zwischen Nasenkorrektur und Septumplastik ist auch eine Frage der Neugier. Die Frage, was eine Septumplastik oder eine funktionelle Nasenoperation ist, kann als bevorzugte Operation zur Entfernung von Nasengewebe, das die Atmung erschwert, oder zur Regulierung bestehender Strukturen beantwortet werden. Mit anderen Worten: Bei strukturellen St\u00f6rungen der Nase, die die Atmung beeintr\u00e4chtigen, wird eine Septumplastik bevorzugt, w\u00e4hrend eine Nasenkorrektur nur aus \u00e4sthetischen Gr\u00fcnden durchgef\u00fchrt werden kann. Bei der funktionellen Nasenchirurgie bestehen keine \u00e4sthetischen Bedenken. Ziel ist lediglich die Korrektur der Abweichung. Eine funktionelle Nasenoperation wird bevorzugt, wenn die Verkr\u00fcmmung der Nasenscheidewand mit Beschwerden wie Schnarchen, Nasennebenh\u00f6hlenentz\u00fcndung, Atembeschwerden einhergeht.<\/p>\n<h2>Wie wird eine funktionelle Nasenoperation durchgef\u00fchrt?<\/h2>\n<p>Die Frage, wie eine Septumplastik durchgef\u00fchrt wird, ist ebenso neugierig wie die Frage, was sie ist. Eine funktionelle Nasenoperation kann sowohl in Vollnarkose als auch in \u00f6rtlicher Bet\u00e4ubung durchgef\u00fchrt werden. Bei dieser Art der Operation gibt es zwei verschiedene Optionen: offen und geschlossen. Auch diese Operationsarten k\u00f6nnen aus unterschiedlichen Gr\u00fcnden und auf Wunsch bevorzugt werden. Beispielsweise kann eine geschlossene Septumplastik in F\u00e4llen angewendet werden, in denen die Kr\u00fcmmungsrate im knorpeligen Teil des Septums nicht hoch ist und die Kr\u00fcmmung keine verschiedenen Bereiche betrifft. Dieser Vorgang dauert etwa 30 Minuten. Bei schwerwiegenderen Septumverkr\u00fcmmungen werden Operationen mit offener Technik durchgef\u00fchrt.<\/p>\n<p>Bei Septumdeviationsoperationen werden Operationen mit offener Technik durchgef\u00fchrt, wenn der Patient enge Atemwege hat oder die Kr\u00fcmmungsrate hoch ist. Diese Operationen werden auch bei Patienten bevorzugt, die aufgrund einer Septumdeviation erneut eine Nasenkorrektur ben\u00f6tigen.[\/vc_column_text]\t\t\t<link rel=\"stylesheet\" id=\"wd-section-title-css\" href=\"https:\/\/docdrtugcesimsek.com\/wp-content\/themes\/woodmart\/css\/parts\/el-section-title.min.css?ver=7.2.4\" type=\"text\/css\" media=\"all\" \/> \t\t\t\t\t\t<link rel=\"stylesheet\" id=\"wd-mod-highlighted-text-css\" href=\"https:\/\/docdrtugcesimsek.com\/wp-content\/themes\/woodmart\/css\/parts\/mod-highlighted-text.min.css?ver=7.2.4\" type=\"text\/css\" media=\"all\" \/> \t\t\t\n\t\t<div id=\"wd-651368c638dff\" class=\"title-wrapper wd-wpb set-mb-s reset-last-child  wd-rs-651368c638dff wd-title-color-default wd-title-style-default text-center  wd-underline-colored\">\n\t\t\t\n\t\t\t<div class=\"liner-continer\">\n\t\t\t\t<h4 class=\"woodmart-title-container title  wd-font-weight- wd-fontsize-l\" >VORHER NACHHER<br \/>\n<\/h4>\n\t\t\t\t\t\t\t<\/div>\n\t\t\t\n\t\t\t\n\t\t\t\n\t\t<\/div>\n\t\t\n\t\t\t\t\t<link rel=\"stylesheet\" id=\"wd-photoswipe-css\" href=\"https:\/\/docdrtugcesimsek.com\/wp-content\/themes\/woodmart\/css\/parts\/lib-photoswipe.min.css?ver=7.2.4\" type=\"text\/css\" media=\"all\" \/> \t\t\t\t\t\t<link rel=\"stylesheet\" id=\"wd-owl-carousel-css\" href=\"https:\/\/docdrtugcesimsek.com\/wp-content\/themes\/woodmart\/css\/parts\/lib-owl-carousel.min.css?ver=7.2.4\" type=\"text\/css\" media=\"all\" \/> \t\t\t\t\t\t<link rel=\"stylesheet\" id=\"wd-image-gallery-css\" href=\"https:\/\/docdrtugcesimsek.com\/wp-content\/themes\/woodmart\/css\/parts\/el-gallery.min.css?ver=7.2.4\" type=\"text\/css\" media=\"all\" \/> \t\t\t\t\t<div id=\"gallery_797\" class=\"wd-images-gallery wd-rs-650753399acfa wd-justify-center wd-items-middle view-carousel photoswipe-images wd-carousel-spacing-10 wd-carousel-container\" data-owl-carousel data-wrap=\"no\" data-autoplay=\"yes\" data-hide_pagination_control=\"no\" data-hide_prev_next_buttons=\"no\" data-desktop=\"3\" data-tablet_landscape=\"3\" data-tablet=\"2\" data-mobile=\"1\">\n\t\t\t<div class=\"gallery-images owl-carousel wd-owl owl-items-lg-3 owl-items-md-3 owl-items-sm-2 owl-items-xs-1\">\n\t\t\t\t\t\t\t\t\t\t\t\t\t\t\t<div class=\"wd-gallery-item\">\n\t\t\t\t\t\t\t\t\t\t\t\t\t\t<a href=\"https:\/\/docdrtugcesimsek.com\/wp-content\/uploads\/2023\/09\/1-1.jpg\" data-elementor-open-lightbox=\"no\" data-index=\"1\" data-width=\"1080\" data-height=\"1080\"  >\n\t\t\t\t\t\t\t\t\n\t\t\t\t\t\t\t\t\t\t\t\t\t\t\t\t\t<img loading=\"lazy\" decoding=\"async\" width=\"1080\" height=\"1080\" src=\"https:\/\/docdrtugcesimsek.com\/wp-content\/uploads\/2023\/09\/1-1.jpg\" class=\"wd-gallery-image image-1 attachment-full\" alt=\"\" title=\"1 (1)\" srcset=\"https:\/\/docdrtugcesimsek.com\/wp-content\/uploads\/2023\/09\/1-1.jpg 1080w, https:\/\/docdrtugcesimsek.com\/wp-content\/uploads\/2023\/09\/1-1-300x300.jpg 300w, https:\/\/docdrtugcesimsek.com\/wp-content\/uploads\/2023\/09\/1-1-1024x1024.jpg 1024w, https:\/\/docdrtugcesimsek.com\/wp-content\/uploads\/2023\/09\/1-1-150x150.jpg 150w, https:\/\/docdrtugcesimsek.com\/wp-content\/uploads\/2023\/09\/1-1-768x768.jpg 768w\" sizes=\"(max-width: 1080px) 100vw, 1080px\" \/>\t\t\t\t\t\t\t\t\n\n\t\t\t\t\t\t\t\t\t\t\t\t\t\t\t<\/a>\n\t\t\t\t\t\t\t\t\t\t\t\t<\/div>\n\t\t\t\t\t\t\t\t\t\t\t\t<\/div>\n\t\t<\/div>\n\t\t\t\t[vc_raw_html]JTVCaHRtbF9ibG9jayUyMGlkJTNEJTIyNTkyJTIyJTVE[\/vc_raw_html][\/vc_column][\/vc_row]<\/p>\n<\/section>","protected":false},"excerpt":{"rendered":"<p>[vc_row full_width=&#8220;stretch_row&#8220; woodmart_css_id=&#8220;64fa13aa51b2c&#8220; responsive_spacing=&#8220;eyJwYXJhbV90eXBlIjoid29vZG1hcnRfcmVzcG9uc2l2ZV9zcGFjaW5nIiwic2VsZWN0b3JfaWQiOiI2NGZhMTNhYTUxYjJjIiwic2hvcnRjb2RlIjoidmNfcm93IiwiZGF0YSI6eyJ0YWJsZXQiOnt9LCJtb2JpbGUiOnt9fX0=&#8220; mobile_bg_img_hidden=&#8220;no&#8220; tablet_bg_img_hidden=&#8220;no&#8220; woodmart_parallax=&#8220;0&#8243; woodmart_gradient_switch=&#8220;no&#8220; woodmart_box_shadow=&#8220;no&#8220; wd_z_index=&#8220;no&#8220; woodmart_disable_overflow=&#8220;0&#8243; row_reverse_mobile=&#8220;0&#8243; row_reverse_tablet=&#8220;0&#8243; css=&#8220;.vc_custom_1694110637706{padding-top: 20px !important;padding-bottom: 50px !important;background-color: #ffffff !important;}&#8220;<\/p>\n","protected":false},"author":1,"featured_media":0,"parent":1101,"menu_order":0,"comment_status":"closed","ping_status":"closed","template":"","meta":{"footnotes":""},"_links":{"self":[{"href":"https:\/\/docdrtugcesimsek.com\/de\/wp-json\/wp\/v2\/pages\/1113"}],"collection":[{"href":"https:\/\/docdrtugcesimsek.com\/de\/wp-json\/wp\/v2\/pages"}],"about":[{"href":"https:\/\/docdrtugcesimsek.com\/de\/wp-json\/wp\/v2\/types\/page"}],"author":[{"embeddable":true,"href":"https:\/\/docdrtugcesimsek.com\/de\/wp-json\/wp\/v2\/users\/1"}],"replies":[{"embeddable":true,"href":"https:\/\/docdrtugcesimsek.com\/de\/wp-json\/wp\/v2\/comments?post=1113"}],"version-history":[{"count":3,"href":"https:\/\/docdrtugcesimsek.com\/de\/wp-json\/wp\/v2\/pages\/1113\/revisions"}],"predecessor-version":[{"id":1117,"href":"https:\/\/docdrtugcesimsek.com\/de\/wp-json\/wp\/v2\/pages\/1113\/revisions\/1117"}],"up":[{"embeddable":true,"href":"https:\/\/docdrtugcesimsek.com\/de\/wp-json\/wp\/v2\/pages\/1101"}],"wp:attachment":[{"href":"https:\/\/docdrtugcesimsek.com\/de\/wp-json\/wp\/v2\/media?parent=1113"}],"curies":[{"name":"wp","href":"https:\/\/api.w.org\/{rel}","templated":true}]}}