{"id":1104,"date":"2023-09-05T23:18:25","date_gmt":"2023-09-05T23:18:25","guid":{"rendered":"https:\/\/docdrtugcesimsek.com\/behandlungen\/nose-aesthetics-rhinoplasty\/"},"modified":"2023-09-26T23:51:00","modified_gmt":"2023-09-26T23:51:00","slug":"nasenaesthetik-nasenkorrektur","status":"publish","type":"page","link":"https:\/\/docdrtugcesimsek.com\/de\/behandlungen\/nasenaesthetik-nasenkorrektur\/","title":{"rendered":"Nasen\u00e4sthetik (Nasenkorrektur)"},"content":{"rendered":"<section class=\"wpb-content-wrapper\"><p>[vc_row full_width=&#8220;stretch_row&#8220; woodmart_css_id=&#8220;64fa13991c2fa&#8220; responsive_spacing=&#8220;eyJwYXJhbV90eXBlIjoid29vZG1hcnRfcmVzcG9uc2l2ZV9zcGFjaW5nIiwic2VsZWN0b3JfaWQiOiI2NGZhMTM5OTFjMmZhIiwic2hvcnRjb2RlIjoidmNfcm93IiwiZGF0YSI6eyJ0YWJsZXQiOnt9LCJtb2JpbGUiOnt9fX0=&#8220; mobile_bg_img_hidden=&#8220;no&#8220; tablet_bg_img_hidden=&#8220;no&#8220; woodmart_parallax=&#8220;0&#8243; woodmart_gradient_switch=&#8220;no&#8220; woodmart_box_shadow=&#8220;no&#8220; wd_z_index=&#8220;no&#8220; woodmart_disable_overflow=&#8220;0&#8243; row_reverse_mobile=&#8220;0&#8243; row_reverse_tablet=&#8220;0&#8243; css=&#8220;.vc_custom_1694110620467{padding-top: 20px !important;padding-bottom: 50px !important;background-color: #ffffff !important;}&#8220; el_class=&#8220;content-text-colon&#8220;][vc_column el_class=&#8220;ust-cikinti&#8220; woodmart_css_id=&#8220;64f7bac234890&#8243; parallax_scroll=&#8220;no&#8220; woodmart_sticky_column=&#8220;false&#8220; wd_collapsible_content_switcher=&#8220;no&#8220; wd_column_role_offcanvas_desktop=&#8220;no&#8220; wd_column_role_offcanvas_tablet=&#8220;no&#8220; wd_column_role_offcanvas_mobile=&#8220;no&#8220; wd_column_role_content_desktop=&#8220;no&#8220; wd_column_role_content_tablet=&#8220;no&#8220; wd_column_role_content_mobile=&#8220;no&#8220; mobile_bg_img_hidden=&#8220;no&#8220; tablet_bg_img_hidden=&#8220;no&#8220; woodmart_parallax=&#8220;0&#8243; woodmart_box_shadow=&#8220;no&#8220; responsive_spacing=&#8220;eyJwYXJhbV90eXBlIjoid29vZG1hcnRfcmVzcG9uc2l2ZV9zcGFjaW5nIiwic2VsZWN0b3JfaWQiOiI2NGY3YmFjMjM0ODkwIiwic2hvcnRjb2RlIjoidmNfY29sdW1uIiwiZGF0YSI6eyJ0YWJsZXQiOnt9LCJtb2JpbGUiOnt9fX0=&#8220; mobile_reset_margin=&#8220;no&#8220; tablet_reset_margin=&#8220;no&#8220; wd_z_index=&#8220;no&#8220; css=&#8220;.vc_custom_1693956804453{padding-top: 0px !important;}&#8220;][vc_single_image image=&#8220;662&#8243; img_size=&#8220;full&#8220; parallax_scroll=&#8220;no&#8220; woodmart_inline=&#8220;no&#8220; css=&#8220;.vc_custom_1694019039865{margin-bottom: 20px !important;}&#8220;][vc_column_text woodmart_inline=&#8220;no&#8220; text_larger=&#8220;no&#8220;]Das Gesicht ist einer der auff\u00e4lligsten K\u00f6rperteile. Das hervorstechendste Organ im Gesichtsbereich ist die Nase. Auch Strukturst\u00f6rungen in der Nase, die dem Gesicht ein \u00e4sthetisches Aussehen verleihen, sind f\u00fcr viele Menschen st\u00f6rend. Es ist ein wichtiges Anliegen, St\u00f6rungen zu beseitigen, die das \u00e4sthetische Erscheinungsbild der Nase beeintr\u00e4chtigen. Deformationen k\u00f6nnen sich negativ auf das \u00e4sthetische Erscheinungsbild auswirken und Menschen mit Deformationen das Atmen erschweren. Daher sind Korrekturen in jeder Hinsicht von gro\u00dfer Bedeutung. Mit den heute eingesetzten und sich allm\u00e4hlich weiterentwickelnden Technologien ist es einfacher geworden, bestehende St\u00f6rungen zu korrigieren. St\u00f6rungen im Nasenbereich, die dem Patienten das Atmen erschweren und das \u00e4sthetische Erscheinungsbild beeintr\u00e4chtigen, k\u00f6nnen durch Nasenkorrekturen behoben werden. Eine Nasenkorrektur, die auch als Rhinoplastik bezeichnet werden kann, kann auch mit einfachen Operationen durchgef\u00fchrt werden.<\/p>\n<h2>Was ist Nasenkorrektur?<\/h2>\n<p>Es gibt viele Fragen zur Nasenkorrektur. Es w\u00e4re richtig, diese Fragen mit der Frage zu beginnen, was eine Nasenkorrektur ist. Nasenkorrektur oder Rhinoplastik ist ein plastischer chirurgischer Eingriff, der durchgef\u00fchrt wird, um Atemst\u00f6rungen und unerw\u00fcnschtes Nasenbild zu korrigieren. Dabei werden die Knochen- oder Knorpelstrukturen in der Nase ver\u00e4ndert. Es ist ersichtlich, dass diese Operationen auch Nasoplastik genannt werden.<\/p>\n<p>Nasenkorrekturen k\u00f6nnen aus mehreren Gr\u00fcnden durchgef\u00fchrt werden. Geburtsfehler sind einer der Hauptgr\u00fcnde f\u00fcr \u00e4sthetische Operationen. Es wird durchgef\u00fchrt, um angeborene Defekte zu korrigieren, die das Aussehen der Nase beeintr\u00e4chtigen. Ein weiterer Zweck besteht darin, die St\u00f6rungen zu beseitigen, die durch ein Trauma in der Nase entstehen. Abgesehen von diesen St\u00f6rungen werden auch Erkrankungen beseitigt, die zu Atembeschwerden f\u00fchren.<\/p>\n<h2>Wer kann sich einer Nasenkorrektur unterziehen?<\/h2>\n<p>Eine Nasenkorrektur ist eine Operation, die bei Menschen mit unterschiedlichen Nasenproblemen durchgef\u00fchrt werden kann. Auch diese Eingriffe k\u00f6nnen nur nach pers\u00f6nlichen W\u00fcnschen durchgef\u00fchrt werden. Mit anderen Worten: Sie kann nicht nur zur Beseitigung gesundheitlicher Probleme, sondern auch zur Ver\u00e4nderung des \u00e4sthetischen Erscheinungsbildes je nach Wunsch durchgef\u00fchrt werden.<\/p>\n<p>Eine Nasenkorrektur kann bei einer Kr\u00fcmmung oder Luxation des Nasenbeins durchgef\u00fchrt werden. Dar\u00fcber hinaus kann eine Nasenkorrektur auch in F\u00e4llen bevorzugt werden, in denen die Nasenstruktur nicht symmetrisch ist oder der Knorpelteil schief ist und in \u00e4hnlichen Situationen. Nasenkorrekturen werden auch durchgef\u00fchrt, wenn die Nase viel gr\u00f6\u00dfer als normal ist. Mit Nasenkorrekturen k\u00f6nnen folgende Ergebnisse erzielt werden: Korrektur der Nasenl\u00f6cher, Formung der Nasenspitze nach Wunsch, Ver\u00e4nderung des Winkels, Ver\u00e4nderung der Nasengr\u00f6\u00dfe nach Wunsch.<\/p>\n<p>Wie wird eine Nasen\u00e4sthetik durchgef\u00fchrt?<\/p>\n<p>Das Thema, wie eine Nasenkorrektur durchgef\u00fchrt wird, besch\u00e4ftigt auch Menschen, die zu diesem Thema forschen. Die Informationen, die \u00fcber die Durchf\u00fchrung dieser \u00e4sthetischen Operationen gegeben werden k\u00f6nnen, sind recht umfangreich. Nasenkorrekturen k\u00f6nnen geschlossen und offen durchgef\u00fchrt werden. Je nach Art der Operation gibt es Unterschiede in der Anwendung, im Heilungsprozess und in vielen \u00e4hnlichen Fragen.<\/p>\n<h2>Offene Nasenkorrektur<\/h2>\n<p>Die offene Nasenkorrektur oder offene Nasenkorrektur wird, wie der Name schon sagt, durch \u00d6ffnen der Nasenl\u00f6cher durchgef\u00fchrt. Bei dieser Art von Operation wird ein Einschnitt in die Nasenl\u00f6cher vorgenommen. Dieser kleine Schnitt erm\u00f6glicht es, in einem viel gr\u00f6\u00dferen Bereich einzugreifen. Da es eine bessere Sicht bietet, lassen sich die Anwendungen komfortabel durchf\u00fchren. Nach dem Eingriff in Bereiche wie Knochen oder Knorpel in der Nase wird der Schnitt geschlossen und die N\u00e4hte verheilen innerhalb einer gewissen Zeit. Bei gr\u00f6\u00dferen Ver\u00e4nderungen an der Nase wird im Allgemeinen die offene Nasenkorrektur bevorzugt. Es zeigt sich jedoch, dass die Wiederherstellungszeit l\u00e4nger ist als bei anderen Vorg\u00e4ngen. Auf die Frage, wann eine Nasenkorrektur abheilt, l\u00e4sst sich keine eindeutige Antwort geben. Nach der Operation auftretende Beschwerden wie Bluterg\u00fcsse und \u00d6deme heilen innerhalb einer Woche ab. Das vollst\u00e4ndige Ende des Heilungsprozesses liegt jedoch zwischen 6 und 12 Monaten. Dies ist ein Zeitraum, der als Antwort auf die Frage, wann eine Nasenkorrektur sitzt, angegeben werden kann.<\/p>\n<h2>Geschlossene Nasenkorrektur<\/h2>\n<p>Man kann sagen, dass es einen sehr geringen Unterschied zwischen einer geschlossenen und einer offenen Nasenkorrektur gibt. Bei der offenen Nasenkorrektur ist der Schnitt in den Nasenl\u00f6chern sichtbar. Mit anderen Worten: Die postoperativen N\u00e4hte sind sichtbar. Bei der geschlossenen Nasenkorrektur werden die Schnitte an der Innenseite der Nasenl\u00f6cher vorgenommen. Dadurch bleiben die Schnitte innerhalb der Nase und sind sichtbar. Im Gegensatz zu offenen Operationen bietet es jedoch weniger Sicht w\u00e4hrend der Operation. Dadurch, dass die Schnitte im Inneren der Nase liegen und die Operation geschlossen durchgef\u00fchrt wird, verk\u00fcrzt sich die Genesungszeit. Generell handelt es sich um eine bevorzugte Operation f\u00fcr kleinere Ver\u00e4nderungen und Korrekturen an der Nase.<\/p>\n<h2>Nicht-chirurgische Nasenkorrektur<\/h2>\n<p>Auch die nicht-chirurgische Nasenkorrektur geh\u00f6rt zu den beliebten Anwendungen der letzten Zeit. Diese nicht-chirurgische Methode kann zur Beseitigung kleiner Defekte in der Nase bevorzugt werden. Bei dieser Methode, auch Nasenf\u00fcllung genannt, werden Gelf\u00fcller eingesetzt, um die St\u00f6rung zu beseitigen. Beispielsweise kann die h\u00e4ngende Nase an der Nasenspitze durch Auff\u00fcllen der Nasenspitze beseitigt werden. Leicht durch Injektion herzustellende F\u00fcllstoffe bieten keine dauerhafte L\u00f6sung. Mit anderen Worten: Nasenf\u00fcller k\u00f6nnen 9 bis 12 Monate lang das gew\u00fcnschte \u00e4sthetische Erscheinungsbild bieten. Nach dieser Zeit sollte die F\u00fcllung jedoch erneuert werden, um zu verhindern, dass das Erscheinungsbild wieder in den vorherigen Zustand zur\u00fcckkehrt.<\/p>\n<h2>Wie l\u00e4uft die Nasenkorrektur ab?<\/h2>\n<p>Der gesamte Prozess, auch vor und nach einer Nasenkorrektur, wird von Fach\u00e4rzten durchgef\u00fchrt. Im gesamten Prozess erfolgt eine detaillierte Auswertung und Information. Bevor eine Nasenkorrektur durchgef\u00fchrt wird, stellt der Arzt zun\u00e4chst fest, ob der Patient f\u00fcr die Operation geeignet ist. Bei diesem Prozess der Erhebung der Krankengeschichte und bestehender Erkrankungen ist es auch sehr wichtig, dass die Patienten die \u00c4rzte korrekt informieren.<\/p>\n<p>Im Anschluss an die Beurteilung erfolgt eine k\u00f6rperliche Untersuchung. Mit anderen Worten: Es werden die inneren und \u00e4u\u00dferen Strukturen der Nase beurteilt. Die Planung wird durch die Ber\u00fccksichtigung der W\u00fcnsche und notwendigen \u00c4nderungen abgeschlossen. Auch Blutanalysen und \u00e4hnliche Untersuchungen k\u00f6nnen pr\u00e4operativ durchgef\u00fchrt werden. Vor der Operation werden die Patienten dar\u00fcber aufgekl\u00e4rt, welche Medikamente sie einnehmen bzw. welche Medikamente sie nicht einnehmen sollten. Es ist sehr wichtig, den Patienten und den Arzt zu informieren, bevor Nasenkorrekturen unter Vollnarkose durchgef\u00fchrt werden. Wie viele Stunden eine Nasenkorrektur dauert, ist auch eine der Fragen, die bei diesem Prozess gestellt werden. Im Allgemeinen dauert die Operation 2 bis 3 Stunden. Nach dieser Operation k\u00f6nnen die Patienten entsprechend ihrem Zustand weiter beobachtet werden. Etwa 4 bis 6 Stunden nach der Operation k\u00f6nnen die Patienten wieder aufstehen und gehen. Diese Ma\u00dfnahmen sollten jedoch unter \u00e4rztlicher Aufsicht erfolgen. Nach Ablauf des Beobachtungszeitraums ist eine gewisse Ruhezeit einzuplanen. Der Genesungsprozess unterscheidet sich je nach durchgef\u00fchrter Operation und Patient. \u00dcber den gesamten Prozess werden die notwendigen Informationen gegeben.<\/p>\n<h2>Preise f\u00fcr Nasenkorrekturen<\/h2>\n<p>Die Preise f\u00fcr Nasenkorrekturen sind eines der Themen, \u00fcber die sich diejenigen informieren, die sich dieser Operation unterziehen m\u00f6chten. Gerade wer diese Eingriffe je nach pers\u00f6nlicher Vorliebe durchf\u00fchren lassen m\u00f6chte, schaut sich die aktuelle Preisliste f\u00fcr Nasenkorrekturen 2023 an. Es ist nicht m\u00f6glich, einen eindeutigen Preis f\u00fcr diese Eingriffe zu ermitteln. Viele Faktoren wie die bei Operationen bevorzugte Methode, der Zustand des Patienten und die Gr\u00f6\u00dfe der erforderlichen oder gew\u00fcnschten \u00c4nderung bestimmen die Antwort auf die Frage, wie viel eine Nasenkorrektur kostet. Sie k\u00f6nnen uns kontaktieren, um detaillierte Informationen \u00fcber Nasenkorrekturverfahren, -ablauf und -preise zu erhalten.<\/p>\n<p>https:\/\/youtu.be\/Zw06V6bgh-g[\/vc_column_text]\t\t\t<link rel=\"stylesheet\" id=\"wd-section-title-css\" href=\"https:\/\/docdrtugcesimsek.com\/wp-content\/themes\/woodmart\/css\/parts\/el-section-title.min.css?ver=7.2.4\" type=\"text\/css\" media=\"all\" \/> \t\t\t\t\t\t<link rel=\"stylesheet\" id=\"wd-mod-highlighted-text-css\" href=\"https:\/\/docdrtugcesimsek.com\/wp-content\/themes\/woodmart\/css\/parts\/mod-highlighted-text.min.css?ver=7.2.4\" type=\"text\/css\" media=\"all\" \/> \t\t\t\n\t\t<div id=\"wd-651367c0829d6\" class=\"title-wrapper wd-wpb set-mb-s reset-last-child  wd-rs-651367c0829d6 wd-title-color-default wd-title-style-default text-center  wd-underline-colored\">\n\t\t\t\n\t\t\t<div class=\"liner-continer\">\n\t\t\t\t<h4 class=\"woodmart-title-container title  wd-font-weight- wd-fontsize-l\" >VORHER NACHHER<\/h4>\n\t\t\t\t\t\t\t<\/div>\n\t\t\t\n\t\t\t\n\t\t\t\n\t\t<\/div>\n\t\t\n\t\t\t\t\t<link rel=\"stylesheet\" id=\"wd-photoswipe-css\" href=\"https:\/\/docdrtugcesimsek.com\/wp-content\/themes\/woodmart\/css\/parts\/lib-photoswipe.min.css?ver=7.2.4\" type=\"text\/css\" media=\"all\" \/> \t\t\t\t\t\t<link rel=\"stylesheet\" id=\"wd-owl-carousel-css\" href=\"https:\/\/docdrtugcesimsek.com\/wp-content\/themes\/woodmart\/css\/parts\/lib-owl-carousel.min.css?ver=7.2.4\" type=\"text\/css\" media=\"all\" \/> \t\t\t\t\t\t<link rel=\"stylesheet\" id=\"wd-image-gallery-css\" href=\"https:\/\/docdrtugcesimsek.com\/wp-content\/themes\/woodmart\/css\/parts\/el-gallery.min.css?ver=7.2.4\" type=\"text\/css\" media=\"all\" \/> \t\t\t\t\t<div id=\"gallery_709\" class=\"wd-images-gallery wd-rs-65075287cec58 wd-justify-center wd-items-middle view-carousel photoswipe-images wd-carousel-spacing-10 wd-carousel-container\" data-owl-carousel data-wrap=\"no\" data-autoplay=\"yes\" data-hide_pagination_control=\"no\" data-hide_prev_next_buttons=\"no\" data-desktop=\"3\" data-tablet_landscape=\"3\" data-tablet=\"2\" data-mobile=\"1\">\n\t\t\t<div class=\"gallery-images owl-carousel wd-owl owl-items-lg-3 owl-items-md-3 owl-items-sm-2 owl-items-xs-1\">\n\t\t\t\t\t\t\t\t\t\t\t\t\t\t\t<div class=\"wd-gallery-item\">\n\t\t\t\t\t\t\t\t\t\t\t\t\t\t<a href=\"https:\/\/docdrtugcesimsek.com\/wp-content\/uploads\/2023\/09\/1.jpg\" data-elementor-open-lightbox=\"no\" data-index=\"1\" data-width=\"1080\" data-height=\"1080\"  >\n\t\t\t\t\t\t\t\t\n\t\t\t\t\t\t\t\t\t\t\t\t\t\t\t\t\t<img loading=\"lazy\" decoding=\"async\" width=\"1080\" height=\"1080\" src=\"https:\/\/docdrtugcesimsek.com\/wp-content\/uploads\/2023\/09\/1.jpg\" class=\"wd-gallery-image image-1 attachment-full\" alt=\"\" title=\"1\" srcset=\"https:\/\/docdrtugcesimsek.com\/wp-content\/uploads\/2023\/09\/1.jpg 1080w, https:\/\/docdrtugcesimsek.com\/wp-content\/uploads\/2023\/09\/1-300x300.jpg 300w, https:\/\/docdrtugcesimsek.com\/wp-content\/uploads\/2023\/09\/1-1024x1024.jpg 1024w, https:\/\/docdrtugcesimsek.com\/wp-content\/uploads\/2023\/09\/1-150x150.jpg 150w, https:\/\/docdrtugcesimsek.com\/wp-content\/uploads\/2023\/09\/1-768x768.jpg 768w\" sizes=\"(max-width: 1080px) 100vw, 1080px\" \/>\t\t\t\t\t\t\t\t\n\n\t\t\t\t\t\t\t\t\t\t\t\t\t\t\t<\/a>\n\t\t\t\t\t\t\t\t\t\t\t\t<\/div>\n\t\t\t\t\t\t\t\t\t\t\t<div class=\"wd-gallery-item\">\n\t\t\t\t\t\t\t\t\t\t\t\t\t\t<a href=\"https:\/\/docdrtugcesimsek.com\/wp-content\/uploads\/2023\/09\/2.jpg\" data-elementor-open-lightbox=\"no\" data-index=\"2\" data-width=\"1080\" data-height=\"1080\"  >\n\t\t\t\t\t\t\t\t\n\t\t\t\t\t\t\t\t\t\t\t\t\t\t\t\t\t<img loading=\"lazy\" decoding=\"async\" width=\"1080\" height=\"1080\" src=\"https:\/\/docdrtugcesimsek.com\/wp-content\/uploads\/2023\/09\/2.jpg\" class=\"wd-gallery-image image-2 attachment-full\" alt=\"\" title=\"2\" srcset=\"https:\/\/docdrtugcesimsek.com\/wp-content\/uploads\/2023\/09\/2.jpg 1080w, https:\/\/docdrtugcesimsek.com\/wp-content\/uploads\/2023\/09\/2-300x300.jpg 300w, https:\/\/docdrtugcesimsek.com\/wp-content\/uploads\/2023\/09\/2-1024x1024.jpg 1024w, https:\/\/docdrtugcesimsek.com\/wp-content\/uploads\/2023\/09\/2-150x150.jpg 150w, https:\/\/docdrtugcesimsek.com\/wp-content\/uploads\/2023\/09\/2-768x768.jpg 768w\" sizes=\"(max-width: 1080px) 100vw, 1080px\" \/>\t\t\t\t\t\t\t\t\n\n\t\t\t\t\t\t\t\t\t\t\t\t\t\t\t<\/a>\n\t\t\t\t\t\t\t\t\t\t\t\t<\/div>\n\t\t\t\t\t\t\t\t\t\t\t<div class=\"wd-gallery-item\">\n\t\t\t\t\t\t\t\t\t\t\t\t\t\t<a href=\"https:\/\/docdrtugcesimsek.com\/wp-content\/uploads\/2023\/09\/3.jpg\" data-elementor-open-lightbox=\"no\" data-index=\"3\" data-width=\"1080\" data-height=\"1080\"  >\n\t\t\t\t\t\t\t\t\n\t\t\t\t\t\t\t\t\t\t\t\t\t\t\t\t\t<img loading=\"lazy\" decoding=\"async\" width=\"1080\" height=\"1080\" src=\"https:\/\/docdrtugcesimsek.com\/wp-content\/uploads\/2023\/09\/3.jpg\" class=\"wd-gallery-image image-3 attachment-full\" alt=\"\" title=\"3\" srcset=\"https:\/\/docdrtugcesimsek.com\/wp-content\/uploads\/2023\/09\/3.jpg 1080w, https:\/\/docdrtugcesimsek.com\/wp-content\/uploads\/2023\/09\/3-300x300.jpg 300w, https:\/\/docdrtugcesimsek.com\/wp-content\/uploads\/2023\/09\/3-1024x1024.jpg 1024w, https:\/\/docdrtugcesimsek.com\/wp-content\/uploads\/2023\/09\/3-150x150.jpg 150w, https:\/\/docdrtugcesimsek.com\/wp-content\/uploads\/2023\/09\/3-768x768.jpg 768w\" sizes=\"(max-width: 1080px) 100vw, 1080px\" \/>\t\t\t\t\t\t\t\t\n\n\t\t\t\t\t\t\t\t\t\t\t\t\t\t\t<\/a>\n\t\t\t\t\t\t\t\t\t\t\t\t<\/div>\n\t\t\t\t\t\t\t\t\t\t\t<div class=\"wd-gallery-item\">\n\t\t\t\t\t\t\t\t\t\t\t\t\t\t<a href=\"https:\/\/docdrtugcesimsek.com\/wp-content\/uploads\/2023\/09\/4.jpg\" data-elementor-open-lightbox=\"no\" data-index=\"4\" data-width=\"1080\" data-height=\"1080\"  >\n\t\t\t\t\t\t\t\t\n\t\t\t\t\t\t\t\t\t\t\t\t\t\t\t\t\t<img loading=\"lazy\" decoding=\"async\" width=\"1080\" height=\"1080\" src=\"https:\/\/docdrtugcesimsek.com\/wp-content\/uploads\/2023\/09\/4.jpg\" class=\"wd-gallery-image image-4 attachment-full\" alt=\"\" title=\"4\" srcset=\"https:\/\/docdrtugcesimsek.com\/wp-content\/uploads\/2023\/09\/4.jpg 1080w, https:\/\/docdrtugcesimsek.com\/wp-content\/uploads\/2023\/09\/4-300x300.jpg 300w, https:\/\/docdrtugcesimsek.com\/wp-content\/uploads\/2023\/09\/4-1024x1024.jpg 1024w, https:\/\/docdrtugcesimsek.com\/wp-content\/uploads\/2023\/09\/4-150x150.jpg 150w, https:\/\/docdrtugcesimsek.com\/wp-content\/uploads\/2023\/09\/4-768x768.jpg 768w\" sizes=\"(max-width: 1080px) 100vw, 1080px\" \/>\t\t\t\t\t\t\t\t\n\n\t\t\t\t\t\t\t\t\t\t\t\t\t\t\t<\/a>\n\t\t\t\t\t\t\t\t\t\t\t\t<\/div>\n\t\t\t\t\t\t\t\t\t\t\t<div class=\"wd-gallery-item\">\n\t\t\t\t\t\t\t\t\t\t\t\t\t\t<a href=\"https:\/\/docdrtugcesimsek.com\/wp-content\/uploads\/2023\/09\/5.jpg\" data-elementor-open-lightbox=\"no\" data-index=\"5\" data-width=\"1080\" data-height=\"1080\"  >\n\t\t\t\t\t\t\t\t\n\t\t\t\t\t\t\t\t\t\t\t\t\t\t\t\t\t<img loading=\"lazy\" decoding=\"async\" width=\"1080\" height=\"1080\" src=\"https:\/\/docdrtugcesimsek.com\/wp-content\/uploads\/2023\/09\/5.jpg\" class=\"wd-gallery-image image-5 attachment-full\" alt=\"\" title=\"5\" srcset=\"https:\/\/docdrtugcesimsek.com\/wp-content\/uploads\/2023\/09\/5.jpg 1080w, https:\/\/docdrtugcesimsek.com\/wp-content\/uploads\/2023\/09\/5-300x300.jpg 300w, https:\/\/docdrtugcesimsek.com\/wp-content\/uploads\/2023\/09\/5-1024x1024.jpg 1024w, https:\/\/docdrtugcesimsek.com\/wp-content\/uploads\/2023\/09\/5-150x150.jpg 150w, https:\/\/docdrtugcesimsek.com\/wp-content\/uploads\/2023\/09\/5-768x768.jpg 768w\" sizes=\"(max-width: 1080px) 100vw, 1080px\" \/>\t\t\t\t\t\t\t\t\n\n\t\t\t\t\t\t\t\t\t\t\t\t\t\t\t<\/a>\n\t\t\t\t\t\t\t\t\t\t\t\t<\/div>\n\t\t\t\t\t\t\t\t\t\t\t<div class=\"wd-gallery-item\">\n\t\t\t\t\t\t\t\t\t\t\t\t\t\t<a href=\"https:\/\/docdrtugcesimsek.com\/wp-content\/uploads\/2023\/09\/6.jpg\" data-elementor-open-lightbox=\"no\" data-index=\"6\" data-width=\"1080\" data-height=\"1080\"  >\n\t\t\t\t\t\t\t\t\n\t\t\t\t\t\t\t\t\t\t\t\t\t\t\t\t\t<img loading=\"lazy\" decoding=\"async\" width=\"1080\" height=\"1080\" src=\"https:\/\/docdrtugcesimsek.com\/wp-content\/uploads\/2023\/09\/6.jpg\" class=\"wd-gallery-image image-6 attachment-full\" alt=\"\" title=\"6\" srcset=\"https:\/\/docdrtugcesimsek.com\/wp-content\/uploads\/2023\/09\/6.jpg 1080w, https:\/\/docdrtugcesimsek.com\/wp-content\/uploads\/2023\/09\/6-300x300.jpg 300w, https:\/\/docdrtugcesimsek.com\/wp-content\/uploads\/2023\/09\/6-1024x1024.jpg 1024w, https:\/\/docdrtugcesimsek.com\/wp-content\/uploads\/2023\/09\/6-150x150.jpg 150w, https:\/\/docdrtugcesimsek.com\/wp-content\/uploads\/2023\/09\/6-768x768.jpg 768w\" sizes=\"(max-width: 1080px) 100vw, 1080px\" \/>\t\t\t\t\t\t\t\t\n\n\t\t\t\t\t\t\t\t\t\t\t\t\t\t\t<\/a>\n\t\t\t\t\t\t\t\t\t\t\t\t<\/div>\n\t\t\t\t\t\t\t\t\t\t\t<div class=\"wd-gallery-item\">\n\t\t\t\t\t\t\t\t\t\t\t\t\t\t<a href=\"https:\/\/docdrtugcesimsek.com\/wp-content\/uploads\/2023\/09\/7.jpg\" data-elementor-open-lightbox=\"no\" data-index=\"7\" data-width=\"1080\" data-height=\"1080\"  >\n\t\t\t\t\t\t\t\t\n\t\t\t\t\t\t\t\t\t\t\t\t\t\t\t\t\t<img loading=\"lazy\" decoding=\"async\" width=\"1080\" height=\"1080\" src=\"https:\/\/docdrtugcesimsek.com\/wp-content\/uploads\/2023\/09\/7.jpg\" class=\"wd-gallery-image image-7 attachment-full\" alt=\"\" title=\"7\" srcset=\"https:\/\/docdrtugcesimsek.com\/wp-content\/uploads\/2023\/09\/7.jpg 1080w, https:\/\/docdrtugcesimsek.com\/wp-content\/uploads\/2023\/09\/7-300x300.jpg 300w, https:\/\/docdrtugcesimsek.com\/wp-content\/uploads\/2023\/09\/7-1024x1024.jpg 1024w, https:\/\/docdrtugcesimsek.com\/wp-content\/uploads\/2023\/09\/7-150x150.jpg 150w, https:\/\/docdrtugcesimsek.com\/wp-content\/uploads\/2023\/09\/7-768x768.jpg 768w\" sizes=\"(max-width: 1080px) 100vw, 1080px\" \/>\t\t\t\t\t\t\t\t\n\n\t\t\t\t\t\t\t\t\t\t\t\t\t\t\t<\/a>\n\t\t\t\t\t\t\t\t\t\t\t\t<\/div>\n\t\t\t\t\t\t\t\t\t\t\t\t<\/div>\n\t\t<\/div>\n\t\t\t\t[vc_raw_html]JTVCaHRtbF9ibG9jayUyMGlkJTNEJTIyNTkyJTIyJTVE[\/vc_raw_html][\/vc_column][\/vc_row]<\/p>\n<\/section>","protected":false},"excerpt":{"rendered":"<p>[vc_row full_width=&#8220;stretch_row&#8220; woodmart_css_id=&#8220;64fa13991c2fa&#8220; responsive_spacing=&#8220;eyJwYXJhbV90eXBlIjoid29vZG1hcnRfcmVzcG9uc2l2ZV9zcGFjaW5nIiwic2VsZWN0b3JfaWQiOiI2NGZhMTM5OTFjMmZhIiwic2hvcnRjb2RlIjoidmNfcm93IiwiZGF0YSI6eyJ0YWJsZXQiOnt9LCJtb2JpbGUiOnt9fX0=&#8220; mobile_bg_img_hidden=&#8220;no&#8220; tablet_bg_img_hidden=&#8220;no&#8220; woodmart_parallax=&#8220;0&#8243; woodmart_gradient_switch=&#8220;no&#8220; woodmart_box_shadow=&#8220;no&#8220; wd_z_index=&#8220;no&#8220; woodmart_disable_overflow=&#8220;0&#8243; row_reverse_mobile=&#8220;0&#8243; row_reverse_tablet=&#8220;0&#8243; css=&#8220;.vc_custom_1694110620467{padding-top: 20px !important;padding-bottom: 50px !important;background-color: #ffffff !important;}&#8220;<\/p>\n","protected":false},"author":1,"featured_media":0,"parent":1101,"menu_order":0,"comment_status":"closed","ping_status":"closed","template":"","meta":{"footnotes":""},"_links":{"self":[{"href":"https:\/\/docdrtugcesimsek.com\/de\/wp-json\/wp\/v2\/pages\/1104"}],"collection":[{"href":"https:\/\/docdrtugcesimsek.com\/de\/wp-json\/wp\/v2\/pages"}],"about":[{"href":"https:\/\/docdrtugcesimsek.com\/de\/wp-json\/wp\/v2\/types\/page"}],"author":[{"embeddable":true,"href":"https:\/\/docdrtugcesimsek.com\/de\/wp-json\/wp\/v2\/users\/1"}],"replies":[{"embeddable":true,"href":"https:\/\/docdrtugcesimsek.com\/de\/wp-json\/wp\/v2\/comments?post=1104"}],"version-history":[{"count":4,"href":"https:\/\/docdrtugcesimsek.com\/de\/wp-json\/wp\/v2\/pages\/1104\/revisions"}],"predecessor-version":[{"id":1171,"href":"https:\/\/docdrtugcesimsek.com\/de\/wp-json\/wp\/v2\/pages\/1104\/revisions\/1171"}],"up":[{"embeddable":true,"href":"https:\/\/docdrtugcesimsek.com\/de\/wp-json\/wp\/v2\/pages\/1101"}],"wp:attachment":[{"href":"https:\/\/docdrtugcesimsek.com\/de\/wp-json\/wp\/v2\/media?parent=1104"}],"curies":[{"name":"wp","href":"https:\/\/api.w.org\/{rel}","templated":true}]}}